{"id":2020,"date":"2024-06-13T09:25:24","date_gmt":"2024-06-13T09:25:24","guid":{"rendered":"https:\/\/energyexpo.ro\/?page_id=2020"},"modified":"2024-12-17T10:20:59","modified_gmt":"2024-12-17T10:20:59","slug":"book-a-stand","status":"publish","type":"page","link":"https:\/\/energyexpo.ro\/ro\/book-a-stand\/","title":{"rendered":"Rezerv\u0103 un stand"},"content":{"rendered":"<div class=\"img has-hover hidden x md-x lg-x y md-y lg-y\" id=\"image_438086902\">\n\t\t\t\t\t\t\t\t<div class=\"img-inner dark\" >\n\t\t\t<img decoding=\"async\" width=\"2560\" height=\"554\" data-src=\"https:\/\/energyexpo.ro\/wp-content\/uploads\/2024\/08\/book-a-booth-energy-expo-event-banner.png\" class=\"attachment-original size-original lazyload\" alt=\"\" data-srcset=\"https:\/\/energyexpo.ro\/wp-content\/uploads\/2024\/08\/book-a-booth-energy-expo-event-banner.png 2560w, https:\/\/energyexpo.ro\/wp-content\/smush-webp\/2024\/08\/book-a-booth-energy-expo-event-banner-300x65.png.webp 300w, https:\/\/energyexpo.ro\/wp-content\/smush-webp\/2024\/08\/book-a-booth-energy-expo-event-banner-1024x222.png.webp 1024w, https:\/\/energyexpo.ro\/wp-content\/smush-webp\/2024\/08\/book-a-booth-energy-expo-event-banner-768x166.png.webp 768w, https:\/\/energyexpo.ro\/wp-content\/smush-webp\/2024\/08\/book-a-booth-energy-expo-event-banner-1536x332.png.webp 1536w, https:\/\/energyexpo.ro\/wp-content\/smush-webp\/2024\/08\/book-a-booth-energy-expo-event-banner-2048x443.png.webp 2048w, https:\/\/energyexpo.ro\/wp-content\/smush-webp\/2024\/08\/book-a-booth-energy-expo-event-banner-18x4.png.webp 18w\" data-sizes=\"(max-width: 2560px) 100vw, 2560px\" src=\"data:image\/gif;base64,R0lGODlhAQABAAAAACH5BAEKAAEALAAAAAABAAEAAAICTAEAOw==\" style=\"--smush-placeholder-width: 2560px; --smush-placeholder-aspect-ratio: 2560\/554;\" data-smush-webp-fallback=\"{&quot;data-srcset&quot;:&quot;https:\\\/\\\/energyexpo.ro\\\/wp-content\\\/uploads\\\/2024\\\/08\\\/book-a-booth-energy-expo-event-banner.png 2560w, https:\\\/\\\/energyexpo.ro\\\/wp-content\\\/uploads\\\/2024\\\/08\\\/book-a-booth-energy-expo-event-banner-300x65.png 300w, https:\\\/\\\/energyexpo.ro\\\/wp-content\\\/uploads\\\/2024\\\/08\\\/book-a-booth-energy-expo-event-banner-1024x222.png 1024w, https:\\\/\\\/energyexpo.ro\\\/wp-content\\\/uploads\\\/2024\\\/08\\\/book-a-booth-energy-expo-event-banner-768x166.png 768w, https:\\\/\\\/energyexpo.ro\\\/wp-content\\\/uploads\\\/2024\\\/08\\\/book-a-booth-energy-expo-event-banner-1536x332.png 1536w, https:\\\/\\\/energyexpo.ro\\\/wp-content\\\/uploads\\\/2024\\\/08\\\/book-a-booth-energy-expo-event-banner-2048x443.png 2048w, https:\\\/\\\/energyexpo.ro\\\/wp-content\\\/uploads\\\/2024\\\/08\\\/book-a-booth-energy-expo-event-banner-18x4.png 18w&quot;}\" \/>\t\t\t\t\t\t\n\t\t\t\t\t<\/div>\n\t\t\t\t\t\t\t\t\n<style>\n#image_438086902 {\n  width: 100%;\n}\n<\/style>\n\t<\/div>\n\t\n\n\t<section class=\"section\" id=\"section_416827064\">\n\t\t<div class=\"section-bg fill\" >\n\t\t\t\t\t\t\t\t\t\n\t\t\t\n\n\t\t<\/div>\n\n\t\t\n\n\t\t<div class=\"section-content relative\">\n\t\t\t\n<div class=\"row row-large align-middle align-center\" style=\"max-width:1260px\" id=\"row-1710305204\">\n\n\t<div id=\"col-1759088282\" class=\"col medium-9 small-12 large-9\"  >\n\t\t\t\t<div class=\"col-inner\"  >\n\t\t\t\n\t\t\t\n\t<div id=\"text-1531907779\" class=\"text\">\n\t\t\n<h2>\u00cempreun\u0103 model\u0103m viitorul!<\/h2>\n\t\t\n<style>\n#text-1531907779 {\n  text-align: center;\n  color: #253f8d;\n}\n#text-1531907779 > * {\n  color: #253f8d;\n}\n<\/style>\n\t<\/div>\n\t\n\t<div id=\"text-1303434483\" class=\"text\">\n\t\t\n<p>Completeaz\u0103 formularul de mai jos \u0219i te vom contacta \u00een scurt timp cu o propunere personalizat\u0103!<br \/>\n\t\t\n<style>\n#text-1303434483 {\n  text-align: center;\n}\n<\/style>\n\t<\/div>\n\t\n\t\t<\/div>\n\t\t\t\t\t<\/div>\n\n\t\n\n\t<div id=\"col-755772580\" class=\"col small-12 large-12\"  >\n\t\t\t\t<div class=\"col-inner box-shadow-2\" style=\"background-color:rgb(255,255,255);\" >\n\t\t\t\n\t\t\t\n\t<div id=\"text-1183555829\" class=\"text\">\n\t\t\n<div class=\"wpforms-container wpforms-container-full wpforms-render-modern\" id=\"wpforms-1474\"><form id=\"wpforms-form-1474\" class=\"wpforms-validate wpforms-form wpforms-ajax-form\" data-formid=\"1474\" method=\"post\" enctype=\"multipart\/form-data\" action=\"\/ro\/wp-json\/wp\/v2\/pages\/2020\" data-token=\"c710ac2f4cbc51ca3d4b2bed9f3f832e\" data-trp-original-action=\"\/ro\/wp-json\/wp\/v2\/pages\/2020\"><noscript class=\"wpforms-error-noscript\">Please enable JavaScript in your browser to complete this form.<\/noscript><div class=\"wpforms-hidden\" id=\"wpforms-error-noscript\">Please enable JavaScript in your browser to complete this form.<\/div><div class=\"wpforms-field-container\"><div id=\"wpforms-1474-field_1-container\" class=\"wpforms-field wpforms-field-text\" data-field-id=\"1\"><label class=\"wpforms-field-label\" for=\"wpforms-1474-field_1\">NUMELE SOCIET\u0102\u021aII: <span class=\"wpforms-required-label\" aria-hidden=\"true\">*<\/span><\/label><input type=\"text\" id=\"wpforms-1474-field_1\" class=\"wpforms-field-large wpforms-field-required\" name=\"wpforms[fields][1]\" aria-errormessage=\"wpforms-1474-field_1-error\" required><\/div><div id=\"wpforms-1474-field_2-container\" class=\"wpforms-field wpforms-field-text\" data-field-id=\"2\"><label class=\"wpforms-field-label\" for=\"wpforms-1474-field_2\">CODUL FISCAL AL SOCIET\u0102\u021aII: <span class=\"wpforms-required-label\" aria-hidden=\"true\">*<\/span><\/label><input type=\"text\" id=\"wpforms-1474-field_2\" class=\"wpforms-field-large wpforms-field-required\" name=\"wpforms[fields][2]\" aria-errormessage=\"wpforms-1474-field_2-error\" required><\/div><div id=\"wpforms-1474-field_15-container\" class=\"wpforms-field wpforms-field-text\" data-field-id=\"15\"><label class=\"wpforms-field-label\" for=\"wpforms-1474-field_15\">COUNTRY OF ORIGIN: <span class=\"wpforms-required-label\" aria-hidden=\"true\">*<\/span><\/label><input type=\"text\" id=\"wpforms-1474-field_15\" class=\"wpforms-field-large wpforms-field-required\" name=\"wpforms[fields][15]\" aria-errormessage=\"wpforms-1474-field_15-error\" required><\/div><div id=\"wpforms-1474-field_3-container\" class=\"wpforms-field wpforms-field-text\" data-field-id=\"3\"><label class=\"wpforms-field-label\" for=\"wpforms-1474-field_3\">PERSOAN\u0102 DE CONTACT: <span class=\"wpforms-required-label\" aria-hidden=\"true\">*<\/span><\/label><input type=\"text\" id=\"wpforms-1474-field_3\" class=\"wpforms-field-large wpforms-field-required\" name=\"wpforms[fields][3]\" aria-errormessage=\"wpforms-1474-field_3-error\" required><\/div><div id=\"wpforms-1474-field_4-container\" class=\"wpforms-field wpforms-field-email\" data-field-id=\"4\"><label class=\"wpforms-field-label\" for=\"wpforms-1474-field_4\">ADRESA DE EMAIL: <span class=\"wpforms-required-label\" aria-hidden=\"true\">*<\/span><\/label><input type=\"email\" id=\"wpforms-1474-field_4\" class=\"wpforms-field-large wpforms-field-required\" name=\"wpforms[fields][4]\" spellcheck=\"false\" aria-errormessage=\"wpforms-1474-field_4-error\" required><\/div><div id=\"wpforms-1474-field_5-container\" class=\"wpforms-field wpforms-field-phone\" data-field-id=\"5\"><label class=\"wpforms-field-label\" for=\"wpforms-1474-field_5\">NUM\u0102R DE TELEFON: <span class=\"wpforms-required-label\" aria-hidden=\"true\">*<\/span><\/label><input type=\"tel\" id=\"wpforms-1474-field_5\" class=\"wpforms-field-large wpforms-field-required wpforms-smart-phone-field\" data-rule-smart-phone-field=\"true\" name=\"wpforms[fields][5]\" aria-errormessage=\"wpforms-1474-field_5-error\" required><\/div><div id=\"wpforms-1474-field_6-container\" class=\"wpforms-field wpforms-field-select wpforms-field-select-style-classic\" data-field-id=\"6\"><label class=\"wpforms-field-label\" for=\"wpforms-1474-field_6\">TYPE OF ENERGY TECHNOLOGY \/ PRODUCTS \/ SERVICES: <span class=\"wpforms-required-label\" aria-hidden=\"true\">*<\/span><\/label><select id=\"wpforms-1474-field_6\" class=\"wpforms-field-large wpforms-field-required\" name=\"wpforms[fields][6]\" required=\"required\"><option value=\"Select\" >Selecteaz\u0103<\/option><option value=\"Solar PV Systems (Utility-scale, Floating, Distributed etc.)\" >Solar PV Systems (Utility-scale, Floating, Distributed etc.)<\/option><option value=\"Wind Power (Onshore, Offshore)\" >Wind Power (Onshore, Offshore)<\/option><option value=\"Hydro Power (Large-scale, Small-hydro)\" >Hydro Power (Large-scale, Small-hydro)<\/option><option value=\"Geothermal Power\" >Geothermal Power<\/option><option value=\"Nuclear Power\" >Nuclear Power<\/option><option value=\"Batteries &amp; Energy Storage Systems (BESS)\" >Batteries &amp; Energy Storage Systems (BESS)<\/option><option value=\"Green Hydrogen &amp; Derivatives (Ammonia, e-methane etc.)\" >Green Hydrogen &amp; Derivatives (Ammonia, e-methane etc.)<\/option><option value=\"Traditional Fuels (Oil, Gas etc.)\" >Traditional Fuels (Oil, Gas etc.)<\/option><option value=\"Clean Fuels (Biofuels, LNG, Synthetic fuels etc.)\" >Clean Fuels (Biofuels, LNG, Synthetic fuels etc.)<\/option><option value=\"Heating &amp; Cooling Systems (District heating, Heat pumps etc.)\" >Heating &amp; Cooling Systems (District heating, Heat pumps etc.)<\/option><option value=\"O&amp;M Services (Cleaning, Repair, Drone Inspections, Technical Monitoring etc.)\" >O&amp;M Services (Cleaning, Repair, Drone Inspections, Technical Monitoring etc.)<\/option><option value=\"Infrastructure &amp; Equipment (Cables, Transformers, Substations, Metal Foils, Specialized Materials etc.)\" >Infrastructure &amp; Equipment (Cables, Transformers, Substations, Metal Foils, Specialized Materials etc.)<\/option><option value=\"EPC (Engineering, Procurement, &amp; Construction)\" >EPC (Engineering, Procurement, &amp; Construction)<\/option><option value=\"Energy Distributors &amp; Grid Operators (DSOs, TSOs etc.)\" >Energy Distributors &amp; Grid Operators (DSOs, TSOs etc.)<\/option><option value=\"Recycling &amp; Circular Economy (Battery recycling, Solar panel decommissioning etc.)\" >Recycling &amp; Circular Economy (Battery recycling, Solar panel decommissioning etc.)<\/option><option value=\"Energy Efficiency &amp; Industrial Automation\" >Energy Efficiency &amp; Industrial Automation<\/option><option value=\"Smart Building Technologies\" >Smart Building Technologies<\/option><option value=\"AI, Digitalization &amp; Cybersecurity\" >AI, Digitalization &amp; Cybersecurity<\/option><option value=\"Alternative Fuel Vehicles (Electric, Hybrid, Hydrogen-powered etc.)\" >Alternative Fuel Vehicles (Electric, Hybrid, Hydrogen-powered etc.)<\/option><option value=\"Charging &amp; Refueling Infrastructure\" >Charging &amp; Refueling Infrastructure<\/option><option value=\"Research Institutes &amp; Universities\" >Research Institutes &amp; Universities<\/option><option value=\"Innovation Hubs &amp; Incubators\" >Innovation Hubs &amp; Incubators<\/option><option value=\"Human Resources &amp; Retraining Companies\" >Human Resources &amp; Retraining Companies<\/option><option value=\"Consulting &amp; Financing Institutions\" >Consulting &amp; Financing Institutions<\/option><option value=\"NGOs, Associations, &amp; Public Authorities\" >NGOs, Associations, &amp; Public Authorities<\/option><option value=\"OTHER\" >ALTE<\/option><\/select><\/div><div id=\"wpforms-1474-field_7-container\" class=\"wpforms-field wpforms-field-checkbox wpforms-list-inline\" data-field-id=\"7\"><fieldset><legend class=\"wpforms-field-label\">DIMENSIUNEA STANDARD A STANDULUI ENERGY EXPO: <span class=\"wpforms-required-label\" aria-hidden=\"true\">*<\/span><\/legend><ul id=\"wpforms-1474-field_7\" class=\"wpforms-field-required\" data-choice-limit=\"1\"><li class=\"choice-9 depth-1\"><input type=\"checkbox\" id=\"wpforms-1474-field_7_9\" data-rule-check-limit=\"true\" name=\"wpforms[fields][7][]\" value=\"9\u33a1\" aria-errormessage=\"wpforms-1474-field_7_9-error\" required><label class=\"wpforms-field-label-inline\" for=\"wpforms-1474-field_7_9\">9\u33a1<\/label><\/li><li class=\"choice-7 depth-1\"><input type=\"checkbox\" id=\"wpforms-1474-field_7_7\" data-rule-check-limit=\"true\" name=\"wpforms[fields][7][]\" value=\"16\u33a1\" aria-errormessage=\"wpforms-1474-field_7_7-error\" required><label class=\"wpforms-field-label-inline\" for=\"wpforms-1474-field_7_7\">16\u33a1<\/label><\/li><li class=\"choice-2 depth-1\"><input type=\"checkbox\" id=\"wpforms-1474-field_7_2\" data-rule-check-limit=\"true\" name=\"wpforms[fields][7][]\" value=\"24\u33a1\" aria-errormessage=\"wpforms-1474-field_7_2-error\" required><label class=\"wpforms-field-label-inline\" for=\"wpforms-1474-field_7_2\">24\u33a1<\/label><\/li><li class=\"choice-3 depth-1\"><input type=\"checkbox\" id=\"wpforms-1474-field_7_3\" data-rule-check-limit=\"true\" name=\"wpforms[fields][7][]\" value=\"32\u33a1\" aria-errormessage=\"wpforms-1474-field_7_3-error\" required><label class=\"wpforms-field-label-inline\" for=\"wpforms-1474-field_7_3\">32\u33a1<\/label><\/li><li class=\"choice-4 depth-1\"><input type=\"checkbox\" id=\"wpforms-1474-field_7_4\" data-rule-check-limit=\"true\" name=\"wpforms[fields][7][]\" value=\"48\u33a1\" aria-errormessage=\"wpforms-1474-field_7_4-error\" required><label class=\"wpforms-field-label-inline\" for=\"wpforms-1474-field_7_4\">48\u33a1<\/label><\/li><li class=\"choice-5 depth-1\"><input type=\"checkbox\" id=\"wpforms-1474-field_7_5\" data-rule-check-limit=\"true\" name=\"wpforms[fields][7][]\" value=\"64\u33a1\" aria-errormessage=\"wpforms-1474-field_7_5-error\" required><label class=\"wpforms-field-label-inline\" for=\"wpforms-1474-field_7_5\">64\u33a1<\/label><\/li><li class=\"choice-8 depth-1\"><input type=\"checkbox\" id=\"wpforms-1474-field_7_8\" data-rule-check-limit=\"true\" name=\"wpforms[fields][7][]\" value=\"Custom +100\u33a1\" aria-errormessage=\"wpforms-1474-field_7_8-error\" required><label class=\"wpforms-field-label-inline\" for=\"wpforms-1474-field_7_8\">Personalizat +100\u33a1<\/label><\/li><\/ul><\/fieldset><\/div><div id=\"wpforms-1474-field_16-container\" class=\"wpforms-field wpforms-field-select wpforms-field-select-style-classic\" data-field-id=\"16\"><label class=\"wpforms-field-label\" for=\"wpforms-1474-field_16\">SPA\u021aIU SUPLIMENTAR NECESAR:  <span class=\"wpforms-required-label\" aria-hidden=\"true\">*<\/span><\/label><select id=\"wpforms-1474-field_16\" class=\"wpforms-field-large wpforms-field-required\" name=\"wpforms[fields][16]\" required=\"required\"><option value=\"Select\" >Selecteaz\u0103<\/option><option value=\"YES\" >DA<\/option><option value=\"NO\" >NU<\/option><option value=\"NOT SURE YET\" >\u00ceNC\u0102 NU SUNT SIGUR<\/option><\/select><\/div><div id=\"wpforms-1474-field_17-container\" class=\"wpforms-field wpforms-field-select wpforms-field-select-style-classic\" data-field-id=\"17\"><label class=\"wpforms-field-label\" for=\"wpforms-1474-field_17\">AI DEJA UN STAND PE CARE VREI S\u0102 \u00ceL FOLOSE\u0218TI?<\/label><select id=\"wpforms-1474-field_17\" class=\"wpforms-field-large\" name=\"wpforms[fields][17]\"><option value=\"Select\" >Selecteaz\u0103<\/option><option value=\"YES\" >DA<\/option><option value=\"NO\" >NU<\/option><\/select><\/div><div id=\"wpforms-1474-field_18-container\" class=\"wpforms-field wpforms-field-text\" data-field-id=\"18\"><label class=\"wpforms-field-label\" for=\"wpforms-1474-field_18\">CERIN\u021aE TEHNICE SPECIALE (electricitate, construc\u021bii, audio\/ video etc.)<\/label><input type=\"text\" id=\"wpforms-1474-field_18\" class=\"wpforms-field-large\" name=\"wpforms[fields][18]\" aria-errormessage=\"wpforms-1474-field_18-error\" aria-describedby=\"wpforms-1474-field_18-description\" ><div id=\"wpforms-1474-field_18-description\" class=\"wpforms-field-description\">Te rug\u0103m s\u0103 ne oferi informa\u021bii detaliate cu privire la orice cerin\u021be tehnice speciale necesare pentru amenajarea standului t\u0103u.<\/div><\/div><div id=\"wpforms-1474-field_19-container\" class=\"wpforms-field wpforms-field-text\" data-field-id=\"19\"><label class=\"wpforms-field-label\" for=\"wpforms-1474-field_19\">ALTE CERIN\u021aE (te rug\u0103m s\u0103 specifici)<\/label><input type=\"text\" id=\"wpforms-1474-field_19\" class=\"wpforms-field-large\" name=\"wpforms[fields][19]\" aria-errormessage=\"wpforms-1474-field_19-error\" ><\/div><div id=\"wpforms-1474-field_12-container\" class=\"wpforms-field wpforms-field-divider\" data-field-id=\"12\"><h3 id=\"wpforms-1474-field_12\" name=\"wpforms[fields][12]\" aria-errormessage=\"wpforms-1474-field_12-error\">Dore\u0219ti s\u0103-\u021bi promovezi afacerea sau s\u0103 organizezi un eveniment? Bifeaz\u0103 c\u0103su\u021ba de mai jos \u0219i \u00eemp\u0103rt\u0103\u0219e\u0219te-ne nevoile tale!!<\/h3><\/div><div id=\"wpforms-1474-field_10-container\" class=\"wpforms-field wpforms-field-checkbox\" data-field-id=\"10\"><fieldset><legend class=\"wpforms-field-label wpforms-label-hide\" aria-hidden=\"false\">Casete de control<\/legend><ul id=\"wpforms-1474-field_10\"><li class=\"choice-1 depth-1\"><input type=\"checkbox\" id=\"wpforms-1474-field_10_1\" name=\"wpforms[fields][10][]\" value=\"I would like to host an event during Energy Expo 2026\" aria-errormessage=\"wpforms-1474-field_10_1-error\"  ><label class=\"wpforms-field-label-inline\" for=\"wpforms-1474-field_10_1\">I would like to host an event during Energy Expo 2026<\/label><\/li><\/ul><\/fieldset><\/div><div id=\"wpforms-1474-field_11-container\" class=\"wpforms-field wpforms-field-textarea\" data-field-id=\"11\"><label class=\"wpforms-field-label\" for=\"wpforms-1474-field_11\">Descrie tema evenimentului.<\/label><textarea id=\"wpforms-1474-field_11\" class=\"wpforms-field-medium\" name=\"wpforms[fields][11]\" aria-errormessage=\"wpforms-1474-field_11-error\" ><\/textarea><\/div><div id=\"wpforms-1474-field_13-container\" class=\"wpforms-field wpforms-field-checkbox\" data-field-id=\"13\"><fieldset><legend class=\"wpforms-field-label wpforms-label-hide\" aria-hidden=\"false\">Termeni \u0219i condi\u021bii <span class=\"wpforms-required-label\" aria-hidden=\"true\">*<\/span><\/legend><ul id=\"wpforms-1474-field_13\" class=\"wpforms-field-required\"><li class=\"choice-1 depth-1\"><input type=\"checkbox\" id=\"wpforms-1474-field_13_1\" name=\"wpforms[fields][13][]\" value=\"I consent to my personal data being processed and confirm that I understand and acknowledge to the &lt;a href=&quot;https:\/\/energyexpo.ro\/terms-and-conditions\/&quot;&gt;Terms &amp; Conditions&lt;\/a&gt; *\" aria-errormessage=\"wpforms-1474-field_13_1-error\" required><label class=\"wpforms-field-label-inline\" for=\"wpforms-1474-field_13_1\">Sunt de acord ca datele mele cu caracter personal s\u0103 fie prelucrate \u0219i confirm c\u0103 am \u00een\u021beles \u0219i recunosc <a href=\"https:\/\/energyexpo.ro\/ro\/terms-and-conditions\/\">Termeni \u0219i condi\u021bii<\/a> *<\/label><\/li><\/ul><\/fieldset><\/div><div id=\"wpforms-1474-field_14-container\" class=\"wpforms-field wpforms-field-checkbox\" data-field-id=\"14\"><fieldset><legend class=\"wpforms-field-label wpforms-label-hide\" aria-hidden=\"false\">Date cu caracter personal <span class=\"wpforms-required-label\" aria-hidden=\"true\">*<\/span><\/legend><ul id=\"wpforms-1474-field_14\" class=\"wpforms-field-required\"><li class=\"choice-1 depth-1\"><input type=\"checkbox\" id=\"wpforms-1474-field_14_1\" name=\"wpforms[fields][14][]\" value=\"I consent to my personal data being processed by MTR MEDIA GROUP SRL for marketing purposes *\" aria-errormessage=\"wpforms-1474-field_14_1-error\" required><label class=\"wpforms-field-label-inline\" for=\"wpforms-1474-field_14_1\">I consent to my personal data being processed by MTR MEDIA GROUP SRL for marketing purposes *<\/label><\/li><\/ul><\/fieldset><\/div><\/div><!-- .wpforms-field-container --><div class=\"wpforms-recaptcha-container wpforms-is-recaptcha wpforms-is-recaptcha-type-v2\" ><div class=\"g-recaptcha\" data-sitekey=\"6LfXgVIpAAAAAN2k2dBFTEQeCm1_5AIcQKi7h-aU\"><\/div><input type=\"text\" name=\"g-recaptcha-hidden\" class=\"wpforms-recaptcha-hidden\" style=\"position:absolute!important;clip:rect(0,0,0,0)!important;height:1px!important;width:1px!important;border:0!important;overflow:hidden!important;padding:0!important;margin:0!important;\" data-rule-recaptcha=\"1\"><\/div><div class=\"wpforms-submit-container\" ><input type=\"hidden\" name=\"wpforms[id]\" value=\"1474\"><input type=\"hidden\" name=\"wpforms[author]\" value=\"1\"><button type=\"submit\" name=\"wpforms[submit]\" id=\"wpforms-submit-1474\" class=\"wpforms-submit\" data-alt-text=\"Sending...\" data-submit-text=\"Submit\" aria-live=\"assertive\" value=\"wpforms-submit\">Trimite<\/button><img decoding=\"async\" data-src=\"https:\/\/energyexpo.ro\/wp-content\/plugins\/wpforms\/assets\/images\/submit-spin.svg\" class=\"wpforms-submit-spinner lazyload\" style=\"--smush-placeholder-width: 26px; --smush-placeholder-aspect-ratio: 26\/26;display: none;\" width=\"26\" height=\"26\" alt=\"Loading\" src=\"data:image\/gif;base64,R0lGODlhAQABAAAAACH5BAEKAAEALAAAAAABAAEAAAICTAEAOw==\"><\/div><input type=\"hidden\" name=\"trp-form-language\" value=\"ro\"\/><\/form><\/div>  <!-- .wpforms-container -->\n\t\t\n<style>\n#text-1183555829 {\n  text-align: left;\n  color: rgb(0,0,0);\n}\n#text-1183555829 > * {\n  color: rgb(0,0,0);\n}\n<\/style>\n\t<\/div>\n\t\n\t\t<\/div>\n\t\t\t\t\n<style>\n#col-755772580 > .col-inner {\n  padding: 40px 40px 20px 40px;\n  border-radius: 10px;\n}\n<\/style>\n\t<\/div>\n\n\t\n<\/div>\n\t\t<\/div>\n\n\t\t\n<style>\n#section_416827064 {\n  padding-top: 50px;\n  padding-bottom: 50px;\n  background-color: rgb(246, 246, 246);\n}\n<\/style>\n\t<\/section>","protected":false},"excerpt":{"rendered":"","protected":false},"author":1,"featured_media":0,"parent":0,"menu_order":0,"comment_status":"closed","ping_status":"closed","template":"page-blank.php","meta":{"inline_featured_image":false,"footnotes":""},"class_list":["post-2020","page","type-page","status-publish","hentry"],"_links":{"self":[{"href":"https:\/\/energyexpo.ro\/ro\/wp-json\/wp\/v2\/pages\/2020","targetHints":{"allow":["GET"]}}],"collection":[{"href":"https:\/\/energyexpo.ro\/ro\/wp-json\/wp\/v2\/pages"}],"about":[{"href":"https:\/\/energyexpo.ro\/ro\/wp-json\/wp\/v2\/types\/page"}],"author":[{"embeddable":true,"href":"https:\/\/energyexpo.ro\/ro\/wp-json\/wp\/v2\/users\/1"}],"replies":[{"embeddable":true,"href":"https:\/\/energyexpo.ro\/ro\/wp-json\/wp\/v2\/comments?post=2020"}],"version-history":[{"count":19,"href":"https:\/\/energyexpo.ro\/ro\/wp-json\/wp\/v2\/pages\/2020\/revisions"}],"predecessor-version":[{"id":4389,"href":"https:\/\/energyexpo.ro\/ro\/wp-json\/wp\/v2\/pages\/2020\/revisions\/4389"}],"wp:attachment":[{"href":"https:\/\/energyexpo.ro\/ro\/wp-json\/wp\/v2\/media?parent=2020"}],"curies":[{"name":"wp","href":"https:\/\/api.w.org\/{rel}","templated":true}]}}