{"id":339,"date":"2016-11-11T12:52:05","date_gmt":"2016-11-11T12:52:05","guid":{"rendered":"https:\/\/milano.foxthemes.me\/?page_id=339"},"modified":"2025-08-11T08:21:59","modified_gmt":"2025-08-11T08:21:59","slug":"contact","status":"publish","type":"page","link":"https:\/\/energyexpo.ro\/ro\/contact\/","title":{"rendered":"Contact"},"content":{"rendered":"<div class=\"img has-hover hidden x md-x lg-x y md-y lg-y\" id=\"image_379210497\">\n\t\t\t\t\t\t\t\t<div class=\"img-inner dark\" >\n\t\t\t<img decoding=\"async\" width=\"2560\" height=\"554\" data-src=\"https:\/\/energyexpo.ro\/wp-content\/uploads\/2024\/08\/contact-info-energy-expo-event-banner.png\" class=\"attachment-original size-original lazyload\" alt=\"\" data-srcset=\"https:\/\/energyexpo.ro\/wp-content\/uploads\/2024\/08\/contact-info-energy-expo-event-banner.png 2560w, https:\/\/energyexpo.ro\/wp-content\/smush-webp\/2024\/08\/contact-info-energy-expo-event-banner-300x65.png.webp 300w, https:\/\/energyexpo.ro\/wp-content\/smush-webp\/2024\/08\/contact-info-energy-expo-event-banner-1024x222.png.webp 1024w, https:\/\/energyexpo.ro\/wp-content\/smush-webp\/2024\/08\/contact-info-energy-expo-event-banner-768x166.png.webp 768w, https:\/\/energyexpo.ro\/wp-content\/smush-webp\/2024\/08\/contact-info-energy-expo-event-banner-1536x332.png.webp 1536w, https:\/\/energyexpo.ro\/wp-content\/smush-webp\/2024\/08\/contact-info-energy-expo-event-banner-2048x443.png.webp 2048w, https:\/\/energyexpo.ro\/wp-content\/smush-webp\/2024\/08\/contact-info-energy-expo-event-banner-18x4.png.webp 18w\" data-sizes=\"(max-width: 2560px) 100vw, 2560px\" src=\"data:image\/gif;base64,R0lGODlhAQABAAAAACH5BAEKAAEALAAAAAABAAEAAAICTAEAOw==\" style=\"--smush-placeholder-width: 2560px; --smush-placeholder-aspect-ratio: 2560\/554;\" data-smush-webp-fallback=\"{&quot;data-srcset&quot;:&quot;https:\\\/\\\/energyexpo.ro\\\/wp-content\\\/uploads\\\/2024\\\/08\\\/contact-info-energy-expo-event-banner.png 2560w, https:\\\/\\\/energyexpo.ro\\\/wp-content\\\/uploads\\\/2024\\\/08\\\/contact-info-energy-expo-event-banner-300x65.png 300w, https:\\\/\\\/energyexpo.ro\\\/wp-content\\\/uploads\\\/2024\\\/08\\\/contact-info-energy-expo-event-banner-1024x222.png 1024w, https:\\\/\\\/energyexpo.ro\\\/wp-content\\\/uploads\\\/2024\\\/08\\\/contact-info-energy-expo-event-banner-768x166.png 768w, https:\\\/\\\/energyexpo.ro\\\/wp-content\\\/uploads\\\/2024\\\/08\\\/contact-info-energy-expo-event-banner-1536x332.png 1536w, https:\\\/\\\/energyexpo.ro\\\/wp-content\\\/uploads\\\/2024\\\/08\\\/contact-info-energy-expo-event-banner-2048x443.png 2048w, https:\\\/\\\/energyexpo.ro\\\/wp-content\\\/uploads\\\/2024\\\/08\\\/contact-info-energy-expo-event-banner-18x4.png 18w&quot;}\" \/>\t\t\t\t\t\t\n\t\t\t\t\t<\/div>\n\t\t\t\t\t\t\t\t\n<style>\n#image_379210497 {\n  width: 100%;\n}\n<\/style>\n\t<\/div>\n\t\n\n\t<section class=\"section\" id=\"section_1593482934\">\n\t\t<div class=\"section-bg fill\" >\n\t\t\t\t\t\t\t\t\t\n\t\t\t\n\n\t\t<\/div>\n\n\t\t\n\n\t\t<div class=\"section-content relative\">\n\t\t\t\n\t<div id=\"gap-1058915649\" class=\"gap-element clearfix\" style=\"display:block; height:auto;\">\n\t\t\n<style>\n#gap-1058915649 {\n  padding-top: 30px;\n}\n<\/style>\n\t<\/div>\n\t\n<div class=\"row row-large align-equal align-center\"  id=\"row-2030713305\">\n\n\t<div id=\"col-302453570\" class=\"col col-contact-page-left medium-4 small-12 large-4\"  >\n\t\t\t\t<div class=\"col-inner\"  >\n\t\t\t\n\t\t\t\n\t<div id=\"text-4261935969\" class=\"text\">\n\t\t\n<h2 class=\"thin-font\">Informa\u021bii de contact<\/h2>\n\t\t\n<style>\n#text-4261935969 {\n  color: #26408f;\n}\n#text-4261935969 > * {\n  color: #26408f;\n}\n<\/style>\n\t<\/div>\n\t\n\t<div id=\"gap-1946757161\" class=\"gap-element clearfix\" style=\"display:block; height:auto;\">\n\t\t\n<style>\n#gap-1946757161 {\n  padding-top: 5px;\n}\n<\/style>\n\t<\/div>\n\t\n<div class=\"row\"  id=\"row-1680808810\">\n\n\t<div id=\"col-1208268755\" class=\"col small-12 large-12\"  >\n\t\t\t\t<div class=\"col-inner\"  >\n\t\t\t\n\t\t\t\n<div class=\"row row-small align-equal align-center\"  id=\"row-1148341498\">\n\n\t<div id=\"col-1100669905\" class=\"col small-12 large-12\"  >\n\t\t\t\t<div class=\"col-inner\" style=\"background-color:rgb(132, 218, 236);\" >\n\t\t\t\n\t\t\t\n\n\t\t<div class=\"icon-box featured-box icon-box-right text-right\"  >\n\t\t\t\t\t<div class=\"icon-box-img\" style=\"width: 45px\">\n\t\t\t\t<div class=\"icon\">\n\t\t\t\t\t<div class=\"icon-inner\" >\n\t\t\t\t\t\t<img decoding=\"async\" width=\"170\" height=\"166\" data-src=\"https:\/\/energyexpo.ro\/wp-content\/uploads\/2024\/08\/icons-email_phone_location.webp\" class=\"attachment-medium size-medium lazyload\" alt=\"\" data-srcset=\"https:\/\/energyexpo.ro\/wp-content\/uploads\/2024\/08\/icons-email_phone_location.webp 170w, https:\/\/energyexpo.ro\/wp-content\/uploads\/2024\/08\/icons-email_phone_location-12x12.webp 12w\" data-sizes=\"(max-width: 170px) 100vw, 170px\" src=\"data:image\/gif;base64,R0lGODlhAQABAAAAACH5BAEKAAEALAAAAAABAAEAAAICTAEAOw==\" style=\"--smush-placeholder-width: 170px; --smush-placeholder-aspect-ratio: 170\/166;\" \/>\t\t\t\t\t<\/div>\n\t\t\t\t<\/div>\n\t\t\t<\/div>\n\t\t\t\t<div class=\"icon-box-text last-reset\">\n\t\t\t\t\t\t\t\t\t\n\t<div id=\"text-3673132781\" class=\"text\">\n\t\t\n<p><strong>Email:<\/strong><br \/>info@energyexpo.ro<\/p>\n\t\t\n<style>\n#text-3673132781 {\n  text-align: left;\n  color: rgb(255, 255, 255);\n}\n#text-3673132781 > * {\n  color: rgb(255, 255, 255);\n}\n<\/style>\n\t<\/div>\n\t\n\t\t<\/div>\n\t<\/div>\n\t\n\t\n\t\t<\/div>\n\t\t\t\t\n<style>\n#col-1100669905 > .col-inner {\n  padding: 10px 15px 5px 15px;\n  border-radius: 10px;\n}\n<\/style>\n\t<\/div>\n\n\t\n\n\t<div id=\"col-2078568430\" class=\"col small-12 large-12\"  >\n\t\t\t\t<div class=\"col-inner\" style=\"background-color:#ffc20e;\" >\n\t\t\t\n\t\t\t\n\n\t\t<div class=\"icon-box featured-box icon-box-right text-right\"  >\n\t\t\t\t\t<div class=\"icon-box-img\" style=\"width: 45px\">\n\t\t\t\t<div class=\"icon\">\n\t\t\t\t\t<div class=\"icon-inner\" >\n\t\t\t\t\t\t<img decoding=\"async\" width=\"170\" height=\"170\" data-src=\"https:\/\/energyexpo.ro\/wp-content\/uploads\/2024\/08\/icons-email_phone_location-4.webp\" class=\"attachment-medium size-medium lazyload\" alt=\"\" data-srcset=\"https:\/\/energyexpo.ro\/wp-content\/uploads\/2024\/08\/icons-email_phone_location-4.webp 170w, https:\/\/energyexpo.ro\/wp-content\/uploads\/2024\/08\/icons-email_phone_location-4-150x150.webp 150w, https:\/\/energyexpo.ro\/wp-content\/uploads\/2024\/08\/icons-email_phone_location-4-12x12.webp 12w\" data-sizes=\"(max-width: 170px) 100vw, 170px\" src=\"data:image\/gif;base64,R0lGODlhAQABAAAAACH5BAEKAAEALAAAAAABAAEAAAICTAEAOw==\" style=\"--smush-placeholder-width: 170px; --smush-placeholder-aspect-ratio: 170\/170;\" \/>\t\t\t\t\t<\/div>\n\t\t\t\t<\/div>\n\t\t\t<\/div>\n\t\t\t\t<div class=\"icon-box-text last-reset\">\n\t\t\t\t\t\t\t\t\t\n\t<div id=\"text-1548822132\" class=\"text\">\n\t\t\n<p><strong>Telefon:<\/strong><br \/><span style=\"color: #ffffff;\">+40 756 666 601<\/span><\/p>\n\t\t\n<style>\n#text-1548822132 {\n  text-align: left;\n  color: rgb(255, 255, 255);\n}\n#text-1548822132 > * {\n  color: rgb(255, 255, 255);\n}\n<\/style>\n\t<\/div>\n\t\n\t\t<\/div>\n\t<\/div>\n\t\n\t\n\t\t<\/div>\n\t\t\t\t\n<style>\n#col-2078568430 > .col-inner {\n  padding: 10px 15px 5px 15px;\n  border-radius: 10px;\n}\n<\/style>\n\t<\/div>\n\n\t\n\n\t<div id=\"col-580633915\" class=\"col small-12 large-12\"  >\n\t\t\t\t<div class=\"col-inner\" style=\"background-color:#65b145;\" >\n\t\t\t\n\t\t\t\n\n\t\t<div class=\"icon-box featured-box icon-box-right text-right\"  >\n\t\t\t\t\t<div class=\"icon-box-img\" style=\"width: 45px\">\n\t\t\t\t<div class=\"icon\">\n\t\t\t\t\t<div class=\"icon-inner\" >\n\t\t\t\t\t\t<img decoding=\"async\" width=\"170\" height=\"172\" data-src=\"https:\/\/energyexpo.ro\/wp-content\/uploads\/2024\/08\/icons-email_phone_location-3.webp\" class=\"attachment-medium size-medium lazyload\" alt=\"\" data-srcset=\"https:\/\/energyexpo.ro\/wp-content\/uploads\/2024\/08\/icons-email_phone_location-3.webp 170w, https:\/\/energyexpo.ro\/wp-content\/uploads\/2024\/08\/icons-email_phone_location-3-12x12.webp 12w\" data-sizes=\"(max-width: 170px) 100vw, 170px\" src=\"data:image\/gif;base64,R0lGODlhAQABAAAAACH5BAEKAAEALAAAAAABAAEAAAICTAEAOw==\" style=\"--smush-placeholder-width: 170px; --smush-placeholder-aspect-ratio: 170\/172;\" \/>\t\t\t\t\t<\/div>\n\t\t\t\t<\/div>\n\t\t\t<\/div>\n\t\t\t\t<div class=\"icon-box-text last-reset\">\n\t\t\t\t\t\t\t\t\t\n\t<div id=\"text-1719775467\" class=\"text\">\n\t\t\n<p><strong>Adresa biroului:<\/strong><br \/>Bulevardul Pipera,  Nr. 1B, Cl\u0103direa Cubic Center, Etaj 9, Voluntari, Bucure\u0219ti (RO)<br \/>Cod po\u0219tal: 077190<\/p>\n\t\t\n<style>\n#text-1719775467 {\n  text-align: left;\n  color: rgb(255, 255, 255);\n}\n#text-1719775467 > * {\n  color: rgb(255, 255, 255);\n}\n<\/style>\n\t<\/div>\n\t\n\t\t<\/div>\n\t<\/div>\n\t\n\t\n\t\t<\/div>\n\t\t\t\t\n<style>\n#col-580633915 > .col-inner {\n  padding: 10px 15px 5px 15px;\n  border-radius: 10px;\n}\n<\/style>\n\t<\/div>\n\n\t\n<\/div>\n\t\t<\/div>\n\t\t\t\t\t<\/div>\n\n\t\n<\/div>\n<div class=\"row\"  id=\"row-132296636\">\n\n\t<div id=\"col-116549744\" class=\"col small-12 large-12\"  >\n\t\t\t\t<div class=\"col-inner\"  >\n\t\t\t\n\t\t\t\n\t<div id=\"text-2178349146\" class=\"text\">\n\t\t\n<h2 class=\"thin-font\">\u00centreb\u0103ri frecvente<\/h2>\n\t\t\n<style>\n#text-2178349146 {\n  color: #26408f;\n}\n#text-2178349146 > * {\n  color: #26408f;\n}\n<\/style>\n\t<\/div>\n\t\n\t<div id=\"gap-910068264\" class=\"gap-element clearfix\" style=\"display:block; height:auto;\">\n\t\t\n<style>\n#gap-910068264 {\n  padding-top: 0px;\n}\n<\/style>\n\t<\/div>\n\t\n<p>\u00cenainte de a ne contacta, verific\u0103 sec\u021biunea noastr\u0103 de <a href=\"https:\/\/energyexpo.ro\/ro\/faq\/\">\u00centreb\u0103ri frecvente<\/a> (FAQ). Vei g\u0103si r\u0103spunsuri la cele mai frecvente \u00eentreb\u0103ri despre bilete, informa\u021bii pentru expozan\u021bi, oportunit\u0103\u021bi de sponsorizare \u0219i multe altele.<\/p>\n<p>\u00cen cazul \u00een care nu ai g\u0103sit r\u0103spunsul la \u00eentrebarea ta, te rug\u0103m s\u0103 ne contactatezi. Suntem aici s\u0103 te ajut\u0103m \u0219i s\u0103 ne asigur\u0103m c\u0103 vei avea o experien\u021b\u0103 deosebit\u0103 la ENERGY EXPO.<\/p>\n\t\t<\/div>\n\t\t\t\t\t<\/div>\n\n\t\n<\/div>\n\t\t<\/div>\n\t\t\t\t\t<\/div>\n\n\t\n\n\t<div id=\"col-412173712\" class=\"col col-contact-page-right medium-7 small-12 large-7\"  >\n\t\t\t\t<div class=\"col-inner text-left\" style=\"background-color:rgb(246, 246, 246);\" >\n\t\t\t\n\t\t\t\n\n<div class=\"wpforms-container wpforms-container-full wpforms-render-modern\" id=\"wpforms-1486\"><form id=\"wpforms-form-1486\" class=\"wpforms-validate wpforms-form wpforms-ajax-form\" data-formid=\"1486\" method=\"post\" enctype=\"multipart\/form-data\" action=\"\/ro\/wp-json\/wp\/v2\/pages\/339\" data-token=\"baee21386ff35bfac72c38c224329d26\" data-trp-original-action=\"\/ro\/wp-json\/wp\/v2\/pages\/339\"><noscript class=\"wpforms-error-noscript\">Please enable JavaScript in your browser to complete this form.<\/noscript><div class=\"wpforms-hidden\" id=\"wpforms-error-noscript\">Please enable JavaScript in your browser to complete this form.<\/div><div class=\"wpforms-field-container\"><div id=\"wpforms-1486-field_0-container\" class=\"wpforms-field wpforms-field-name\" data-field-id=\"0\"><label class=\"wpforms-field-label\" for=\"wpforms-1486-field_0\">Prenume <span class=\"wpforms-required-label\" aria-hidden=\"true\">*<\/span><\/label><input type=\"text\" id=\"wpforms-1486-field_0\" class=\"wpforms-field-large wpforms-field-required\" name=\"wpforms[fields][0]\" aria-errormessage=\"wpforms-1486-field_0-error\" required><\/div><div id=\"wpforms-1486-field_5-container\" class=\"wpforms-field wpforms-field-name\" data-field-id=\"5\"><label class=\"wpforms-field-label\" for=\"wpforms-1486-field_5\">Nume <span class=\"wpforms-required-label\" aria-hidden=\"true\">*<\/span><\/label><input type=\"text\" id=\"wpforms-1486-field_5\" class=\"wpforms-field-large wpforms-field-required\" name=\"wpforms[fields][5]\" aria-errormessage=\"wpforms-1486-field_5-error\" required><\/div><div id=\"wpforms-1486-field_1-container\" class=\"wpforms-field wpforms-field-email\" data-field-id=\"1\"><label class=\"wpforms-field-label\" for=\"wpforms-1486-field_1\">Email <span class=\"wpforms-required-label\" aria-hidden=\"true\">*<\/span><\/label><input type=\"email\" id=\"wpforms-1486-field_1\" class=\"wpforms-field-large wpforms-field-required\" name=\"wpforms[fields][1]\" spellcheck=\"false\" aria-errormessage=\"wpforms-1486-field_1-error\" required><\/div><div id=\"wpforms-1486-field_3-container\" class=\"wpforms-field wpforms-field-text\" data-field-id=\"3\"><label class=\"wpforms-field-label\" for=\"wpforms-1486-field_3\">Subiect <span class=\"wpforms-required-label\" aria-hidden=\"true\">*<\/span><\/label><input type=\"text\" id=\"wpforms-1486-field_3\" class=\"wpforms-field-large wpforms-field-required\" name=\"wpforms[fields][3]\" aria-errormessage=\"wpforms-1486-field_3-error\" required><\/div><div id=\"wpforms-1486-field_2-container\" class=\"wpforms-field wpforms-field-textarea\" data-field-id=\"2\"><label class=\"wpforms-field-label\" for=\"wpforms-1486-field_2\">Mesaj <span class=\"wpforms-required-label\" aria-hidden=\"true\">*<\/span><\/label><textarea id=\"wpforms-1486-field_2\" class=\"wpforms-field-medium wpforms-field-required\" name=\"wpforms[fields][2]\" aria-errormessage=\"wpforms-1486-field_2-error\" required><\/textarea><\/div><div id=\"wpforms-1486-field_4-container\" class=\"wpforms-field wpforms-field-checkbox\" data-field-id=\"4\"><fieldset><legend class=\"wpforms-field-label wpforms-label-hide\" aria-hidden=\"false\">Casete de control <span class=\"wpforms-required-label\" aria-hidden=\"true\">*<\/span><\/legend><ul id=\"wpforms-1486-field_4\" class=\"wpforms-field-required\"><li class=\"choice-1 depth-1\"><input type=\"checkbox\" id=\"wpforms-1486-field_4_1\" name=\"wpforms[fields][4][]\" value=\"I consent to my personal data being processed and confirm that I understand and acknowledge to the &lt;a href=&quot;https:\/\/energyexpo.ro\/terms-and-conditions\/&quot;&gt;Terms &amp; Conditions&lt;\/a&gt;\" aria-errormessage=\"wpforms-1486-field_4_1-error\" required><label class=\"wpforms-field-label-inline\" for=\"wpforms-1486-field_4_1\">Sunt de acord ca datele mele cu caracter personal s\u0103 fie prelucrate \u0219i confirm c\u0103 am \u00een\u021beles \u0219i recunosc <a href=\"https:\/\/energyexpo.ro\/ro\/terms-and-conditions\/\">Termeni \u0219i condi\u021bii<\/a><\/label><\/li><\/ul><\/fieldset><\/div><\/div><!-- .wpforms-field-container --><div class=\"wpforms-recaptcha-container wpforms-is-recaptcha wpforms-is-recaptcha-type-v2\" ><div class=\"g-recaptcha\" data-sitekey=\"6LfXgVIpAAAAAN2k2dBFTEQeCm1_5AIcQKi7h-aU\"><\/div><input type=\"text\" name=\"g-recaptcha-hidden\" class=\"wpforms-recaptcha-hidden\" style=\"position:absolute!important;clip:rect(0,0,0,0)!important;height:1px!important;width:1px!important;border:0!important;overflow:hidden!important;padding:0!important;margin:0!important;\" data-rule-recaptcha=\"1\"><\/div><div class=\"wpforms-submit-container\" ><input type=\"hidden\" name=\"wpforms[id]\" value=\"1486\"><input type=\"hidden\" name=\"wpforms[author]\" value=\"1\"><button type=\"submit\" name=\"wpforms[submit]\" id=\"wpforms-submit-1486\" class=\"wpforms-submit\" data-alt-text=\"Sending...\" data-submit-text=\"Submit\" aria-live=\"assertive\" value=\"wpforms-submit\">Trimite<\/button><img decoding=\"async\" data-src=\"https:\/\/energyexpo.ro\/wp-content\/plugins\/wpforms\/assets\/images\/submit-spin.svg\" class=\"wpforms-submit-spinner lazyload\" style=\"--smush-placeholder-width: 26px; --smush-placeholder-aspect-ratio: 26\/26;display: none;\" width=\"26\" height=\"26\" alt=\"Loading\" src=\"data:image\/gif;base64,R0lGODlhAQABAAAAACH5BAEKAAEALAAAAAABAAEAAAICTAEAOw==\"><\/div><input type=\"hidden\" name=\"trp-form-language\" value=\"ro\"\/><\/form><\/div>  <!-- .wpforms-container -->\n\n\t\t<\/div>\n\t\t\t\t\n<style>\n#col-412173712 > .col-inner {\n  padding: 20px 20px 0px 20px;\n  border-radius: 10px;\n}\n<\/style>\n\t<\/div>\n\n\t\n<\/div>\n\t\t<\/div>\n\n\t\t\n<style>\n#section_1593482934 {\n  padding-top: 30px;\n  padding-bottom: 30px;\n}\n<\/style>\n\t<\/section>\n\t\n\n\t<section class=\"section map-section-cst\" id=\"section_1344891239\">\n\t\t<div class=\"section-bg fill\" >\n\t\t\t\t\t\t\t\t\t\n\t\t\t\n\n\t\t<\/div>\n\n\t\t\n\n\t\t<div class=\"section-content relative\">\n\t\t\t\n\n<p><iframe data-src=\"https:\/\/www.google.com\/maps\/embed?pb=!1m18!1m12!1m3!1d2845.971758800895!2d26.08195003658252!3d44.495245474330396!2m3!1f0!2f0!3f0!3m2!1i1024!2i768!4f13.1!3m3!1m2!1s0x40b2025894867521%3A0x4a51001b3dc2e2fa!2sROMAERO%20S.A.!5e0!3m2!1sen!2sro!4v1754660051379!5m2!1sen!2sro\" width=\"2560\" height=\"450\" allowfullscreen=\"allowfullscreen\" src=\"data:image\/gif;base64,R0lGODlhAQABAAAAACH5BAEKAAEALAAAAAABAAEAAAICTAEAOw==\" class=\"lazyload\" data-load-mode=\"1\"><\/iframe><br \/>\n\n\t\t<\/div>\n\n\t\t\n<style>\n#section_1344891239 {\n  padding-top: 0px;\n  padding-bottom: 0px;\n}\n<\/style>\n\t<\/section>","protected":false},"excerpt":{"rendered":"","protected":false},"author":1,"featured_media":0,"parent":0,"menu_order":13,"comment_status":"closed","ping_status":"closed","template":"page-blank.php","meta":{"inline_featured_image":false,"footnotes":""},"class_list":["post-339","page","type-page","status-publish","hentry"],"_links":{"self":[{"href":"https:\/\/energyexpo.ro\/ro\/wp-json\/wp\/v2\/pages\/339","targetHints":{"allow":["GET"]}}],"collection":[{"href":"https:\/\/energyexpo.ro\/ro\/wp-json\/wp\/v2\/pages"}],"about":[{"href":"https:\/\/energyexpo.ro\/ro\/wp-json\/wp\/v2\/types\/page"}],"author":[{"embeddable":true,"href":"https:\/\/energyexpo.ro\/ro\/wp-json\/wp\/v2\/users\/1"}],"replies":[{"embeddable":true,"href":"https:\/\/energyexpo.ro\/ro\/wp-json\/wp\/v2\/comments?post=339"}],"version-history":[{"count":72,"href":"https:\/\/energyexpo.ro\/ro\/wp-json\/wp\/v2\/pages\/339\/revisions"}],"predecessor-version":[{"id":5794,"href":"https:\/\/energyexpo.ro\/ro\/wp-json\/wp\/v2\/pages\/339\/revisions\/5794"}],"wp:attachment":[{"href":"https:\/\/energyexpo.ro\/ro\/wp-json\/wp\/v2\/media?parent=339"}],"curies":[{"name":"wp","href":"https:\/\/api.w.org\/{rel}","templated":true}]}}