{"id":3933,"date":"2024-10-09T18:09:00","date_gmt":"2024-10-09T18:09:00","guid":{"rendered":"https:\/\/energyexpo.ro\/?page_id=3933"},"modified":"2024-10-09T18:09:43","modified_gmt":"2024-10-09T18:09:43","slug":"corab-s-a","status":"publish","type":"page","link":"https:\/\/energyexpo.ro\/ro\/exhibitors\/corab-s-a\/","title":{"rendered":"CORAB S.A."},"content":{"rendered":"<section class=\"section\" id=\"section_1113068785\">\n\t\t<div class=\"section-bg fill\" >\n\t\t\t\t\t\t\t\t\t\n\t\t\t\n\n\t\t<\/div>\n\n\t\t\n\n\t\t<div class=\"section-content relative\">\n\t\t\t\n<div class=\"row align-middle\"  id=\"row-362174876\">\n\n\t<div id=\"col-544267627\" class=\"col cwp medium-6 small-12 large-6\"  >\n\t\t\t\t<div class=\"col-inner\"  >\n\t\t\t\n\t\t\t\n\t<div id=\"text-4116896375\" class=\"text pwmb\">\n\t\t\n<p class=\"lead\"><strong>CORAB S.A.<\/strong><\/p>\n\t\t\n<style>\n#text-4116896375 {\n  font-size: 1.5rem;\n  color: #26408f;\n}\n#text-4116896375 > * {\n  color: #26408f;\n}\n<\/style>\n\t<\/div>\n\t\n\t<div id=\"text-2668826445\" class=\"text\">\n\t\t\n<p>CENTRALE SOLARE FOTOVOLTAICE (PV)<\/p>\n\t\t\n<style>\n#text-2668826445 {\n  color: #26408f;\n}\n#text-2668826445 > * {\n  color: #26408f;\n}\n<\/style>\n\t<\/div>\n\t\n<p>\"Corab, fondat\u0103 \u00een Olsztyn, este \u00een prezent un lider european \u00een produc\u021bia de structuri fotovoltaice \u0219i un distribuitor de produse de la m\u0103rci renumite din industria fotovoltaic\u0103. Sloganul care ne ghideaz\u0103 activitatea este: Tehnologie pentru natur\u0103. Suntem m\u00e2ndri s\u0103 fim implica\u021bi activ \u00een procesul global de transformare a energiei.<br \/>\nTimp de 30 de ani am proiectat structuri \u0219i am \u00eembun\u0103t\u0103\u021bit tehnologia de fabricare a produselor din o\u021bel \u0219i aluminiu. Prioritatea Corab S.A. este calitatea, care este confirmat\u0103 de numeroase certificate interna\u021bionale.<br \/>\nCapacitatea de produc\u021bie a CORAB este de peste 6 MW de structuri fotovoltaice pe zi. Parcul de ma\u0219ini este format din linii moderne de profilare, ma\u0219ini de turnare prin injec\u021bie, prese, ma\u0219ini-unelte cu comand\u0103 numeric\u0103, un atelier modern de vopsire \u0219i o instala\u021bie proprie de galvanizare. Compania are peste 300 de angaja\u021bi: \u00een produc\u021bie, v\u00e2nz\u0103ri la export, cercetare \u0219i dezvoltare, marketing, comer\u021b electronic, logistic\u0103 \u0219i asisten\u021b\u0103 tehnic\u0103.<br \/>\nProdusele fabricate de CORAB S.A. sunt realizate pe baza lucr\u0103rilor de cercetare \u0219i dezvoltare. Departamentul de cercetare \u0219i dezvoltare al Corab coopereaz\u0103 activ cu cele mai importante centre de cercetare din Polonia \u0219i din str\u0103in\u0103tate. Structurile CORAB sunt exportate \u00een aproape 20 de \u021b\u0103ri din \u00eentreaga lume. Acestea sunt utilizate \u00een cl\u0103diri reziden\u021biale, cl\u0103diri comerciale, precum \u0219i \u00een ferme fotovoltaice \u0219i zone agricole.\"<\/p>\n<a href=\"https:\/\/en.corab.pl\/\" class=\"button secondary\" target=\"_blank\" rel=\"noopener\">\n\t\t<span>Afl\u0103 mai multe<\/span>\n\t<\/a>\n\n\t\t<\/div>\n\t\t\t\t\n<style>\n#col-544267627 > .col-inner {\n  padding: 0px 0px 0px 0px;\n}\n@media (min-width:550px) {\n  #col-544267627 > .col-inner {\n    padding: 0px 50px 0px 0px;\n  }\n}\n<\/style>\n\t<\/div>\n\n\t\n\n\t<div id=\"col-2098987307\" class=\"col cwp medium-6 small-12 large-6 small-col-first\"  >\n\t\t\t\t<div class=\"col-inner\"  >\n\t\t\t\n\t\t\t\n\t<div class=\"img has-hover x md-x lg-x y md-y lg-y\" id=\"image_648378192\">\n\t\t\t\t\t\t\t\t<div class=\"img-inner dark\" >\n\t\t\t<img decoding=\"async\" width=\"3375\" height=\"3375\" data-src=\"https:\/\/energyexpo.ro\/wp-content\/uploads\/2024\/10\/Corab_exhibitor_1080x1080.png\" class=\"attachment-original size-original lazyload\" alt=\"\" data-srcset=\"https:\/\/energyexpo.ro\/wp-content\/uploads\/2024\/10\/Corab_exhibitor_1080x1080.png 3375w, https:\/\/energyexpo.ro\/wp-content\/smush-webp\/2024\/10\/Corab_exhibitor_1080x1080-300x300.png.webp 300w, https:\/\/energyexpo.ro\/wp-content\/smush-webp\/2024\/10\/Corab_exhibitor_1080x1080-1024x1024.png.webp 1024w, https:\/\/energyexpo.ro\/wp-content\/smush-webp\/2024\/10\/Corab_exhibitor_1080x1080-150x150.png.webp 150w, https:\/\/energyexpo.ro\/wp-content\/smush-webp\/2024\/10\/Corab_exhibitor_1080x1080-768x768.png.webp 768w, https:\/\/energyexpo.ro\/wp-content\/smush-webp\/2024\/10\/Corab_exhibitor_1080x1080-1536x1536.png.webp 1536w, https:\/\/energyexpo.ro\/wp-content\/smush-webp\/2024\/10\/Corab_exhibitor_1080x1080-2048x2048.png.webp 2048w, https:\/\/energyexpo.ro\/wp-content\/smush-webp\/2024\/10\/Corab_exhibitor_1080x1080-12x12.png.webp 12w\" data-sizes=\"(max-width: 3375px) 100vw, 3375px\" src=\"data:image\/gif;base64,R0lGODlhAQABAAAAACH5BAEKAAEALAAAAAABAAEAAAICTAEAOw==\" style=\"--smush-placeholder-width: 3375px; --smush-placeholder-aspect-ratio: 3375\/3375;\" data-smush-webp-fallback=\"{&quot;data-srcset&quot;:&quot;https:\\\/\\\/energyexpo.ro\\\/wp-content\\\/uploads\\\/2024\\\/10\\\/Corab_exhibitor_1080x1080.png 3375w, https:\\\/\\\/energyexpo.ro\\\/wp-content\\\/uploads\\\/2024\\\/10\\\/Corab_exhibitor_1080x1080-300x300.png 300w, https:\\\/\\\/energyexpo.ro\\\/wp-content\\\/uploads\\\/2024\\\/10\\\/Corab_exhibitor_1080x1080-1024x1024.png 1024w, https:\\\/\\\/energyexpo.ro\\\/wp-content\\\/uploads\\\/2024\\\/10\\\/Corab_exhibitor_1080x1080-150x150.png 150w, https:\\\/\\\/energyexpo.ro\\\/wp-content\\\/uploads\\\/2024\\\/10\\\/Corab_exhibitor_1080x1080-768x768.png 768w, https:\\\/\\\/energyexpo.ro\\\/wp-content\\\/uploads\\\/2024\\\/10\\\/Corab_exhibitor_1080x1080-1536x1536.png 1536w, https:\\\/\\\/energyexpo.ro\\\/wp-content\\\/uploads\\\/2024\\\/10\\\/Corab_exhibitor_1080x1080-2048x2048.png 2048w, https:\\\/\\\/energyexpo.ro\\\/wp-content\\\/uploads\\\/2024\\\/10\\\/Corab_exhibitor_1080x1080-12x12.png 12w&quot;}\" \/>\t\t\t\t\t\t\n\t\t\t\t\t<\/div>\n\t\t\t\t\t\t\t\t\n<style>\n#image_648378192 {\n  width: 100%;\n}\n<\/style>\n\t<\/div>\n\t\n\t\t<\/div>\n\t\t\t\t\t<\/div>\n\n\t\n<\/div>\n\t\t<\/div>\n\n\t\t\n<style>\n#section_1113068785 {\n  padding-top: 50px;\n  padding-bottom: 50px;\n  background-color: rgb(246, 246, 246);\n}\n<\/style>\n\t<\/section>\n\t\n\n\t<section class=\"section\" id=\"section_90346015\">\n\t\t<div class=\"section-bg fill\" >\n\t\t\t\t\t\t\t\t\t\n\t\t\t\n\n\t\t<\/div>\n\n\t\t\n\n\t\t<div class=\"section-content relative\">\n\t\t\t\n\n<div class=\"row\"  id=\"row-1171161344\">\n\n\n\t<div id=\"col-1282754286\" class=\"col cwp small-12 large-12\"  >\n\t\t\t\t<div class=\"col-inner\"  >\n\t\t\t\n\t\t\t\n\n\t<div id=\"text-772861674\" class=\"text pwmb\">\n\t\t\n\n<p><span style=\"font-size: 90%;\">Expozan\u021bii sunt singurii responsabili pentru informa\u021biile furnizate \u00een aceast\u0103 sec\u021biune, ob\u021binute fie direct de la expozan\u021bi, fie de pe site-ul lor oficial.<\/span><\/p>\n\t\t\n<style>\n#text-772861674 {\n  text-align: center;\n  color: rgb(255,255,255);\n}\n#text-772861674 > * {\n  color: rgb(255,255,255);\n}\n<\/style>\n\t<\/div>\n\t\n\n\t\t<\/div>\n\t\t\t\t\t<\/div>\n\n\t\n\n<\/div>\n\n\t\t<\/div>\n\n\t\t\n<style>\n#section_90346015 {\n  padding-top: 30px;\n  padding-bottom: 30px;\n  background-color: #26408f;\n}\n<\/style>\n\t<\/section>","protected":false},"excerpt":{"rendered":"","protected":false},"author":1,"featured_media":0,"parent":1192,"menu_order":0,"comment_status":"closed","ping_status":"closed","template":"page-blank.php","meta":{"inline_featured_image":false,"footnotes":""},"class_list":["post-3933","page","type-page","status-publish","hentry"],"_links":{"self":[{"href":"https:\/\/energyexpo.ro\/ro\/wp-json\/wp\/v2\/pages\/3933","targetHints":{"allow":["GET"]}}],"collection":[{"href":"https:\/\/energyexpo.ro\/ro\/wp-json\/wp\/v2\/pages"}],"about":[{"href":"https:\/\/energyexpo.ro\/ro\/wp-json\/wp\/v2\/types\/page"}],"author":[{"embeddable":true,"href":"https:\/\/energyexpo.ro\/ro\/wp-json\/wp\/v2\/users\/1"}],"replies":[{"embeddable":true,"href":"https:\/\/energyexpo.ro\/ro\/wp-json\/wp\/v2\/comments?post=3933"}],"version-history":[{"count":3,"href":"https:\/\/energyexpo.ro\/ro\/wp-json\/wp\/v2\/pages\/3933\/revisions"}],"predecessor-version":[{"id":3937,"href":"https:\/\/energyexpo.ro\/ro\/wp-json\/wp\/v2\/pages\/3933\/revisions\/3937"}],"up":[{"embeddable":true,"href":"https:\/\/energyexpo.ro\/ro\/wp-json\/wp\/v2\/pages\/1192"}],"wp:attachment":[{"href":"https:\/\/energyexpo.ro\/ro\/wp-json\/wp\/v2\/media?parent=3933"}],"curies":[{"name":"wp","href":"https:\/\/api.w.org\/{rel}","templated":true}]}}