{"id":3948,"date":"2024-10-09T18:14:28","date_gmt":"2024-10-09T18:14:28","guid":{"rendered":"https:\/\/energyexpo.ro\/?page_id=3948"},"modified":"2025-05-17T08:17:08","modified_gmt":"2025-05-17T08:17:08","slug":"public-power-corporation-s-a-ppc","status":"publish","type":"page","link":"https:\/\/energyexpo.ro\/ro\/exhibitors\/public-power-corporation-s-a-ppc\/","title":{"rendered":"Public Power Corporation S.A. (PPC)"},"content":{"rendered":"<section class=\"section\" id=\"section_1266577728\">\n\t\t<div class=\"section-bg fill\" >\n\t\t\t\t\t\t\t\t\t\n\t\t\t\n\n\t\t<\/div>\n\n\t\t\n\n\t\t<div class=\"section-content relative\">\n\t\t\t\n<div class=\"row align-middle\"  id=\"row-1025449945\">\n\n\t<div id=\"col-184798916\" class=\"col cwp medium-6 small-12 large-6\"  >\n\t\t\t\t<div class=\"col-inner\"  >\n\t\t\t\n\t\t\t\n\t<div id=\"text-2962388993\" class=\"text pwmb\">\n\t\t\n<p class=\"lead\"><strong>Public Power Corporation S.A. (PPC)<\/strong><\/p>\n\t\t\n<style>\n#text-2962388993 {\n  font-size: 1.5rem;\n  color: #26408f;\n}\n#text-2962388993 > * {\n  color: #26408f;\n}\n<\/style>\n\t<\/div>\n\t\n\t<div id=\"text-3759663110\" class=\"text\">\n\t\t\n<p>DISTRIBU\u021aIE \u0218I FURNIZARE DE ENERGIE<\/p>\n\t\t\n<style>\n#text-3759663110 {\n  color: #26408f;\n}\n#text-3759663110 > * {\n  color: #26408f;\n}\n<\/style>\n\t<\/div>\n\t\n<p>PPC este principala companie de energie curat\u0103 din Europa de Sud-Est, cu activit\u0103\u021bi \u00een produc\u021bia de energie electric\u0103, distribu\u021bie, operarea re\u021belelor \u0219i v\u00e2nzarea de produse \u0219i servicii energetice avansate, precum \u0219i \u00een mobilitatea electric\u0103 \u00een Grecia, Rom\u00e2nia \u0219i Macedonia de Nord. Cu o capacitate instalat\u0103 total\u0103 de 12,2GW, Grupul PPC este principalul furnizor de energie din Grecia \u0219i Rom\u00e2nia, deservind 8,8 milioane de clien\u021bi, c\u0103rora le furnizeaz\u0103 aproximativ 33 TWh de energie. <br \/>Companiile PPC din Rom\u00e2nia deservesc aproximativ 3 milioane de clien\u021bi \u00een segmentele de distribu\u021bie \u0219i furnizare de energie electric\u0103, \u00een timp ce divizia de produc\u021bie de energie din surse regenerabile are o capacitate instalat\u0103 de peste 1.330 MW. De asemenea, compania ofer\u0103 servicii de e-mobilitate \u0219i energie avansat\u0103.<br \/>PPC, fiind o companie de utilit\u0103\u021bi integrat\u0103, este bine pozi\u021bionat\u0103 pentru a conduce tranzi\u021bia energetic\u0103 \u00een regiunea Europei de Sud-Est, strategia sa concentr\u00e2ndu-se pe trei piloni principali: portofoliul de produc\u021bie de energie curat\u0103 \u0219i rezistent\u0103, modernizarea re\u021belei de distribu\u021bie \u0219i centrarea pe client. PPC a fost \u00eenfiin\u021bat\u0103 \u00een 1950 \u0219i este listat\u0103 la Bursa din Atena din 2001.<\/p>\n<a href=\"https:\/\/www.waldevar.com\/ro\/\" class=\"button secondary\" target=\"_blank\" rel=\"noopener\">\n\t\t<span>Afl\u0103 mai multe<\/span>\n\t<\/a>\n\n\t\t<\/div>\n\t\t\t\t\n<style>\n#col-184798916 > .col-inner {\n  padding: 0px 0px 0px 0px;\n}\n@media (min-width:550px) {\n  #col-184798916 > .col-inner {\n    padding: 0px 50px 0px 0px;\n  }\n}\n<\/style>\n\t<\/div>\n\n\t\n\n\t<div id=\"col-1008629858\" class=\"col cwp medium-6 small-12 large-6 small-col-first\"  >\n\t\t\t\t<div class=\"col-inner\"  >\n\t\t\t\n\t\t\t\n\t<div class=\"img has-hover x md-x lg-x y md-y lg-y\" id=\"image_1637239849\">\n\t\t\t\t\t\t\t\t<div class=\"img-inner dark\" >\n\t\t\t<img decoding=\"async\" width=\"1080\" height=\"1080\" data-src=\"https:\/\/energyexpo.ro\/wp-content\/uploads\/2025\/05\/PPC_Exhibitor.png\" class=\"attachment-original size-original lazyload\" alt=\"\" data-srcset=\"https:\/\/energyexpo.ro\/wp-content\/uploads\/2025\/05\/PPC_Exhibitor.png 1080w, https:\/\/energyexpo.ro\/wp-content\/smush-webp\/2025\/05\/PPC_Exhibitor-300x300.png.webp 300w, https:\/\/energyexpo.ro\/wp-content\/smush-webp\/2025\/05\/PPC_Exhibitor-1024x1024.png.webp 1024w, https:\/\/energyexpo.ro\/wp-content\/smush-webp\/2025\/05\/PPC_Exhibitor-150x150.png.webp 150w, https:\/\/energyexpo.ro\/wp-content\/smush-webp\/2025\/05\/PPC_Exhibitor-768x768.png.webp 768w, https:\/\/energyexpo.ro\/wp-content\/smush-webp\/2025\/05\/PPC_Exhibitor-12x12.png.webp 12w\" data-sizes=\"(max-width: 1080px) 100vw, 1080px\" src=\"data:image\/gif;base64,R0lGODlhAQABAAAAACH5BAEKAAEALAAAAAABAAEAAAICTAEAOw==\" style=\"--smush-placeholder-width: 1080px; --smush-placeholder-aspect-ratio: 1080\/1080;\" data-smush-webp-fallback=\"{&quot;data-srcset&quot;:&quot;https:\\\/\\\/energyexpo.ro\\\/wp-content\\\/uploads\\\/2025\\\/05\\\/PPC_Exhibitor.png 1080w, https:\\\/\\\/energyexpo.ro\\\/wp-content\\\/uploads\\\/2025\\\/05\\\/PPC_Exhibitor-300x300.png 300w, https:\\\/\\\/energyexpo.ro\\\/wp-content\\\/uploads\\\/2025\\\/05\\\/PPC_Exhibitor-1024x1024.png 1024w, https:\\\/\\\/energyexpo.ro\\\/wp-content\\\/uploads\\\/2025\\\/05\\\/PPC_Exhibitor-150x150.png 150w, https:\\\/\\\/energyexpo.ro\\\/wp-content\\\/uploads\\\/2025\\\/05\\\/PPC_Exhibitor-768x768.png 768w, https:\\\/\\\/energyexpo.ro\\\/wp-content\\\/uploads\\\/2025\\\/05\\\/PPC_Exhibitor-12x12.png 12w&quot;}\" \/>\t\t\t\t\t\t\n\t\t\t\t\t<\/div>\n\t\t\t\t\t\t\t\t\n<style>\n#image_1637239849 {\n  width: 100%;\n}\n<\/style>\n\t<\/div>\n\t\n\t\t<\/div>\n\t\t\t\t\t<\/div>\n\n\t\n<\/div>\n\t\t<\/div>\n\n\t\t\n<style>\n#section_1266577728 {\n  padding-top: 50px;\n  padding-bottom: 50px;\n  background-color: rgb(246, 246, 246);\n}\n<\/style>\n\t<\/section>\n\t\n\n\t<section class=\"section\" id=\"section_220698050\">\n\t\t<div class=\"section-bg fill\" >\n\t\t\t\t\t\t\t\t\t\n\t\t\t\n\n\t\t<\/div>\n\n\t\t\n\n\t\t<div class=\"section-content relative\">\n\t\t\t\n\n<div class=\"row\"  id=\"row-1536238311\">\n\n\n\t<div id=\"col-648702320\" class=\"col cwp small-12 large-12\"  >\n\t\t\t\t<div class=\"col-inner\"  >\n\t\t\t\n\t\t\t\n\n\t<div id=\"text-3338699287\" class=\"text pwmb\">\n\t\t\n\n<p><span style=\"font-size: 90%;\">Expozan\u021bii sunt singurii responsabili pentru informa\u021biile furnizate \u00een aceast\u0103 sec\u021biune, ob\u021binute fie direct de la expozan\u021bi, fie de pe site-ul lor oficial.<\/span><\/p>\n\t\t\n<style>\n#text-3338699287 {\n  text-align: center;\n  color: rgb(255,255,255);\n}\n#text-3338699287 > * {\n  color: rgb(255,255,255);\n}\n<\/style>\n\t<\/div>\n\t\n\n\t\t<\/div>\n\t\t\t\t\t<\/div>\n\n\t\n\n<\/div>\n\n\t\t<\/div>\n\n\t\t\n<style>\n#section_220698050 {\n  padding-top: 30px;\n  padding-bottom: 30px;\n  background-color: #26408f;\n}\n<\/style>\n\t<\/section>","protected":false},"excerpt":{"rendered":"","protected":false},"author":1,"featured_media":0,"parent":1192,"menu_order":0,"comment_status":"closed","ping_status":"closed","template":"page-blank.php","meta":{"inline_featured_image":false,"footnotes":""},"class_list":["post-3948","page","type-page","status-publish","hentry"],"_links":{"self":[{"href":"https:\/\/energyexpo.ro\/ro\/wp-json\/wp\/v2\/pages\/3948","targetHints":{"allow":["GET"]}}],"collection":[{"href":"https:\/\/energyexpo.ro\/ro\/wp-json\/wp\/v2\/pages"}],"about":[{"href":"https:\/\/energyexpo.ro\/ro\/wp-json\/wp\/v2\/types\/page"}],"author":[{"embeddable":true,"href":"https:\/\/energyexpo.ro\/ro\/wp-json\/wp\/v2\/users\/1"}],"replies":[{"embeddable":true,"href":"https:\/\/energyexpo.ro\/ro\/wp-json\/wp\/v2\/comments?post=3948"}],"version-history":[{"count":3,"href":"https:\/\/energyexpo.ro\/ro\/wp-json\/wp\/v2\/pages\/3948\/revisions"}],"predecessor-version":[{"id":5374,"href":"https:\/\/energyexpo.ro\/ro\/wp-json\/wp\/v2\/pages\/3948\/revisions\/5374"}],"up":[{"embeddable":true,"href":"https:\/\/energyexpo.ro\/ro\/wp-json\/wp\/v2\/pages\/1192"}],"wp:attachment":[{"href":"https:\/\/energyexpo.ro\/ro\/wp-json\/wp\/v2\/media?parent=3948"}],"curies":[{"name":"wp","href":"https:\/\/api.w.org\/{rel}","templated":true}]}}