{"id":3973,"date":"2024-10-09T18:22:02","date_gmt":"2024-10-09T18:22:02","guid":{"rendered":"https:\/\/energyexpo.ro\/?page_id=3973"},"modified":"2024-10-09T18:22:40","modified_gmt":"2024-10-09T18:22:40","slug":"automobile-bavaria","status":"publish","type":"page","link":"https:\/\/energyexpo.ro\/ro\/exhibitors\/automobile-bavaria\/","title":{"rendered":"Automobile Bavaria"},"content":{"rendered":"<section class=\"section\" id=\"section_1485960520\">\n\t\t<div class=\"section-bg fill\" >\n\t\t\t\t\t\t\t\t\t\n\t\t\t\n\n\t\t<\/div>\n\n\t\t\n\n\t\t<div class=\"section-content relative\">\n\t\t\t\n<div class=\"row align-middle\"  id=\"row-644316169\">\n\n\t<div id=\"col-2050366464\" class=\"col cwp medium-6 small-12 large-6\"  >\n\t\t\t\t<div class=\"col-inner\"  >\n\t\t\t\n\t\t\t\n\t<div id=\"text-1404707152\" class=\"text pwmb\">\n\t\t\n<p class=\"lead\"><strong>Automobile Bavaria<\/strong><\/p>\n\t\t\n<style>\n#text-1404707152 {\n  font-size: 1.5rem;\n  color: #26408f;\n}\n#text-1404707152 > * {\n  color: #26408f;\n}\n<\/style>\n\t<\/div>\n\t\n\t<div id=\"text-289784146\" class=\"text\">\n\t\t\n<p>VEHICULE ELECTRICE (EVS), HIBRIDE<\/p>\n\t\t\n<style>\n#text-289784146 {\n  color: #26408f;\n}\n#text-289784146 > * {\n  color: #26408f;\n}\n<\/style>\n\t<\/div>\n\t\n<p>\"Fondat\u0103 \u00een 1994 de antreprenorul rom\u00e2n Michael Schmidt, Automobile Bavaria este cea mai mare re\u021bea de dealeri BMW din Europa Central\u0103 \u0219i de Est. Sub umbrela grupului MHS Holding, al\u0103turi de MHS Truck &amp; Bus, Schmidt Automobile, Schmidt Premium Cars, Bavaria Motors, Bavaria Broker de Asigurare \u0219i Bavaria Mobility, Automobile Bavaria Group se specializeaz\u0103 \u00een intermedierea v\u00e2nz\u0103rii de autoturisme noi \u0219i rulate - at\u00e2t BMW, c\u00e2t \u0219i MINI.<\/p>\n<p>Prezent\u0103 \u00een zece mari ora\u0219e din Rom\u00e2nia, Automobile Bavaria de\u021bine 12 loca\u021bii BMW, precum \u0219i reprezentan\u021ba Rolls-Royce Motor Cars din Rom\u00e2nia. \u00cencep\u00e2nd cu 2023, suntem \u0219i importator exclusiv al automobilului INEOS Grenadier \u00een Rom\u00e2nia, cu primul showroom dedicat deschis la Automobile Bavaria Otopeni (Bucure\u0219ti).<\/p>\n<p>\u00cen cei 30 de ani de reprezentare a m\u0103rcii BMW, Automobile Bavaria a marcat multe premiere, inclusiv inaugurarea primului dealer BMW M din Rom\u00e2nia \u0219i statutul de Centru de Competen\u021b\u0103 pentru V\u00e2nz\u0103ri Speciale c\u0103tre autorit\u0103\u021bile rom\u00e2ne \u0219i diploma\u021bi. \u00cencep\u00e2nd cu 2018, to\u021bi dealerii Automobile Bavaria au devenit \u0219i dealeri autoriza\u021bi BMW i, abord\u00e2nd cu entuziasm tehnologiile electrice.<\/p>\n<p>Pe l\u00e2ng\u0103 automobile, comercializ\u0103m gama complet\u0103 de motociclete \u0219i scutere BMW Motorrad.\"<\/p>\n<a href=\"https:\/\/automobilebavaria.ro\/\" class=\"button secondary\" target=\"_blank\" rel=\"noopener\">\n\t\t<span>Afl\u0103 mai multe<\/span>\n\t<\/a>\n\n\t\t<\/div>\n\t\t\t\t\n<style>\n#col-2050366464 > .col-inner {\n  padding: 0px 0px 0px 0px;\n}\n@media (min-width:550px) {\n  #col-2050366464 > .col-inner {\n    padding: 0px 50px 0px 0px;\n  }\n}\n<\/style>\n\t<\/div>\n\n\t\n\n\t<div id=\"col-76739372\" class=\"col cwp medium-6 small-12 large-6 small-col-first\"  >\n\t\t\t\t<div class=\"col-inner\"  >\n\t\t\t\n\t\t\t\n\t<div class=\"img has-hover x md-x lg-x y md-y lg-y\" id=\"image_857618915\">\n\t\t\t\t\t\t\t\t<div class=\"img-inner dark\" >\n\t\t\t<img decoding=\"async\" width=\"3375\" height=\"3375\" data-src=\"https:\/\/energyexpo.ro\/wp-content\/uploads\/2024\/10\/Automobile-Bavaria_exhibitor_1080x1080.png\" class=\"attachment-original size-original lazyload\" alt=\"\" data-srcset=\"https:\/\/energyexpo.ro\/wp-content\/uploads\/2024\/10\/Automobile-Bavaria_exhibitor_1080x1080.png 3375w, https:\/\/energyexpo.ro\/wp-content\/smush-webp\/2024\/10\/Automobile-Bavaria_exhibitor_1080x1080-300x300.png.webp 300w, https:\/\/energyexpo.ro\/wp-content\/smush-webp\/2024\/10\/Automobile-Bavaria_exhibitor_1080x1080-1024x1024.png.webp 1024w, https:\/\/energyexpo.ro\/wp-content\/smush-webp\/2024\/10\/Automobile-Bavaria_exhibitor_1080x1080-150x150.png.webp 150w, https:\/\/energyexpo.ro\/wp-content\/smush-webp\/2024\/10\/Automobile-Bavaria_exhibitor_1080x1080-768x768.png.webp 768w, https:\/\/energyexpo.ro\/wp-content\/smush-webp\/2024\/10\/Automobile-Bavaria_exhibitor_1080x1080-1536x1536.png.webp 1536w, https:\/\/energyexpo.ro\/wp-content\/smush-webp\/2024\/10\/Automobile-Bavaria_exhibitor_1080x1080-2048x2048.png.webp 2048w, https:\/\/energyexpo.ro\/wp-content\/smush-webp\/2024\/10\/Automobile-Bavaria_exhibitor_1080x1080-12x12.png.webp 12w\" data-sizes=\"(max-width: 3375px) 100vw, 3375px\" src=\"data:image\/gif;base64,R0lGODlhAQABAAAAACH5BAEKAAEALAAAAAABAAEAAAICTAEAOw==\" style=\"--smush-placeholder-width: 3375px; --smush-placeholder-aspect-ratio: 3375\/3375;\" data-smush-webp-fallback=\"{&quot;data-srcset&quot;:&quot;https:\\\/\\\/energyexpo.ro\\\/wp-content\\\/uploads\\\/2024\\\/10\\\/Automobile-Bavaria_exhibitor_1080x1080.png 3375w, https:\\\/\\\/energyexpo.ro\\\/wp-content\\\/uploads\\\/2024\\\/10\\\/Automobile-Bavaria_exhibitor_1080x1080-300x300.png 300w, https:\\\/\\\/energyexpo.ro\\\/wp-content\\\/uploads\\\/2024\\\/10\\\/Automobile-Bavaria_exhibitor_1080x1080-1024x1024.png 1024w, https:\\\/\\\/energyexpo.ro\\\/wp-content\\\/uploads\\\/2024\\\/10\\\/Automobile-Bavaria_exhibitor_1080x1080-150x150.png 150w, https:\\\/\\\/energyexpo.ro\\\/wp-content\\\/uploads\\\/2024\\\/10\\\/Automobile-Bavaria_exhibitor_1080x1080-768x768.png 768w, https:\\\/\\\/energyexpo.ro\\\/wp-content\\\/uploads\\\/2024\\\/10\\\/Automobile-Bavaria_exhibitor_1080x1080-1536x1536.png 1536w, https:\\\/\\\/energyexpo.ro\\\/wp-content\\\/uploads\\\/2024\\\/10\\\/Automobile-Bavaria_exhibitor_1080x1080-2048x2048.png 2048w, https:\\\/\\\/energyexpo.ro\\\/wp-content\\\/uploads\\\/2024\\\/10\\\/Automobile-Bavaria_exhibitor_1080x1080-12x12.png 12w&quot;}\" \/>\t\t\t\t\t\t\n\t\t\t\t\t<\/div>\n\t\t\t\t\t\t\t\t\n<style>\n#image_857618915 {\n  width: 100%;\n}\n<\/style>\n\t<\/div>\n\t\n\t\t<\/div>\n\t\t\t\t\t<\/div>\n\n\t\n<\/div>\n\t\t<\/div>\n\n\t\t\n<style>\n#section_1485960520 {\n  padding-top: 50px;\n  padding-bottom: 50px;\n  background-color: rgb(246, 246, 246);\n}\n<\/style>\n\t<\/section>\n\t\n\n\t<section class=\"section\" id=\"section_496450668\">\n\t\t<div class=\"section-bg fill\" >\n\t\t\t\t\t\t\t\t\t\n\t\t\t\n\n\t\t<\/div>\n\n\t\t\n\n\t\t<div class=\"section-content relative\">\n\t\t\t\n\n<div class=\"row\"  id=\"row-1084949043\">\n\n\n\t<div id=\"col-2103702875\" class=\"col cwp small-12 large-12\"  >\n\t\t\t\t<div class=\"col-inner\"  >\n\t\t\t\n\t\t\t\n\n\t<div id=\"text-3272872744\" class=\"text pwmb\">\n\t\t\n\n<p><span style=\"font-size: 90%;\">Expozan\u021bii sunt singurii responsabili pentru informa\u021biile furnizate \u00een aceast\u0103 sec\u021biune, ob\u021binute fie direct de la expozan\u021bi, fie de pe site-ul lor oficial.<\/span><\/p>\n\t\t\n<style>\n#text-3272872744 {\n  text-align: center;\n  color: rgb(255,255,255);\n}\n#text-3272872744 > * {\n  color: rgb(255,255,255);\n}\n<\/style>\n\t<\/div>\n\t\n\n\t\t<\/div>\n\t\t\t\t\t<\/div>\n\n\t\n\n<\/div>\n\n\t\t<\/div>\n\n\t\t\n<style>\n#section_496450668 {\n  padding-top: 30px;\n  padding-bottom: 30px;\n  background-color: #26408f;\n}\n<\/style>\n\t<\/section>","protected":false},"excerpt":{"rendered":"","protected":false},"author":1,"featured_media":0,"parent":1192,"menu_order":0,"comment_status":"closed","ping_status":"closed","template":"page-blank.php","meta":{"inline_featured_image":false,"footnotes":""},"class_list":["post-3973","page","type-page","status-publish","hentry"],"_links":{"self":[{"href":"https:\/\/energyexpo.ro\/ro\/wp-json\/wp\/v2\/pages\/3973","targetHints":{"allow":["GET"]}}],"collection":[{"href":"https:\/\/energyexpo.ro\/ro\/wp-json\/wp\/v2\/pages"}],"about":[{"href":"https:\/\/energyexpo.ro\/ro\/wp-json\/wp\/v2\/types\/page"}],"author":[{"embeddable":true,"href":"https:\/\/energyexpo.ro\/ro\/wp-json\/wp\/v2\/users\/1"}],"replies":[{"embeddable":true,"href":"https:\/\/energyexpo.ro\/ro\/wp-json\/wp\/v2\/comments?post=3973"}],"version-history":[{"count":3,"href":"https:\/\/energyexpo.ro\/ro\/wp-json\/wp\/v2\/pages\/3973\/revisions"}],"predecessor-version":[{"id":3977,"href":"https:\/\/energyexpo.ro\/ro\/wp-json\/wp\/v2\/pages\/3973\/revisions\/3977"}],"up":[{"embeddable":true,"href":"https:\/\/energyexpo.ro\/ro\/wp-json\/wp\/v2\/pages\/1192"}],"wp:attachment":[{"href":"https:\/\/energyexpo.ro\/ro\/wp-json\/wp\/v2\/media?parent=3973"}],"curies":[{"name":"wp","href":"https:\/\/api.w.org\/{rel}","templated":true}]}}