{"id":3982,"date":"2024-10-09T18:24:21","date_gmt":"2024-10-09T18:24:21","guid":{"rendered":"https:\/\/energyexpo.ro\/?page_id=3982"},"modified":"2024-10-09T18:25:00","modified_gmt":"2024-10-09T18:25:00","slug":"ecobat-energy","status":"publish","type":"page","link":"https:\/\/energyexpo.ro\/ro\/exhibitors\/ecobat-energy\/","title":{"rendered":"ECOBAT ENERGIE"},"content":{"rendered":"<section class=\"section\" id=\"section_1510969171\">\n\t\t<div class=\"section-bg fill\" >\n\t\t\t\t\t\t\t\t\t\n\t\t\t\n\n\t\t<\/div>\n\n\t\t\n\n\t\t<div class=\"section-content relative\">\n\t\t\t\n<div class=\"row align-middle\"  id=\"row-719744736\">\n\n\t<div id=\"col-1506852882\" class=\"col cwp medium-6 small-12 large-6\"  >\n\t\t\t\t<div class=\"col-inner\"  >\n\t\t\t\n\t\t\t\n\t<div id=\"text-270533369\" class=\"text pwmb\">\n\t\t\n<p class=\"lead\"><strong>ECOBAT ENERGIE<\/strong><\/p>\n\t\t\n<style>\n#text-270533369 {\n  font-size: 1.5rem;\n  color: #26408f;\n}\n#text-270533369 > * {\n  color: #26408f;\n}\n<\/style>\n\t<\/div>\n\t\n\t<div id=\"text-1917302195\" class=\"text\">\n\t\t\n<p>CENTRALE SOLARE FOTOVOLTAICE (PV)<\/p>\n\t\t\n<style>\n#text-1917302195 {\n  color: #26408f;\n}\n#text-1917302195 > * {\n  color: #26408f;\n}\n<\/style>\n\t<\/div>\n\t\n<p>\"ECOBAT ENERGY este unul dintre principalii importatori de echipamente fotovoltaice din Rom\u00e2nia, fiind Distribuitor Oficial DEYE \u00een Rom\u00e2nia &amp; Service Center &amp; after-sales support.<br \/>\nImport\u0103m &amp; distribuim o gam\u0103 variat\u0103 de echipamente fotovoltaice: panouri fotovoltaice, structuri de sus\u021binere, invertoare (ongrid, hibrid, offgrid), acumulatori pentru sisteme fotovoltaice.<br \/>\nAvem stoc permanent \u00een Rom\u00e2nia astfel \u00eenc\u0103 s\u0103 putem livra c\u00e2t mai rapid echipamentele c\u0103tre partenerii no\u0219tri (instalatori\/rev\u00e2nzatori).\"<\/p>\n<a href=\"http:\/\/www.ecobatenergy.ro\" class=\"button secondary\" target=\"_blank\" rel=\"noopener\">\n\t\t<span>Afl\u0103 mai multe<\/span>\n\t<\/a>\n\n\t\t<\/div>\n\t\t\t\t\n<style>\n#col-1506852882 > .col-inner {\n  padding: 0px 0px 0px 0px;\n}\n@media (min-width:550px) {\n  #col-1506852882 > .col-inner {\n    padding: 0px 50px 0px 0px;\n  }\n}\n<\/style>\n\t<\/div>\n\n\t\n\n\t<div id=\"col-876191650\" class=\"col cwp medium-6 small-12 large-6 small-col-first\"  >\n\t\t\t\t<div class=\"col-inner\"  >\n\t\t\t\n\t\t\t\n\t<div class=\"img has-hover x md-x lg-x y md-y lg-y\" id=\"image_277222341\">\n\t\t\t\t\t\t\t\t<div class=\"img-inner dark\" >\n\t\t\t<img decoding=\"async\" width=\"3375\" height=\"3375\" data-src=\"https:\/\/energyexpo.ro\/wp-content\/uploads\/2024\/10\/ECOBATEnergy_exhibitor_1080x1080.png\" class=\"attachment-original size-original lazyload\" alt=\"\" data-srcset=\"https:\/\/energyexpo.ro\/wp-content\/uploads\/2024\/10\/ECOBATEnergy_exhibitor_1080x1080.png 3375w, https:\/\/energyexpo.ro\/wp-content\/smush-webp\/2024\/10\/ECOBATEnergy_exhibitor_1080x1080-300x300.png.webp 300w, https:\/\/energyexpo.ro\/wp-content\/smush-webp\/2024\/10\/ECOBATEnergy_exhibitor_1080x1080-1024x1024.png.webp 1024w, https:\/\/energyexpo.ro\/wp-content\/smush-webp\/2024\/10\/ECOBATEnergy_exhibitor_1080x1080-150x150.png.webp 150w, https:\/\/energyexpo.ro\/wp-content\/smush-webp\/2024\/10\/ECOBATEnergy_exhibitor_1080x1080-768x768.png.webp 768w, https:\/\/energyexpo.ro\/wp-content\/smush-webp\/2024\/10\/ECOBATEnergy_exhibitor_1080x1080-1536x1536.png.webp 1536w, https:\/\/energyexpo.ro\/wp-content\/smush-webp\/2024\/10\/ECOBATEnergy_exhibitor_1080x1080-2048x2048.png.webp 2048w, https:\/\/energyexpo.ro\/wp-content\/smush-webp\/2024\/10\/ECOBATEnergy_exhibitor_1080x1080-12x12.png.webp 12w\" data-sizes=\"(max-width: 3375px) 100vw, 3375px\" src=\"data:image\/gif;base64,R0lGODlhAQABAAAAACH5BAEKAAEALAAAAAABAAEAAAICTAEAOw==\" style=\"--smush-placeholder-width: 3375px; --smush-placeholder-aspect-ratio: 3375\/3375;\" data-smush-webp-fallback=\"{&quot;data-srcset&quot;:&quot;https:\\\/\\\/energyexpo.ro\\\/wp-content\\\/uploads\\\/2024\\\/10\\\/ECOBATEnergy_exhibitor_1080x1080.png 3375w, https:\\\/\\\/energyexpo.ro\\\/wp-content\\\/uploads\\\/2024\\\/10\\\/ECOBATEnergy_exhibitor_1080x1080-300x300.png 300w, https:\\\/\\\/energyexpo.ro\\\/wp-content\\\/uploads\\\/2024\\\/10\\\/ECOBATEnergy_exhibitor_1080x1080-1024x1024.png 1024w, https:\\\/\\\/energyexpo.ro\\\/wp-content\\\/uploads\\\/2024\\\/10\\\/ECOBATEnergy_exhibitor_1080x1080-150x150.png 150w, https:\\\/\\\/energyexpo.ro\\\/wp-content\\\/uploads\\\/2024\\\/10\\\/ECOBATEnergy_exhibitor_1080x1080-768x768.png 768w, https:\\\/\\\/energyexpo.ro\\\/wp-content\\\/uploads\\\/2024\\\/10\\\/ECOBATEnergy_exhibitor_1080x1080-1536x1536.png 1536w, https:\\\/\\\/energyexpo.ro\\\/wp-content\\\/uploads\\\/2024\\\/10\\\/ECOBATEnergy_exhibitor_1080x1080-2048x2048.png 2048w, https:\\\/\\\/energyexpo.ro\\\/wp-content\\\/uploads\\\/2024\\\/10\\\/ECOBATEnergy_exhibitor_1080x1080-12x12.png 12w&quot;}\" \/>\t\t\t\t\t\t\n\t\t\t\t\t<\/div>\n\t\t\t\t\t\t\t\t\n<style>\n#image_277222341 {\n  width: 100%;\n}\n<\/style>\n\t<\/div>\n\t\n\t\t<\/div>\n\t\t\t\t\t<\/div>\n\n\t\n<\/div>\n\t\t<\/div>\n\n\t\t\n<style>\n#section_1510969171 {\n  padding-top: 50px;\n  padding-bottom: 50px;\n  background-color: rgb(246, 246, 246);\n}\n<\/style>\n\t<\/section>\n\t\n\n\t<section class=\"section\" id=\"section_116738132\">\n\t\t<div class=\"section-bg fill\" >\n\t\t\t\t\t\t\t\t\t\n\t\t\t\n\n\t\t<\/div>\n\n\t\t\n\n\t\t<div class=\"section-content relative\">\n\t\t\t\n\n<div class=\"row\"  id=\"row-1039461198\">\n\n\n\t<div id=\"col-1888793812\" class=\"col cwp small-12 large-12\"  >\n\t\t\t\t<div class=\"col-inner\"  >\n\t\t\t\n\t\t\t\n\n\t<div id=\"text-410659491\" class=\"text pwmb\">\n\t\t\n\n<p><span style=\"font-size: 90%;\">Expozan\u021bii sunt singurii responsabili pentru informa\u021biile furnizate \u00een aceast\u0103 sec\u021biune, ob\u021binute fie direct de la expozan\u021bi, fie de pe site-ul lor oficial.<\/span><\/p>\n\t\t\n<style>\n#text-410659491 {\n  text-align: center;\n  color: rgb(255,255,255);\n}\n#text-410659491 > * {\n  color: rgb(255,255,255);\n}\n<\/style>\n\t<\/div>\n\t\n\n\t\t<\/div>\n\t\t\t\t\t<\/div>\n\n\t\n\n<\/div>\n\n\t\t<\/div>\n\n\t\t\n<style>\n#section_116738132 {\n  padding-top: 30px;\n  padding-bottom: 30px;\n  background-color: #26408f;\n}\n<\/style>\n\t<\/section>","protected":false},"excerpt":{"rendered":"","protected":false},"author":1,"featured_media":0,"parent":1192,"menu_order":0,"comment_status":"closed","ping_status":"closed","template":"page-blank.php","meta":{"inline_featured_image":false,"footnotes":""},"class_list":["post-3982","page","type-page","status-publish","hentry"],"_links":{"self":[{"href":"https:\/\/energyexpo.ro\/ro\/wp-json\/wp\/v2\/pages\/3982","targetHints":{"allow":["GET"]}}],"collection":[{"href":"https:\/\/energyexpo.ro\/ro\/wp-json\/wp\/v2\/pages"}],"about":[{"href":"https:\/\/energyexpo.ro\/ro\/wp-json\/wp\/v2\/types\/page"}],"author":[{"embeddable":true,"href":"https:\/\/energyexpo.ro\/ro\/wp-json\/wp\/v2\/users\/1"}],"replies":[{"embeddable":true,"href":"https:\/\/energyexpo.ro\/ro\/wp-json\/wp\/v2\/comments?post=3982"}],"version-history":[{"count":2,"href":"https:\/\/energyexpo.ro\/ro\/wp-json\/wp\/v2\/pages\/3982\/revisions"}],"predecessor-version":[{"id":3985,"href":"https:\/\/energyexpo.ro\/ro\/wp-json\/wp\/v2\/pages\/3982\/revisions\/3985"}],"up":[{"embeddable":true,"href":"https:\/\/energyexpo.ro\/ro\/wp-json\/wp\/v2\/pages\/1192"}],"wp:attachment":[{"href":"https:\/\/energyexpo.ro\/ro\/wp-json\/wp\/v2\/media?parent=3982"}],"curies":[{"name":"wp","href":"https:\/\/api.w.org\/{rel}","templated":true}]}}