{"id":4001,"date":"2024-10-09T18:33:38","date_gmt":"2024-10-09T18:33:38","guid":{"rendered":"https:\/\/energyexpo.ro\/?page_id=4001"},"modified":"2024-10-09T18:34:13","modified_gmt":"2024-10-09T18:34:13","slug":"siemens-energy","status":"publish","type":"page","link":"https:\/\/energyexpo.ro\/ro\/exhibitors\/siemens-energy\/","title":{"rendered":"Siemens Energy"},"content":{"rendered":"<section class=\"section\" id=\"section_1162226285\">\n\t\t<div class=\"section-bg fill\" >\n\t\t\t\t\t\t\t\t\t\n\t\t\t\n\n\t\t<\/div>\n\n\t\t\n\n\t\t<div class=\"section-content relative\">\n\t\t\t\n<div class=\"row align-middle\"  id=\"row-384573397\">\n\n\t<div id=\"col-327492229\" class=\"col cwp medium-6 small-12 large-6\"  >\n\t\t\t\t<div class=\"col-inner\"  >\n\t\t\t\n\t\t\t\n\t<div id=\"text-546187223\" class=\"text pwmb\">\n\t\t\n<p class=\"lead\"><strong>Siemens Energy<\/strong><\/p>\n\t\t\n<style>\n#text-546187223 {\n  font-size: 1.5rem;\n  color: #26408f;\n}\n#text-546187223 > * {\n  color: #26408f;\n}\n<\/style>\n\t<\/div>\n\t\n\t<div id=\"text-2429628939\" class=\"text\">\n\t\t\n<p>DEZVOLTAREA ENERGETIC\u0102<\/p>\n\t\t\n<style>\n#text-2429628939 {\n  color: #26408f;\n}\n#text-2429628939 > * {\n  color: #26408f;\n}\n<\/style>\n\t<\/div>\n\t\n<p>\"Noi suntem Siemens Energy - un lider mondial \u00een domeniul tehnologiei energetice<br \/>\nTranzi\u021bia energetic\u0103 este cea mai mare provocare cu care se confrunt\u0103 genera\u021bia noastr\u0103. Cum reducem emisiile \u0219i, \u00een acela\u0219i timp, cre\u0219tem aprovizionarea cu energie? Este o b\u0103t\u0103lie dificil\u0103. \u0218i nu exist\u0103 niciun glon\u021b de argint. Dar g\u0103sirea de solu\u021bii a fost \u00eentotdeauna \u00een ADN-ul nostru. Timp de peste 150 de ani, inginerii no\u0219tri au fost v\u00e2rful de lance al electrific\u0103rii lumii. Ast\u0103zi suntem o echip\u0103 de 98.000 de persoane care \u00eemp\u0103rt\u0103\u0219esc aceea\u0219i pasiune, viziune \u0219i valori. Diversitatea noastr\u0103 ne face puternici \u0219i ne ajut\u0103 s\u0103 g\u0103sim r\u0103spunsuri \u00eempreun\u0103 cu partenerii no\u0219tri.<\/p>\n<p>Situat\u0103 \u00een 90 de \u021b\u0103ri, Siemens Energy \u00ee\u0219i desf\u0103\u0219oar\u0103 activitatea \u00een \u00eentregul peisaj energetic. De la energia conven\u021bional\u0103 la cea regenerabil\u0103, de la tehnologia de re\u021bea la stocare \u0219i la electrificarea proceselor industriale complexe.<\/p>\n<p>Misiunea noastr\u0103 este s\u0103 sprijinim companiile \u0219i \u021b\u0103rile cu ceea ce au nevoie pentru a reduce emisiile de gaze cu efect de ser\u0103 \u0219i pentru a face energia fiabil\u0103, accesibil\u0103 \u0219i mai durabil\u0103. S\u0103 energiz\u0103m societatea.\"<\/p>\n<a href=\"https:\/\/www.siemens-energy.com\/\" class=\"button secondary\" target=\"_blank\" rel=\"noopener\">\n\t\t<span>Afl\u0103 mai multe<\/span>\n\t<\/a>\n\n\t\t<\/div>\n\t\t\t\t\n<style>\n#col-327492229 > .col-inner {\n  padding: 0px 0px 0px 0px;\n}\n@media (min-width:550px) {\n  #col-327492229 > .col-inner {\n    padding: 0px 50px 0px 0px;\n  }\n}\n<\/style>\n\t<\/div>\n\n\t\n\n\t<div id=\"col-112338672\" class=\"col cwp medium-6 small-12 large-6 small-col-first\"  >\n\t\t\t\t<div class=\"col-inner\"  >\n\t\t\t\n\t\t\t\n\t<div class=\"img has-hover x md-x lg-x y md-y lg-y\" id=\"image_1774572367\">\n\t\t\t\t\t\t\t\t<div class=\"img-inner dark\" >\n\t\t\t<img decoding=\"async\" width=\"3375\" height=\"3375\" data-src=\"https:\/\/energyexpo.ro\/wp-content\/uploads\/2024\/10\/Siemens-energy_1080x1080.png\" class=\"attachment-original size-original lazyload\" alt=\"\" data-srcset=\"https:\/\/energyexpo.ro\/wp-content\/uploads\/2024\/10\/Siemens-energy_1080x1080.png 3375w, https:\/\/energyexpo.ro\/wp-content\/smush-webp\/2024\/10\/Siemens-energy_1080x1080-300x300.png.webp 300w, https:\/\/energyexpo.ro\/wp-content\/smush-webp\/2024\/10\/Siemens-energy_1080x1080-1024x1024.png.webp 1024w, https:\/\/energyexpo.ro\/wp-content\/smush-webp\/2024\/10\/Siemens-energy_1080x1080-150x150.png.webp 150w, https:\/\/energyexpo.ro\/wp-content\/smush-webp\/2024\/10\/Siemens-energy_1080x1080-768x768.png.webp 768w, https:\/\/energyexpo.ro\/wp-content\/smush-webp\/2024\/10\/Siemens-energy_1080x1080-1536x1536.png.webp 1536w, https:\/\/energyexpo.ro\/wp-content\/smush-webp\/2024\/10\/Siemens-energy_1080x1080-2048x2048.png.webp 2048w, https:\/\/energyexpo.ro\/wp-content\/smush-webp\/2024\/10\/Siemens-energy_1080x1080-12x12.png.webp 12w\" data-sizes=\"(max-width: 3375px) 100vw, 3375px\" src=\"data:image\/gif;base64,R0lGODlhAQABAAAAACH5BAEKAAEALAAAAAABAAEAAAICTAEAOw==\" style=\"--smush-placeholder-width: 3375px; --smush-placeholder-aspect-ratio: 3375\/3375;\" data-smush-webp-fallback=\"{&quot;data-srcset&quot;:&quot;https:\\\/\\\/energyexpo.ro\\\/wp-content\\\/uploads\\\/2024\\\/10\\\/Siemens-energy_1080x1080.png 3375w, https:\\\/\\\/energyexpo.ro\\\/wp-content\\\/uploads\\\/2024\\\/10\\\/Siemens-energy_1080x1080-300x300.png 300w, https:\\\/\\\/energyexpo.ro\\\/wp-content\\\/uploads\\\/2024\\\/10\\\/Siemens-energy_1080x1080-1024x1024.png 1024w, https:\\\/\\\/energyexpo.ro\\\/wp-content\\\/uploads\\\/2024\\\/10\\\/Siemens-energy_1080x1080-150x150.png 150w, https:\\\/\\\/energyexpo.ro\\\/wp-content\\\/uploads\\\/2024\\\/10\\\/Siemens-energy_1080x1080-768x768.png 768w, https:\\\/\\\/energyexpo.ro\\\/wp-content\\\/uploads\\\/2024\\\/10\\\/Siemens-energy_1080x1080-1536x1536.png 1536w, https:\\\/\\\/energyexpo.ro\\\/wp-content\\\/uploads\\\/2024\\\/10\\\/Siemens-energy_1080x1080-2048x2048.png 2048w, https:\\\/\\\/energyexpo.ro\\\/wp-content\\\/uploads\\\/2024\\\/10\\\/Siemens-energy_1080x1080-12x12.png 12w&quot;}\" \/>\t\t\t\t\t\t\n\t\t\t\t\t<\/div>\n\t\t\t\t\t\t\t\t\n<style>\n#image_1774572367 {\n  width: 100%;\n}\n<\/style>\n\t<\/div>\n\t\n\t\t<\/div>\n\t\t\t\t\t<\/div>\n\n\t\n<\/div>\n\t\t<\/div>\n\n\t\t\n<style>\n#section_1162226285 {\n  padding-top: 50px;\n  padding-bottom: 50px;\n  background-color: rgb(246, 246, 246);\n}\n<\/style>\n\t<\/section>\n\t\n\n\t<section class=\"section\" id=\"section_1533295429\">\n\t\t<div class=\"section-bg fill\" >\n\t\t\t\t\t\t\t\t\t\n\t\t\t\n\n\t\t<\/div>\n\n\t\t\n\n\t\t<div class=\"section-content relative\">\n\t\t\t\n\n<div class=\"row\"  id=\"row-790198445\">\n\n\n\t<div id=\"col-2042140409\" class=\"col cwp small-12 large-12\"  >\n\t\t\t\t<div class=\"col-inner\"  >\n\t\t\t\n\t\t\t\n\n\t<div id=\"text-1211311308\" class=\"text pwmb\">\n\t\t\n\n<p><span style=\"font-size: 90%;\">Expozan\u021bii sunt singurii responsabili pentru informa\u021biile furnizate \u00een aceast\u0103 sec\u021biune, ob\u021binute fie direct de la expozan\u021bi, fie de pe site-ul lor oficial.<\/span><\/p>\n\t\t\n<style>\n#text-1211311308 {\n  text-align: center;\n  color: rgb(255,255,255);\n}\n#text-1211311308 > * {\n  color: rgb(255,255,255);\n}\n<\/style>\n\t<\/div>\n\t\n\n\t\t<\/div>\n\t\t\t\t\t<\/div>\n\n\t\n\n<\/div>\n\n\t\t<\/div>\n\n\t\t\n<style>\n#section_1533295429 {\n  padding-top: 30px;\n  padding-bottom: 30px;\n  background-color: #26408f;\n}\n<\/style>\n\t<\/section>","protected":false},"excerpt":{"rendered":"","protected":false},"author":1,"featured_media":0,"parent":1192,"menu_order":0,"comment_status":"closed","ping_status":"closed","template":"page-blank.php","meta":{"inline_featured_image":false,"footnotes":""},"class_list":["post-4001","page","type-page","status-publish","hentry"],"_links":{"self":[{"href":"https:\/\/energyexpo.ro\/ro\/wp-json\/wp\/v2\/pages\/4001","targetHints":{"allow":["GET"]}}],"collection":[{"href":"https:\/\/energyexpo.ro\/ro\/wp-json\/wp\/v2\/pages"}],"about":[{"href":"https:\/\/energyexpo.ro\/ro\/wp-json\/wp\/v2\/types\/page"}],"author":[{"embeddable":true,"href":"https:\/\/energyexpo.ro\/ro\/wp-json\/wp\/v2\/users\/1"}],"replies":[{"embeddable":true,"href":"https:\/\/energyexpo.ro\/ro\/wp-json\/wp\/v2\/comments?post=4001"}],"version-history":[{"count":3,"href":"https:\/\/energyexpo.ro\/ro\/wp-json\/wp\/v2\/pages\/4001\/revisions"}],"predecessor-version":[{"id":4005,"href":"https:\/\/energyexpo.ro\/ro\/wp-json\/wp\/v2\/pages\/4001\/revisions\/4005"}],"up":[{"embeddable":true,"href":"https:\/\/energyexpo.ro\/ro\/wp-json\/wp\/v2\/pages\/1192"}],"wp:attachment":[{"href":"https:\/\/energyexpo.ro\/ro\/wp-json\/wp\/v2\/media?parent=4001"}],"curies":[{"name":"wp","href":"https:\/\/api.w.org\/{rel}","templated":true}]}}