{"id":4024,"date":"2024-10-09T18:41:03","date_gmt":"2024-10-09T18:41:03","guid":{"rendered":"https:\/\/energyexpo.ro\/?page_id=4024"},"modified":"2025-05-17T08:21:14","modified_gmt":"2025-05-17T08:21:14","slug":"sc-pcg-montaj-srl","status":"publish","type":"page","link":"https:\/\/energyexpo.ro\/ro\/exhibitors\/sc-pcg-montaj-srl\/","title":{"rendered":"SC PCG Montaj SRL"},"content":{"rendered":"<section class=\"section\" id=\"section_1599726462\">\n\t\t<div class=\"section-bg fill\" >\n\t\t\t\t\t\t\t\t\t\n\t\t\t\n\n\t\t<\/div>\n\n\t\t\n\n\t\t<div class=\"section-content relative\">\n\t\t\t\n<div class=\"row align-middle\"  id=\"row-781394430\">\n\n\t<div id=\"col-103280428\" class=\"col cwp medium-6 small-12 large-6\"  >\n\t\t\t\t<div class=\"col-inner\"  >\n\t\t\t\n\t\t\t\n\t<div id=\"text-294281591\" class=\"text pwmb\">\n\t\t\n<p class=\"lead\"><strong>SC PCG Montaj SRL<\/strong><\/p>\n\t\t\n<style>\n#text-294281591 {\n  font-size: 1.5rem;\n  color: #26408f;\n}\n#text-294281591 > * {\n  color: #26408f;\n}\n<\/style>\n\t<\/div>\n\t\n\t<div id=\"text-2772490024\" class=\"text\">\n\t\t\n<p>INGINERIE, ACHIZI\u021aII PUBLICE \u0218I CONSTRUC\u021aII (EPC)<\/p>\n\t\t\n<style>\n#text-2772490024 {\n  color: #26408f;\n}\n#text-2772490024 > * {\n  color: #26408f;\n}\n<\/style>\n\t<\/div>\n\t\n<p>Comercializ\u0103m panouri fotovoltaice \u0219i structuri de montaj pentru toate tipurile de acoperi\u0219uri, inclusiv cele din tabla trapezoidal\u0103, \u021bigl\u0103 sau beton, astfel \u00eenc\u00e2t s\u0103 pute\u021bi alege op\u021biunea potrivit\u0103 pentru locuin\u021ba sau afacerea dvs. \u00cen plus, oferim \u0219i elemente de prindere a panourilor fotovoltaice, pentru o fixare sigur\u0103 \u0219i stabil\u0103.<\/p>\n<p>Echipa noastr\u0103 de speciali\u0219ti v\u0103 va oferi consultan\u021b\u0103 \u0219i suport tehnic \u00een alegerea solu\u021biilor potrivite pentru dvs., astfel \u00eenc\u00e2t s\u0103 pute\u021bi beneficia de toate avantajele energiei solare. Totodat\u0103, v\u0103 putem oferi servicii complete de montaj, pentru a v\u0103 asigura c\u0103 panourile solare sunt instalate \u00eentr-un mod eficient \u0219i \u00een deplin\u0103 siguran\u021b\u0103.<\/p>\n<p>Suntem dedica\u021bi s\u0103 oferim produse de calitate superioar\u0103 \u0219i servicii excelente, astfel \u00eenc\u00e2t s\u0103 pute\u021bi beneficia de avantajele energiei solare \u00een cel mai bun mod posibil. V\u0103 invit\u0103m s\u0103 explora\u021bi gama noastr\u0103 de produse \u0219i servicii \u0219i s\u0103 ne contacta\u021bi pentru orice informa\u021bie suplimentar\u0103.<\/p>\n<a href=\"http:\/\/www.pcgmontaj.ro\" class=\"button secondary\" target=\"_blank\" rel=\"noopener\">\n\t\t<span>Afl\u0103 mai multe<\/span>\n\t<\/a>\n\n\t\t<\/div>\n\t\t\t\t\n<style>\n#col-103280428 > .col-inner {\n  padding: 0px 0px 0px 0px;\n}\n@media (min-width:550px) {\n  #col-103280428 > .col-inner {\n    padding: 0px 50px 0px 0px;\n  }\n}\n<\/style>\n\t<\/div>\n\n\t\n\n\t<div id=\"col-394961671\" class=\"col cwp medium-6 small-12 large-6 small-col-first\"  >\n\t\t\t\t<div class=\"col-inner\"  >\n\t\t\t\n\t\t\t\n\t<div class=\"img has-hover x md-x lg-x y md-y lg-y\" id=\"image_1120930703\">\n\t\t\t\t\t\t\t\t<div class=\"img-inner dark\" >\n\t\t\t<img decoding=\"async\" width=\"1080\" height=\"1080\" data-src=\"https:\/\/energyexpo.ro\/wp-content\/uploads\/2025\/05\/PCG-Montaj_Exhibitor-1.png\" class=\"attachment-original size-original lazyload\" alt=\"\" data-srcset=\"https:\/\/energyexpo.ro\/wp-content\/uploads\/2025\/05\/PCG-Montaj_Exhibitor-1.png 1080w, https:\/\/energyexpo.ro\/wp-content\/smush-webp\/2025\/05\/PCG-Montaj_Exhibitor-1-300x300.png.webp 300w, https:\/\/energyexpo.ro\/wp-content\/smush-webp\/2025\/05\/PCG-Montaj_Exhibitor-1-1024x1024.png.webp 1024w, https:\/\/energyexpo.ro\/wp-content\/smush-webp\/2025\/05\/PCG-Montaj_Exhibitor-1-150x150.png.webp 150w, https:\/\/energyexpo.ro\/wp-content\/smush-webp\/2025\/05\/PCG-Montaj_Exhibitor-1-768x768.png.webp 768w, https:\/\/energyexpo.ro\/wp-content\/smush-webp\/2025\/05\/PCG-Montaj_Exhibitor-1-12x12.png.webp 12w\" data-sizes=\"(max-width: 1080px) 100vw, 1080px\" src=\"data:image\/gif;base64,R0lGODlhAQABAAAAACH5BAEKAAEALAAAAAABAAEAAAICTAEAOw==\" style=\"--smush-placeholder-width: 1080px; --smush-placeholder-aspect-ratio: 1080\/1080;\" data-smush-webp-fallback=\"{&quot;data-srcset&quot;:&quot;https:\\\/\\\/energyexpo.ro\\\/wp-content\\\/uploads\\\/2025\\\/05\\\/PCG-Montaj_Exhibitor-1.png 1080w, https:\\\/\\\/energyexpo.ro\\\/wp-content\\\/uploads\\\/2025\\\/05\\\/PCG-Montaj_Exhibitor-1-300x300.png 300w, https:\\\/\\\/energyexpo.ro\\\/wp-content\\\/uploads\\\/2025\\\/05\\\/PCG-Montaj_Exhibitor-1-1024x1024.png 1024w, https:\\\/\\\/energyexpo.ro\\\/wp-content\\\/uploads\\\/2025\\\/05\\\/PCG-Montaj_Exhibitor-1-150x150.png 150w, https:\\\/\\\/energyexpo.ro\\\/wp-content\\\/uploads\\\/2025\\\/05\\\/PCG-Montaj_Exhibitor-1-768x768.png 768w, https:\\\/\\\/energyexpo.ro\\\/wp-content\\\/uploads\\\/2025\\\/05\\\/PCG-Montaj_Exhibitor-1-12x12.png 12w&quot;}\" \/>\t\t\t\t\t\t\n\t\t\t\t\t<\/div>\n\t\t\t\t\t\t\t\t\n<style>\n#image_1120930703 {\n  width: 100%;\n}\n<\/style>\n\t<\/div>\n\t\n\t\t<\/div>\n\t\t\t\t\t<\/div>\n\n\t\n<\/div>\n\t\t<\/div>\n\n\t\t\n<style>\n#section_1599726462 {\n  padding-top: 50px;\n  padding-bottom: 50px;\n  background-color: rgb(246, 246, 246);\n}\n<\/style>\n\t<\/section>\n\t\n\n\t<section class=\"section\" id=\"section_1605839734\">\n\t\t<div class=\"section-bg fill\" >\n\t\t\t\t\t\t\t\t\t\n\t\t\t\n\n\t\t<\/div>\n\n\t\t\n\n\t\t<div class=\"section-content relative\">\n\t\t\t\n\n<div class=\"row\"  id=\"row-1746772398\">\n\n\n\t<div id=\"col-561241403\" class=\"col cwp small-12 large-12\"  >\n\t\t\t\t<div class=\"col-inner\"  >\n\t\t\t\n\t\t\t\n\n\t<div id=\"text-1746039999\" class=\"text pwmb\">\n\t\t\n\n<p><span style=\"font-size: 90%;\">Expozan\u021bii sunt singurii responsabili pentru informa\u021biile furnizate \u00een aceast\u0103 sec\u021biune, ob\u021binute fie direct de la expozan\u021bi, fie de pe site-ul lor oficial.<\/span><\/p>\n\t\t\n<style>\n#text-1746039999 {\n  text-align: center;\n  color: rgb(255,255,255);\n}\n#text-1746039999 > * {\n  color: rgb(255,255,255);\n}\n<\/style>\n\t<\/div>\n\t\n\n\t\t<\/div>\n\t\t\t\t\t<\/div>\n\n\t\n\n<\/div>\n\n\t\t<\/div>\n\n\t\t\n<style>\n#section_1605839734 {\n  padding-top: 30px;\n  padding-bottom: 30px;\n  background-color: #26408f;\n}\n<\/style>\n\t<\/section>","protected":false},"excerpt":{"rendered":"","protected":false},"author":1,"featured_media":0,"parent":1192,"menu_order":0,"comment_status":"closed","ping_status":"closed","template":"page-blank.php","meta":{"inline_featured_image":false,"footnotes":""},"class_list":["post-4024","page","type-page","status-publish","hentry"],"_links":{"self":[{"href":"https:\/\/energyexpo.ro\/ro\/wp-json\/wp\/v2\/pages\/4024","targetHints":{"allow":["GET"]}}],"collection":[{"href":"https:\/\/energyexpo.ro\/ro\/wp-json\/wp\/v2\/pages"}],"about":[{"href":"https:\/\/energyexpo.ro\/ro\/wp-json\/wp\/v2\/types\/page"}],"author":[{"embeddable":true,"href":"https:\/\/energyexpo.ro\/ro\/wp-json\/wp\/v2\/users\/1"}],"replies":[{"embeddable":true,"href":"https:\/\/energyexpo.ro\/ro\/wp-json\/wp\/v2\/comments?post=4024"}],"version-history":[{"count":4,"href":"https:\/\/energyexpo.ro\/ro\/wp-json\/wp\/v2\/pages\/4024\/revisions"}],"predecessor-version":[{"id":5380,"href":"https:\/\/energyexpo.ro\/ro\/wp-json\/wp\/v2\/pages\/4024\/revisions\/5380"}],"up":[{"embeddable":true,"href":"https:\/\/energyexpo.ro\/ro\/wp-json\/wp\/v2\/pages\/1192"}],"wp:attachment":[{"href":"https:\/\/energyexpo.ro\/ro\/wp-json\/wp\/v2\/media?parent=4024"}],"curies":[{"name":"wp","href":"https:\/\/api.w.org\/{rel}","templated":true}]}}