{"id":4044,"date":"2024-10-09T19:26:43","date_gmt":"2024-10-09T19:26:43","guid":{"rendered":"https:\/\/energyexpo.ro\/?page_id=4044"},"modified":"2024-10-09T19:44:21","modified_gmt":"2024-10-09T19:44:21","slug":"skela-industries-srl","status":"publish","type":"page","link":"https:\/\/energyexpo.ro\/ro\/exhibitors\/skela-industries-srl\/","title":{"rendered":"SKELA INDUSTRIES SRL"},"content":{"rendered":"<section class=\"section\" id=\"section_1883762653\">\n\t\t<div class=\"section-bg fill\" >\n\t\t\t\t\t\t\t\t\t\n\t\t\t\n\n\t\t<\/div>\n\n\t\t\n\n\t\t<div class=\"section-content relative\">\n\t\t\t\n<div class=\"row align-middle\"  id=\"row-1860371341\">\n\n\t<div id=\"col-1737342600\" class=\"col cwp medium-6 small-12 large-6\"  >\n\t\t\t\t<div class=\"col-inner\"  >\n\t\t\t\n\t\t\t\n\t<div id=\"text-1169006061\" class=\"text pwmb\">\n\t\t\n<p class=\"lead\"><strong>SKELA INDUSTRIES SRL<\/strong><\/p>\n\t\t\n<style>\n#text-1169006061 {\n  font-size: 1.5rem;\n  color: #26408f;\n}\n#text-1169006061 > * {\n  color: #26408f;\n}\n<\/style>\n\t<\/div>\n\t\n\t<div id=\"text-1239140122\" class=\"text\">\n\t\t\n<p>INFRASTRUCTUR\u0102 \u0218I TEHNOLOGIE<\/p>\n\t\t\n<style>\n#text-1239140122 {\n  color: #26408f;\n}\n#text-1239140122 > * {\n  color: #26408f;\n}\n<\/style>\n\t<\/div>\n\t\n<p>Echipa SKELA a \u00eenceput \u00een 1995, reprezent\u00e2nd un furnizor de servicii de asamblare la acea vreme. Rezultatele au venit imediat dup\u0103 \u00eencorporare: SKELA a contractat cu Shell Rom\u00e2nia lucr\u0103ri de montaj pentru indicatoare luminoase comerciale, parasolare \u0219i cl\u0103diri sta\u021bii de distribu\u021bie carburan\u021bi. Ulterior, \u00een anul 1996, compania SKELA fur\u0103 lumina reflectoarelor prin instalarea primei cl\u0103diri cu structur\u0103 metalic\u0103 importat\u0103 din Olanda. Anul 2001 a marcat deschiderea propriei fabrici de structuri metalice. Acest moment a \u00eensemnat un punct de reper, conjunctura decizional\u0103: s\u0103 ne concentr\u0103m pe calitatea \u0219i eficien\u021ba proiect\u0103rii \u0219i fabric\u0103rii structurilor metalice. Anul 2010 a \u00eensemnat lansarea unei noi linii de afaceri: construc\u021bii modulare pre-proiectate, dimensiuni standard. Tot \u00een 2010, con\u0219tien\u021bi c\u0103 ne afl\u0103m \u00eentr-un moment extrem de important \u0219i anima\u021bi de dorin\u021ba de a sprijini produc\u0103torii de energie regenerabil\u0103, am fost prima companie din Rom\u00e2nia care a dezvoltat un nou produs special conceput pentru ace\u0219tia: sisteme de montare a modulelor fotovoltaice. Anul 2017 este anul reconsider\u0103rii afacerii pornind de la o nou\u0103 structur\u0103, o nou\u0103 viziune, un nou set de valori. Este anul de configurare a noului brand corporativ: SKELA. Construc\u021bii integrate din o\u021bel.<\/p>\n<a href=\"https:\/\/www.skela.ro\/\" class=\"button secondary\" target=\"_blank\" rel=\"noopener\">\n\t\t<span>Afl\u0103 mai multe<\/span>\n\t<\/a>\n\n\t\t<\/div>\n\t\t\t\t\n<style>\n#col-1737342600 > .col-inner {\n  padding: 0px 0px 0px 0px;\n}\n@media (min-width:550px) {\n  #col-1737342600 > .col-inner {\n    padding: 0px 50px 0px 0px;\n  }\n}\n<\/style>\n\t<\/div>\n\n\t\n\n\t<div id=\"col-142876937\" class=\"col cwp medium-6 small-12 large-6 small-col-first\"  >\n\t\t\t\t<div class=\"col-inner\"  >\n\t\t\t\n\t\t\t\n\t<div class=\"img has-hover x md-x lg-x y md-y lg-y\" id=\"image_535240162\">\n\t\t\t\t\t\t\t\t<div class=\"img-inner dark\" >\n\t\t\t<img decoding=\"async\" width=\"3375\" height=\"3375\" data-src=\"https:\/\/energyexpo.ro\/wp-content\/uploads\/2024\/10\/SKELA_exhibitor_1080x1080.png\" class=\"attachment-original size-original lazyload\" alt=\"\" data-srcset=\"https:\/\/energyexpo.ro\/wp-content\/uploads\/2024\/10\/SKELA_exhibitor_1080x1080.png 3375w, https:\/\/energyexpo.ro\/wp-content\/smush-webp\/2024\/10\/SKELA_exhibitor_1080x1080-300x300.png.webp 300w, https:\/\/energyexpo.ro\/wp-content\/smush-webp\/2024\/10\/SKELA_exhibitor_1080x1080-1024x1024.png.webp 1024w, https:\/\/energyexpo.ro\/wp-content\/smush-webp\/2024\/10\/SKELA_exhibitor_1080x1080-150x150.png.webp 150w, https:\/\/energyexpo.ro\/wp-content\/smush-webp\/2024\/10\/SKELA_exhibitor_1080x1080-768x768.png.webp 768w, https:\/\/energyexpo.ro\/wp-content\/smush-webp\/2024\/10\/SKELA_exhibitor_1080x1080-1536x1536.png.webp 1536w, https:\/\/energyexpo.ro\/wp-content\/smush-webp\/2024\/10\/SKELA_exhibitor_1080x1080-2048x2048.png.webp 2048w, https:\/\/energyexpo.ro\/wp-content\/smush-webp\/2024\/10\/SKELA_exhibitor_1080x1080-12x12.png.webp 12w\" data-sizes=\"(max-width: 3375px) 100vw, 3375px\" src=\"data:image\/gif;base64,R0lGODlhAQABAAAAACH5BAEKAAEALAAAAAABAAEAAAICTAEAOw==\" style=\"--smush-placeholder-width: 3375px; --smush-placeholder-aspect-ratio: 3375\/3375;\" data-smush-webp-fallback=\"{&quot;data-srcset&quot;:&quot;https:\\\/\\\/energyexpo.ro\\\/wp-content\\\/uploads\\\/2024\\\/10\\\/SKELA_exhibitor_1080x1080.png 3375w, https:\\\/\\\/energyexpo.ro\\\/wp-content\\\/uploads\\\/2024\\\/10\\\/SKELA_exhibitor_1080x1080-300x300.png 300w, https:\\\/\\\/energyexpo.ro\\\/wp-content\\\/uploads\\\/2024\\\/10\\\/SKELA_exhibitor_1080x1080-1024x1024.png 1024w, https:\\\/\\\/energyexpo.ro\\\/wp-content\\\/uploads\\\/2024\\\/10\\\/SKELA_exhibitor_1080x1080-150x150.png 150w, https:\\\/\\\/energyexpo.ro\\\/wp-content\\\/uploads\\\/2024\\\/10\\\/SKELA_exhibitor_1080x1080-768x768.png 768w, https:\\\/\\\/energyexpo.ro\\\/wp-content\\\/uploads\\\/2024\\\/10\\\/SKELA_exhibitor_1080x1080-1536x1536.png 1536w, https:\\\/\\\/energyexpo.ro\\\/wp-content\\\/uploads\\\/2024\\\/10\\\/SKELA_exhibitor_1080x1080-2048x2048.png 2048w, https:\\\/\\\/energyexpo.ro\\\/wp-content\\\/uploads\\\/2024\\\/10\\\/SKELA_exhibitor_1080x1080-12x12.png 12w&quot;}\" \/>\t\t\t\t\t\t\n\t\t\t\t\t<\/div>\n\t\t\t\t\t\t\t\t\n<style>\n#image_535240162 {\n  width: 100%;\n}\n<\/style>\n\t<\/div>\n\t\n\t\t<\/div>\n\t\t\t\t\t<\/div>\n\n\t\n<\/div>\n\t\t<\/div>\n\n\t\t\n<style>\n#section_1883762653 {\n  padding-top: 50px;\n  padding-bottom: 50px;\n  background-color: rgb(246, 246, 246);\n}\n<\/style>\n\t<\/section>\n\t\n\n\t<section class=\"section\" id=\"section_565014489\">\n\t\t<div class=\"section-bg fill\" >\n\t\t\t\t\t\t\t\t\t\n\t\t\t\n\n\t\t<\/div>\n\n\t\t\n\n\t\t<div class=\"section-content relative\">\n\t\t\t\n\n<div class=\"row\"  id=\"row-1984910108\">\n\n\n\t<div id=\"col-1229285454\" class=\"col cwp small-12 large-12\"  >\n\t\t\t\t<div class=\"col-inner\"  >\n\t\t\t\n\t\t\t\n\n\t<div id=\"text-836415862\" class=\"text pwmb\">\n\t\t\n\n<p><span style=\"font-size: 90%;\">Expozan\u021bii sunt singurii responsabili pentru informa\u021biile furnizate \u00een aceast\u0103 sec\u021biune, ob\u021binute fie direct de la expozan\u021bi, fie de pe site-ul lor oficial.<\/span><\/p>\n\t\t\n<style>\n#text-836415862 {\n  text-align: center;\n  color: rgb(255,255,255);\n}\n#text-836415862 > * {\n  color: rgb(255,255,255);\n}\n<\/style>\n\t<\/div>\n\t\n\n\t\t<\/div>\n\t\t\t\t\t<\/div>\n\n\t\n\n<\/div>\n\n\t\t<\/div>\n\n\t\t\n<style>\n#section_565014489 {\n  padding-top: 30px;\n  padding-bottom: 30px;\n  background-color: #26408f;\n}\n<\/style>\n\t<\/section>","protected":false},"excerpt":{"rendered":"","protected":false},"author":1,"featured_media":0,"parent":1192,"menu_order":0,"comment_status":"closed","ping_status":"closed","template":"page-blank.php","meta":{"inline_featured_image":false,"footnotes":""},"class_list":["post-4044","page","type-page","status-publish","hentry"],"_links":{"self":[{"href":"https:\/\/energyexpo.ro\/ro\/wp-json\/wp\/v2\/pages\/4044","targetHints":{"allow":["GET"]}}],"collection":[{"href":"https:\/\/energyexpo.ro\/ro\/wp-json\/wp\/v2\/pages"}],"about":[{"href":"https:\/\/energyexpo.ro\/ro\/wp-json\/wp\/v2\/types\/page"}],"author":[{"embeddable":true,"href":"https:\/\/energyexpo.ro\/ro\/wp-json\/wp\/v2\/users\/1"}],"replies":[{"embeddable":true,"href":"https:\/\/energyexpo.ro\/ro\/wp-json\/wp\/v2\/comments?post=4044"}],"version-history":[{"count":3,"href":"https:\/\/energyexpo.ro\/ro\/wp-json\/wp\/v2\/pages\/4044\/revisions"}],"predecessor-version":[{"id":4048,"href":"https:\/\/energyexpo.ro\/ro\/wp-json\/wp\/v2\/pages\/4044\/revisions\/4048"}],"up":[{"embeddable":true,"href":"https:\/\/energyexpo.ro\/ro\/wp-json\/wp\/v2\/pages\/1192"}],"wp:attachment":[{"href":"https:\/\/energyexpo.ro\/ro\/wp-json\/wp\/v2\/media?parent=4044"}],"curies":[{"name":"wp","href":"https:\/\/api.w.org\/{rel}","templated":true}]}}