{"id":4049,"date":"2024-10-09T19:58:21","date_gmt":"2024-10-09T19:58:21","guid":{"rendered":"https:\/\/energyexpo.ro\/?page_id=4049"},"modified":"2024-10-09T19:58:59","modified_gmt":"2024-10-09T19:58:59","slug":"electroalfa-international","status":"publish","type":"page","link":"https:\/\/energyexpo.ro\/ro\/exhibitors\/electroalfa-international\/","title":{"rendered":"ELECTROALFA INTERNA\u021aIONAL"},"content":{"rendered":"<section class=\"section\" id=\"section_1049717236\">\n\t\t<div class=\"section-bg fill\" >\n\t\t\t\t\t\t\t\t\t\n\t\t\t\n\n\t\t<\/div>\n\n\t\t\n\n\t\t<div class=\"section-content relative\">\n\t\t\t\n<div class=\"row align-middle\"  id=\"row-1368039268\">\n\n\t<div id=\"col-1292341353\" class=\"col cwp medium-6 small-12 large-6\"  >\n\t\t\t\t<div class=\"col-inner\"  >\n\t\t\t\n\t\t\t\n\t<div id=\"text-4139111939\" class=\"text pwmb\">\n\t\t\n<p class=\"lead\"><strong>ELECTROALFA INTERNA\u021aIONAL<\/strong><\/p>\n\t\t\n<style>\n#text-4139111939 {\n  font-size: 1.5rem;\n  color: #26408f;\n}\n#text-4139111939 > * {\n  color: #26408f;\n}\n<\/style>\n\t<\/div>\n\t\n\t<div id=\"text-1160917641\" class=\"text\">\n\t\t\n<p>INFRASTRUCTUR\u0102 \u0218I TEHNOLOGIE<\/p>\n\t\t\n<style>\n#text-1160917641 {\n  color: #26408f;\n}\n#text-1160917641 > * {\n  color: #26408f;\n}\n<\/style>\n\t<\/div>\n\t\n<p>\"Electroalfa este o companie rom\u00e2neasc\u0103 de top care \u0219i-a construit o reputa\u021bie solid\u0103 \u00een proiectarea, fabricarea \u0219i implementarea de echipamente \u0219i solu\u021bii electrice. \u00cenfiin\u021bat\u0103 la \u00eenceputul anilor 1990, compania a devenit un nume important \u00een domeniile energiei, automatiz\u0103rii industriale \u0219i infrastructurii, at\u00e2t \u00een Rom\u00e2nia, c\u00e2t \u0219i la nivel interna\u021bional.<\/p>\n<p>Electroalfa opereaz\u0103 prin intermediul a trei unit\u0103\u021bi de afaceri principale: Echipamente electrice, Piese fabricate din o\u021bel \u0219i Contractare EPC. Unit\u0103\u021bile de produc\u021bie moderne ale companiei, situate \u00een Boto\u0219ani, Rom\u00e2nia, sunt dotate cu tehnologii de ultim\u0103 genera\u021bie care asigur\u0103 produse de \u00eenalt\u0103 calitate \u0219i inovatoare. Portofoliul Electroalfa include produse electrice de joas\u0103 \u0219i medie tensiune, cum ar fi tablouri de distribu\u021bie, tablouri de distribu\u021bie \u0219i posturi de transformare compacte, toate proiectate cu accent pe siguran\u021b\u0103, fiabilitate \u0219i performan\u021b\u0103.\"<\/p>\n<a href=\"http:\/\/www.electroalfa.ro\" class=\"button secondary\" target=\"_blank\" rel=\"noopener\">\n\t\t<span>Afl\u0103 mai multe<\/span>\n\t<\/a>\n\n\t\t<\/div>\n\t\t\t\t\n<style>\n#col-1292341353 > .col-inner {\n  padding: 0px 0px 0px 0px;\n}\n@media (min-width:550px) {\n  #col-1292341353 > .col-inner {\n    padding: 0px 50px 0px 0px;\n  }\n}\n<\/style>\n\t<\/div>\n\n\t\n\n\t<div id=\"col-101996721\" class=\"col cwp medium-6 small-12 large-6 small-col-first\"  >\n\t\t\t\t<div class=\"col-inner\"  >\n\t\t\t\n\t\t\t\n\t<div class=\"img has-hover x md-x lg-x y md-y lg-y\" id=\"image_186850999\">\n\t\t\t\t\t\t\t\t<div class=\"img-inner dark\" >\n\t\t\t<img decoding=\"async\" width=\"3375\" height=\"3375\" data-src=\"https:\/\/energyexpo.ro\/wp-content\/uploads\/2024\/10\/ELECTROALFA_exhibitor_1080x1080.png\" class=\"attachment-original size-original lazyload\" alt=\"\" data-srcset=\"https:\/\/energyexpo.ro\/wp-content\/uploads\/2024\/10\/ELECTROALFA_exhibitor_1080x1080.png 3375w, https:\/\/energyexpo.ro\/wp-content\/smush-webp\/2024\/10\/ELECTROALFA_exhibitor_1080x1080-300x300.png.webp 300w, https:\/\/energyexpo.ro\/wp-content\/smush-webp\/2024\/10\/ELECTROALFA_exhibitor_1080x1080-1024x1024.png.webp 1024w, https:\/\/energyexpo.ro\/wp-content\/smush-webp\/2024\/10\/ELECTROALFA_exhibitor_1080x1080-150x150.png.webp 150w, https:\/\/energyexpo.ro\/wp-content\/smush-webp\/2024\/10\/ELECTROALFA_exhibitor_1080x1080-768x768.png.webp 768w, https:\/\/energyexpo.ro\/wp-content\/smush-webp\/2024\/10\/ELECTROALFA_exhibitor_1080x1080-1536x1536.png.webp 1536w, https:\/\/energyexpo.ro\/wp-content\/smush-webp\/2024\/10\/ELECTROALFA_exhibitor_1080x1080-2048x2048.png.webp 2048w, https:\/\/energyexpo.ro\/wp-content\/smush-webp\/2024\/10\/ELECTROALFA_exhibitor_1080x1080-12x12.png.webp 12w\" data-sizes=\"(max-width: 3375px) 100vw, 3375px\" src=\"data:image\/gif;base64,R0lGODlhAQABAAAAACH5BAEKAAEALAAAAAABAAEAAAICTAEAOw==\" style=\"--smush-placeholder-width: 3375px; --smush-placeholder-aspect-ratio: 3375\/3375;\" data-smush-webp-fallback=\"{&quot;data-srcset&quot;:&quot;https:\\\/\\\/energyexpo.ro\\\/wp-content\\\/uploads\\\/2024\\\/10\\\/ELECTROALFA_exhibitor_1080x1080.png 3375w, https:\\\/\\\/energyexpo.ro\\\/wp-content\\\/uploads\\\/2024\\\/10\\\/ELECTROALFA_exhibitor_1080x1080-300x300.png 300w, https:\\\/\\\/energyexpo.ro\\\/wp-content\\\/uploads\\\/2024\\\/10\\\/ELECTROALFA_exhibitor_1080x1080-1024x1024.png 1024w, https:\\\/\\\/energyexpo.ro\\\/wp-content\\\/uploads\\\/2024\\\/10\\\/ELECTROALFA_exhibitor_1080x1080-150x150.png 150w, https:\\\/\\\/energyexpo.ro\\\/wp-content\\\/uploads\\\/2024\\\/10\\\/ELECTROALFA_exhibitor_1080x1080-768x768.png 768w, https:\\\/\\\/energyexpo.ro\\\/wp-content\\\/uploads\\\/2024\\\/10\\\/ELECTROALFA_exhibitor_1080x1080-1536x1536.png 1536w, https:\\\/\\\/energyexpo.ro\\\/wp-content\\\/uploads\\\/2024\\\/10\\\/ELECTROALFA_exhibitor_1080x1080-2048x2048.png 2048w, https:\\\/\\\/energyexpo.ro\\\/wp-content\\\/uploads\\\/2024\\\/10\\\/ELECTROALFA_exhibitor_1080x1080-12x12.png 12w&quot;}\" \/>\t\t\t\t\t\t\n\t\t\t\t\t<\/div>\n\t\t\t\t\t\t\t\t\n<style>\n#image_186850999 {\n  width: 100%;\n}\n<\/style>\n\t<\/div>\n\t\n\t\t<\/div>\n\t\t\t\t\t<\/div>\n\n\t\n<\/div>\n\t\t<\/div>\n\n\t\t\n<style>\n#section_1049717236 {\n  padding-top: 50px;\n  padding-bottom: 50px;\n  background-color: rgb(246, 246, 246);\n}\n<\/style>\n\t<\/section>\n\t\n\n\t<section class=\"section\" id=\"section_1653101008\">\n\t\t<div class=\"section-bg fill\" >\n\t\t\t\t\t\t\t\t\t\n\t\t\t\n\n\t\t<\/div>\n\n\t\t\n\n\t\t<div class=\"section-content relative\">\n\t\t\t\n\n<div class=\"row\"  id=\"row-1136922856\">\n\n\n\t<div id=\"col-33034584\" class=\"col cwp small-12 large-12\"  >\n\t\t\t\t<div class=\"col-inner\"  >\n\t\t\t\n\t\t\t\n\n\t<div id=\"text-1347422989\" class=\"text pwmb\">\n\t\t\n\n<p><span style=\"font-size: 90%;\">Expozan\u021bii sunt singurii responsabili pentru informa\u021biile furnizate \u00een aceast\u0103 sec\u021biune, ob\u021binute fie direct de la expozan\u021bi, fie de pe site-ul lor oficial.<\/span><\/p>\n\t\t\n<style>\n#text-1347422989 {\n  text-align: center;\n  color: rgb(255,255,255);\n}\n#text-1347422989 > * {\n  color: rgb(255,255,255);\n}\n<\/style>\n\t<\/div>\n\t\n\n\t\t<\/div>\n\t\t\t\t\t<\/div>\n\n\t\n\n<\/div>\n\n\t\t<\/div>\n\n\t\t\n<style>\n#section_1653101008 {\n  padding-top: 30px;\n  padding-bottom: 30px;\n  background-color: #26408f;\n}\n<\/style>\n\t<\/section>","protected":false},"excerpt":{"rendered":"","protected":false},"author":1,"featured_media":0,"parent":1192,"menu_order":0,"comment_status":"closed","ping_status":"closed","template":"page-blank.php","meta":{"inline_featured_image":false,"footnotes":""},"class_list":["post-4049","page","type-page","status-publish","hentry"],"_links":{"self":[{"href":"https:\/\/energyexpo.ro\/ro\/wp-json\/wp\/v2\/pages\/4049","targetHints":{"allow":["GET"]}}],"collection":[{"href":"https:\/\/energyexpo.ro\/ro\/wp-json\/wp\/v2\/pages"}],"about":[{"href":"https:\/\/energyexpo.ro\/ro\/wp-json\/wp\/v2\/types\/page"}],"author":[{"embeddable":true,"href":"https:\/\/energyexpo.ro\/ro\/wp-json\/wp\/v2\/users\/1"}],"replies":[{"embeddable":true,"href":"https:\/\/energyexpo.ro\/ro\/wp-json\/wp\/v2\/comments?post=4049"}],"version-history":[{"count":2,"href":"https:\/\/energyexpo.ro\/ro\/wp-json\/wp\/v2\/pages\/4049\/revisions"}],"predecessor-version":[{"id":4052,"href":"https:\/\/energyexpo.ro\/ro\/wp-json\/wp\/v2\/pages\/4049\/revisions\/4052"}],"up":[{"embeddable":true,"href":"https:\/\/energyexpo.ro\/ro\/wp-json\/wp\/v2\/pages\/1192"}],"wp:attachment":[{"href":"https:\/\/energyexpo.ro\/ro\/wp-json\/wp\/v2\/media?parent=4049"}],"curies":[{"name":"wp","href":"https:\/\/api.w.org\/{rel}","templated":true}]}}