{"id":4058,"date":"2024-10-09T20:00:24","date_gmt":"2024-10-09T20:00:24","guid":{"rendered":"https:\/\/energyexpo.ro\/?page_id=4058"},"modified":"2025-05-17T15:40:24","modified_gmt":"2025-05-17T15:40:24","slug":"solis","status":"publish","type":"page","link":"https:\/\/energyexpo.ro\/ro\/exhibitors\/solis\/","title":{"rendered":"Ginlong Technologies Co., Ltd (Solis)"},"content":{"rendered":"<section class=\"section\" id=\"section_248874069\">\n\t\t<div class=\"section-bg fill\" >\n\t\t\t\t\t\t\t\t\t\n\t\t\t\n\n\t\t<\/div>\n\n\t\t\n\n\t\t<div class=\"section-content relative\">\n\t\t\t\n<div class=\"row align-middle\"  id=\"row-1676173083\">\n\n\t<div id=\"col-23232262\" class=\"col cwp medium-6 small-12 large-6\"  >\n\t\t\t\t<div class=\"col-inner\"  >\n\t\t\t\n\t\t\t\n\t<div id=\"text-3023105287\" class=\"text pwmb\">\n\t\t\n<p class=\"lead\"><strong>Ginlong Technologies Co., Ltd (Solis)<\/strong><\/p>\n\t\t\n<style>\n#text-3023105287 {\n  font-size: 1.5rem;\n  color: #26408f;\n}\n#text-3023105287 > * {\n  color: #26408f;\n}\n<\/style>\n\t<\/div>\n\t\n\t<div id=\"text-913851259\" class=\"text\">\n\t\t\n<p>TEHNOLOGIA RE\u021aELELOR INTELIGENTE<\/p>\n\t\t\n<style>\n#text-913851259 {\n  color: #26408f;\n}\n#text-913851259 > * {\n  color: #26408f;\n}\n<\/style>\n\t<\/div>\n\t\n<p>\u00cenfiin\u021bat\u0103 \u00een 2005, Ginlong (Solis) Technologies\uff08Stock code: 300763.SZ\uff09 are ast\u0103zi una dintre cele mai<br \/>\ncea mai larg\u0103 baz\u0103 instalat\u0103 de invertoare de \u0219ir la nivel global, invertoarele noastre convertind curentul continuu \u00een curent alternativ \u0219i<br \/>\ninterac\u021bion\u00e2nd cu re\u021beaua de utilit\u0103\u021bi pe pie\u021bele din \u00eentreaga lume, reduc\u00e2nd amprenta cabonului \u0219i ajut\u00e2ndu-ne s\u0103 \u00eembog\u0103\u021bim societatea din \u00eentreaga lume. \u00cenfiin\u021bat\u0103 \u00een 2005, Ginlong (Solis) (Cod bursier: 300763.SZ) este al treilea mare produc\u0103tor de invertoare fotovoltaice din lume. \u00cen calitate de furnizor global de solu\u021bii solare \u0219i de stocare a energiei pentru clien\u021bi reziden\u021biali, comerciali \u0219i utilitari, oferim valoare pe \u00eentregul lan\u021b de aprovizionare cu energie solar\u0103. Oper\u00e2nd sub marca Solis, linia noastr\u0103 de produse de invertoare solare utilizeaz\u0103 o tehnologie string inovatoare, asigur\u00e2nd o fiabilitate de top validat\u0103 prin certific\u0103ri interna\u021bionale riguroase. <\/p>\n<p>Prin amalgamarea unui lan\u021b global de aprovizionare cu capacit\u0103\u021bi de cercetare \u0219i dezvoltare \u0219i de produc\u021bie de nivel mondial, Ginlong adapteaz\u0103 invertoarele Solis la fiecare pia\u021b\u0103 regional\u0103, cu echipe dedicate de exper\u021bi locali care ofer\u0103 servicii \u0219i asisten\u021b\u0103 excep\u021bionale. Capacitatea noastr\u0103 bancar\u0103 dovedit\u0103 a ob\u021binut sprijin din partea institu\u021biilor financiare de top, asigur\u00e2nd randamente robuste \u0219i pe termen lung ale investi\u021biilor. Colabor\u00e2nd cu p\u0103r\u021bile interesate, ne angaj\u0103m s\u0103 acceler\u0103m c\u0103l\u0103toria lumii c\u0103tre un viitor mai durabil.<\/p>\n<a href=\"https:\/\/www.solisinverters.com\/us\" class=\"button secondary\" target=\"_blank\" rel=\"noopener\">\n\t\t<span>Afl\u0103 mai multe<\/span>\n\t<\/a>\n\n\t\t<\/div>\n\t\t\t\t\n<style>\n#col-23232262 > .col-inner {\n  padding: 0px 0px 0px 0px;\n}\n@media (min-width:550px) {\n  #col-23232262 > .col-inner {\n    padding: 0px 50px 0px 0px;\n  }\n}\n<\/style>\n\t<\/div>\n\n\t\n\n\t<div id=\"col-1496149984\" class=\"col cwp medium-6 small-12 large-6 small-col-first\"  >\n\t\t\t\t<div class=\"col-inner\"  >\n\t\t\t\n\t\t\t\n\t<div class=\"img has-hover x md-x lg-x y md-y lg-y\" id=\"image_1160559325\">\n\t\t\t\t\t\t\t\t<div class=\"img-inner dark\" >\n\t\t\t<img decoding=\"async\" width=\"1080\" height=\"1080\" data-src=\"https:\/\/energyexpo.ro\/wp-content\/uploads\/2025\/04\/SOLIS.png\" class=\"attachment-original size-original lazyload\" alt=\"\" data-srcset=\"https:\/\/energyexpo.ro\/wp-content\/uploads\/2025\/04\/SOLIS.png 1080w, https:\/\/energyexpo.ro\/wp-content\/smush-webp\/2025\/04\/SOLIS-300x300.png.webp 300w, https:\/\/energyexpo.ro\/wp-content\/smush-webp\/2025\/04\/SOLIS-1024x1024.png.webp 1024w, https:\/\/energyexpo.ro\/wp-content\/smush-webp\/2025\/04\/SOLIS-150x150.png.webp 150w, https:\/\/energyexpo.ro\/wp-content\/smush-webp\/2025\/04\/SOLIS-768x768.png.webp 768w, https:\/\/energyexpo.ro\/wp-content\/smush-webp\/2025\/04\/SOLIS-12x12.png.webp 12w\" data-sizes=\"(max-width: 1080px) 100vw, 1080px\" src=\"data:image\/gif;base64,R0lGODlhAQABAAAAACH5BAEKAAEALAAAAAABAAEAAAICTAEAOw==\" style=\"--smush-placeholder-width: 1080px; --smush-placeholder-aspect-ratio: 1080\/1080;\" data-smush-webp-fallback=\"{&quot;data-srcset&quot;:&quot;https:\\\/\\\/energyexpo.ro\\\/wp-content\\\/uploads\\\/2025\\\/04\\\/SOLIS.png 1080w, https:\\\/\\\/energyexpo.ro\\\/wp-content\\\/uploads\\\/2025\\\/04\\\/SOLIS-300x300.png 300w, https:\\\/\\\/energyexpo.ro\\\/wp-content\\\/uploads\\\/2025\\\/04\\\/SOLIS-1024x1024.png 1024w, https:\\\/\\\/energyexpo.ro\\\/wp-content\\\/uploads\\\/2025\\\/04\\\/SOLIS-150x150.png 150w, https:\\\/\\\/energyexpo.ro\\\/wp-content\\\/uploads\\\/2025\\\/04\\\/SOLIS-768x768.png 768w, https:\\\/\\\/energyexpo.ro\\\/wp-content\\\/uploads\\\/2025\\\/04\\\/SOLIS-12x12.png 12w&quot;}\" \/>\t\t\t\t\t\t\n\t\t\t\t\t<\/div>\n\t\t\t\t\t\t\t\t\n<style>\n#image_1160559325 {\n  width: 100%;\n}\n<\/style>\n\t<\/div>\n\t\n\t\t<\/div>\n\t\t\t\t\t<\/div>\n\n\t\n<\/div>\n\t\t<\/div>\n\n\t\t\n<style>\n#section_248874069 {\n  padding-top: 50px;\n  padding-bottom: 50px;\n  background-color: rgb(246, 246, 246);\n}\n<\/style>\n\t<\/section>\n\t\n\n\t<section class=\"section\" id=\"section_1178980071\">\n\t\t<div class=\"section-bg fill\" >\n\t\t\t\t\t\t\t\t\t\n\t\t\t\n\n\t\t<\/div>\n\n\t\t\n\n\t\t<div class=\"section-content relative\">\n\t\t\t\n\n<div class=\"row\"  id=\"row-13180970\">\n\n\n\t<div id=\"col-1579688566\" class=\"col cwp small-12 large-12\"  >\n\t\t\t\t<div class=\"col-inner\"  >\n\t\t\t\n\t\t\t\n\n\t<div id=\"text-15024991\" class=\"text pwmb\">\n\t\t\n\n<p><span style=\"font-size: 90%;\">Expozan\u021bii sunt singurii responsabili pentru informa\u021biile furnizate \u00een aceast\u0103 sec\u021biune, ob\u021binute fie direct de la expozan\u021bi, fie de pe site-ul lor oficial.<\/span><\/p>\n\t\t\n<style>\n#text-15024991 {\n  text-align: center;\n  color: rgb(255,255,255);\n}\n#text-15024991 > * {\n  color: rgb(255,255,255);\n}\n<\/style>\n\t<\/div>\n\t\n\n\t\t<\/div>\n\t\t\t\t\t<\/div>\n\n\t\n\n<\/div>\n\n\t\t<\/div>\n\n\t\t\n<style>\n#section_1178980071 {\n  padding-top: 30px;\n  padding-bottom: 30px;\n  background-color: #26408f;\n}\n<\/style>\n\t<\/section>","protected":false},"excerpt":{"rendered":"","protected":false},"author":1,"featured_media":0,"parent":1192,"menu_order":0,"comment_status":"closed","ping_status":"closed","template":"page-blank.php","meta":{"inline_featured_image":false,"footnotes":""},"class_list":["post-4058","page","type-page","status-publish","hentry"],"_links":{"self":[{"href":"https:\/\/energyexpo.ro\/ro\/wp-json\/wp\/v2\/pages\/4058","targetHints":{"allow":["GET"]}}],"collection":[{"href":"https:\/\/energyexpo.ro\/ro\/wp-json\/wp\/v2\/pages"}],"about":[{"href":"https:\/\/energyexpo.ro\/ro\/wp-json\/wp\/v2\/types\/page"}],"author":[{"embeddable":true,"href":"https:\/\/energyexpo.ro\/ro\/wp-json\/wp\/v2\/users\/1"}],"replies":[{"embeddable":true,"href":"https:\/\/energyexpo.ro\/ro\/wp-json\/wp\/v2\/comments?post=4058"}],"version-history":[{"count":6,"href":"https:\/\/energyexpo.ro\/ro\/wp-json\/wp\/v2\/pages\/4058\/revisions"}],"predecessor-version":[{"id":5424,"href":"https:\/\/energyexpo.ro\/ro\/wp-json\/wp\/v2\/pages\/4058\/revisions\/5424"}],"up":[{"embeddable":true,"href":"https:\/\/energyexpo.ro\/ro\/wp-json\/wp\/v2\/pages\/1192"}],"wp:attachment":[{"href":"https:\/\/energyexpo.ro\/ro\/wp-json\/wp\/v2\/media?parent=4058"}],"curies":[{"name":"wp","href":"https:\/\/api.w.org\/{rel}","templated":true}]}}