{"id":4067,"date":"2024-10-09T20:03:07","date_gmt":"2024-10-09T20:03:07","guid":{"rendered":"https:\/\/energyexpo.ro\/?page_id=4067"},"modified":"2024-10-09T20:03:49","modified_gmt":"2024-10-09T20:03:49","slug":"s-n-g-n-romgaz-s-a","status":"publish","type":"page","link":"https:\/\/energyexpo.ro\/ro\/exhibitors\/s-n-g-n-romgaz-s-a\/","title":{"rendered":"S.N.G.N. ROMGAZ S.A."},"content":{"rendered":"<section class=\"section\" id=\"section_854183889\">\n\t\t<div class=\"section-bg fill\" >\n\t\t\t\t\t\t\t\t\t\n\t\t\t\n\n\t\t<\/div>\n\n\t\t\n\n\t\t<div class=\"section-content relative\">\n\t\t\t\n<div class=\"row align-middle\"  id=\"row-1361423692\">\n\n\t<div id=\"col-821905814\" class=\"col cwp medium-6 small-12 large-6\"  >\n\t\t\t\t<div class=\"col-inner\"  >\n\t\t\t\n\t\t\t\n\t<div id=\"text-2122844196\" class=\"text pwmb\">\n\t\t\n<p class=\"lead\"><strong>S.N.G.N. ROMGAZ S.A.<\/strong><\/p>\n\t\t\n<style>\n#text-2122844196 {\n  font-size: 1.5rem;\n  color: #26408f;\n}\n#text-2122844196 > * {\n  color: #26408f;\n}\n<\/style>\n\t<\/div>\n\t\n\t<div id=\"text-101251608\" class=\"text\">\n\t\t\n<p>PETROL \u0218I GAZE<\/p>\n\t\t\n<style>\n#text-101251608 {\n  color: #26408f;\n}\n#text-101251608 > * {\n  color: #26408f;\n}\n<\/style>\n\t<\/div>\n\t\n<p>\"S.N.G.N. ROMGAZ S.A. este cel mai mare produc\u0103tor de gaze naturale \u0219i principalul furnizor din Rom\u00e2nia. Compania este listat\u0103 la Bursa de Valori Bucure\u0219ti, iar GDR-urile sunt tranzac\u021bionate la London Stock Exchange. Ac\u021bionarul majoritar este statul rom\u00e2n care de\u021bine o participa\u021bie de 70%. Compania are o vast\u0103 experien\u021b\u0103 \u00een domeniul explor\u0103rii \u0219i produc\u021biei de gaze, cu o istorie care a \u00eenceput \u00een 1909 \u0219i se \u00eentinde pe mai mult de 100 de ani. ROMGAZ desf\u0103\u0219oar\u0103 activit\u0103\u021bi de explorare geologic\u0103 \u00een vederea descoperirii de noi rezerve de gaze, produce metan prin exploatarea z\u0103c\u0103mintelor incluse \u00een portofoliul companiei \u0219i \u00eenmagazineaz\u0103 gaze naturale \u00een depozite subterane; efectueaz\u0103 interven\u021bii la sonde, workover \u0219i opera\u021biuni speciale \u0219i asigur\u0103 servicii profesionale de transport tehnologic. \u00cen 2013, ROMGAZ \u0219i-a extins obiectul de activitate prin preluarea centralei termoelectrice Iernut, devenind produc\u0103tor \u0219i furnizor de energie electric\u0103.<br \/>\nLa data de 1 august 2022, Romgaz a devenit ac\u021bionar unic al ROMGAZ BLACK SEA LIMITED (\u00eenfiin\u021bat\u0103 ExxonMobil Exploration and Production Romania Limited), ca urmare a finaliz\u0103rii tranzac\u021biei de v\u00e2nzare \u0219i a transferului tuturor ac\u021biunilor emise (reprezent\u00e2nd 100% din capitalul social al) ExxonMobil Exploration and Production Romania Limited, care de\u021bine 50% din drepturile \u0219i obliga\u021biile dob\u00e2ndite \u00een temeiul Acordului de concesiune petrolier\u0103 pentru zona de ape ad\u00e2nci a blocului offshore XIX Neptun situat \u00een Marea Neagr\u0103.\"<\/p>\n<a href=\"https:\/\/www.romgaz.ro\/\" class=\"button secondary\" target=\"_blank\" rel=\"noopener\">\n\t\t<span>Afl\u0103 mai multe<\/span>\n\t<\/a>\n\n\t\t<\/div>\n\t\t\t\t\n<style>\n#col-821905814 > .col-inner {\n  padding: 0px 0px 0px 0px;\n}\n@media (min-width:550px) {\n  #col-821905814 > .col-inner {\n    padding: 0px 50px 0px 0px;\n  }\n}\n<\/style>\n\t<\/div>\n\n\t\n\n\t<div id=\"col-1739489134\" class=\"col cwp medium-6 small-12 large-6 small-col-first\"  >\n\t\t\t\t<div class=\"col-inner\"  >\n\t\t\t\n\t\t\t\n\t<div class=\"img has-hover x md-x lg-x y md-y lg-y\" id=\"image_455438259\">\n\t\t\t\t\t\t\t\t<div class=\"img-inner dark\" >\n\t\t\t<img decoding=\"async\" width=\"3375\" height=\"3375\" data-src=\"https:\/\/energyexpo.ro\/wp-content\/uploads\/2024\/10\/ROMGAZ_exhibitor_1080x1080.png\" class=\"attachment-original size-original lazyload\" alt=\"\" data-srcset=\"https:\/\/energyexpo.ro\/wp-content\/uploads\/2024\/10\/ROMGAZ_exhibitor_1080x1080.png 3375w, https:\/\/energyexpo.ro\/wp-content\/smush-webp\/2024\/10\/ROMGAZ_exhibitor_1080x1080-300x300.png.webp 300w, https:\/\/energyexpo.ro\/wp-content\/smush-webp\/2024\/10\/ROMGAZ_exhibitor_1080x1080-1024x1024.png.webp 1024w, https:\/\/energyexpo.ro\/wp-content\/smush-webp\/2024\/10\/ROMGAZ_exhibitor_1080x1080-150x150.png.webp 150w, https:\/\/energyexpo.ro\/wp-content\/smush-webp\/2024\/10\/ROMGAZ_exhibitor_1080x1080-768x768.png.webp 768w, https:\/\/energyexpo.ro\/wp-content\/smush-webp\/2024\/10\/ROMGAZ_exhibitor_1080x1080-1536x1536.png.webp 1536w, https:\/\/energyexpo.ro\/wp-content\/smush-webp\/2024\/10\/ROMGAZ_exhibitor_1080x1080-2048x2048.png.webp 2048w, https:\/\/energyexpo.ro\/wp-content\/smush-webp\/2024\/10\/ROMGAZ_exhibitor_1080x1080-12x12.png.webp 12w\" data-sizes=\"(max-width: 3375px) 100vw, 3375px\" src=\"data:image\/gif;base64,R0lGODlhAQABAAAAACH5BAEKAAEALAAAAAABAAEAAAICTAEAOw==\" style=\"--smush-placeholder-width: 3375px; --smush-placeholder-aspect-ratio: 3375\/3375;\" data-smush-webp-fallback=\"{&quot;data-srcset&quot;:&quot;https:\\\/\\\/energyexpo.ro\\\/wp-content\\\/uploads\\\/2024\\\/10\\\/ROMGAZ_exhibitor_1080x1080.png 3375w, https:\\\/\\\/energyexpo.ro\\\/wp-content\\\/uploads\\\/2024\\\/10\\\/ROMGAZ_exhibitor_1080x1080-300x300.png 300w, https:\\\/\\\/energyexpo.ro\\\/wp-content\\\/uploads\\\/2024\\\/10\\\/ROMGAZ_exhibitor_1080x1080-1024x1024.png 1024w, https:\\\/\\\/energyexpo.ro\\\/wp-content\\\/uploads\\\/2024\\\/10\\\/ROMGAZ_exhibitor_1080x1080-150x150.png 150w, https:\\\/\\\/energyexpo.ro\\\/wp-content\\\/uploads\\\/2024\\\/10\\\/ROMGAZ_exhibitor_1080x1080-768x768.png 768w, https:\\\/\\\/energyexpo.ro\\\/wp-content\\\/uploads\\\/2024\\\/10\\\/ROMGAZ_exhibitor_1080x1080-1536x1536.png 1536w, https:\\\/\\\/energyexpo.ro\\\/wp-content\\\/uploads\\\/2024\\\/10\\\/ROMGAZ_exhibitor_1080x1080-2048x2048.png 2048w, https:\\\/\\\/energyexpo.ro\\\/wp-content\\\/uploads\\\/2024\\\/10\\\/ROMGAZ_exhibitor_1080x1080-12x12.png 12w&quot;}\" \/>\t\t\t\t\t\t\n\t\t\t\t\t<\/div>\n\t\t\t\t\t\t\t\t\n<style>\n#image_455438259 {\n  width: 100%;\n}\n<\/style>\n\t<\/div>\n\t\n\t\t<\/div>\n\t\t\t\t\t<\/div>\n\n\t\n<\/div>\n\t\t<\/div>\n\n\t\t\n<style>\n#section_854183889 {\n  padding-top: 50px;\n  padding-bottom: 50px;\n  background-color: rgb(246, 246, 246);\n}\n<\/style>\n\t<\/section>\n\t\n\n\t<section class=\"section\" id=\"section_240162294\">\n\t\t<div class=\"section-bg fill\" >\n\t\t\t\t\t\t\t\t\t\n\t\t\t\n\n\t\t<\/div>\n\n\t\t\n\n\t\t<div class=\"section-content relative\">\n\t\t\t\n\n<div class=\"row\"  id=\"row-200075111\">\n\n\n\t<div id=\"col-1040345833\" class=\"col cwp small-12 large-12\"  >\n\t\t\t\t<div class=\"col-inner\"  >\n\t\t\t\n\t\t\t\n\n\t<div id=\"text-849899765\" class=\"text pwmb\">\n\t\t\n\n<p><span style=\"font-size: 90%;\">Expozan\u021bii sunt singurii responsabili pentru informa\u021biile furnizate \u00een aceast\u0103 sec\u021biune, ob\u021binute fie direct de la expozan\u021bi, fie de pe site-ul lor oficial.<\/span><\/p>\n\t\t\n<style>\n#text-849899765 {\n  text-align: center;\n  color: rgb(255,255,255);\n}\n#text-849899765 > * {\n  color: rgb(255,255,255);\n}\n<\/style>\n\t<\/div>\n\t\n\n\t\t<\/div>\n\t\t\t\t\t<\/div>\n\n\t\n\n<\/div>\n\n\t\t<\/div>\n\n\t\t\n<style>\n#section_240162294 {\n  padding-top: 30px;\n  padding-bottom: 30px;\n  background-color: #26408f;\n}\n<\/style>\n\t<\/section>","protected":false},"excerpt":{"rendered":"","protected":false},"author":1,"featured_media":0,"parent":1192,"menu_order":0,"comment_status":"closed","ping_status":"closed","template":"page-blank.php","meta":{"inline_featured_image":false,"footnotes":""},"class_list":["post-4067","page","type-page","status-publish","hentry"],"_links":{"self":[{"href":"https:\/\/energyexpo.ro\/ro\/wp-json\/wp\/v2\/pages\/4067","targetHints":{"allow":["GET"]}}],"collection":[{"href":"https:\/\/energyexpo.ro\/ro\/wp-json\/wp\/v2\/pages"}],"about":[{"href":"https:\/\/energyexpo.ro\/ro\/wp-json\/wp\/v2\/types\/page"}],"author":[{"embeddable":true,"href":"https:\/\/energyexpo.ro\/ro\/wp-json\/wp\/v2\/users\/1"}],"replies":[{"embeddable":true,"href":"https:\/\/energyexpo.ro\/ro\/wp-json\/wp\/v2\/comments?post=4067"}],"version-history":[{"count":4,"href":"https:\/\/energyexpo.ro\/ro\/wp-json\/wp\/v2\/pages\/4067\/revisions"}],"predecessor-version":[{"id":4072,"href":"https:\/\/energyexpo.ro\/ro\/wp-json\/wp\/v2\/pages\/4067\/revisions\/4072"}],"up":[{"embeddable":true,"href":"https:\/\/energyexpo.ro\/ro\/wp-json\/wp\/v2\/pages\/1192"}],"wp:attachment":[{"href":"https:\/\/energyexpo.ro\/ro\/wp-json\/wp\/v2\/media?parent=4067"}],"curies":[{"name":"wp","href":"https:\/\/api.w.org\/{rel}","templated":true}]}}