{"id":4088,"date":"2024-10-09T20:11:21","date_gmt":"2024-10-09T20:11:21","guid":{"rendered":"https:\/\/energyexpo.ro\/?page_id=4088"},"modified":"2024-10-17T11:00:57","modified_gmt":"2024-10-17T11:00:57","slug":"electro-promex-invest-srl","status":"publish","type":"page","link":"https:\/\/energyexpo.ro\/ro\/exhibitors\/electro-promex-invest-srl\/","title":{"rendered":"ELECTRO PROMEX INVEST SRL"},"content":{"rendered":"<section class=\"section\" id=\"section_56195316\">\n\t\t<div class=\"section-bg fill\" >\n\t\t\t\t\t\t\t\t\t\n\t\t\t\n\n\t\t<\/div>\n\n\t\t\n\n\t\t<div class=\"section-content relative\">\n\t\t\t\n<div class=\"row align-middle\"  id=\"row-1316220231\">\n\n\t<div id=\"col-321931251\" class=\"col cwp medium-6 small-12 large-6\"  >\n\t\t\t\t<div class=\"col-inner\"  >\n\t\t\t\n\t\t\t\n\t<div id=\"text-1463911155\" class=\"text pwmb\">\n\t\t\n<p class=\"lead\"><strong>ELECTRO PROMEX INVEST SRL<\/strong><\/p>\n\t\t\n<style>\n#text-1463911155 {\n  font-size: 1.5rem;\n  color: #26408f;\n}\n#text-1463911155 > * {\n  color: #26408f;\n}\n<\/style>\n\t<\/div>\n\t\n\t<div id=\"text-3459472284\" class=\"text\">\n\t\t\n<p>BATERII \u0218I SISTEME DE STOCARE<\/p>\n\t\t\n<style>\n#text-3459472284 {\n  color: #26408f;\n}\n#text-3459472284 > * {\n  color: #26408f;\n}\n<\/style>\n\t<\/div>\n\t\n<p>\"EBS Electric Group este unul dintre furnizorii cu experien\u021b\u0103 \u00een servicii de fabrica\u021bie electronic\u0103 din Rom\u00e2nia, care reune\u0219te experien\u021ba acumulat\u0103 de Electro Promex \u0219i BKD Electronic.<\/p>\n<p>Producem, asamblam si testam componente si module electronice pentru aplicatii industriale cat si pentru aplicatii rezidentiale, de peste 30 de ani.<br \/>\nServicii si produse:<br \/>\n - Proiectare BMS (Battery Management Sistem);<br \/>\n - Modul de comunicare pentru sistemele de stocare a energiei ESS(Energy Storage System);<br \/>\n - Asamblare PCBA; Asamblare SMD, asamblare THT, testare optic\u0103 automatizat\u0103 (AOI), testare func\u021bional\u0103, asamblare final\u0103 \u00een carcas\u0103;<br \/>\n - Asamblare pack-uri de baterii cu celule Li 18650, 21700, 32700, 40135 \u0219i altele, cu configura\u021bii flexibile \u0219i\/sau la cererea clientului;<br \/>\n - Produc\u021bia BMS \u00een diferite configura\u021bii serie\/paralele pentru celule cu litiu;<br \/>\n- Asamblare modul ESS la cererea clientului;<br \/>\n- Productie de cabluri si cablaje pentru aplicatii industriale si solare.\"<\/p>\n<a href=\"https:\/\/ebs-electric.eu\/\" class=\"button secondary\" target=\"_blank\" rel=\"noopener\">\n\t\t<span>Afl\u0103 mai multe<\/span>\n\t<\/a>\n\n\t\t<\/div>\n\t\t\t\t\n<style>\n#col-321931251 > .col-inner {\n  padding: 0px 0px 0px 0px;\n}\n@media (min-width:550px) {\n  #col-321931251 > .col-inner {\n    padding: 0px 50px 0px 0px;\n  }\n}\n<\/style>\n\t<\/div>\n\n\t\n\n\t<div id=\"col-1141169655\" class=\"col cwp medium-6 small-12 large-6 small-col-first\"  >\n\t\t\t\t<div class=\"col-inner\"  >\n\t\t\t\n\t\t\t\n\t<div class=\"img has-hover x md-x lg-x y md-y lg-y\" id=\"image_24055044\">\n\t\t\t\t\t\t\t\t<div class=\"img-inner dark\" >\n\t\t\t<img decoding=\"async\" width=\"3375\" height=\"3375\" data-src=\"https:\/\/energyexpo.ro\/wp-content\/uploads\/2024\/10\/EBS-Electric-Group_exhibitor_1080x1080.png\" class=\"attachment-original size-original lazyload\" alt=\"\" data-srcset=\"https:\/\/energyexpo.ro\/wp-content\/uploads\/2024\/10\/EBS-Electric-Group_exhibitor_1080x1080.png 3375w, https:\/\/energyexpo.ro\/wp-content\/smush-webp\/2024\/10\/EBS-Electric-Group_exhibitor_1080x1080-300x300.png.webp 300w, https:\/\/energyexpo.ro\/wp-content\/smush-webp\/2024\/10\/EBS-Electric-Group_exhibitor_1080x1080-1024x1024.png.webp 1024w, https:\/\/energyexpo.ro\/wp-content\/smush-webp\/2024\/10\/EBS-Electric-Group_exhibitor_1080x1080-150x150.png.webp 150w, https:\/\/energyexpo.ro\/wp-content\/smush-webp\/2024\/10\/EBS-Electric-Group_exhibitor_1080x1080-768x768.png.webp 768w, https:\/\/energyexpo.ro\/wp-content\/smush-webp\/2024\/10\/EBS-Electric-Group_exhibitor_1080x1080-1536x1536.png.webp 1536w, https:\/\/energyexpo.ro\/wp-content\/smush-webp\/2024\/10\/EBS-Electric-Group_exhibitor_1080x1080-2048x2048.png.webp 2048w, https:\/\/energyexpo.ro\/wp-content\/smush-webp\/2024\/10\/EBS-Electric-Group_exhibitor_1080x1080-12x12.png.webp 12w\" data-sizes=\"(max-width: 3375px) 100vw, 3375px\" src=\"data:image\/gif;base64,R0lGODlhAQABAAAAACH5BAEKAAEALAAAAAABAAEAAAICTAEAOw==\" style=\"--smush-placeholder-width: 3375px; --smush-placeholder-aspect-ratio: 3375\/3375;\" data-smush-webp-fallback=\"{&quot;data-srcset&quot;:&quot;https:\\\/\\\/energyexpo.ro\\\/wp-content\\\/uploads\\\/2024\\\/10\\\/EBS-Electric-Group_exhibitor_1080x1080.png 3375w, https:\\\/\\\/energyexpo.ro\\\/wp-content\\\/uploads\\\/2024\\\/10\\\/EBS-Electric-Group_exhibitor_1080x1080-300x300.png 300w, https:\\\/\\\/energyexpo.ro\\\/wp-content\\\/uploads\\\/2024\\\/10\\\/EBS-Electric-Group_exhibitor_1080x1080-1024x1024.png 1024w, https:\\\/\\\/energyexpo.ro\\\/wp-content\\\/uploads\\\/2024\\\/10\\\/EBS-Electric-Group_exhibitor_1080x1080-150x150.png 150w, https:\\\/\\\/energyexpo.ro\\\/wp-content\\\/uploads\\\/2024\\\/10\\\/EBS-Electric-Group_exhibitor_1080x1080-768x768.png 768w, https:\\\/\\\/energyexpo.ro\\\/wp-content\\\/uploads\\\/2024\\\/10\\\/EBS-Electric-Group_exhibitor_1080x1080-1536x1536.png 1536w, https:\\\/\\\/energyexpo.ro\\\/wp-content\\\/uploads\\\/2024\\\/10\\\/EBS-Electric-Group_exhibitor_1080x1080-2048x2048.png 2048w, https:\\\/\\\/energyexpo.ro\\\/wp-content\\\/uploads\\\/2024\\\/10\\\/EBS-Electric-Group_exhibitor_1080x1080-12x12.png 12w&quot;}\" \/>\t\t\t\t\t\t\n\t\t\t\t\t<\/div>\n\t\t\t\t\t\t\t\t\n<style>\n#image_24055044 {\n  width: 100%;\n}\n<\/style>\n\t<\/div>\n\t\n\t\t<\/div>\n\t\t\t\t\t<\/div>\n\n\t\n<\/div>\n\t\t<\/div>\n\n\t\t\n<style>\n#section_56195316 {\n  padding-top: 50px;\n  padding-bottom: 50px;\n  background-color: rgb(246, 246, 246);\n}\n<\/style>\n\t<\/section>\n\t\n\n\t<section class=\"section\" id=\"section_1533762904\">\n\t\t<div class=\"section-bg fill\" >\n\t\t\t\t\t\t\t\t\t\n\t\t\t\n\n\t\t<\/div>\n\n\t\t\n\n\t\t<div class=\"section-content relative\">\n\t\t\t\n\n<div class=\"row\"  id=\"row-1155558007\">\n\n\n\t<div id=\"col-1208394699\" class=\"col cwp small-12 large-12\"  >\n\t\t\t\t<div class=\"col-inner\"  >\n\t\t\t\n\t\t\t\n\n\t<div id=\"text-3178587698\" class=\"text pwmb\">\n\t\t\n\n<p><span style=\"font-size: 90%;\">Expozan\u021bii sunt singurii responsabili pentru informa\u021biile furnizate \u00een aceast\u0103 sec\u021biune, ob\u021binute fie direct de la expozan\u021bi, fie de pe site-ul lor oficial.<\/span><\/p>\n\t\t\n<style>\n#text-3178587698 {\n  text-align: center;\n  color: rgb(255,255,255);\n}\n#text-3178587698 > * {\n  color: rgb(255,255,255);\n}\n<\/style>\n\t<\/div>\n\t\n\n\t\t<\/div>\n\t\t\t\t\t<\/div>\n\n\t\n\n<\/div>\n\n\t\t<\/div>\n\n\t\t\n<style>\n#section_1533762904 {\n  padding-top: 30px;\n  padding-bottom: 30px;\n  background-color: #26408f;\n}\n<\/style>\n\t<\/section>","protected":false},"excerpt":{"rendered":"","protected":false},"author":1,"featured_media":0,"parent":1192,"menu_order":0,"comment_status":"closed","ping_status":"closed","template":"page-blank.php","meta":{"inline_featured_image":false,"footnotes":""},"class_list":["post-4088","page","type-page","status-publish","hentry"],"_links":{"self":[{"href":"https:\/\/energyexpo.ro\/ro\/wp-json\/wp\/v2\/pages\/4088","targetHints":{"allow":["GET"]}}],"collection":[{"href":"https:\/\/energyexpo.ro\/ro\/wp-json\/wp\/v2\/pages"}],"about":[{"href":"https:\/\/energyexpo.ro\/ro\/wp-json\/wp\/v2\/types\/page"}],"author":[{"embeddable":true,"href":"https:\/\/energyexpo.ro\/ro\/wp-json\/wp\/v2\/users\/1"}],"replies":[{"embeddable":true,"href":"https:\/\/energyexpo.ro\/ro\/wp-json\/wp\/v2\/comments?post=4088"}],"version-history":[{"count":3,"href":"https:\/\/energyexpo.ro\/ro\/wp-json\/wp\/v2\/pages\/4088\/revisions"}],"predecessor-version":[{"id":4366,"href":"https:\/\/energyexpo.ro\/ro\/wp-json\/wp\/v2\/pages\/4088\/revisions\/4366"}],"up":[{"embeddable":true,"href":"https:\/\/energyexpo.ro\/ro\/wp-json\/wp\/v2\/pages\/1192"}],"wp:attachment":[{"href":"https:\/\/energyexpo.ro\/ro\/wp-json\/wp\/v2\/media?parent=4088"}],"curies":[{"name":"wp","href":"https:\/\/api.w.org\/{rel}","templated":true}]}}