{"id":4104,"date":"2024-10-09T20:22:01","date_gmt":"2024-10-09T20:22:01","guid":{"rendered":"https:\/\/energyexpo.ro\/?page_id=4104"},"modified":"2024-10-09T20:22:36","modified_gmt":"2024-10-09T20:22:36","slug":"kstar","status":"publish","type":"page","link":"https:\/\/energyexpo.ro\/ro\/exhibitors\/kstar\/","title":{"rendered":"KSTAR"},"content":{"rendered":"<section class=\"section\" id=\"section_397277812\">\n\t\t<div class=\"section-bg fill\" >\n\t\t\t\t\t\t\t\t\t\n\t\t\t\n\n\t\t<\/div>\n\n\t\t\n\n\t\t<div class=\"section-content relative\">\n\t\t\t\n<div class=\"row align-middle\"  id=\"row-1965790121\">\n\n\t<div id=\"col-998732299\" class=\"col cwp medium-6 small-12 large-6\"  >\n\t\t\t\t<div class=\"col-inner\"  >\n\t\t\t\n\t\t\t\n\t<div id=\"text-1867761391\" class=\"text pwmb\">\n\t\t\n<p class=\"lead\"><strong>KSTAR<\/strong><\/p>\n\t\t\n<style>\n#text-1867761391 {\n  font-size: 1.5rem;\n  color: #26408f;\n}\n#text-1867761391 > * {\n  color: #26408f;\n}\n<\/style>\n\t<\/div>\n\t\n\t<div id=\"text-2874933054\" class=\"text\">\n\t\t\n<p>CENTRALE SOLARE FOTOVOLTAICE (PV)<\/p>\n\t\t\n<style>\n#text-2874933054 {\n  color: #26408f;\n}\n#text-2874933054 > * {\n  color: #26408f;\n}\n<\/style>\n\t<\/div>\n\t\n<p>\"KSTAR a fost \u00eenfiin\u021bat\u0103 \u00een 1993 \u0219i a fost listat\u0103 la Bursa din Shenzhen \u00een decembrie 2010 (Ticker Symbol: KSTAR; Stock Code:002518).<\/p>\n<p>Dup\u0103 30 de ani de dezvoltare, KSTAR a devenit o \u00eentreprindere lider \u00een domeniul electronicii de putere \u0219i al noilor produse energetice din China, inclusiv infrastructura centrelor de date, solu\u021bii pentru centre de date modulare \u0219i pentru containere, solu\u021bii pentru sisteme fotovoltaice \u0219i sisteme de stocare a energiei (ESS), cu o scar\u0103 global\u0103 \u0219i for\u021be de cercetare \u0219i dezvoltare care dep\u0103\u0219esc industria. \u00cen 2015, centrul tehnologic al KSTAR a fost recunoscut drept Centrul Na\u021bional de Tehnologie pentru \u00centreprinderi de c\u0103tre patru departamente na\u021bionale, inclusiv Centrul Na\u021bional de Dezvoltare \u0219i<br \/>\nReform Commission \u0219i Administra\u021bia General\u0103 a V\u0103milor. \u00cen 2016, societatea a fost distins\u0103 ca \u00centreprindere demonstrativ\u0103 na\u021bional\u0103 de inovare tehnologic\u0103 de c\u0103tre Ministerul Industriei \u0219i Tehnologiei Informa\u021biei, \u00een semn de recunoa\u0219tere suplimentar\u0103 a capacit\u0103\u021bii noastre independente de inovare \u0219i a rolului nostru de model ca lider al industriei la nivel na\u021bional.\"<\/p>\n<a href=\"https:\/\/www.kstar.eu\/\" class=\"button secondary\" target=\"_blank\" rel=\"noopener\">\n\t\t<span>Afl\u0103 mai multe<\/span>\n\t<\/a>\n\n\t\t<\/div>\n\t\t\t\t\n<style>\n#col-998732299 > .col-inner {\n  padding: 0px 0px 0px 0px;\n}\n@media (min-width:550px) {\n  #col-998732299 > .col-inner {\n    padding: 0px 50px 0px 0px;\n  }\n}\n<\/style>\n\t<\/div>\n\n\t\n\n\t<div id=\"col-1463852743\" class=\"col cwp medium-6 small-12 large-6 small-col-first\"  >\n\t\t\t\t<div class=\"col-inner\"  >\n\t\t\t\n\t\t\t\n\t<div class=\"img has-hover x md-x lg-x y md-y lg-y\" id=\"image_1424643187\">\n\t\t\t\t\t\t\t\t<div class=\"img-inner dark\" >\n\t\t\t<img decoding=\"async\" width=\"3375\" height=\"3375\" data-src=\"https:\/\/energyexpo.ro\/wp-content\/uploads\/2024\/10\/KSTAR_exhibitor_1080x1080.png\" class=\"attachment-original size-original lazyload\" alt=\"\" data-srcset=\"https:\/\/energyexpo.ro\/wp-content\/uploads\/2024\/10\/KSTAR_exhibitor_1080x1080.png 3375w, https:\/\/energyexpo.ro\/wp-content\/smush-webp\/2024\/10\/KSTAR_exhibitor_1080x1080-300x300.png.webp 300w, https:\/\/energyexpo.ro\/wp-content\/smush-webp\/2024\/10\/KSTAR_exhibitor_1080x1080-1024x1024.png.webp 1024w, https:\/\/energyexpo.ro\/wp-content\/smush-webp\/2024\/10\/KSTAR_exhibitor_1080x1080-150x150.png.webp 150w, https:\/\/energyexpo.ro\/wp-content\/smush-webp\/2024\/10\/KSTAR_exhibitor_1080x1080-768x768.png.webp 768w, https:\/\/energyexpo.ro\/wp-content\/smush-webp\/2024\/10\/KSTAR_exhibitor_1080x1080-1536x1536.png.webp 1536w, https:\/\/energyexpo.ro\/wp-content\/smush-webp\/2024\/10\/KSTAR_exhibitor_1080x1080-2048x2048.png.webp 2048w, https:\/\/energyexpo.ro\/wp-content\/smush-webp\/2024\/10\/KSTAR_exhibitor_1080x1080-12x12.png.webp 12w\" data-sizes=\"(max-width: 3375px) 100vw, 3375px\" src=\"data:image\/gif;base64,R0lGODlhAQABAAAAACH5BAEKAAEALAAAAAABAAEAAAICTAEAOw==\" style=\"--smush-placeholder-width: 3375px; --smush-placeholder-aspect-ratio: 3375\/3375;\" data-smush-webp-fallback=\"{&quot;data-srcset&quot;:&quot;https:\\\/\\\/energyexpo.ro\\\/wp-content\\\/uploads\\\/2024\\\/10\\\/KSTAR_exhibitor_1080x1080.png 3375w, https:\\\/\\\/energyexpo.ro\\\/wp-content\\\/uploads\\\/2024\\\/10\\\/KSTAR_exhibitor_1080x1080-300x300.png 300w, https:\\\/\\\/energyexpo.ro\\\/wp-content\\\/uploads\\\/2024\\\/10\\\/KSTAR_exhibitor_1080x1080-1024x1024.png 1024w, https:\\\/\\\/energyexpo.ro\\\/wp-content\\\/uploads\\\/2024\\\/10\\\/KSTAR_exhibitor_1080x1080-150x150.png 150w, https:\\\/\\\/energyexpo.ro\\\/wp-content\\\/uploads\\\/2024\\\/10\\\/KSTAR_exhibitor_1080x1080-768x768.png 768w, https:\\\/\\\/energyexpo.ro\\\/wp-content\\\/uploads\\\/2024\\\/10\\\/KSTAR_exhibitor_1080x1080-1536x1536.png 1536w, https:\\\/\\\/energyexpo.ro\\\/wp-content\\\/uploads\\\/2024\\\/10\\\/KSTAR_exhibitor_1080x1080-2048x2048.png 2048w, https:\\\/\\\/energyexpo.ro\\\/wp-content\\\/uploads\\\/2024\\\/10\\\/KSTAR_exhibitor_1080x1080-12x12.png 12w&quot;}\" \/>\t\t\t\t\t\t\n\t\t\t\t\t<\/div>\n\t\t\t\t\t\t\t\t\n<style>\n#image_1424643187 {\n  width: 100%;\n}\n<\/style>\n\t<\/div>\n\t\n\t\t<\/div>\n\t\t\t\t\t<\/div>\n\n\t\n<\/div>\n\t\t<\/div>\n\n\t\t\n<style>\n#section_397277812 {\n  padding-top: 50px;\n  padding-bottom: 50px;\n  background-color: rgb(246, 246, 246);\n}\n<\/style>\n\t<\/section>\n\t\n\n\t<section class=\"section\" id=\"section_1460224587\">\n\t\t<div class=\"section-bg fill\" >\n\t\t\t\t\t\t\t\t\t\n\t\t\t\n\n\t\t<\/div>\n\n\t\t\n\n\t\t<div class=\"section-content relative\">\n\t\t\t\n\n<div class=\"row\"  id=\"row-2062680650\">\n\n\n\t<div id=\"col-1818824651\" class=\"col cwp small-12 large-12\"  >\n\t\t\t\t<div class=\"col-inner\"  >\n\t\t\t\n\t\t\t\n\n\t<div id=\"text-968033675\" class=\"text pwmb\">\n\t\t\n\n<p><span style=\"font-size: 90%;\">Expozan\u021bii sunt singurii responsabili pentru informa\u021biile furnizate \u00een aceast\u0103 sec\u021biune, ob\u021binute fie direct de la expozan\u021bi, fie de pe site-ul lor oficial.<\/span><\/p>\n\t\t\n<style>\n#text-968033675 {\n  text-align: center;\n  color: rgb(255,255,255);\n}\n#text-968033675 > * {\n  color: rgb(255,255,255);\n}\n<\/style>\n\t<\/div>\n\t\n\n\t\t<\/div>\n\t\t\t\t\t<\/div>\n\n\t\n\n<\/div>\n\n\t\t<\/div>\n\n\t\t\n<style>\n#section_1460224587 {\n  padding-top: 30px;\n  padding-bottom: 30px;\n  background-color: #26408f;\n}\n<\/style>\n\t<\/section>","protected":false},"excerpt":{"rendered":"","protected":false},"author":1,"featured_media":0,"parent":1192,"menu_order":0,"comment_status":"closed","ping_status":"closed","template":"page-blank.php","meta":{"inline_featured_image":false,"footnotes":""},"class_list":["post-4104","page","type-page","status-publish","hentry"],"_links":{"self":[{"href":"https:\/\/energyexpo.ro\/ro\/wp-json\/wp\/v2\/pages\/4104","targetHints":{"allow":["GET"]}}],"collection":[{"href":"https:\/\/energyexpo.ro\/ro\/wp-json\/wp\/v2\/pages"}],"about":[{"href":"https:\/\/energyexpo.ro\/ro\/wp-json\/wp\/v2\/types\/page"}],"author":[{"embeddable":true,"href":"https:\/\/energyexpo.ro\/ro\/wp-json\/wp\/v2\/users\/1"}],"replies":[{"embeddable":true,"href":"https:\/\/energyexpo.ro\/ro\/wp-json\/wp\/v2\/comments?post=4104"}],"version-history":[{"count":2,"href":"https:\/\/energyexpo.ro\/ro\/wp-json\/wp\/v2\/pages\/4104\/revisions"}],"predecessor-version":[{"id":4107,"href":"https:\/\/energyexpo.ro\/ro\/wp-json\/wp\/v2\/pages\/4104\/revisions\/4107"}],"up":[{"embeddable":true,"href":"https:\/\/energyexpo.ro\/ro\/wp-json\/wp\/v2\/pages\/1192"}],"wp:attachment":[{"href":"https:\/\/energyexpo.ro\/ro\/wp-json\/wp\/v2\/media?parent=4104"}],"curies":[{"name":"wp","href":"https:\/\/api.w.org\/{rel}","templated":true}]}}