{"id":4127,"date":"2024-10-09T20:27:49","date_gmt":"2024-10-09T20:27:49","guid":{"rendered":"https:\/\/energyexpo.ro\/?page_id=4127"},"modified":"2024-10-09T20:28:26","modified_gmt":"2024-10-09T20:28:26","slug":"meesenburg-gmbh-co-kg","status":"publish","type":"page","link":"https:\/\/energyexpo.ro\/ro\/exhibitors\/meesenburg-gmbh-co-kg\/","title":{"rendered":"Meesenburg GmbH &amp; Co. KG"},"content":{"rendered":"<section class=\"section\" id=\"section_1975769862\">\n\t\t<div class=\"section-bg fill\" >\n\t\t\t\t\t\t\t\t\t\n\t\t\t\n\n\t\t<\/div>\n\n\t\t\n\n\t\t<div class=\"section-content relative\">\n\t\t\t\n<div class=\"row align-middle\"  id=\"row-1875059397\">\n\n\t<div id=\"col-1051052246\" class=\"col cwp medium-6 small-12 large-6\"  >\n\t\t\t\t<div class=\"col-inner\"  >\n\t\t\t\n\t\t\t\n\t<div id=\"text-1962271524\" class=\"text pwmb\">\n\t\t\n<p class=\"lead\"><strong>Meesenburg GmbH &amp; Co. KG<\/strong><\/p>\n\t\t\n<style>\n#text-1962271524 {\n  font-size: 1.5rem;\n  color: #26408f;\n}\n#text-1962271524 > * {\n  color: #26408f;\n}\n<\/style>\n\t<\/div>\n\t\n\t<div id=\"text-2932197795\" class=\"text\">\n\t\t\n<p>TEHNOLOGII PENTRU CL\u0102DIRI INTELIGENTE \u0218I EFICIEN\u021a\u0102 ENERGETIC\u0102<\/p>\n\t\t\n<style>\n#text-2932197795 {\n  color: #26408f;\n}\n#text-2932197795 > * {\n  color: #26408f;\n}\n<\/style>\n\t<\/div>\n\t\n<p>\"Compania Meesenburg este o afacere de familie fondat\u0103 \u00een Flensburg, Germania \u00een anul 1758. Ast\u0103zi, Meesenburg sunt peste 50 de reprezentan\u021be \u00een toat\u0103 lumea \u0219i export\u0103 produse \u0219i servicii \u00een 29 de \u021b\u0103ri.<\/p>\n<p>\u00cen 2016, \u00een urma unei achizi\u021bii, apare filiala Meesenburg Rom\u00e2nia cu sediul la T\u00e2rgu Mure\u0219. \u00cen prezent, \u00een Rom\u00e2nia avem 4 puncte de lucru - \u00een jud. Mure\u0219, \u00een jud. Timi\u0219, \u00een jud. Bac\u0103u \u0219i \u00een Bucure\u0219ti. Adresa exact\u0103 a acestora este prezent\u0103 \u00een pagina de contact a site-ului meesenburg.ro<\/p>\n<p>Expertiza noastr\u0103 vast\u0103 pe pia\u021ba de comer\u021b a produselor de construc\u021bie o punem ast\u0103zi la dispozi\u021bia me\u0219terilor \u0219i meseria\u0219ilor din Rom\u00e2nia.<\/p>\n<p>Zi de zi comunic\u0103m cu partenerii no\u0219tri, urm\u0103rim toate tendin\u021bele actuale \u0219i \u0219tim ce produse \u0219i servicii ar putea fi interesante pentru des\u0103v\u00e2r\u0219irea me\u0219te\u0219ugului. Oferta noastr\u0103 de produse se reg\u0103se\u0219te acum \u0219i online la adresa https:\/\/meesenburg.ro \u00eentr-un magazin modern \u0219i u\u0219or de folosit.\"<\/p>\n<a href=\"https:\/\/meesenburg.ro\/\" class=\"button secondary\" target=\"_blank\" rel=\"noopener\">\n\t\t<span>Afl\u0103 mai multe<\/span>\n\t<\/a>\n\n\t\t<\/div>\n\t\t\t\t\n<style>\n#col-1051052246 > .col-inner {\n  padding: 0px 0px 0px 0px;\n}\n@media (min-width:550px) {\n  #col-1051052246 > .col-inner {\n    padding: 0px 50px 0px 0px;\n  }\n}\n<\/style>\n\t<\/div>\n\n\t\n\n\t<div id=\"col-468158545\" class=\"col cwp medium-6 small-12 large-6 small-col-first\"  >\n\t\t\t\t<div class=\"col-inner\"  >\n\t\t\t\n\t\t\t\n\t<div class=\"img has-hover x md-x lg-x y md-y lg-y\" id=\"image_1209211089\">\n\t\t\t\t\t\t\t\t<div class=\"img-inner dark\" >\n\t\t\t<img decoding=\"async\" width=\"3375\" height=\"3375\" data-src=\"https:\/\/energyexpo.ro\/wp-content\/uploads\/2024\/10\/Meesenburg_exhibitor_1080x1080.png\" class=\"attachment-original size-original lazyload\" alt=\"\" data-srcset=\"https:\/\/energyexpo.ro\/wp-content\/uploads\/2024\/10\/Meesenburg_exhibitor_1080x1080.png 3375w, https:\/\/energyexpo.ro\/wp-content\/smush-webp\/2024\/10\/Meesenburg_exhibitor_1080x1080-300x300.png.webp 300w, https:\/\/energyexpo.ro\/wp-content\/smush-webp\/2024\/10\/Meesenburg_exhibitor_1080x1080-1024x1024.png.webp 1024w, https:\/\/energyexpo.ro\/wp-content\/smush-webp\/2024\/10\/Meesenburg_exhibitor_1080x1080-150x150.png.webp 150w, https:\/\/energyexpo.ro\/wp-content\/smush-webp\/2024\/10\/Meesenburg_exhibitor_1080x1080-768x768.png.webp 768w, https:\/\/energyexpo.ro\/wp-content\/smush-webp\/2024\/10\/Meesenburg_exhibitor_1080x1080-1536x1536.png.webp 1536w, https:\/\/energyexpo.ro\/wp-content\/smush-webp\/2024\/10\/Meesenburg_exhibitor_1080x1080-2048x2048.png.webp 2048w, https:\/\/energyexpo.ro\/wp-content\/smush-webp\/2024\/10\/Meesenburg_exhibitor_1080x1080-12x12.png.webp 12w\" data-sizes=\"(max-width: 3375px) 100vw, 3375px\" src=\"data:image\/gif;base64,R0lGODlhAQABAAAAACH5BAEKAAEALAAAAAABAAEAAAICTAEAOw==\" style=\"--smush-placeholder-width: 3375px; --smush-placeholder-aspect-ratio: 3375\/3375;\" data-smush-webp-fallback=\"{&quot;data-srcset&quot;:&quot;https:\\\/\\\/energyexpo.ro\\\/wp-content\\\/uploads\\\/2024\\\/10\\\/Meesenburg_exhibitor_1080x1080.png 3375w, https:\\\/\\\/energyexpo.ro\\\/wp-content\\\/uploads\\\/2024\\\/10\\\/Meesenburg_exhibitor_1080x1080-300x300.png 300w, https:\\\/\\\/energyexpo.ro\\\/wp-content\\\/uploads\\\/2024\\\/10\\\/Meesenburg_exhibitor_1080x1080-1024x1024.png 1024w, https:\\\/\\\/energyexpo.ro\\\/wp-content\\\/uploads\\\/2024\\\/10\\\/Meesenburg_exhibitor_1080x1080-150x150.png 150w, https:\\\/\\\/energyexpo.ro\\\/wp-content\\\/uploads\\\/2024\\\/10\\\/Meesenburg_exhibitor_1080x1080-768x768.png 768w, https:\\\/\\\/energyexpo.ro\\\/wp-content\\\/uploads\\\/2024\\\/10\\\/Meesenburg_exhibitor_1080x1080-1536x1536.png 1536w, https:\\\/\\\/energyexpo.ro\\\/wp-content\\\/uploads\\\/2024\\\/10\\\/Meesenburg_exhibitor_1080x1080-2048x2048.png 2048w, https:\\\/\\\/energyexpo.ro\\\/wp-content\\\/uploads\\\/2024\\\/10\\\/Meesenburg_exhibitor_1080x1080-12x12.png 12w&quot;}\" \/>\t\t\t\t\t\t\n\t\t\t\t\t<\/div>\n\t\t\t\t\t\t\t\t\n<style>\n#image_1209211089 {\n  width: 100%;\n}\n<\/style>\n\t<\/div>\n\t\n\t\t<\/div>\n\t\t\t\t\t<\/div>\n\n\t\n<\/div>\n\t\t<\/div>\n\n\t\t\n<style>\n#section_1975769862 {\n  padding-top: 50px;\n  padding-bottom: 50px;\n  background-color: rgb(246, 246, 246);\n}\n<\/style>\n\t<\/section>\n\t\n\n\t<section class=\"section\" id=\"section_252169268\">\n\t\t<div class=\"section-bg fill\" >\n\t\t\t\t\t\t\t\t\t\n\t\t\t\n\n\t\t<\/div>\n\n\t\t\n\n\t\t<div class=\"section-content relative\">\n\t\t\t\n\n<div class=\"row\"  id=\"row-1181984271\">\n\n\n\t<div id=\"col-1553219776\" class=\"col cwp small-12 large-12\"  >\n\t\t\t\t<div class=\"col-inner\"  >\n\t\t\t\n\t\t\t\n\n\t<div id=\"text-2426371611\" class=\"text pwmb\">\n\t\t\n\n<p><span style=\"font-size: 90%;\">Expozan\u021bii sunt singurii responsabili pentru informa\u021biile furnizate \u00een aceast\u0103 sec\u021biune, ob\u021binute fie direct de la expozan\u021bi, fie de pe site-ul lor oficial.<\/span><\/p>\n\t\t\n<style>\n#text-2426371611 {\n  text-align: center;\n  color: rgb(255,255,255);\n}\n#text-2426371611 > * {\n  color: rgb(255,255,255);\n}\n<\/style>\n\t<\/div>\n\t\n\n\t\t<\/div>\n\t\t\t\t\t<\/div>\n\n\t\n\n<\/div>\n\n\t\t<\/div>\n\n\t\t\n<style>\n#section_252169268 {\n  padding-top: 30px;\n  padding-bottom: 30px;\n  background-color: #26408f;\n}\n<\/style>\n\t<\/section>","protected":false},"excerpt":{"rendered":"","protected":false},"author":1,"featured_media":0,"parent":1192,"menu_order":0,"comment_status":"closed","ping_status":"closed","template":"page-blank.php","meta":{"inline_featured_image":false,"footnotes":""},"class_list":["post-4127","page","type-page","status-publish","hentry"],"_links":{"self":[{"href":"https:\/\/energyexpo.ro\/ro\/wp-json\/wp\/v2\/pages\/4127","targetHints":{"allow":["GET"]}}],"collection":[{"href":"https:\/\/energyexpo.ro\/ro\/wp-json\/wp\/v2\/pages"}],"about":[{"href":"https:\/\/energyexpo.ro\/ro\/wp-json\/wp\/v2\/types\/page"}],"author":[{"embeddable":true,"href":"https:\/\/energyexpo.ro\/ro\/wp-json\/wp\/v2\/users\/1"}],"replies":[{"embeddable":true,"href":"https:\/\/energyexpo.ro\/ro\/wp-json\/wp\/v2\/comments?post=4127"}],"version-history":[{"count":2,"href":"https:\/\/energyexpo.ro\/ro\/wp-json\/wp\/v2\/pages\/4127\/revisions"}],"predecessor-version":[{"id":4130,"href":"https:\/\/energyexpo.ro\/ro\/wp-json\/wp\/v2\/pages\/4127\/revisions\/4130"}],"up":[{"embeddable":true,"href":"https:\/\/energyexpo.ro\/ro\/wp-json\/wp\/v2\/pages\/1192"}],"wp:attachment":[{"href":"https:\/\/energyexpo.ro\/ro\/wp-json\/wp\/v2\/media?parent=4127"}],"curies":[{"name":"wp","href":"https:\/\/api.w.org\/{rel}","templated":true}]}}