{"id":4131,"date":"2024-10-09T20:28:48","date_gmt":"2024-10-09T20:28:48","guid":{"rendered":"https:\/\/energyexpo.ro\/?page_id=4131"},"modified":"2024-10-09T20:29:23","modified_gmt":"2024-10-09T20:29:23","slug":"ox2-a-b-stockholm","status":"publish","type":"page","link":"https:\/\/energyexpo.ro\/ro\/exhibitors\/ox2-a-b-stockholm\/","title":{"rendered":"OX2 A.B. STOCKHOLM"},"content":{"rendered":"<section class=\"section\" id=\"section_1793195927\">\n\t\t<div class=\"section-bg fill\" >\n\t\t\t\t\t\t\t\t\t\n\t\t\t\n\n\t\t<\/div>\n\n\t\t\n\n\t\t<div class=\"section-content relative\">\n\t\t\t\n<div class=\"row align-middle\"  id=\"row-1865220200\">\n\n\t<div id=\"col-1895860190\" class=\"col cwp medium-6 small-12 large-6\"  >\n\t\t\t\t<div class=\"col-inner\"  >\n\t\t\t\n\t\t\t\n\t<div id=\"text-990415093\" class=\"text pwmb\">\n\t\t\n<p class=\"lead\"><strong>OX2 A.B. STOCKHOLM<\/strong><\/p>\n\t\t\n<style>\n#text-990415093 {\n  font-size: 1.5rem;\n  color: #26408f;\n}\n#text-990415093 > * {\n  color: #26408f;\n}\n<\/style>\n\t<\/div>\n\t\n\t<div id=\"text-2501332145\" class=\"text\">\n\t\t\n<p>ENERGIE EOLIAN\u0102; CENTRALE SOLARE FOTOVOLTAICE (PV); BATERII \u0218I SISTEME DE STOCARE; HIDROGEN VERDE<\/p>\n\t\t\n<style>\n#text-2501332145 {\n  color: #26408f;\n}\n#text-2501332145 > * {\n  color: #26408f;\n}\n<\/style>\n\t<\/div>\n\t\n<p>OX2 este un dezvoltator de top \u00een domeniul energiei regenerabile, cu un portofoliul larg de proiecte eoliene onshore \u0219i offshore, proiecte solare \u0219i de stocare a energiei, dezvoltate intern sau achizi\u021bionate, aflate \u00een diferite faze de dezvoltare. Compania este activ\u0103 \u0219i \u00een dezvoltarea de proiecte bazate pe alte tehnologii de energie regenerabil\u0103, cum ar fi hidrogenul. OX2 \u00ee\u0219i desf\u0103\u0219oar\u0103 activitatea pe unsprezece pie\u021be din Europa: Suedia, Norvegia, Finlanda, Estonia, Lituania, Polonia, Rom\u00e2nia, Fran\u021ba, Spania, Italia \u0219i Grecia. Compania a intrat pe pia\u021ba rom\u00e2neasc\u0103 \u00een 2021, unde a format o echip\u0103 local\u0103 \u0219i \u0219i-a m\u0103rit portofoliul la cinci proiecte eoliene onshore, cu o capacitate total\u0103 de 620 MW.  Strategia OX2 \u00een Rom\u00e2nia este de cre\u0219tere \u0219i diversificare a tehnologiilor din energia regenerabil\u0103 - eolian\u0103, fotovoltaic\u0103, stocare \u0219i hidrogen.<\/p>\n<a href=\"https:\/\/www.ox2.com\/ro\/romania\/\" class=\"button secondary\" target=\"_blank\" rel=\"noopener\">\n\t\t<span>Afl\u0103 mai multe<\/span>\n\t<\/a>\n\n\t\t<\/div>\n\t\t\t\t\n<style>\n#col-1895860190 > .col-inner {\n  padding: 0px 0px 0px 0px;\n}\n@media (min-width:550px) {\n  #col-1895860190 > .col-inner {\n    padding: 0px 50px 0px 0px;\n  }\n}\n<\/style>\n\t<\/div>\n\n\t\n\n\t<div id=\"col-2110948469\" class=\"col cwp medium-6 small-12 large-6 small-col-first\"  >\n\t\t\t\t<div class=\"col-inner\"  >\n\t\t\t\n\t\t\t\n\t<div class=\"img has-hover x md-x lg-x y md-y lg-y\" id=\"image_1695354541\">\n\t\t\t\t\t\t\t\t<div class=\"img-inner dark\" >\n\t\t\t<img decoding=\"async\" width=\"3375\" height=\"3375\" data-src=\"https:\/\/energyexpo.ro\/wp-content\/uploads\/2024\/10\/OX2_exhibitor_1080x1080.png\" class=\"attachment-original size-original lazyload\" alt=\"\" data-srcset=\"https:\/\/energyexpo.ro\/wp-content\/uploads\/2024\/10\/OX2_exhibitor_1080x1080.png 3375w, https:\/\/energyexpo.ro\/wp-content\/smush-webp\/2024\/10\/OX2_exhibitor_1080x1080-300x300.png.webp 300w, https:\/\/energyexpo.ro\/wp-content\/smush-webp\/2024\/10\/OX2_exhibitor_1080x1080-1024x1024.png.webp 1024w, https:\/\/energyexpo.ro\/wp-content\/smush-webp\/2024\/10\/OX2_exhibitor_1080x1080-150x150.png.webp 150w, https:\/\/energyexpo.ro\/wp-content\/smush-webp\/2024\/10\/OX2_exhibitor_1080x1080-768x768.png.webp 768w, https:\/\/energyexpo.ro\/wp-content\/smush-webp\/2024\/10\/OX2_exhibitor_1080x1080-1536x1536.png.webp 1536w, https:\/\/energyexpo.ro\/wp-content\/smush-webp\/2024\/10\/OX2_exhibitor_1080x1080-2048x2048.png.webp 2048w, https:\/\/energyexpo.ro\/wp-content\/smush-webp\/2024\/10\/OX2_exhibitor_1080x1080-12x12.png.webp 12w\" data-sizes=\"(max-width: 3375px) 100vw, 3375px\" src=\"data:image\/gif;base64,R0lGODlhAQABAAAAACH5BAEKAAEALAAAAAABAAEAAAICTAEAOw==\" style=\"--smush-placeholder-width: 3375px; --smush-placeholder-aspect-ratio: 3375\/3375;\" data-smush-webp-fallback=\"{&quot;data-srcset&quot;:&quot;https:\\\/\\\/energyexpo.ro\\\/wp-content\\\/uploads\\\/2024\\\/10\\\/OX2_exhibitor_1080x1080.png 3375w, https:\\\/\\\/energyexpo.ro\\\/wp-content\\\/uploads\\\/2024\\\/10\\\/OX2_exhibitor_1080x1080-300x300.png 300w, https:\\\/\\\/energyexpo.ro\\\/wp-content\\\/uploads\\\/2024\\\/10\\\/OX2_exhibitor_1080x1080-1024x1024.png 1024w, https:\\\/\\\/energyexpo.ro\\\/wp-content\\\/uploads\\\/2024\\\/10\\\/OX2_exhibitor_1080x1080-150x150.png 150w, https:\\\/\\\/energyexpo.ro\\\/wp-content\\\/uploads\\\/2024\\\/10\\\/OX2_exhibitor_1080x1080-768x768.png 768w, https:\\\/\\\/energyexpo.ro\\\/wp-content\\\/uploads\\\/2024\\\/10\\\/OX2_exhibitor_1080x1080-1536x1536.png 1536w, https:\\\/\\\/energyexpo.ro\\\/wp-content\\\/uploads\\\/2024\\\/10\\\/OX2_exhibitor_1080x1080-2048x2048.png 2048w, https:\\\/\\\/energyexpo.ro\\\/wp-content\\\/uploads\\\/2024\\\/10\\\/OX2_exhibitor_1080x1080-12x12.png 12w&quot;}\" \/>\t\t\t\t\t\t\n\t\t\t\t\t<\/div>\n\t\t\t\t\t\t\t\t\n<style>\n#image_1695354541 {\n  width: 100%;\n}\n<\/style>\n\t<\/div>\n\t\n\t\t<\/div>\n\t\t\t\t\t<\/div>\n\n\t\n<\/div>\n\t\t<\/div>\n\n\t\t\n<style>\n#section_1793195927 {\n  padding-top: 50px;\n  padding-bottom: 50px;\n  background-color: rgb(246, 246, 246);\n}\n<\/style>\n\t<\/section>\n\t\n\n\t<section class=\"section\" id=\"section_315756554\">\n\t\t<div class=\"section-bg fill\" >\n\t\t\t\t\t\t\t\t\t\n\t\t\t\n\n\t\t<\/div>\n\n\t\t\n\n\t\t<div class=\"section-content relative\">\n\t\t\t\n\n<div class=\"row\"  id=\"row-996477101\">\n\n\n\t<div id=\"col-1290505006\" class=\"col cwp small-12 large-12\"  >\n\t\t\t\t<div class=\"col-inner\"  >\n\t\t\t\n\t\t\t\n\n\t<div id=\"text-2496122239\" class=\"text pwmb\">\n\t\t\n\n<p><span style=\"font-size: 90%;\">Expozan\u021bii sunt singurii responsabili pentru informa\u021biile furnizate \u00een aceast\u0103 sec\u021biune, ob\u021binute fie direct de la expozan\u021bi, fie de pe site-ul lor oficial.<\/span><\/p>\n\t\t\n<style>\n#text-2496122239 {\n  text-align: center;\n  color: rgb(255,255,255);\n}\n#text-2496122239 > * {\n  color: rgb(255,255,255);\n}\n<\/style>\n\t<\/div>\n\t\n\n\t\t<\/div>\n\t\t\t\t\t<\/div>\n\n\t\n\n<\/div>\n\n\t\t<\/div>\n\n\t\t\n<style>\n#section_315756554 {\n  padding-top: 30px;\n  padding-bottom: 30px;\n  background-color: #26408f;\n}\n<\/style>\n\t<\/section>","protected":false},"excerpt":{"rendered":"","protected":false},"author":1,"featured_media":0,"parent":1192,"menu_order":0,"comment_status":"closed","ping_status":"closed","template":"page-blank.php","meta":{"inline_featured_image":false,"footnotes":""},"class_list":["post-4131","page","type-page","status-publish","hentry"],"_links":{"self":[{"href":"https:\/\/energyexpo.ro\/ro\/wp-json\/wp\/v2\/pages\/4131","targetHints":{"allow":["GET"]}}],"collection":[{"href":"https:\/\/energyexpo.ro\/ro\/wp-json\/wp\/v2\/pages"}],"about":[{"href":"https:\/\/energyexpo.ro\/ro\/wp-json\/wp\/v2\/types\/page"}],"author":[{"embeddable":true,"href":"https:\/\/energyexpo.ro\/ro\/wp-json\/wp\/v2\/users\/1"}],"replies":[{"embeddable":true,"href":"https:\/\/energyexpo.ro\/ro\/wp-json\/wp\/v2\/comments?post=4131"}],"version-history":[{"count":2,"href":"https:\/\/energyexpo.ro\/ro\/wp-json\/wp\/v2\/pages\/4131\/revisions"}],"predecessor-version":[{"id":4134,"href":"https:\/\/energyexpo.ro\/ro\/wp-json\/wp\/v2\/pages\/4131\/revisions\/4134"}],"up":[{"embeddable":true,"href":"https:\/\/energyexpo.ro\/ro\/wp-json\/wp\/v2\/pages\/1192"}],"wp:attachment":[{"href":"https:\/\/energyexpo.ro\/ro\/wp-json\/wp\/v2\/media?parent=4131"}],"curies":[{"name":"wp","href":"https:\/\/api.w.org\/{rel}","templated":true}]}}