{"id":4676,"date":"2025-04-01T08:18:46","date_gmt":"2025-04-01T08:18:46","guid":{"rendered":"https:\/\/energyexpo.ro\/?page_id=4676"},"modified":"2025-04-01T08:18:46","modified_gmt":"2025-04-01T08:18:46","slug":"app-privacy-policy","status":"publish","type":"page","link":"https:\/\/energyexpo.ro\/ro\/app-privacy-policy\/","title":{"rendered":"Politica de confiden\u021bialitate a aplica\u021biei"},"content":{"rendered":"<h1 style=\"text-align: center;\"><b>POLITICA DE CONFIDEN\u021aIALITATE A APLICA\u021aIEI<\/b><\/h1>\n<h1 style=\"text-align: center;\"><b>\u00a0EXPO ENERGIE<\/b><\/h1>\n<p style=\"text-align: center;\"><b>\u00a0Ultima actualizare: 1 februarie<\/b><b>st<\/b><b>, 2025<\/b><\/p>\n<h2><b>1. DEFINI\u021aII CHEIE<\/b><\/h2>\n<p>\u00cen Politica noastr\u0103 de confiden\u021bialitate, precum \u0219i \u00een alte documente pe care le folosim \u00een ceea ce prive\u0219te prelucrarea datelor, defini\u021biile de mai jos au urm\u0103torul \u00een\u021beles:<\/p>\n<ul>\n<li aria-level=\"1\">Date cu caracter personal - \u00eenseamn\u0103 orice informa\u021bie referitoare la o persoan\u0103 fizic\u0103 identificat\u0103 sau identificabil\u0103. O persoan\u0103 fizic\u0103 identificabil\u0103 este o persoan\u0103 care poate fi identificat\u0103, direct sau indirect, \u00een special prin referire la un identificator precum un nume, un num\u0103r de identificare, date de localizare, un identificator online sau la unul sau mai mul\u021bi factori specifici identit\u0103\u021bii fizice, fiziologice, genetice, psihice, economice, culturale sau sociale a persoanei fizice respective;<\/li>\n<li aria-level=\"1\">Prelucrare - \u00eenseamn\u0103 orice opera\u021biune sau set de opera\u021biuni efectuate cu privire la date cu caracter personal sau la seturi de date cu caracter personal, prin mijloace automatizate sau nu. De exemplu, colectarea, \u00eenregistrarea, organizarea, structurarea, stocarea, adaptarea sau modificarea, extragerea, consultarea, utilizarea, divulgarea prin transmitere, diseminare sau punere la dispozi\u021bie \u00een alt mod, alinierea sau combinarea, restric\u021bionarea, \u0219tergerea sau distrugerea sunt considerate prelucrare;<\/li>\n<li aria-level=\"1\">Operator - \u00eenseamn\u0103 persoana fizic\u0103 sau juridic\u0103, autoritatea public\u0103, agen\u021bia sau alt organism care, singur sau \u00eempreun\u0103 cu al\u021bii, stabile\u0219te scopurile \u0219i mijloacele de prelucrare a datelor cu caracter personal; \u00een cazul \u00een care scopurile \u0219i mijloacele unei astfel de prelucr\u0103ri sunt stabilite prin dreptul Uniunii sau al statelor membre, operatorul sau criteriile specifice pentru desemnarea acestuia pot fi prev\u0103zute de dreptul Uniunii sau al statelor membre;<\/li>\n<li aria-level=\"1\">Procesator - \u00eenseamn\u0103 o persoan\u0103 fizic\u0103 sau juridic\u0103, o autoritate public\u0103, o agen\u021bie sau un alt organism care prelucreaz\u0103 date cu caracter personal \u00een numele operatorului;<\/li>\n<\/ul>\n<p><b>Administratorul datelor dumneavoastr\u0103 cu caracter personal este MTR MEDIA GROUP SRL, cu sediul social \u00een Rom\u00e2nia \u0219i adresa: Calea Republicii 85, Oradea, cod de identificare fiscal\u0103 RO 31573008.\u00a0<\/b><\/p>\n<p><b>Prelucr\u0103torul datelor dumneavoastr\u0103 cu caracter personal este Meeting Application sp. z o.o. (Ltd.) cu sediul \u00een Wroc\u0142aw, adresa: ul. \u015bw. Antoniego 15 (50 - 073 Wroc\u0142aw), capital social:<\/b><\/p>\n<p><b>47.200,00 PLN, pl\u0103tit\u0103 integral, nr. de identificare fiscal\u0103 (NIP): 8992738060, nr. statistic (REGON): 021940356, \u00eenscris\u0103 \u00een registrul antreprenorilor din Registrul Na\u021bional al Instan\u021belor, \u021binut de Tribunalul Districtual din Wroclaw, Sec\u021bia a VI-a Comercial\u0103 a Registrului Na\u021bional al Instan\u021belor sub nr. KRS: 0000433314.<\/b><\/p>\n<ul>\n<li aria-level=\"1\">Responsabil cu protec\u021bia datelor (DPO) - \u00eenseamn\u0103 o persoan\u0103 special desemnat\u0103 de operator sau de prelucr\u0103tor pentru a sprijini una dintre entit\u0103\u021bile men\u021bionate mai sus \u00een \u00eendeplinirea obliga\u021biilor privind protec\u021bia datelor cu caracter personal, care decurg din reglement\u0103rile obligatorii din punct de vedere juridic.<b> Responsabilul cu protec\u021bia datelor care \u00ee\u0219i \u00eendepline\u0219te atribu\u021biile \u00een ceea ce prive\u0219te prelucrarea datelor dumneavoastr\u0103 cu caracter personal este (Nicoleta Maxinoaei, info@energyexpo.ro)<\/b><\/li>\n<\/ul>\n<ul>\n<li aria-level=\"1\">Motive ale prelucr\u0103rii datelor cu caracter personal - motive legal definite ale prelucr\u0103rii legale a datelor cu caracter personal. Urm\u0103toarele motive deriv\u0103 din anumite articole ale Regulamentului (UE) 2016\/679 al Parlamentului European \u0219i al Consiliului din 27 aprilie 2016 privind protec\u021bia persoanelor fizice \u00een ceea ce prive\u0219te prelucrarea datelor cu caracter personal \u0219i privind libera circula\u021bie a acestor date \u0219i de abrogare a Directivei 95\/46\/CE (Regulamentul general privind protec\u021bia datelor, denumit \u00een continuare: \"GDPR\"):<\/li>\n<\/ul>\n<ol>\n<li aria-level=\"1\">6 sec. 1 litera a) din GDPR - persoana vizat\u0103 \u0219i-a dat consim\u021b\u0103m\u00e2ntul pentru prelucrarea datelor sale cu caracter personal \u00een unul sau mai multe scopuri specifice;;<\/li>\n<li aria-level=\"1\">6 sec. 1 litera b) din GDPR - prelucrarea este necesar\u0103 pentru executarea unui contract la care persoana vizat\u0103 este parte sau pentru a lua m\u0103suri la cererea persoanei vizate \u00eenainte de \u00eencheierea unui contract;<\/li>\n<li aria-level=\"1\">6 sec. 1 litera c) din GDPR - prelucrarea este necesar\u0103 pentru respectarea unei obliga\u021bii legale la care este supus operatorul;<\/li>\n<li aria-level=\"1\">6 sec. 1 litera d) din GDPR - prelucrarea este necesar\u0103 pentru a proteja interesele vitale ale persoanei vizate sau ale unei alte persoane fizice;<\/li>\n<li aria-level=\"1\">6 sec. 1 litera e) din GDPR - prelucrarea este necesar\u0103 pentru \u00eendeplinirea unei sarcini de interes public sau \u00een exercitarea autorit\u0103\u021bii publice cu care este \u00eenvestit operatorul;<\/li>\n<li aria-level=\"1\">\u00a06 sec. 1 litera f) din RGPD - prelucrarea este necesar\u0103 \u00een scopul intereselor legitime urm\u0103rite de operator sau de o parte ter\u021b\u0103, cu excep\u021bia cazului \u00een care aceste interese sunt dep\u0103\u0219ite de interesele sau drepturile \u0219i libert\u0103\u021bile fundamentale ale persoanei vizate care necesit\u0103 protec\u021bia datelor cu caracter personal, \u00een special atunci c\u00e2nd persoana vizat\u0103 este un copil.<\/li>\n<\/ol>\n<ul>\n<li aria-level=\"1\">Destinatar al datelor cu caracter personal - \u00eenseamn\u0103 o persoan\u0103 fizic\u0103 sau juridic\u0103, o autoritate public\u0103, o agen\u021bie sau un alt organism c\u0103ruia \u00eei sunt divulgate datele cu caracter personal, indiferent dac\u0103 este sau nu o parte ter\u021b\u0103. Cu toate acestea, autorit\u0103\u021bile publice care pot primi date cu caracter personal \u00een cadrul unei anumite anchete \u00een conformitate cu dreptul Uniunii sau al statelor membre nu sunt considerate destinatari;<\/li>\n<li aria-level=\"1\">Consim\u021b\u0103m\u00e2ntul pentru prelucrarea datelor cu caracter personal - al persoanei vizate \u00eenseamn\u0103 orice manifestare liber\u0103, specific\u0103, informat\u0103 \u0219i lipsit\u0103 de ambiguitate a dorin\u021belor persoanei vizate prin care aceasta, printr-o declara\u021bie sau printr-o ac\u021biune afirmativ\u0103 clar\u0103, \u00ee\u0219i exprim\u0103 acordul pentru prelucrarea datelor cu caracter personal care o privesc;<\/li>\n<li aria-level=\"1\">Autoritate de supraveghere - \u00eenseamn\u0103 o autoritate public\u0103 independent\u0103 care este instituit\u0103 pentru a supraveghea respectarea reglement\u0103rilor privind protec\u021bia datelor cu caracter personal. \u00cen prezent, \u00een Polonia, o astfel de autoritate este pre\u0219edintele Oficiului pentru protec\u021bia datelor cu caracter personal.<\/li>\n<\/ul>\n<h2><b>2. LEGE<\/b><\/h2>\n<p>Principiile-cheie ale prelucr\u0103rii datelor cu caracter personal sunt definite \u00een GDPR. Datorit\u0103 faptului c\u0103 GDPR este un regulament \u00een sensul legisla\u021biei UE, acesta este direct aplicabil \u00een toate statele membre ale UE. Pute\u021bi citi con\u021binutul integral al GDPR pe site-ul web al Jurnalului Oficial al Uniunii Europene, EUR-Lex.<\/p>\n<p>\u00cen afar\u0103 de GDPR, exist\u0103 reglement\u0103ri aplicabile privind prelucrarea datelor cu caracter personal care deriv\u0103 din acte juridice poloneze, \u00een special din Legea privind protec\u021bia datelor cu caracter personal.<\/p>\n<h2><b>3. TIPUL \u0218I SCOPUL DATELOR PRELUCRATE<\/b><\/h2>\n<p>Pentru furnizarea serviciilor legate de aplica\u021bie, Procesatorul va prelucra o serie de date cu caracter personal ale dumneavoastr\u0103. De fiecare dat\u0103, odat\u0103 cu \u00eenceperea prelucr\u0103rii datelor dumneavoastr\u0103 cu caracter personal, ve\u021bi primi informa\u021bii detaliate cu privire la tipul de date care sunt prelucrate \u0219i scopul prelucr\u0103rii.<\/p>\n<p>De obicei, prelucr\u0103m urm\u0103toarele date cu caracter personal:<\/p>\n<ul>\n<li aria-level=\"1\">Nume,<\/li>\n<li aria-level=\"1\">Numele de familie,<\/li>\n<li aria-level=\"1\">Adresa de e-mail,<\/li>\n<li aria-level=\"1\">Numele companiei,<\/li>\n<li aria-level=\"1\">Pozi\u021bia companiei.<\/li>\n<\/ul>\n<p>De obicei, pentru a v\u0103 prelucra datele cu caracter personal, trebuie s\u0103 v\u0103 da\u021bi consim\u021b\u0103m\u00e2ntul \u00een acest sens. \u00cen acest caz, \u00eenainte de a \u00eencepe prelucrarea datelor dumneavoastr\u0103, v\u0103 vom informa de fiecare dat\u0103 cu privire la tipul de date cu caracter personal care sunt prelucrate, scopul prelucr\u0103rii \u0219i drepturile dumneavoastr\u0103. Acordarea consim\u021b\u0103m\u00e2ntului pentru prelucrarea datelor dvs. cu caracter personal este voluntar\u0103, iar consim\u021b\u0103m\u00e2ntul dvs. poate fi revocat de dvs. \u00een orice moment, f\u0103r\u0103 a fi necesar s\u0103 oferi\u021bi un motiv pentru aceasta. Cu toate acestea, revocarea consim\u021b\u0103m\u00e2ntului men\u021bionat mai sus ne va \u00eempiedica s\u0103 v\u0103 furniz\u0103m serviciile.<\/p>\n<p>Prelucr\u0103m datele dvs. cu caracter personal \u00een scopul de a v\u0103 furniza serviciile oferite prin intermediul aplica\u021biei pe care a\u021bi desc\u0103rcat-o.<\/p>\n<h2><b>4. PRINCIPIILE FUNDAMENTALE ALE PROTEC\u021aIEI DATELOR CU CARACTER PERSONAL<\/b><\/h2>\n<p>Fiecare prelucrare a datelor dvs. personale va fi diferit\u0103, \u00een special \u00een ceea ce prive\u0219te tipul de date care sunt prelucrate, scopul prelucr\u0103rii \u0219i m\u0103surile de prelucrare aplicate.<\/p>\n<p>Cu toate acestea, de fiecare dat\u0103 c\u00e2nd datele dumneavoastr\u0103 cu caracter personal vor fi prelucrate, procesatorul aplic\u0103 urm\u0103toarele principii fundamentale de prelucrare a datelor cu caracter personal:<\/p>\n<ul>\n<li aria-level=\"1\">Prelucrarea se face \u00eentotdeauna \u00een conformitate cu reglement\u0103rile aplicabile,<\/li>\n<li aria-level=\"1\">Datele dumneavoastr\u0103 cu caracter personal vor fi prelucrate \u00een mod corespunz\u0103tor, organizat \u0219i bine g\u00e2ndit,<\/li>\n<li aria-level=\"1\">Prelucrarea datelor dumneavoastr\u0103 cu caracter personal este \u0219i va fi \u00eentotdeauna transparent\u0103,<\/li>\n<li aria-level=\"1\">Prelucrarea datelor cu caracter personal se face \u00eentotdeauna \u00een conformitate cu scopul pentru care au fost ob\u021binute aceste date cu caracter personal,<\/li>\n<li aria-level=\"1\">Numai datele cu caracter personal corecte \u0219i actualizate vor fi prelucrate,<\/li>\n<li aria-level=\"1\">Datele cu caracter personal colectate vor fi stocate numai pentru perioada de timp necesar\u0103 pentru \u00eendeplinirea scopului pentru care au fost colectate,<\/li>\n<li aria-level=\"1\">Datele cu caracter personal sunt prelucrate numai \u00eentr-un mod care garanteaz\u0103 siguran\u021ba adecvat\u0103 a acestor date, inclusiv protec\u021bia acestora \u00eempotriva prelucr\u0103rii neautorizate sau ilegale, pierderii, distrugerii sau deterior\u0103rii lor,<\/li>\n<li aria-level=\"1\">Procesatorul este responsabil de respectarea principiilor men\u021bionate mai sus \u0219i, \u00een acest scop, p\u0103streaz\u0103 documenta\u021bia privind modul \u00een care prelucreaz\u0103 datele dumneavoastr\u0103 cu caracter personal.<\/li>\n<\/ul>\n<h2><b>5. DREPTURILE DUMNEAVOASTR\u0102<\/b><\/h2>\n<p>GDPR v\u0103 acord\u0103 o serie de drepturi pe care le pute\u021bi exercita \u00een leg\u0103tur\u0103 cu prelucrarea datelor dvs. personale. Aceste drepturi constau \u00een:<\/p>\n<ul>\n<li aria-level=\"1\">dreptul de a v\u0103 accesa datele cu caracter personal \u0219i de a primi o copie a acestora;<\/li>\n<li aria-level=\"1\">dreptul de a v\u0103 rectifica datele cu caracter personal;<\/li>\n<li aria-level=\"1\">dreptul de a \u0219terge datele dvs. personale;<\/li>\n<li aria-level=\"1\">dreptul de a limita domeniul de aplicare al prelucr\u0103rii datelor dumneavoastr\u0103 cu caracter personal;<\/li>\n<li aria-level=\"1\">dreptul de a v\u0103 opune prelucr\u0103rii datelor dumneavoastr\u0103 cu caracter personal;<\/li>\n<li aria-level=\"1\">dreptul de a v\u0103 transfera datele cu caracter personal;<\/li>\n<li aria-level=\"1\">dreptul de a retrage consim\u021b\u0103m\u00e2ntul pentru prelucrare \u00een orice moment, f\u0103r\u0103 a oferi niciun motiv;<\/li>\n<li aria-level=\"1\">dreptul de a depune o pl\u00e2ngere la o autoritate de supraveghere pentru ac\u021biunile procesatorului.<\/li>\n<\/ul>\n<p>Pentru a v\u0103 exercita drepturile, contacta\u021bi prompt procesatorul, prin intermediul datelor de contact ale procesatorului prezentate \u00een prezenta politic\u0103 de confiden\u021bialitate. \u00cen plus, v\u0103 rug\u0103m s\u0103 lua\u021bi not\u0103 de urm\u0103toarele aten\u021bion\u0103ri, care descriu regulile de examinare a cererii dumneavoastr\u0103:<\/p>\n<p>Informa\u021biile sunt furnizate \u00een scris sau \u00een alt mod, inclusiv, dup\u0103 caz, prin mijloace electronice. Dac\u0103 persoana vizat\u0103 solicit\u0103 acest lucru, informa\u021biile pot fi furnizate verbal, cu condi\u021bia ca identitatea persoanei vizate s\u0103 fie confirmat\u0103 prin alte mijloace. Operatorul poate refuza s\u0103 trateze cererea persoanei \u00een cazul \u00een care nu poate identifica persoana vizat\u0103. Procesatorul furnizeaz\u0103 persoanei vizate, f\u0103r\u0103 \u00eent\u00e2rzieri nejustificate - \u0219i \u00een orice caz \u00een termen de o lun\u0103 de la primirea cererii - informa\u021bii cu privire la ac\u021biunile \u00eentreprinse \u00een leg\u0103tur\u0103 cu cererea sa.<\/p>\n<p>Dac\u0103 este necesar, aceast\u0103 perioad\u0103 poate fi prelungit\u0103 cu \u00eenc\u0103 dou\u0103 luni din cauza complexit\u0103\u021bii cererii sau a num\u0103rului de cereri. \u00cen termen de o lun\u0103 de la primirea cererii, operatorul informeaz\u0103 persoana vizat\u0103 cu privire la o astfel de prelungire, indic\u00e2nd motivele \u00eent\u00e2rzierii. \u00cen cazul \u00een care persoana vizat\u0103 a transmis cererea sa pe cale electronic\u0103, informa\u021biile sunt transmise, de asemenea, pe cale electronic\u0103, dac\u0103 este posibil, cu excep\u021bia cazului \u00een care persoana vizat\u0103 solicit\u0103 o alt\u0103 form\u0103. \u00cen cazul \u00een care procesatorul nu ac\u021bioneaz\u0103 \u00een leg\u0103tur\u0103 cu cererea persoanei vizate, acesta informeaz\u0103 imediat - \u00een termen de cel mult o lun\u0103 de la primirea cererii - persoana vizat\u0103 cu privire la motivele pentru care nu ac\u021bioneaz\u0103 \u0219i la posibilitatea de a depune o pl\u00e2ngere la autoritatea de supraveghere \u0219i de a beneficia de m\u0103suri. de protec\u021bie juridic\u0103 \u00een fa\u021ba instan\u021bei.<\/p>\n<p>Informa\u021biile furnizate de c\u0103tre operator, precum \u0219i comunicarea \u0219i ac\u021biunile \u00eentreprinse \u00een temeiul \u0219i \u00een leg\u0103tur\u0103 cu prelucrarea cererilor sunt gratuite. \u00cen cazul \u00een care solicit\u0103rile persoanei vizate sunt \u00een mod v\u0103dit nefondate sau excesive, \u00een special din cauza caracterului lor repetitiv, persoana \u00eemputernicit\u0103 de operator poate percepe o tax\u0103 rezonabil\u0103, lu\u00e2nd \u00een considerare costurile administrative aferente furniz\u0103rii informa\u021biilor, comunic\u0103rii sau lu\u0103rii m\u0103surilor solicitate, sau poate refuza s\u0103 ac\u021bioneze \u00een leg\u0103tur\u0103 cu solicitarea dumneavoastr\u0103. \u00cen cazul \u00een care procesatorul are \u00eendoieli rezonabile cu privire la identitatea persoanei fizice care prezint\u0103 cererea, acesta poate solicita informa\u021bii suplimentare necesare pentru a confirma identitatea persoanei vizate.<\/p>\n<h2><b>6. PRELUCRAREA DATELOR CU CARACTER PERSONAL ALE MINORILOR<\/b><\/h2>\n<p>\u00cen cazul \u00een care o persoan\u0103 sub v\u00e2rsta de optsprezece ani \u00ee\u0219i furnizeaz\u0103 datele cu caracter personal pentru a utiliza serviciile, se vor aplica reguli speciale de conduit\u0103. \u00cen conformitate cu GDPR \u0219i cu dispozi\u021biile na\u021bionale privind protec\u021bia datelor cu caracter personal, o persoan\u0103 \u00een v\u00e2rst\u0103 de 16 ani poate consim\u021bi \u00een mod independent la prelucrarea datelor sale cu caracter personal. Dac\u0103 ave\u021bi sub 16 ani, numai tutorele dumneavoastr\u0103 legal poate consim\u021bi la prelucrarea datelor dumneavoastr\u0103 cu caracter personal.<\/p>\n<h2><b>7. \u00ceNTRE\u021aINEREA SISTEMULUI NOSTRU DE PROTEC\u021aIE A DATELOR CU CARACTER PERSONAL. PRODUSE, SERVICII \u0218I ACTIVIT\u0102\u021aI NOI<\/b><\/h2>\n<p>Pe parcursul prelucr\u0103rii datelor dvs. cu caracter personal, poate exista o situa\u021bie \u00een care va fi necesar s\u0103 se modifice func\u021bionarea serviciilor legate de prelucrarea datelor dvs. cu caracter personal sau se vor schimba reglement\u0103rile aplicabile care reglementeaz\u0103 prelucrarea datelor cu caracter personal. Din acest motiv, monitoriz\u0103m permanent prelucrarea datelor dumneavoastr\u0103 cu caracter personal \u0219i modul \u00een care modific\u0103rile pot afecta prelucrarea acestora. Ca parte a activit\u0103\u021bilor noastre, ne str\u0103duim \u00eentotdeauna s\u0103 ne asigur\u0103m c\u0103 modific\u0103rile aduse nu afecteaz\u0103 necesitatea de a prelucra Datele dvs. cu caracter personal \u00eentr-un mod diferit sau \u00eentr-o m\u0103sur\u0103 diferit\u0103 de cea la care a\u021bi consim\u021bit. \u00cen plus, efectu\u0103m \u00een mod constant audituri periodice care verific\u0103 corectitudinea prelucr\u0103rii datelor cu caracter personal de c\u0103tre noi.<\/p>\n<h2><b>8. PERSOANE OBLIGATE S\u0102 RESPECTE POLITICA DE PROTEC\u021aIE A DATELOR<\/b><\/h2>\n<p>Tot personalul Procesatorului \u0219i toate persoanele care coopereaz\u0103 cu Procesatorul sunt obligate s\u0103 respecte prezenta Politic\u0103 de confiden\u021bialitate, care, \u00een cadrul cooper\u0103rii men\u021bionate mai sus, vor lua parte la prelucrarea datelor cu caracter personal.<\/p>\n<h2><b>9. TRANSFERUL DE DATE C\u0102TRE O \u021aAR\u0102 TER\u021a\u0102 \u0218I ORGANIZA\u021aII INTERNA\u021aIONALE<\/b><\/h2>\n<p>\u00cen situa\u021bia \u00een care, ca parte a prelucr\u0103rii datelor dvs. cu caracter personal, este necesar s\u0103 transfera\u021bi datele dvs. cu caracter personal \u00eentr-o alt\u0103 \u021bar\u0103 dec\u00e2t Republica Polon\u0103, datele dvs. cu caracter personal vor face obiectul aceleia\u0219i protec\u021bii ca \u00een Republica Polon\u0103. \u00cen cazul \u00een care Datele dvs. cu caracter personal vor fi transferate \u00eentr-o alt\u0103 \u021bar\u0103 din Uniunea European\u0103 sau din Spa\u021biul Economic European, se vor aplica direct dispozi\u021biile GDPR. Dac\u0103 este necesar s\u0103 transfer\u0103m Datele dvs. cu caracter personal c\u0103tre o alt\u0103 \u021bar\u0103 dec\u00e2t cele men\u021bionate mai sus, ne vom asigura de fiecare dat\u0103 c\u0103 entitatea c\u0103tre care transfer\u0103m datele este obligat\u0103 s\u0103 respecte acelea\u0219i reguli care rezult\u0103 din GDPR. \u00cen plus, \u00eenainte de a furniza datele dvs. personale, v\u0103 vom informa cu privire la aceast\u0103 circumstan\u021b\u0103 printr-o clauz\u0103 de informare separat\u0103.<\/p>\n<h2><b>10. REGISTRUL DE PRELUCRARE A DATELOR<\/b><\/h2>\n<p>Ca parte a prelucr\u0103rii datelor dvs. cu caracter personal, se \u021bine un registru al activit\u0103\u021bilor de prelucrare a datelor. Acest registru v\u0103 permite s\u0103 controla\u021bi metoda, domeniul de aplicare \u0219i corectitudinea prelucr\u0103rii datelor dumneavoastr\u0103 cu caracter personal.<\/p>\n<h2><b>11. M\u0102SURILE DE PROTEC\u021aIE A DATELOR PERSOANEI<\/b><\/h2>\n<p>Pentru a v\u0103 proteja datele cu caracter personal, utiliz\u0103m solu\u021bii tehnologice, organiza\u021bionale \u0219i fizice adecvate. M\u0103surile de securitate utilizate se bazeaz\u0103 \u00een principal pe introducerea unor mecanisme de criptare adecvate, pe m\u0103suri de securitate care permit pseudonimizarea sau pe limitarea la minimul necesar a personalului Procesatorului care particip\u0103 la prelucrare. Scopul m\u0103surilor noastre de protec\u021bie este de a proteja \u00eempotriva pierderii accidentale, modific\u0103rii nejustificate sau divulg\u0103rii nejustificate a datelor dumneavoastr\u0103 cu caracter personal.<\/p>\n<h2><b>12. \u00ceNC\u0102LCAREA PROTEC\u021aIEI DATELOR CU CARACTER PERSONAL<\/b><\/h2>\n<p>\u00cen cazul unei \u00eenc\u0103lc\u0103ri a protec\u021biei datelor dumneavoastr\u0103 cu caracter personal, ve\u021bi fi informat imediat cu privire la aceast\u0103 situa\u021bie \u0219i vom indica impactul pe care \u00eenc\u0103lcarea l-a avut asupra vie\u021bii dumneavoastr\u0103 private \u0219i a drepturilor dumneavoastr\u0103. \u00cen afar\u0103 de dumneavoastr\u0103, Autoritatea de supraveghere va fi, de asemenea, informat\u0103 cu privire la \u00eenc\u0103lcare. \u00cen acela\u0219i timp, imediat dup\u0103 divulgarea unei \u00eenc\u0103lc\u0103ri a protec\u021biei datelor dumneavoastr\u0103 cu caracter personal, vom pune \u00een aplicare m\u0103surile necesare pentru a preveni utilizarea neautorizat\u0103 a datelor dumneavoastr\u0103 cu caracter personal. Dac\u0103 drepturile \u0219i confiden\u021bialitatea dumneavoastr\u0103 nu sunt compromise ca urmare a \u00eenc\u0103lc\u0103rii, nu este necesar s\u0103 v\u0103 inform\u0103m cu privire la \u00eenc\u0103lcare.<\/p>\n<p>\u00cen cazul \u00een care notificarea unei \u00eenc\u0103lc\u0103ri a securit\u0103\u021bii datelor ar necesita un efort dispropor\u021bionat, se emite un mesaj public sau o m\u0103sur\u0103 similar\u0103 prin care persoanele vizate sunt informate \u00eentr-un mod la fel de eficient cu privire la \u00eenc\u0103lcare.<\/p>\n<p>\u00cen cazul unei \u00eenc\u0103lc\u0103ri a protec\u021biei datelor cu caracter personal, vom informa cu promptitudine Autoritatea de supraveghere cu privire la aceasta, cu excep\u021bia cazului \u00een care este pu\u021bin probabil ca \u00eenc\u0103lcarea s\u0103 conduc\u0103 la un risc de \u00eenc\u0103lcare a drepturilor sau libert\u0103\u021bilor persoanelor fizice.<\/p>","protected":false},"excerpt":{"rendered":"<p>APP PRIVACY POLICY \u00a0ENERGY EXPO \u00a0Last Updated: February 1st, 2025 1. KEY DEFINITIONS In our Privacy Policy, as well as in other documents that we use in regard of data processing, below-mentioned definitions shall have following meaning: Personal data \u2013 means any information relating to an identified or identifiable natural person. An identifiable natural person&#8230;<\/p>","protected":false},"author":1,"featured_media":0,"parent":0,"menu_order":0,"comment_status":"closed","ping_status":"closed","template":"","meta":{"inline_featured_image":false,"footnotes":""},"class_list":["post-4676","page","type-page","status-publish","hentry"],"_links":{"self":[{"href":"https:\/\/energyexpo.ro\/ro\/wp-json\/wp\/v2\/pages\/4676","targetHints":{"allow":["GET"]}}],"collection":[{"href":"https:\/\/energyexpo.ro\/ro\/wp-json\/wp\/v2\/pages"}],"about":[{"href":"https:\/\/energyexpo.ro\/ro\/wp-json\/wp\/v2\/types\/page"}],"author":[{"embeddable":true,"href":"https:\/\/energyexpo.ro\/ro\/wp-json\/wp\/v2\/users\/1"}],"replies":[{"embeddable":true,"href":"https:\/\/energyexpo.ro\/ro\/wp-json\/wp\/v2\/comments?post=4676"}],"version-history":[{"count":2,"href":"https:\/\/energyexpo.ro\/ro\/wp-json\/wp\/v2\/pages\/4676\/revisions"}],"predecessor-version":[{"id":4678,"href":"https:\/\/energyexpo.ro\/ro\/wp-json\/wp\/v2\/pages\/4676\/revisions\/4678"}],"wp:attachment":[{"href":"https:\/\/energyexpo.ro\/ro\/wp-json\/wp\/v2\/media?parent=4676"}],"curies":[{"name":"wp","href":"https:\/\/api.w.org\/{rel}","templated":true}]}}