{"id":4702,"date":"2025-04-05T12:32:10","date_gmt":"2025-04-05T12:32:10","guid":{"rendered":"https:\/\/energyexpo.ro\/?page_id=4702"},"modified":"2025-04-11T10:10:16","modified_gmt":"2025-04-11T10:10:16","slug":"ske-solar-inverters","status":"publish","type":"page","link":"https:\/\/energyexpo.ro\/ro\/exhibitors\/ske-solar-inverters\/","title":{"rendered":"INVERTOARE SOLARE SKE"},"content":{"rendered":"<section class=\"section\" id=\"section_992039296\">\n\t\t<div class=\"section-bg fill\" >\n\t\t\t\t\t\t\t\t\t\n\t\t\t\n\n\t\t<\/div>\n\n\t\t\n\n\t\t<div class=\"section-content relative\">\n\t\t\t\n<div class=\"row align-middle\"  id=\"row-1618248947\">\n\n\t<div id=\"col-290713551\" class=\"col cwp medium-6 small-12 large-6\"  >\n\t\t\t\t<div class=\"col-inner\"  >\n\t\t\t\n\t\t\t\n\t<div id=\"text-1248781139\" class=\"text pwmb\">\n\t\t\n<p class=\"lead\"><strong>INVERTOARE SOLARE SKE<\/strong><\/p>\n\t\t\n<style>\n#text-1248781139 {\n  font-size: 1.5rem;\n  color: #26408f;\n}\n#text-1248781139 > * {\n  color: #26408f;\n}\n<\/style>\n\t<\/div>\n\t\n\t<div id=\"text-1539270236\" class=\"text\">\n\t\t\n<p>ENERGIE SOLAR\u0102 (SISTEME FOTOVOLTAICE \u0218I TEHNOLOGII SOLARE TERMICE)<\/p>\n\t\t\n<style>\n#text-1539270236 {\n  color: #26408f;\n}\n#text-1539270236 > * {\n  color: #26408f;\n}\n<\/style>\n\t<\/div>\n\t\n<p>SKE este una dintre cele mai importante companii de pe pia\u021ba solar\u0103 european\u0103 \u0219i este un partener cu valoare ad\u0103ugat\u0103 Huawei \u0219i un partener de servicii certificat. Din Austria, SKE aprovizioneaz\u0103 rapid \u0219i punctual \u021b\u0103rile Albania, Bosnia, Bulgaria, Anglia, Grecia, Irlanda, Kosovo, Croa\u021bia, Macedonia de Nord, Moldova, Muntenegru, Austria, Rom\u00e2nia, Serbia, Slovenia \u0219i Cipru cu produse solare inteligente de la Huawei.\u00a0<\/p>\n<p>SKE preia toate activit\u0103\u021bile de v\u00e2nzare, service \u0219i asisten\u021b\u0103 pentru Huawei FusionSolar \u00een Austria \u0219i \u00een \u021b\u0103rile SKE. \u00cen calitate de specialist PV, SKE sprijin\u0103 clien\u021bii din \u00eentreaga Europ\u0103 cu v\u00e2nz\u0103ri, logistic\u0103, instruire, certificare \u0219i asisten\u021b\u0103 tehnic\u0103 pentru toate produsele fotovoltaice Huawei.<\/p>\n<a href=\"https:\/\/www.skesolarinverters.ro\/\" class=\"button secondary\" target=\"_blank\" rel=\"noopener\">\n\t\t<span>Afl\u0103 mai multe<\/span>\n\t<\/a>\n\n\t\t<\/div>\n\t\t\t\t\n<style>\n#col-290713551 > .col-inner {\n  padding: 0px 0px 0px 0px;\n}\n@media (min-width:550px) {\n  #col-290713551 > .col-inner {\n    padding: 0px 50px 0px 0px;\n  }\n}\n<\/style>\n\t<\/div>\n\n\t\n\n\t<div id=\"col-1263429095\" class=\"col cwp medium-6 small-12 large-6 small-col-first\"  >\n\t\t\t\t<div class=\"col-inner\"  >\n\t\t\t\n\t\t\t\n\t<div class=\"img has-hover x md-x lg-x y md-y lg-y\" id=\"image_446391817\">\n\t\t\t\t\t\t\t\t<div class=\"img-inner dark\" >\n\t\t\t<img decoding=\"async\" width=\"1080\" height=\"1080\" data-src=\"https:\/\/energyexpo.ro\/wp-content\/uploads\/2025\/04\/SKE_Exhibitor.png\" class=\"attachment-original size-original lazyload\" alt=\"\" data-srcset=\"https:\/\/energyexpo.ro\/wp-content\/uploads\/2025\/04\/SKE_Exhibitor.png 1080w, https:\/\/energyexpo.ro\/wp-content\/smush-webp\/2025\/04\/SKE_Exhibitor-300x300.png.webp 300w, https:\/\/energyexpo.ro\/wp-content\/smush-webp\/2025\/04\/SKE_Exhibitor-1024x1024.png.webp 1024w, https:\/\/energyexpo.ro\/wp-content\/smush-webp\/2025\/04\/SKE_Exhibitor-150x150.png.webp 150w, https:\/\/energyexpo.ro\/wp-content\/smush-webp\/2025\/04\/SKE_Exhibitor-768x768.png.webp 768w, https:\/\/energyexpo.ro\/wp-content\/smush-webp\/2025\/04\/SKE_Exhibitor-12x12.png.webp 12w\" data-sizes=\"(max-width: 1080px) 100vw, 1080px\" src=\"data:image\/gif;base64,R0lGODlhAQABAAAAACH5BAEKAAEALAAAAAABAAEAAAICTAEAOw==\" style=\"--smush-placeholder-width: 1080px; --smush-placeholder-aspect-ratio: 1080\/1080;\" data-smush-webp-fallback=\"{&quot;data-srcset&quot;:&quot;https:\\\/\\\/energyexpo.ro\\\/wp-content\\\/uploads\\\/2025\\\/04\\\/SKE_Exhibitor.png 1080w, https:\\\/\\\/energyexpo.ro\\\/wp-content\\\/uploads\\\/2025\\\/04\\\/SKE_Exhibitor-300x300.png 300w, https:\\\/\\\/energyexpo.ro\\\/wp-content\\\/uploads\\\/2025\\\/04\\\/SKE_Exhibitor-1024x1024.png 1024w, https:\\\/\\\/energyexpo.ro\\\/wp-content\\\/uploads\\\/2025\\\/04\\\/SKE_Exhibitor-150x150.png 150w, https:\\\/\\\/energyexpo.ro\\\/wp-content\\\/uploads\\\/2025\\\/04\\\/SKE_Exhibitor-768x768.png 768w, https:\\\/\\\/energyexpo.ro\\\/wp-content\\\/uploads\\\/2025\\\/04\\\/SKE_Exhibitor-12x12.png 12w&quot;}\" \/>\t\t\t\t\t\t\n\t\t\t\t\t<\/div>\n\t\t\t\t\t\t\t\t\n<style>\n#image_446391817 {\n  width: 100%;\n}\n<\/style>\n\t<\/div>\n\t\n\t\t<\/div>\n\t\t\t\t\t<\/div>\n\n\t\n<\/div>\n\t\t<\/div>\n\n\t\t\n<style>\n#section_992039296 {\n  padding-top: 50px;\n  padding-bottom: 50px;\n  background-color: rgb(246, 246, 246);\n}\n<\/style>\n\t<\/section>\n\t\n\n\t<section class=\"section\" id=\"section_1540982666\">\n\t\t<div class=\"section-bg fill\" >\n\t\t\t\t\t\t\t\t\t\n\t\t\t\n\n\t\t<\/div>\n\n\t\t\n\n\t\t<div class=\"section-content relative\">\n\t\t\t\n\n<div class=\"row\"  id=\"row-1084694399\">\n\n\n\t<div id=\"col-838522956\" class=\"col cwp small-12 large-12\"  >\n\t\t\t\t<div class=\"col-inner\"  >\n\t\t\t\n\t\t\t\n\n\t<div id=\"text-1969953310\" class=\"text pwmb\">\n\t\t\n\n<p><span style=\"font-size: 90%;\">Expozan\u021bii sunt singurii responsabili pentru informa\u021biile furnizate \u00een aceast\u0103 sec\u021biune, ob\u021binute fie direct de la expozan\u021bi, fie de pe site-ul lor oficial.<\/span><\/p>\n\t\t\n<style>\n#text-1969953310 {\n  text-align: center;\n  color: rgb(255,255,255);\n}\n#text-1969953310 > * {\n  color: rgb(255,255,255);\n}\n<\/style>\n\t<\/div>\n\t\n\n\t\t<\/div>\n\t\t\t\t\t<\/div>\n\n\t\n\n<\/div>\n\n\t\t<\/div>\n\n\t\t\n<style>\n#section_1540982666 {\n  padding-top: 30px;\n  padding-bottom: 30px;\n  background-color: #26408f;\n}\n<\/style>\n\t<\/section>","protected":false},"excerpt":{"rendered":"","protected":false},"author":1,"featured_media":0,"parent":1192,"menu_order":0,"comment_status":"closed","ping_status":"closed","template":"page-blank.php","meta":{"inline_featured_image":false,"footnotes":""},"class_list":["post-4702","page","type-page","status-publish","hentry"],"_links":{"self":[{"href":"https:\/\/energyexpo.ro\/ro\/wp-json\/wp\/v2\/pages\/4702","targetHints":{"allow":["GET"]}}],"collection":[{"href":"https:\/\/energyexpo.ro\/ro\/wp-json\/wp\/v2\/pages"}],"about":[{"href":"https:\/\/energyexpo.ro\/ro\/wp-json\/wp\/v2\/types\/page"}],"author":[{"embeddable":true,"href":"https:\/\/energyexpo.ro\/ro\/wp-json\/wp\/v2\/users\/1"}],"replies":[{"embeddable":true,"href":"https:\/\/energyexpo.ro\/ro\/wp-json\/wp\/v2\/comments?post=4702"}],"version-history":[{"count":5,"href":"https:\/\/energyexpo.ro\/ro\/wp-json\/wp\/v2\/pages\/4702\/revisions"}],"predecessor-version":[{"id":4898,"href":"https:\/\/energyexpo.ro\/ro\/wp-json\/wp\/v2\/pages\/4702\/revisions\/4898"}],"up":[{"embeddable":true,"href":"https:\/\/energyexpo.ro\/ro\/wp-json\/wp\/v2\/pages\/1192"}],"wp:attachment":[{"href":"https:\/\/energyexpo.ro\/ro\/wp-json\/wp\/v2\/media?parent=4702"}],"curies":[{"name":"wp","href":"https:\/\/api.w.org\/{rel}","templated":true}]}}