{"id":4707,"date":"2025-04-05T12:35:33","date_gmt":"2025-04-05T12:35:33","guid":{"rendered":"https:\/\/energyexpo.ro\/?page_id=4707"},"modified":"2025-04-05T12:36:25","modified_gmt":"2025-04-05T12:36:25","slug":"beta-energy","status":"publish","type":"page","link":"https:\/\/energyexpo.ro\/ro\/exhibitors\/beta-energy\/","title":{"rendered":"ENERGIE BETA"},"content":{"rendered":"<section class=\"section\" id=\"section_2049728114\">\n\t\t<div class=\"section-bg fill\" >\n\t\t\t\t\t\t\t\t\t\n\t\t\t\n\n\t\t<\/div>\n\n\t\t\n\n\t\t<div class=\"section-content relative\">\n\t\t\t\n<div class=\"row align-middle\"  id=\"row-1899982990\">\n\n\t<div id=\"col-105671261\" class=\"col cwp medium-6 small-12 large-6\"  >\n\t\t\t\t<div class=\"col-inner\"  >\n\t\t\t\n\t\t\t\n\t<div id=\"text-4274055743\" class=\"text pwmb\">\n\t\t\n<p class=\"lead\"><strong>ENERGIE BETA<\/strong><\/p>\n\t\t\n<style>\n#text-4274055743 {\n  font-size: 1.5rem;\n  color: #26408f;\n}\n#text-4274055743 > * {\n  color: #26408f;\n}\n<\/style>\n\t<\/div>\n\t\n\t<div id=\"text-1175315909\" class=\"text\">\n\t\t\n<p>SOLU\u021aII DE STOCARE A ENERGIEI<\/p>\n\t\t\n<style>\n#text-1175315909 {\n  color: #26408f;\n}\n#text-1175315909 > * {\n  color: #26408f;\n}\n<\/style>\n\t<\/div>\n\t\n<p>Beta Enerji ve Teknoloji A.\u0218. este o companie tehnologic\u0103 de top care ofer\u0103 solu\u021bii inovatoare \u00een sectorul energetic. Aceasta \u00ee\u0219i desf\u0103\u0219oar\u0103 activitatea \u00een Zona Industrial\u0103 Organizat\u0103 Adana Hac\u0131 Sabanc\u0131 pe o suprafa\u021b\u0103 de 63.680 m\u00b2 \u0219i produce transformatoare de distribu\u021bie de \u00eenalt\u0103 calitate de tip uscat \u0219i cu ulei, transformatoare de putere \u0219i transformatoare cu \u00eenf\u0103\u0219ur\u0103ri speciale. Compania noastr\u0103 \u00ee\u0219i men\u021bine pozi\u021bia de lider \u00een sector \u00een ceea ce prive\u0219te fiabilitatea \u0219i eficien\u021ba prin producerea \u00een conformitate cu standardele interna\u021bionale precum TSE, CE, SONCAP, ICMET, KEMA. \u00cenfiin\u021bat \u00een 2017, centrul nostru de cercetare \u0219i dezvoltare se concentreaz\u0103 pe dezvoltarea de produse cu valoare ad\u0103ugat\u0103 \u0219i tehnologie avansat\u0103 prin studii interdisciplinare. Ne continu\u0103m eforturile pentru a ne realiza viziunea de a deveni cel mai de succes brand de energie din Turcia prin cre\u0219terea competitivit\u0103\u021bii noastre pe pia\u021ba global\u0103 cu ajutorul sustenabilit\u0103\u021bii noastre, al responsabilit\u0103\u021bii sociale \u0219i al abord\u0103rii ecologice.<\/p>\n<a href=\"https:\/\/betaenerji.com\/en\/home\/\" class=\"button secondary\" target=\"_blank\" rel=\"noopener\">\n\t\t<span>Afl\u0103 mai multe<\/span>\n\t<\/a>\n\n\t\t<\/div>\n\t\t\t\t\n<style>\n#col-105671261 > .col-inner {\n  padding: 0px 0px 0px 0px;\n}\n@media (min-width:550px) {\n  #col-105671261 > .col-inner {\n    padding: 0px 50px 0px 0px;\n  }\n}\n<\/style>\n\t<\/div>\n\n\t\n\n\t<div id=\"col-23794721\" class=\"col cwp medium-6 small-12 large-6 small-col-first\"  >\n\t\t\t\t<div class=\"col-inner\"  >\n\t\t\t\n\t\t\t\n\t<div class=\"img has-hover x md-x lg-x y md-y lg-y\" id=\"image_1816339481\">\n\t\t\t\t\t\t\t\t<div class=\"img-inner dark\" >\n\t\t\t<img decoding=\"async\" width=\"1080\" height=\"1080\" data-src=\"https:\/\/energyexpo.ro\/wp-content\/uploads\/2025\/04\/Beta-Enerji_Exhibitor.png\" class=\"attachment-original size-original lazyload\" alt=\"\" data-srcset=\"https:\/\/energyexpo.ro\/wp-content\/uploads\/2025\/04\/Beta-Enerji_Exhibitor.png 1080w, https:\/\/energyexpo.ro\/wp-content\/smush-webp\/2025\/04\/Beta-Enerji_Exhibitor-300x300.png.webp 300w, https:\/\/energyexpo.ro\/wp-content\/smush-webp\/2025\/04\/Beta-Enerji_Exhibitor-1024x1024.png.webp 1024w, https:\/\/energyexpo.ro\/wp-content\/smush-webp\/2025\/04\/Beta-Enerji_Exhibitor-150x150.png.webp 150w, https:\/\/energyexpo.ro\/wp-content\/smush-webp\/2025\/04\/Beta-Enerji_Exhibitor-768x768.png.webp 768w, https:\/\/energyexpo.ro\/wp-content\/smush-webp\/2025\/04\/Beta-Enerji_Exhibitor-12x12.png.webp 12w\" data-sizes=\"(max-width: 1080px) 100vw, 1080px\" src=\"data:image\/gif;base64,R0lGODlhAQABAAAAACH5BAEKAAEALAAAAAABAAEAAAICTAEAOw==\" style=\"--smush-placeholder-width: 1080px; --smush-placeholder-aspect-ratio: 1080\/1080;\" data-smush-webp-fallback=\"{&quot;data-srcset&quot;:&quot;https:\\\/\\\/energyexpo.ro\\\/wp-content\\\/uploads\\\/2025\\\/04\\\/Beta-Enerji_Exhibitor.png 1080w, https:\\\/\\\/energyexpo.ro\\\/wp-content\\\/uploads\\\/2025\\\/04\\\/Beta-Enerji_Exhibitor-300x300.png 300w, https:\\\/\\\/energyexpo.ro\\\/wp-content\\\/uploads\\\/2025\\\/04\\\/Beta-Enerji_Exhibitor-1024x1024.png 1024w, https:\\\/\\\/energyexpo.ro\\\/wp-content\\\/uploads\\\/2025\\\/04\\\/Beta-Enerji_Exhibitor-150x150.png 150w, https:\\\/\\\/energyexpo.ro\\\/wp-content\\\/uploads\\\/2025\\\/04\\\/Beta-Enerji_Exhibitor-768x768.png 768w, https:\\\/\\\/energyexpo.ro\\\/wp-content\\\/uploads\\\/2025\\\/04\\\/Beta-Enerji_Exhibitor-12x12.png 12w&quot;}\" \/>\t\t\t\t\t\t\n\t\t\t\t\t<\/div>\n\t\t\t\t\t\t\t\t\n<style>\n#image_1816339481 {\n  width: 100%;\n}\n<\/style>\n\t<\/div>\n\t\n\t\t<\/div>\n\t\t\t\t\t<\/div>\n\n\t\n<\/div>\n\t\t<\/div>\n\n\t\t\n<style>\n#section_2049728114 {\n  padding-top: 50px;\n  padding-bottom: 50px;\n  background-color: rgb(246, 246, 246);\n}\n<\/style>\n\t<\/section>\n\t\n\n\t<section class=\"section\" id=\"section_1650621225\">\n\t\t<div class=\"section-bg fill\" >\n\t\t\t\t\t\t\t\t\t\n\t\t\t\n\n\t\t<\/div>\n\n\t\t\n\n\t\t<div class=\"section-content relative\">\n\t\t\t\n\n<div class=\"row\"  id=\"row-937683817\">\n\n\n\t<div id=\"col-394282055\" class=\"col cwp small-12 large-12\"  >\n\t\t\t\t<div class=\"col-inner\"  >\n\t\t\t\n\t\t\t\n\n\t<div id=\"text-4092415891\" class=\"text pwmb\">\n\t\t\n\n<p><span style=\"font-size: 90%;\">Expozan\u021bii sunt singurii responsabili pentru informa\u021biile furnizate \u00een aceast\u0103 sec\u021biune, ob\u021binute fie direct de la expozan\u021bi, fie de pe site-ul lor oficial.<\/span><\/p>\n\t\t\n<style>\n#text-4092415891 {\n  text-align: center;\n  color: rgb(255,255,255);\n}\n#text-4092415891 > * {\n  color: rgb(255,255,255);\n}\n<\/style>\n\t<\/div>\n\t\n\n\t\t<\/div>\n\t\t\t\t\t<\/div>\n\n\t\n\n<\/div>\n\n\t\t<\/div>\n\n\t\t\n<style>\n#section_1650621225 {\n  padding-top: 30px;\n  padding-bottom: 30px;\n  background-color: #26408f;\n}\n<\/style>\n\t<\/section>","protected":false},"excerpt":{"rendered":"","protected":false},"author":1,"featured_media":0,"parent":1192,"menu_order":0,"comment_status":"closed","ping_status":"closed","template":"page-blank.php","meta":{"inline_featured_image":false,"footnotes":""},"class_list":["post-4707","page","type-page","status-publish","hentry"],"_links":{"self":[{"href":"https:\/\/energyexpo.ro\/ro\/wp-json\/wp\/v2\/pages\/4707","targetHints":{"allow":["GET"]}}],"collection":[{"href":"https:\/\/energyexpo.ro\/ro\/wp-json\/wp\/v2\/pages"}],"about":[{"href":"https:\/\/energyexpo.ro\/ro\/wp-json\/wp\/v2\/types\/page"}],"author":[{"embeddable":true,"href":"https:\/\/energyexpo.ro\/ro\/wp-json\/wp\/v2\/users\/1"}],"replies":[{"embeddable":true,"href":"https:\/\/energyexpo.ro\/ro\/wp-json\/wp\/v2\/comments?post=4707"}],"version-history":[{"count":3,"href":"https:\/\/energyexpo.ro\/ro\/wp-json\/wp\/v2\/pages\/4707\/revisions"}],"predecessor-version":[{"id":4712,"href":"https:\/\/energyexpo.ro\/ro\/wp-json\/wp\/v2\/pages\/4707\/revisions\/4712"}],"up":[{"embeddable":true,"href":"https:\/\/energyexpo.ro\/ro\/wp-json\/wp\/v2\/pages\/1192"}],"wp:attachment":[{"href":"https:\/\/energyexpo.ro\/ro\/wp-json\/wp\/v2\/media?parent=4707"}],"curies":[{"name":"wp","href":"https:\/\/api.w.org\/{rel}","templated":true}]}}