{"id":4728,"date":"2025-04-07T16:01:45","date_gmt":"2025-04-07T16:01:45","guid":{"rendered":"https:\/\/energyexpo.ro\/?page_id=4728"},"modified":"2025-05-16T09:41:04","modified_gmt":"2025-05-16T09:41:04","slug":"budmat","status":"publish","type":"page","link":"https:\/\/energyexpo.ro\/ro\/exhibitors\/budmat\/","title":{"rendered":"BUDMAT"},"content":{"rendered":"<section class=\"section\" id=\"section_1668730836\">\n\t\t<div class=\"section-bg fill\" >\n\t\t\t\t\t\t\t\t\t\n\t\t\t\n\n\t\t<\/div>\n\n\t\t\n\n\t\t<div class=\"section-content relative\">\n\t\t\t\n<div class=\"row align-middle\"  id=\"row-1709310269\">\n\n\t<div id=\"col-1699265729\" class=\"col cwp medium-6 small-12 large-6\"  >\n\t\t\t\t<div class=\"col-inner\"  >\n\t\t\t\n\t\t\t\n\t<div id=\"text-2017192949\" class=\"text pwmb\">\n\t\t\n<p class=\"lead\"><strong>BUDMAT<\/strong><\/p>\n\t\t\n<style>\n#text-2017192949 {\n  font-size: 1.5rem;\n  color: #26408f;\n}\n#text-2017192949 > * {\n  color: #26408f;\n}\n<\/style>\n\t<\/div>\n\t\n\t<div id=\"text-2204568954\" class=\"text\">\n\t\t\n<p>Inginerie, achizi\u021bii \u0219i construc\u021bii (EPC)<br \/>\n\t\t\n<style>\n#text-2204568954 {\n  color: #26408f;\n}\n#text-2204568954 > * {\n  color: #26408f;\n}\n<\/style>\n\t<\/div>\n\t\n<p>Budmat PV Systems este unul dintre principalii produc\u0103tori europeni de structuri de montaj pentru proiecte fotovoltaice la scar\u0103 larg\u0103. Cu peste 30 de ani de experien\u021b\u0103 \u00een prelucrarea o\u021belului, compania ofer\u0103 solu\u021bii fiabile, eficiente \u0219i durabile. P\u00e2n\u0103 \u00een prezent, Budmat a livrat pe pia\u021b\u0103 structuri pentru proiecte fotovoltaice de peste 3,5 GW.<\/p>\n<p>De ce Budmat?<\/p>\n<p>\ud83d\udd39 Proiectare personalizat\u0103 - Solu\u021bii tehnice personalizate<\/p>\n<p>\ud83d\udd39 Produc\u021bie de \u00eenalt\u0103 calitate - Produc\u021bie intern\u0103 cu o\u021bel ArcelorMittal, acoperit cu Magnelis\u00ae<\/p>\n<p>\ud83d\udd39 Logistic\u0103 fiabil\u0103 - Coordonarea la timp a lan\u021bului de aprovizionare<\/p>\n<p>\ud83d\udd39 Asisten\u021b\u0103 tehnic\u0103 - Asisten\u021b\u0103 de specialitate \u00een timpul instal\u0103rii.<\/p>\n<a href=\"https:\/\/systemypv.budmat.com\/\" class=\"button secondary\" target=\"_blank\" rel=\"noopener\">\n\t\t<span>Afl\u0103 mai multe<\/span>\n\t<\/a>\n\n\t\t<\/div>\n\t\t\t\t\n<style>\n#col-1699265729 > .col-inner {\n  padding: 0px 0px 0px 0px;\n}\n@media (min-width:550px) {\n  #col-1699265729 > .col-inner {\n    padding: 0px 50px 0px 0px;\n  }\n}\n<\/style>\n\t<\/div>\n\n\t\n\n\t<div id=\"col-1264533295\" class=\"col cwp medium-6 small-12 large-6 small-col-first\"  >\n\t\t\t\t<div class=\"col-inner\"  >\n\t\t\t\n\t\t\t\n\t<div class=\"img has-hover x md-x lg-x y md-y lg-y\" id=\"image_1256747605\">\n\t\t\t\t\t\t\t\t<div class=\"img-inner dark\" >\n\t\t\t<img decoding=\"async\" width=\"1080\" height=\"1080\" data-src=\"https:\/\/energyexpo.ro\/wp-content\/uploads\/2025\/04\/Budmat-PV_Exhibitor.png\" class=\"attachment-original size-original lazyload\" alt=\"\" data-srcset=\"https:\/\/energyexpo.ro\/wp-content\/uploads\/2025\/04\/Budmat-PV_Exhibitor.png 1080w, https:\/\/energyexpo.ro\/wp-content\/smush-webp\/2025\/04\/Budmat-PV_Exhibitor-300x300.png.webp 300w, https:\/\/energyexpo.ro\/wp-content\/smush-webp\/2025\/04\/Budmat-PV_Exhibitor-1024x1024.png.webp 1024w, https:\/\/energyexpo.ro\/wp-content\/smush-webp\/2025\/04\/Budmat-PV_Exhibitor-150x150.png.webp 150w, https:\/\/energyexpo.ro\/wp-content\/smush-webp\/2025\/04\/Budmat-PV_Exhibitor-768x768.png.webp 768w, https:\/\/energyexpo.ro\/wp-content\/smush-webp\/2025\/04\/Budmat-PV_Exhibitor-12x12.png.webp 12w\" data-sizes=\"(max-width: 1080px) 100vw, 1080px\" src=\"data:image\/gif;base64,R0lGODlhAQABAAAAACH5BAEKAAEALAAAAAABAAEAAAICTAEAOw==\" style=\"--smush-placeholder-width: 1080px; --smush-placeholder-aspect-ratio: 1080\/1080;\" data-smush-webp-fallback=\"{&quot;data-srcset&quot;:&quot;https:\\\/\\\/energyexpo.ro\\\/wp-content\\\/uploads\\\/2025\\\/04\\\/Budmat-PV_Exhibitor.png 1080w, https:\\\/\\\/energyexpo.ro\\\/wp-content\\\/uploads\\\/2025\\\/04\\\/Budmat-PV_Exhibitor-300x300.png 300w, https:\\\/\\\/energyexpo.ro\\\/wp-content\\\/uploads\\\/2025\\\/04\\\/Budmat-PV_Exhibitor-1024x1024.png 1024w, https:\\\/\\\/energyexpo.ro\\\/wp-content\\\/uploads\\\/2025\\\/04\\\/Budmat-PV_Exhibitor-150x150.png 150w, https:\\\/\\\/energyexpo.ro\\\/wp-content\\\/uploads\\\/2025\\\/04\\\/Budmat-PV_Exhibitor-768x768.png 768w, https:\\\/\\\/energyexpo.ro\\\/wp-content\\\/uploads\\\/2025\\\/04\\\/Budmat-PV_Exhibitor-12x12.png 12w&quot;}\" \/>\t\t\t\t\t\t\n\t\t\t\t\t<\/div>\n\t\t\t\t\t\t\t\t\n<style>\n#image_1256747605 {\n  width: 100%;\n}\n<\/style>\n\t<\/div>\n\t\n\t\t<\/div>\n\t\t\t\t\t<\/div>\n\n\t\n<\/div>\n\t\t<\/div>\n\n\t\t\n<style>\n#section_1668730836 {\n  padding-top: 50px;\n  padding-bottom: 50px;\n  background-color: rgb(246, 246, 246);\n}\n<\/style>\n\t<\/section>\n\t\n\n\t<section class=\"section\" id=\"section_196611984\">\n\t\t<div class=\"section-bg fill\" >\n\t\t\t\t\t\t\t\t\t\n\t\t\t\n\n\t\t<\/div>\n\n\t\t\n\n\t\t<div class=\"section-content relative\">\n\t\t\t\n\n<div class=\"row\"  id=\"row-1141191123\">\n\n\n\t<div id=\"col-688079661\" class=\"col cwp small-12 large-12\"  >\n\t\t\t\t<div class=\"col-inner\"  >\n\t\t\t\n\t\t\t\n\n\t<div id=\"text-440127594\" class=\"text pwmb\">\n\t\t\n\n<p><span style=\"font-size: 90%;\">Expozan\u021bii sunt singurii responsabili pentru informa\u021biile furnizate \u00een aceast\u0103 sec\u021biune, ob\u021binute fie direct de la expozan\u021bi, fie de pe site-ul lor oficial.<\/span><\/p>\n\t\t\n<style>\n#text-440127594 {\n  text-align: center;\n  color: rgb(255,255,255);\n}\n#text-440127594 > * {\n  color: rgb(255,255,255);\n}\n<\/style>\n\t<\/div>\n\t\n\n\t\t<\/div>\n\t\t\t\t\t<\/div>\n\n\t\n\n<\/div>\n\n\t\t<\/div>\n\n\t\t\n<style>\n#section_196611984 {\n  padding-top: 30px;\n  padding-bottom: 30px;\n  background-color: #26408f;\n}\n<\/style>\n\t<\/section>","protected":false},"excerpt":{"rendered":"","protected":false},"author":1,"featured_media":0,"parent":1192,"menu_order":0,"comment_status":"closed","ping_status":"closed","template":"page-blank.php","meta":{"inline_featured_image":false,"footnotes":""},"class_list":["post-4728","page","type-page","status-publish","hentry"],"_links":{"self":[{"href":"https:\/\/energyexpo.ro\/ro\/wp-json\/wp\/v2\/pages\/4728","targetHints":{"allow":["GET"]}}],"collection":[{"href":"https:\/\/energyexpo.ro\/ro\/wp-json\/wp\/v2\/pages"}],"about":[{"href":"https:\/\/energyexpo.ro\/ro\/wp-json\/wp\/v2\/types\/page"}],"author":[{"embeddable":true,"href":"https:\/\/energyexpo.ro\/ro\/wp-json\/wp\/v2\/users\/1"}],"replies":[{"embeddable":true,"href":"https:\/\/energyexpo.ro\/ro\/wp-json\/wp\/v2\/comments?post=4728"}],"version-history":[{"count":6,"href":"https:\/\/energyexpo.ro\/ro\/wp-json\/wp\/v2\/pages\/4728\/revisions"}],"predecessor-version":[{"id":5357,"href":"https:\/\/energyexpo.ro\/ro\/wp-json\/wp\/v2\/pages\/4728\/revisions\/5357"}],"up":[{"embeddable":true,"href":"https:\/\/energyexpo.ro\/ro\/wp-json\/wp\/v2\/pages\/1192"}],"wp:attachment":[{"href":"https:\/\/energyexpo.ro\/ro\/wp-json\/wp\/v2\/media?parent=4728"}],"curies":[{"name":"wp","href":"https:\/\/api.w.org\/{rel}","templated":true}]}}