{"id":4756,"date":"2025-04-07T16:12:16","date_gmt":"2025-04-07T16:12:16","guid":{"rendered":"https:\/\/energyexpo.ro\/?page_id=4756"},"modified":"2025-04-11T11:12:12","modified_gmt":"2025-04-11T11:12:12","slug":"simai-technology","status":"publish","type":"page","link":"https:\/\/energyexpo.ro\/ro\/exhibitors\/simai-technology\/","title":{"rendered":"TEHNOLOGIA SIMAI"},"content":{"rendered":"<section class=\"section\" id=\"section_164981760\">\n\t\t<div class=\"section-bg fill\" >\n\t\t\t\t\t\t\t\t\t\n\t\t\t\n\n\t\t<\/div>\n\n\t\t\n\n\t\t<div class=\"section-content relative\">\n\t\t\t\n<div class=\"row align-middle\"  id=\"row-1867996540\">\n\n\t<div id=\"col-901150195\" class=\"col cwp medium-6 small-12 large-6\"  >\n\t\t\t\t<div class=\"col-inner\"  >\n\t\t\t\n\t\t\t\n\t<div id=\"text-2554543035\" class=\"text pwmb\">\n\t\t\n<p class=\"lead\"><strong>TEHNOLOGIA SIMAI<\/strong><\/p>\n\t\t\n<style>\n#text-2554543035 {\n  font-size: 1.5rem;\n  color: #26408f;\n}\n#text-2554543035 > * {\n  color: #26408f;\n}\n<\/style>\n\t<\/div>\n\t\n\t<div id=\"text-2598727679\" class=\"text\">\n\t\t\n<p>ENERGIE SOLAR\u0102 (SISTEME FOTOVOLTAICE \u0218I TEHNOLOGII SOLARE TERMICE)<\/p>\n\t\t\n<style>\n#text-2598727679 {\n  color: #26408f;\n}\n#text-2598727679 > * {\n  color: #26408f;\n}\n<\/style>\n\t<\/div>\n\t\n<p>SIMAI TECHNOLOGY SRL a fost \u00eenfiin\u021bat\u0103 \u00een Rom\u00e2nia \u0219i este specializat\u0103 \u00een importul \u0219i exportul de produse energetice noi. Principalele noastre produse includ panouri solare fotovoltaice, invertoare fotovoltaice, baterii \u0219i sta\u021bii de \u00eenc\u0103rcare.<\/p>\n<p>Suntem agent exclusiv pentru mai multe m\u0103rci de \u00eenalt\u0103 calitate din Europa.<\/p>\n<p>Am stabilit rela\u021bii de cooperare stabile cu mul\u021bi produc\u0103tori chinezi de energie nou\u0103 \u0219i produse tehnologice, beneficiind de asisten\u021b\u0103 tehnic\u0103 pe termen lung din partea acestora.<\/p>\n<p>\u00cen prezent, avem echipe de management profesioniste at\u00e2t \u00een China, c\u00e2t \u0219i \u00een Rom\u00e2nia, cu scopul de a aduce pe pia\u021ba european\u0103 cele mai noi tehnologii din China, produse de calitate superioar\u0103 \u0219i cele mai bune servicii.<\/p>\n<a href=\"https:\/\/www.simaigroup.com\/\" class=\"button secondary\" target=\"_blank\" rel=\"noopener\">\n\t\t<span>Afl\u0103 mai multe<\/span>\n\t<\/a>\n\n\t\t<\/div>\n\t\t\t\t\n<style>\n#col-901150195 > .col-inner {\n  padding: 0px 0px 0px 0px;\n}\n@media (min-width:550px) {\n  #col-901150195 > .col-inner {\n    padding: 0px 50px 0px 0px;\n  }\n}\n<\/style>\n\t<\/div>\n\n\t\n\n\t<div id=\"col-21945105\" class=\"col cwp medium-6 small-12 large-6 small-col-first\"  >\n\t\t\t\t<div class=\"col-inner\"  >\n\t\t\t\n\t\t\t\n\t<div class=\"img has-hover x md-x lg-x y md-y lg-y\" id=\"image_1998558940\">\n\t\t\t\t\t\t\t\t<div class=\"img-inner dark\" >\n\t\t\t<img decoding=\"async\" width=\"1080\" height=\"1080\" data-src=\"https:\/\/energyexpo.ro\/wp-content\/uploads\/2025\/04\/SIMAI-TECHNOLOGY.png\" class=\"attachment-original size-original lazyload\" alt=\"\" data-srcset=\"https:\/\/energyexpo.ro\/wp-content\/uploads\/2025\/04\/SIMAI-TECHNOLOGY.png 1080w, https:\/\/energyexpo.ro\/wp-content\/smush-webp\/2025\/04\/SIMAI-TECHNOLOGY-300x300.png.webp 300w, https:\/\/energyexpo.ro\/wp-content\/smush-webp\/2025\/04\/SIMAI-TECHNOLOGY-1024x1024.png.webp 1024w, https:\/\/energyexpo.ro\/wp-content\/smush-webp\/2025\/04\/SIMAI-TECHNOLOGY-150x150.png.webp 150w, https:\/\/energyexpo.ro\/wp-content\/smush-webp\/2025\/04\/SIMAI-TECHNOLOGY-768x768.png.webp 768w, https:\/\/energyexpo.ro\/wp-content\/smush-webp\/2025\/04\/SIMAI-TECHNOLOGY-12x12.png.webp 12w\" data-sizes=\"(max-width: 1080px) 100vw, 1080px\" src=\"data:image\/gif;base64,R0lGODlhAQABAAAAACH5BAEKAAEALAAAAAABAAEAAAICTAEAOw==\" style=\"--smush-placeholder-width: 1080px; --smush-placeholder-aspect-ratio: 1080\/1080;\" data-smush-webp-fallback=\"{&quot;data-srcset&quot;:&quot;https:\\\/\\\/energyexpo.ro\\\/wp-content\\\/uploads\\\/2025\\\/04\\\/SIMAI-TECHNOLOGY.png 1080w, https:\\\/\\\/energyexpo.ro\\\/wp-content\\\/uploads\\\/2025\\\/04\\\/SIMAI-TECHNOLOGY-300x300.png 300w, https:\\\/\\\/energyexpo.ro\\\/wp-content\\\/uploads\\\/2025\\\/04\\\/SIMAI-TECHNOLOGY-1024x1024.png 1024w, https:\\\/\\\/energyexpo.ro\\\/wp-content\\\/uploads\\\/2025\\\/04\\\/SIMAI-TECHNOLOGY-150x150.png 150w, https:\\\/\\\/energyexpo.ro\\\/wp-content\\\/uploads\\\/2025\\\/04\\\/SIMAI-TECHNOLOGY-768x768.png 768w, https:\\\/\\\/energyexpo.ro\\\/wp-content\\\/uploads\\\/2025\\\/04\\\/SIMAI-TECHNOLOGY-12x12.png 12w&quot;}\" \/>\t\t\t\t\t\t\n\t\t\t\t\t<\/div>\n\t\t\t\t\t\t\t\t\n<style>\n#image_1998558940 {\n  width: 100%;\n}\n<\/style>\n\t<\/div>\n\t\n\t\t<\/div>\n\t\t\t\t\t<\/div>\n\n\t\n<\/div>\n\t\t<\/div>\n\n\t\t\n<style>\n#section_164981760 {\n  padding-top: 50px;\n  padding-bottom: 50px;\n  background-color: rgb(246, 246, 246);\n}\n<\/style>\n\t<\/section>\n\t\n\n\t<section class=\"section\" id=\"section_2020419203\">\n\t\t<div class=\"section-bg fill\" >\n\t\t\t\t\t\t\t\t\t\n\t\t\t\n\n\t\t<\/div>\n\n\t\t\n\n\t\t<div class=\"section-content relative\">\n\t\t\t\n\n<div class=\"row\"  id=\"row-1519203615\">\n\n\n\t<div id=\"col-1650944497\" class=\"col cwp small-12 large-12\"  >\n\t\t\t\t<div class=\"col-inner\"  >\n\t\t\t\n\t\t\t\n\n\t<div id=\"text-2865568763\" class=\"text pwmb\">\n\t\t\n\n<p><span style=\"font-size: 90%;\">Expozan\u021bii sunt singurii responsabili pentru informa\u021biile furnizate \u00een aceast\u0103 sec\u021biune, ob\u021binute fie direct de la expozan\u021bi, fie de pe site-ul lor oficial.<\/span><\/p>\n\t\t\n<style>\n#text-2865568763 {\n  text-align: center;\n  color: rgb(255,255,255);\n}\n#text-2865568763 > * {\n  color: rgb(255,255,255);\n}\n<\/style>\n\t<\/div>\n\t\n\n\t\t<\/div>\n\t\t\t\t\t<\/div>\n\n\t\n\n<\/div>\n\n\t\t<\/div>\n\n\t\t\n<style>\n#section_2020419203 {\n  padding-top: 30px;\n  padding-bottom: 30px;\n  background-color: #26408f;\n}\n<\/style>\n\t<\/section>","protected":false},"excerpt":{"rendered":"","protected":false},"author":1,"featured_media":0,"parent":1192,"menu_order":0,"comment_status":"closed","ping_status":"closed","template":"page-blank.php","meta":{"inline_featured_image":false,"footnotes":""},"class_list":["post-4756","page","type-page","status-publish","hentry"],"_links":{"self":[{"href":"https:\/\/energyexpo.ro\/ro\/wp-json\/wp\/v2\/pages\/4756","targetHints":{"allow":["GET"]}}],"collection":[{"href":"https:\/\/energyexpo.ro\/ro\/wp-json\/wp\/v2\/pages"}],"about":[{"href":"https:\/\/energyexpo.ro\/ro\/wp-json\/wp\/v2\/types\/page"}],"author":[{"embeddable":true,"href":"https:\/\/energyexpo.ro\/ro\/wp-json\/wp\/v2\/users\/1"}],"replies":[{"embeddable":true,"href":"https:\/\/energyexpo.ro\/ro\/wp-json\/wp\/v2\/comments?post=4756"}],"version-history":[{"count":6,"href":"https:\/\/energyexpo.ro\/ro\/wp-json\/wp\/v2\/pages\/4756\/revisions"}],"predecessor-version":[{"id":4914,"href":"https:\/\/energyexpo.ro\/ro\/wp-json\/wp\/v2\/pages\/4756\/revisions\/4914"}],"up":[{"embeddable":true,"href":"https:\/\/energyexpo.ro\/ro\/wp-json\/wp\/v2\/pages\/1192"}],"wp:attachment":[{"href":"https:\/\/energyexpo.ro\/ro\/wp-json\/wp\/v2\/media?parent=4756"}],"curies":[{"name":"wp","href":"https:\/\/api.w.org\/{rel}","templated":true}]}}