{"id":4797,"date":"2025-04-07T16:24:42","date_gmt":"2025-04-07T16:24:42","guid":{"rendered":"https:\/\/energyexpo.ro\/?page_id=4797"},"modified":"2025-04-07T16:25:19","modified_gmt":"2025-04-07T16:25:19","slug":"basari-enerji","status":"publish","type":"page","link":"https:\/\/energyexpo.ro\/ro\/exhibitors\/basari-enerji\/","title":{"rendered":"BA\u0218ARI ENERJ\u0130"},"content":{"rendered":"<section class=\"section\" id=\"section_1614699956\">\n\t\t<div class=\"section-bg fill\" >\n\t\t\t\t\t\t\t\t\t\n\t\t\t\n\n\t\t<\/div>\n\n\t\t\n\n\t\t<div class=\"section-content relative\">\n\t\t\t\n<div class=\"row align-middle\"  id=\"row-1838797371\">\n\n\t<div id=\"col-935132540\" class=\"col cwp medium-6 small-12 large-6\"  >\n\t\t\t\t<div class=\"col-inner\"  >\n\t\t\t\n\t\t\t\n\t<div id=\"text-1507461380\" class=\"text pwmb\">\n\t\t\n<p class=\"lead\"><strong>BA\u0218ARI ENERJ\u0130<\/strong><\/p>\n\t\t\n<style>\n#text-1507461380 {\n  font-size: 1.5rem;\n  color: #26408f;\n}\n#text-1507461380 > * {\n  color: #26408f;\n}\n<\/style>\n\t<\/div>\n\t\n\t<div id=\"text-3046149391\" class=\"text\">\n\t\t\n<p>INGINERIE, ACHIZI\u021aII PUBLICE \u0218I CONSTRUC\u021aII\/ MANAGEMENT (EPC\/ EPCM)<\/p>\n\t\t\n<style>\n#text-3046149391 {\n  color: #26408f;\n}\n#text-3046149391 > * {\n  color: #26408f;\n}\n<\/style>\n\t<\/div>\n\t\n<p>Ba\u0219ar\u0131arge Energy Technologies Inc. a fost \u00eenfiin\u021bat\u0103 la Ankara \u00een 2013 ca filial\u0103 comun\u0103 a Ba\u0219ar\u0131 Holding \u0219i Ba\u0219ar\u0131 Investments Inc. pentru a desf\u0103\u0219ura activit\u0103\u021bi de cercetare \u0219i dezvoltare (C&amp;D) \u00een domeniul energiei solare \u0219i al producerii de energie din energie solar\u0103 fotovoltaic\u0103.<\/p>\n<p>Compania noastr\u0103, care a lucrat la sisteme de ghidare electromecanic\u0103 \u00eenc\u0103 de la \u00eenfiin\u021bare, a devenit unul dintre numele principale \u00een domeniul s\u0103u cu sistemul de urm\u0103rire solar\u0103 Kaan Solar Maestro pe care l-a dezvoltat.<\/p>\n<a href=\"https:\/\/www.basarienerji.com\/\" class=\"button secondary\" target=\"_blank\" rel=\"noopener\">\n\t\t<span>Afl\u0103 mai multe<\/span>\n\t<\/a>\n\n\t\t<\/div>\n\t\t\t\t\n<style>\n#col-935132540 > .col-inner {\n  padding: 0px 0px 0px 0px;\n}\n@media (min-width:550px) {\n  #col-935132540 > .col-inner {\n    padding: 0px 50px 0px 0px;\n  }\n}\n<\/style>\n\t<\/div>\n\n\t\n\n\t<div id=\"col-1700094221\" class=\"col cwp medium-6 small-12 large-6 small-col-first\"  >\n\t\t\t\t<div class=\"col-inner\"  >\n\t\t\t\n\t\t\t\n\t<div class=\"img has-hover x md-x lg-x y md-y lg-y\" id=\"image_225882569\">\n\t\t\t\t\t\t\t\t<div class=\"img-inner dark\" >\n\t\t\t<img decoding=\"async\" width=\"1080\" height=\"1080\" data-src=\"https:\/\/energyexpo.ro\/wp-content\/uploads\/2025\/04\/Basari-Enerji_Exhibitor.png\" class=\"attachment-original size-original lazyload\" alt=\"\" data-srcset=\"https:\/\/energyexpo.ro\/wp-content\/uploads\/2025\/04\/Basari-Enerji_Exhibitor.png 1080w, https:\/\/energyexpo.ro\/wp-content\/smush-webp\/2025\/04\/Basari-Enerji_Exhibitor-300x300.png.webp 300w, https:\/\/energyexpo.ro\/wp-content\/smush-webp\/2025\/04\/Basari-Enerji_Exhibitor-1024x1024.png.webp 1024w, https:\/\/energyexpo.ro\/wp-content\/smush-webp\/2025\/04\/Basari-Enerji_Exhibitor-150x150.png.webp 150w, https:\/\/energyexpo.ro\/wp-content\/smush-webp\/2025\/04\/Basari-Enerji_Exhibitor-768x768.png.webp 768w, https:\/\/energyexpo.ro\/wp-content\/smush-webp\/2025\/04\/Basari-Enerji_Exhibitor-12x12.png.webp 12w\" data-sizes=\"(max-width: 1080px) 100vw, 1080px\" src=\"data:image\/gif;base64,R0lGODlhAQABAAAAACH5BAEKAAEALAAAAAABAAEAAAICTAEAOw==\" style=\"--smush-placeholder-width: 1080px; --smush-placeholder-aspect-ratio: 1080\/1080;\" data-smush-webp-fallback=\"{&quot;data-srcset&quot;:&quot;https:\\\/\\\/energyexpo.ro\\\/wp-content\\\/uploads\\\/2025\\\/04\\\/Basari-Enerji_Exhibitor.png 1080w, https:\\\/\\\/energyexpo.ro\\\/wp-content\\\/uploads\\\/2025\\\/04\\\/Basari-Enerji_Exhibitor-300x300.png 300w, https:\\\/\\\/energyexpo.ro\\\/wp-content\\\/uploads\\\/2025\\\/04\\\/Basari-Enerji_Exhibitor-1024x1024.png 1024w, https:\\\/\\\/energyexpo.ro\\\/wp-content\\\/uploads\\\/2025\\\/04\\\/Basari-Enerji_Exhibitor-150x150.png 150w, https:\\\/\\\/energyexpo.ro\\\/wp-content\\\/uploads\\\/2025\\\/04\\\/Basari-Enerji_Exhibitor-768x768.png 768w, https:\\\/\\\/energyexpo.ro\\\/wp-content\\\/uploads\\\/2025\\\/04\\\/Basari-Enerji_Exhibitor-12x12.png 12w&quot;}\" \/>\t\t\t\t\t\t\n\t\t\t\t\t<\/div>\n\t\t\t\t\t\t\t\t\n<style>\n#image_225882569 {\n  width: 100%;\n}\n<\/style>\n\t<\/div>\n\t\n\t\t<\/div>\n\t\t\t\t\t<\/div>\n\n\t\n<\/div>\n\t\t<\/div>\n\n\t\t\n<style>\n#section_1614699956 {\n  padding-top: 50px;\n  padding-bottom: 50px;\n  background-color: rgb(246, 246, 246);\n}\n<\/style>\n\t<\/section>\n\t\n\n\t<section class=\"section\" id=\"section_741997680\">\n\t\t<div class=\"section-bg fill\" >\n\t\t\t\t\t\t\t\t\t\n\t\t\t\n\n\t\t<\/div>\n\n\t\t\n\n\t\t<div class=\"section-content relative\">\n\t\t\t\n\n<div class=\"row\"  id=\"row-1423276826\">\n\n\n\t<div id=\"col-2010465208\" class=\"col cwp small-12 large-12\"  >\n\t\t\t\t<div class=\"col-inner\"  >\n\t\t\t\n\t\t\t\n\n\t<div id=\"text-2975808547\" class=\"text pwmb\">\n\t\t\n\n<p><span style=\"font-size: 90%;\">Expozan\u021bii sunt singurii responsabili pentru informa\u021biile furnizate \u00een aceast\u0103 sec\u021biune, ob\u021binute fie direct de la expozan\u021bi, fie de pe site-ul lor oficial.<\/span><\/p>\n\t\t\n<style>\n#text-2975808547 {\n  text-align: center;\n  color: rgb(255,255,255);\n}\n#text-2975808547 > * {\n  color: rgb(255,255,255);\n}\n<\/style>\n\t<\/div>\n\t\n\n\t\t<\/div>\n\t\t\t\t\t<\/div>\n\n\t\n\n<\/div>\n\n\t\t<\/div>\n\n\t\t\n<style>\n#section_741997680 {\n  padding-top: 30px;\n  padding-bottom: 30px;\n  background-color: #26408f;\n}\n<\/style>\n\t<\/section>","protected":false},"excerpt":{"rendered":"","protected":false},"author":1,"featured_media":0,"parent":1192,"menu_order":0,"comment_status":"closed","ping_status":"closed","template":"page-blank.php","meta":{"inline_featured_image":false,"footnotes":""},"class_list":["post-4797","page","type-page","status-publish","hentry"],"_links":{"self":[{"href":"https:\/\/energyexpo.ro\/ro\/wp-json\/wp\/v2\/pages\/4797","targetHints":{"allow":["GET"]}}],"collection":[{"href":"https:\/\/energyexpo.ro\/ro\/wp-json\/wp\/v2\/pages"}],"about":[{"href":"https:\/\/energyexpo.ro\/ro\/wp-json\/wp\/v2\/types\/page"}],"author":[{"embeddable":true,"href":"https:\/\/energyexpo.ro\/ro\/wp-json\/wp\/v2\/users\/1"}],"replies":[{"embeddable":true,"href":"https:\/\/energyexpo.ro\/ro\/wp-json\/wp\/v2\/comments?post=4797"}],"version-history":[{"count":3,"href":"https:\/\/energyexpo.ro\/ro\/wp-json\/wp\/v2\/pages\/4797\/revisions"}],"predecessor-version":[{"id":4801,"href":"https:\/\/energyexpo.ro\/ro\/wp-json\/wp\/v2\/pages\/4797\/revisions\/4801"}],"up":[{"embeddable":true,"href":"https:\/\/energyexpo.ro\/ro\/wp-json\/wp\/v2\/pages\/1192"}],"wp:attachment":[{"href":"https:\/\/energyexpo.ro\/ro\/wp-json\/wp\/v2\/media?parent=4797"}],"curies":[{"name":"wp","href":"https:\/\/api.w.org\/{rel}","templated":true}]}}