{"id":4806,"date":"2025-04-07T16:27:02","date_gmt":"2025-04-07T16:27:02","guid":{"rendered":"https:\/\/energyexpo.ro\/?page_id=4806"},"modified":"2025-04-11T11:35:57","modified_gmt":"2025-04-11T11:35:57","slug":"mir-yapi","status":"publish","type":"page","link":"https:\/\/energyexpo.ro\/ro\/exhibitors\/mir-yapi\/","title":{"rendered":"M\u0130R YAPI"},"content":{"rendered":"<section class=\"section\" id=\"section_712891530\">\n\t\t<div class=\"section-bg fill\" >\n\t\t\t\t\t\t\t\t\t\n\t\t\t\n\n\t\t<\/div>\n\n\t\t\n\n\t\t<div class=\"section-content relative\">\n\t\t\t\n<div class=\"row align-middle\"  id=\"row-1478940113\">\n\n\t<div id=\"col-965458835\" class=\"col cwp medium-6 small-12 large-6\"  >\n\t\t\t\t<div class=\"col-inner\"  >\n\t\t\t\n\t\t\t\n\t<div id=\"text-2686802394\" class=\"text pwmb\">\n\t\t\n<p class=\"lead\"><strong>M\u0130R YAPI<\/strong><\/p>\n\t\t\n<style>\n#text-2686802394 {\n  font-size: 1.5rem;\n  color: #26408f;\n}\n#text-2686802394 > * {\n  color: #26408f;\n}\n<\/style>\n\t<\/div>\n\t\n\t<div id=\"text-1344560222\" class=\"text\">\n\t\t\n<p>INGINERIE, ACHIZI\u021aII PUBLICE \u0218I CONSTRUC\u021aII\/ MANAGEMENT (EPC\/ EPCM)<\/p>\n\t\t\n<style>\n#text-1344560222 {\n  color: #26408f;\n}\n#text-1344560222 > * {\n  color: #26408f;\n}\n<\/style>\n\t<\/div>\n\t\n<p>Mir Yap\u0131, fondat\u0103 \u00een 2004 \u0219i cu sediul \u00een Ankara, este o companie lider specializat\u0103 \u00een structuri metalice industriale, subconstruc\u021bii pentru energie solar\u0103, locuin\u021be din o\u021bel, sisteme de dilatare seismic\u0103 \u0219i containere portabile. Cu o instala\u021bie de 19 000 m\u00b2 \u00een Sakarya, Mir Yap\u0131 ofer\u0103 solu\u021bii durabile, conforme cu reglement\u0103rile pentru fabrici, poduri, zg\u00e2rie-nori \u0219i multe altele.<\/p>\n<p>Compania se concentreaz\u0103 pe siguran\u021b\u0103, durabilitate \u0219i inovare, oferind locuin\u021be din o\u021bel proiectate pentru rezilien\u021b\u0103 seismic\u0103, solu\u021bii seismice flexibile pentru conducte \u0219i containere modulare pentru ad\u0103posturi rapide \u0219i sigure. Prin promovarea beneficiilor construc\u021biilor din o\u021bel \u0219i o\u021bel u\u0219or, Mir Yap\u0131 continu\u0103 s\u0103 r\u0103spund\u0103 cerin\u021belor structurale moderne cu motto-ul \"Trust in Construction.<\/p>\n<a href=\"https:\/\/www.miryapi.com.tr\/\" class=\"button secondary\" target=\"_blank\" rel=\"noopener\">\n\t\t<span>Afl\u0103 mai multe<\/span>\n\t<\/a>\n\n\t\t<\/div>\n\t\t\t\t\n<style>\n#col-965458835 > .col-inner {\n  padding: 0px 0px 0px 0px;\n}\n@media (min-width:550px) {\n  #col-965458835 > .col-inner {\n    padding: 0px 50px 0px 0px;\n  }\n}\n<\/style>\n\t<\/div>\n\n\t\n\n\t<div id=\"col-1089599888\" class=\"col cwp medium-6 small-12 large-6 small-col-first\"  >\n\t\t\t\t<div class=\"col-inner\"  >\n\t\t\t\n\t\t\t\n\t<div class=\"img has-hover x md-x lg-x y md-y lg-y\" id=\"image_1314153728\">\n\t\t\t\t\t\t\t\t<div class=\"img-inner dark\" >\n\t\t\t<img decoding=\"async\" width=\"1080\" height=\"1080\" data-src=\"https:\/\/energyexpo.ro\/wp-content\/uploads\/2025\/04\/Mir-Yapi_Exhibitor.png\" class=\"attachment-original size-original lazyload\" alt=\"\" data-srcset=\"https:\/\/energyexpo.ro\/wp-content\/uploads\/2025\/04\/Mir-Yapi_Exhibitor.png 1080w, https:\/\/energyexpo.ro\/wp-content\/smush-webp\/2025\/04\/Mir-Yapi_Exhibitor-300x300.png.webp 300w, https:\/\/energyexpo.ro\/wp-content\/smush-webp\/2025\/04\/Mir-Yapi_Exhibitor-1024x1024.png.webp 1024w, https:\/\/energyexpo.ro\/wp-content\/smush-webp\/2025\/04\/Mir-Yapi_Exhibitor-150x150.png.webp 150w, https:\/\/energyexpo.ro\/wp-content\/smush-webp\/2025\/04\/Mir-Yapi_Exhibitor-768x768.png.webp 768w, https:\/\/energyexpo.ro\/wp-content\/smush-webp\/2025\/04\/Mir-Yapi_Exhibitor-12x12.png.webp 12w\" data-sizes=\"(max-width: 1080px) 100vw, 1080px\" src=\"data:image\/gif;base64,R0lGODlhAQABAAAAACH5BAEKAAEALAAAAAABAAEAAAICTAEAOw==\" style=\"--smush-placeholder-width: 1080px; --smush-placeholder-aspect-ratio: 1080\/1080;\" data-smush-webp-fallback=\"{&quot;data-srcset&quot;:&quot;https:\\\/\\\/energyexpo.ro\\\/wp-content\\\/uploads\\\/2025\\\/04\\\/Mir-Yapi_Exhibitor.png 1080w, https:\\\/\\\/energyexpo.ro\\\/wp-content\\\/uploads\\\/2025\\\/04\\\/Mir-Yapi_Exhibitor-300x300.png 300w, https:\\\/\\\/energyexpo.ro\\\/wp-content\\\/uploads\\\/2025\\\/04\\\/Mir-Yapi_Exhibitor-1024x1024.png 1024w, https:\\\/\\\/energyexpo.ro\\\/wp-content\\\/uploads\\\/2025\\\/04\\\/Mir-Yapi_Exhibitor-150x150.png 150w, https:\\\/\\\/energyexpo.ro\\\/wp-content\\\/uploads\\\/2025\\\/04\\\/Mir-Yapi_Exhibitor-768x768.png 768w, https:\\\/\\\/energyexpo.ro\\\/wp-content\\\/uploads\\\/2025\\\/04\\\/Mir-Yapi_Exhibitor-12x12.png 12w&quot;}\" \/>\t\t\t\t\t\t\n\t\t\t\t\t<\/div>\n\t\t\t\t\t\t\t\t\n<style>\n#image_1314153728 {\n  width: 100%;\n}\n<\/style>\n\t<\/div>\n\t\n\t\t<\/div>\n\t\t\t\t\t<\/div>\n\n\t\n<\/div>\n\t\t<\/div>\n\n\t\t\n<style>\n#section_712891530 {\n  padding-top: 50px;\n  padding-bottom: 50px;\n  background-color: rgb(246, 246, 246);\n}\n<\/style>\n\t<\/section>\n\t\n\n\t<section class=\"section\" id=\"section_63578576\">\n\t\t<div class=\"section-bg fill\" >\n\t\t\t\t\t\t\t\t\t\n\t\t\t\n\n\t\t<\/div>\n\n\t\t\n\n\t\t<div class=\"section-content relative\">\n\t\t\t\n\n<div class=\"row\"  id=\"row-817901649\">\n\n\n\t<div id=\"col-982294274\" class=\"col cwp small-12 large-12\"  >\n\t\t\t\t<div class=\"col-inner\"  >\n\t\t\t\n\t\t\t\n\n\t<div id=\"text-2157229954\" class=\"text pwmb\">\n\t\t\n\n<p><span style=\"font-size: 90%;\">Expozan\u021bii sunt singurii responsabili pentru informa\u021biile furnizate \u00een aceast\u0103 sec\u021biune, ob\u021binute fie direct de la expozan\u021bi, fie de pe site-ul lor oficial.<\/span><\/p>\n\t\t\n<style>\n#text-2157229954 {\n  text-align: center;\n  color: rgb(255,255,255);\n}\n#text-2157229954 > * {\n  color: rgb(255,255,255);\n}\n<\/style>\n\t<\/div>\n\t\n\n\t\t<\/div>\n\t\t\t\t\t<\/div>\n\n\t\n\n<\/div>\n\n\t\t<\/div>\n\n\t\t\n<style>\n#section_63578576 {\n  padding-top: 30px;\n  padding-bottom: 30px;\n  background-color: #26408f;\n}\n<\/style>\n\t<\/section>","protected":false},"excerpt":{"rendered":"","protected":false},"author":1,"featured_media":0,"parent":1192,"menu_order":0,"comment_status":"closed","ping_status":"closed","template":"page-blank.php","meta":{"inline_featured_image":false,"footnotes":""},"class_list":["post-4806","page","type-page","status-publish","hentry"],"_links":{"self":[{"href":"https:\/\/energyexpo.ro\/ro\/wp-json\/wp\/v2\/pages\/4806","targetHints":{"allow":["GET"]}}],"collection":[{"href":"https:\/\/energyexpo.ro\/ro\/wp-json\/wp\/v2\/pages"}],"about":[{"href":"https:\/\/energyexpo.ro\/ro\/wp-json\/wp\/v2\/types\/page"}],"author":[{"embeddable":true,"href":"https:\/\/energyexpo.ro\/ro\/wp-json\/wp\/v2\/users\/1"}],"replies":[{"embeddable":true,"href":"https:\/\/energyexpo.ro\/ro\/wp-json\/wp\/v2\/comments?post=4806"}],"version-history":[{"count":4,"href":"https:\/\/energyexpo.ro\/ro\/wp-json\/wp\/v2\/pages\/4806\/revisions"}],"predecessor-version":[{"id":4936,"href":"https:\/\/energyexpo.ro\/ro\/wp-json\/wp\/v2\/pages\/4806\/revisions\/4936"}],"up":[{"embeddable":true,"href":"https:\/\/energyexpo.ro\/ro\/wp-json\/wp\/v2\/pages\/1192"}],"wp:attachment":[{"href":"https:\/\/energyexpo.ro\/ro\/wp-json\/wp\/v2\/media?parent=4806"}],"curies":[{"name":"wp","href":"https:\/\/api.w.org\/{rel}","templated":true}]}}