{"id":4814,"date":"2025-04-07T16:30:22","date_gmt":"2025-04-07T16:30:22","guid":{"rendered":"https:\/\/energyexpo.ro\/?page_id=4814"},"modified":"2025-04-07T16:31:23","modified_gmt":"2025-04-07T16:31:23","slug":"timsan-transformator","status":"publish","type":"page","link":"https:\/\/energyexpo.ro\/ro\/exhibitors\/timsan-transformator\/","title":{"rendered":"TI\u0307MSAN TRANSFORMAT\u00d6R"},"content":{"rendered":"<section class=\"section\" id=\"section_2053745205\">\n\t\t<div class=\"section-bg fill\" >\n\t\t\t\t\t\t\t\t\t\n\t\t\t\n\n\t\t<\/div>\n\n\t\t\n\n\t\t<div class=\"section-content relative\">\n\t\t\t\n<div class=\"row align-middle\"  id=\"row-1958268595\">\n\n\t<div id=\"col-1816567579\" class=\"col cwp medium-6 small-12 large-6\"  >\n\t\t\t\t<div class=\"col-inner\"  >\n\t\t\t\n\t\t\t\n\t<div id=\"text-1629053647\" class=\"text pwmb\">\n\t\t\n<p class=\"lead\"><strong>TI\u0307MSAN TRANSFORMAT\u00d6R<\/strong><\/p>\n\t\t\n<style>\n#text-1629053647 {\n  font-size: 1.5rem;\n  color: #26408f;\n}\n#text-1629053647 > * {\n  color: #26408f;\n}\n<\/style>\n\t<\/div>\n\t\n\t<div id=\"text-818910460\" class=\"text\">\n\t\t\n<p>SOLU\u021aII DE EFICIEN\u021a\u0102 ENERGETIC\u0102<\/p>\n\t\t\n<style>\n#text-818910460 {\n  color: #26408f;\n}\n#text-818910460 > * {\n  color: #26408f;\n}\n<\/style>\n\t<\/div>\n\t\n<p>Timsan produce transformatoare de putere de exterior \/ interior de la 25 kVA la 30000 kVA \u00een putere \u0219i de la 6 kV la 54 kV \u00een tensiune, tip imersat \u00een ulei, ermetic sau atmosfer\u0103 deschis\u0103 (rezervor de expansiune a uleiului) \u0219i de la 25 kVA la 20000 kVA transformatoare de tip uscat din r\u0103\u0219in\u0103 turnat\u0103. . Export\u00e2nd \u00een peste 75 de \u021b\u0103ri, din Kazahstan p\u00e2n\u0103 \u00een America de Sud, Timsan export\u0103 99% din produc\u021bia sa. Produsele sunt economice, foarte eficiente \u0219i sigure \u00een conformitate cu standardele \u0219i listele de condi\u021bii \u00een vigoare. Timsan este un produc\u0103tor care \u0219i-a dovedit calitatea pe scena interna\u021bional\u0103, cu certificatele \u0219i referin\u021bele sale valabile la nivel interna\u021bional, necesare \u00een produc\u021bia de transformatoare. Timsan, care dispune de un laborator recunoscut la nivel interna\u021bional \u0219i acreditat ISO 17025, \u00ee\u0219i procur\u0103 toate inputurile \u0219i materiile prime utilizate \u00een produc\u021bia de transformatoare de la produc\u0103tori na\u021bionali \u0219i str\u0103ini de renume mondial \u0219i pune \u00een centrul activit\u0103\u021bilor sale principiul sustenabilit\u0103\u021bii \u0219i al satisfac\u021biei clien\u021bilor. Cu viziunea de a-\u0219i men\u021bine \u00een viitor pozi\u021bia de lider \u00een sectorul energetic, Timsan va continua s\u0103 ofere clien\u021bilor s\u0103i produse de calitate superioar\u0103, metode mai fiabile, eficiente \u0219i ecologice.<\/p>\n<a href=\"https:\/\/timsantrafo.com\/en\/\" class=\"button secondary\" target=\"_blank\" rel=\"noopener\">\n\t\t<span>Afl\u0103 mai multe<\/span>\n\t<\/a>\n\n\t\t<\/div>\n\t\t\t\t\n<style>\n#col-1816567579 > .col-inner {\n  padding: 0px 0px 0px 0px;\n}\n@media (min-width:550px) {\n  #col-1816567579 > .col-inner {\n    padding: 0px 50px 0px 0px;\n  }\n}\n<\/style>\n\t<\/div>\n\n\t\n\n\t<div id=\"col-1266346966\" class=\"col cwp medium-6 small-12 large-6 small-col-first\"  >\n\t\t\t\t<div class=\"col-inner\"  >\n\t\t\t\n\t\t\t\n\t<div class=\"img has-hover x md-x lg-x y md-y lg-y\" id=\"image_1183444246\">\n\t\t\t\t\t\t\t\t<div class=\"img-inner dark\" >\n\t\t\t<img decoding=\"async\" width=\"1080\" height=\"1080\" data-src=\"https:\/\/energyexpo.ro\/wp-content\/uploads\/2025\/04\/TIMSAN_Exhibitor.png\" class=\"attachment-original size-original lazyload\" alt=\"\" data-srcset=\"https:\/\/energyexpo.ro\/wp-content\/uploads\/2025\/04\/TIMSAN_Exhibitor.png 1080w, https:\/\/energyexpo.ro\/wp-content\/smush-webp\/2025\/04\/TIMSAN_Exhibitor-300x300.png.webp 300w, https:\/\/energyexpo.ro\/wp-content\/smush-webp\/2025\/04\/TIMSAN_Exhibitor-1024x1024.png.webp 1024w, https:\/\/energyexpo.ro\/wp-content\/smush-webp\/2025\/04\/TIMSAN_Exhibitor-150x150.png.webp 150w, https:\/\/energyexpo.ro\/wp-content\/smush-webp\/2025\/04\/TIMSAN_Exhibitor-768x768.png.webp 768w, https:\/\/energyexpo.ro\/wp-content\/smush-webp\/2025\/04\/TIMSAN_Exhibitor-12x12.png.webp 12w\" data-sizes=\"(max-width: 1080px) 100vw, 1080px\" src=\"data:image\/gif;base64,R0lGODlhAQABAAAAACH5BAEKAAEALAAAAAABAAEAAAICTAEAOw==\" style=\"--smush-placeholder-width: 1080px; --smush-placeholder-aspect-ratio: 1080\/1080;\" data-smush-webp-fallback=\"{&quot;data-srcset&quot;:&quot;https:\\\/\\\/energyexpo.ro\\\/wp-content\\\/uploads\\\/2025\\\/04\\\/TIMSAN_Exhibitor.png 1080w, https:\\\/\\\/energyexpo.ro\\\/wp-content\\\/uploads\\\/2025\\\/04\\\/TIMSAN_Exhibitor-300x300.png 300w, https:\\\/\\\/energyexpo.ro\\\/wp-content\\\/uploads\\\/2025\\\/04\\\/TIMSAN_Exhibitor-1024x1024.png 1024w, https:\\\/\\\/energyexpo.ro\\\/wp-content\\\/uploads\\\/2025\\\/04\\\/TIMSAN_Exhibitor-150x150.png 150w, https:\\\/\\\/energyexpo.ro\\\/wp-content\\\/uploads\\\/2025\\\/04\\\/TIMSAN_Exhibitor-768x768.png 768w, https:\\\/\\\/energyexpo.ro\\\/wp-content\\\/uploads\\\/2025\\\/04\\\/TIMSAN_Exhibitor-12x12.png 12w&quot;}\" \/>\t\t\t\t\t\t\n\t\t\t\t\t<\/div>\n\t\t\t\t\t\t\t\t\n<style>\n#image_1183444246 {\n  width: 100%;\n}\n<\/style>\n\t<\/div>\n\t\n\t\t<\/div>\n\t\t\t\t\t<\/div>\n\n\t\n<\/div>\n\t\t<\/div>\n\n\t\t\n<style>\n#section_2053745205 {\n  padding-top: 50px;\n  padding-bottom: 50px;\n  background-color: rgb(246, 246, 246);\n}\n<\/style>\n\t<\/section>\n\t\n\n\t<section class=\"section\" id=\"section_1804812725\">\n\t\t<div class=\"section-bg fill\" >\n\t\t\t\t\t\t\t\t\t\n\t\t\t\n\n\t\t<\/div>\n\n\t\t\n\n\t\t<div class=\"section-content relative\">\n\t\t\t\n\n<div class=\"row\"  id=\"row-903311553\">\n\n\n\t<div id=\"col-391364283\" class=\"col cwp small-12 large-12\"  >\n\t\t\t\t<div class=\"col-inner\"  >\n\t\t\t\n\t\t\t\n\n\t<div id=\"text-1386261322\" class=\"text pwmb\">\n\t\t\n\n<p><span style=\"font-size: 90%;\">Expozan\u021bii sunt singurii responsabili pentru informa\u021biile furnizate \u00een aceast\u0103 sec\u021biune, ob\u021binute fie direct de la expozan\u021bi, fie de pe site-ul lor oficial.<\/span><\/p>\n\t\t\n<style>\n#text-1386261322 {\n  text-align: center;\n  color: rgb(255,255,255);\n}\n#text-1386261322 > * {\n  color: rgb(255,255,255);\n}\n<\/style>\n\t<\/div>\n\t\n\n\t\t<\/div>\n\t\t\t\t\t<\/div>\n\n\t\n\n<\/div>\n\n\t\t<\/div>\n\n\t\t\n<style>\n#section_1804812725 {\n  padding-top: 30px;\n  padding-bottom: 30px;\n  background-color: #26408f;\n}\n<\/style>\n\t<\/section>","protected":false},"excerpt":{"rendered":"","protected":false},"author":1,"featured_media":0,"parent":1192,"menu_order":0,"comment_status":"closed","ping_status":"closed","template":"page-blank.php","meta":{"inline_featured_image":false,"footnotes":""},"class_list":["post-4814","page","type-page","status-publish","hentry"],"_links":{"self":[{"href":"https:\/\/energyexpo.ro\/ro\/wp-json\/wp\/v2\/pages\/4814","targetHints":{"allow":["GET"]}}],"collection":[{"href":"https:\/\/energyexpo.ro\/ro\/wp-json\/wp\/v2\/pages"}],"about":[{"href":"https:\/\/energyexpo.ro\/ro\/wp-json\/wp\/v2\/types\/page"}],"author":[{"embeddable":true,"href":"https:\/\/energyexpo.ro\/ro\/wp-json\/wp\/v2\/users\/1"}],"replies":[{"embeddable":true,"href":"https:\/\/energyexpo.ro\/ro\/wp-json\/wp\/v2\/comments?post=4814"}],"version-history":[{"count":2,"href":"https:\/\/energyexpo.ro\/ro\/wp-json\/wp\/v2\/pages\/4814\/revisions"}],"predecessor-version":[{"id":4817,"href":"https:\/\/energyexpo.ro\/ro\/wp-json\/wp\/v2\/pages\/4814\/revisions\/4817"}],"up":[{"embeddable":true,"href":"https:\/\/energyexpo.ro\/ro\/wp-json\/wp\/v2\/pages\/1192"}],"wp:attachment":[{"href":"https:\/\/energyexpo.ro\/ro\/wp-json\/wp\/v2\/media?parent=4814"}],"curies":[{"name":"wp","href":"https:\/\/api.w.org\/{rel}","templated":true}]}}