{"id":4825,"date":"2025-04-07T22:44:57","date_gmt":"2025-04-07T22:44:57","guid":{"rendered":"https:\/\/energyexpo.ro\/?page_id=4825"},"modified":"2025-05-07T10:45:36","modified_gmt":"2025-05-07T10:45:36","slug":"advantage-austria-romania","status":"publish","type":"page","link":"https:\/\/energyexpo.ro\/ro\/exhibitors\/advantage-austria-romania\/","title":{"rendered":"Avantaj Austria Rom\u00e2nia"},"content":{"rendered":"<section class=\"section\" id=\"section_152047995\">\n\t\t<div class=\"section-bg fill\" >\n\t\t\t\t\t\t\t\t\t\n\t\t\t\n\n\t\t<\/div>\n\n\t\t\n\n\t\t<div class=\"section-content relative\">\n\t\t\t\n<div class=\"row align-middle\"  id=\"row-790036778\">\n\n\t<div id=\"col-268986037\" class=\"col cwp medium-6 small-12 large-6\"  >\n\t\t\t\t<div class=\"col-inner\"  >\n\t\t\t\n\t\t\t\n\t<div id=\"text-539758926\" class=\"text pwmb\">\n\t\t\n<p class=\"lead\"><strong>Avantaj Austria Rom\u00e2nia<\/strong><\/p>\n\t\t\n<style>\n#text-539758926 {\n  font-size: 1.5rem;\n  color: #26408f;\n}\n#text-539758926 > * {\n  color: #26408f;\n}\n<\/style>\n\t<\/div>\n\t\n\t<div id=\"text-785723064\" class=\"text\">\n\t\t\n<p>SECTORUL ENERGETIC<\/p>\n\t\t\n<style>\n#text-785723064 {\n  color: #26408f;\n}\n#text-785723064 > * {\n  color: #26408f;\n}\n<\/style>\n\t<\/div>\n\t\n<p>ADVANTAGE AUSTRIA este organiza\u021bia oficial\u0103 austriac\u0103 de promovare a comer\u021bului exterior \u0219i face parte din Camera economic\u0103 federal\u0103 austriac\u0103 (WK\u00d6). Reprezent\u0103m cu m\u00e2ndrie companiile austriece la acest eveniment.<\/p>\n<a href=\"https:\/\/www.advantageaustria.org\/md\/servicecenter\/Buero-Bukarest.ro.html\" class=\"button secondary\" target=\"_blank\" rel=\"noopener\">\n\t\t<span>Afl\u0103 mai multe<\/span>\n\t<\/a>\n\n\t\t<\/div>\n\t\t\t\t\n<style>\n#col-268986037 > .col-inner {\n  padding: 0px 0px 0px 0px;\n}\n@media (min-width:550px) {\n  #col-268986037 > .col-inner {\n    padding: 0px 50px 0px 0px;\n  }\n}\n<\/style>\n\t<\/div>\n\n\t\n\n\t<div id=\"col-1513754080\" class=\"col cwp medium-6 small-12 large-6 small-col-first\"  >\n\t\t\t\t<div class=\"col-inner\"  >\n\t\t\t\n\t\t\t\n\t<div class=\"img has-hover x md-x lg-x y md-y lg-y\" id=\"image_1364081949\">\n\t\t\t\t\t\t\t\t<div class=\"img-inner dark\" >\n\t\t\t<img decoding=\"async\" width=\"1080\" height=\"1080\" data-src=\"https:\/\/energyexpo.ro\/wp-content\/uploads\/2025\/05\/ADVANTAGE-AUSTRIA_Exhibitor.png\" class=\"attachment-original size-original lazyload\" alt=\"\" data-srcset=\"https:\/\/energyexpo.ro\/wp-content\/uploads\/2025\/05\/ADVANTAGE-AUSTRIA_Exhibitor.png 1080w, https:\/\/energyexpo.ro\/wp-content\/smush-webp\/2025\/05\/ADVANTAGE-AUSTRIA_Exhibitor-300x300.png.webp 300w, https:\/\/energyexpo.ro\/wp-content\/smush-webp\/2025\/05\/ADVANTAGE-AUSTRIA_Exhibitor-1024x1024.png.webp 1024w, https:\/\/energyexpo.ro\/wp-content\/smush-webp\/2025\/05\/ADVANTAGE-AUSTRIA_Exhibitor-150x150.png.webp 150w, https:\/\/energyexpo.ro\/wp-content\/smush-webp\/2025\/05\/ADVANTAGE-AUSTRIA_Exhibitor-768x768.png.webp 768w, https:\/\/energyexpo.ro\/wp-content\/smush-webp\/2025\/05\/ADVANTAGE-AUSTRIA_Exhibitor-12x12.png.webp 12w\" data-sizes=\"(max-width: 1080px) 100vw, 1080px\" src=\"data:image\/gif;base64,R0lGODlhAQABAAAAACH5BAEKAAEALAAAAAABAAEAAAICTAEAOw==\" style=\"--smush-placeholder-width: 1080px; --smush-placeholder-aspect-ratio: 1080\/1080;\" data-smush-webp-fallback=\"{&quot;data-srcset&quot;:&quot;https:\\\/\\\/energyexpo.ro\\\/wp-content\\\/uploads\\\/2025\\\/05\\\/ADVANTAGE-AUSTRIA_Exhibitor.png 1080w, https:\\\/\\\/energyexpo.ro\\\/wp-content\\\/uploads\\\/2025\\\/05\\\/ADVANTAGE-AUSTRIA_Exhibitor-300x300.png 300w, https:\\\/\\\/energyexpo.ro\\\/wp-content\\\/uploads\\\/2025\\\/05\\\/ADVANTAGE-AUSTRIA_Exhibitor-1024x1024.png 1024w, https:\\\/\\\/energyexpo.ro\\\/wp-content\\\/uploads\\\/2025\\\/05\\\/ADVANTAGE-AUSTRIA_Exhibitor-150x150.png 150w, https:\\\/\\\/energyexpo.ro\\\/wp-content\\\/uploads\\\/2025\\\/05\\\/ADVANTAGE-AUSTRIA_Exhibitor-768x768.png 768w, https:\\\/\\\/energyexpo.ro\\\/wp-content\\\/uploads\\\/2025\\\/05\\\/ADVANTAGE-AUSTRIA_Exhibitor-12x12.png 12w&quot;}\" \/>\t\t\t\t\t\t\n\t\t\t\t\t<\/div>\n\t\t\t\t\t\t\t\t\n<style>\n#image_1364081949 {\n  width: 100%;\n}\n<\/style>\n\t<\/div>\n\t\n\t\t<\/div>\n\t\t\t\t\t<\/div>\n\n\t\n<\/div>\n\t\t<\/div>\n\n\t\t\n<style>\n#section_152047995 {\n  padding-top: 50px;\n  padding-bottom: 50px;\n  background-color: rgb(246, 246, 246);\n}\n<\/style>\n\t<\/section>\n\t\n\n\t<section class=\"section\" id=\"section_2084696039\">\n\t\t<div class=\"section-bg fill\" >\n\t\t\t\t\t\t\t\t\t\n\t\t\t\n\n\t\t<\/div>\n\n\t\t\n\n\t\t<div class=\"section-content relative\">\n\t\t\t\n\n<div class=\"row\"  id=\"row-1004216237\">\n\n\n\t<div id=\"col-1129389898\" class=\"col cwp small-12 large-12\"  >\n\t\t\t\t<div class=\"col-inner\"  >\n\t\t\t\n\t\t\t\n\n\t<div id=\"text-493557039\" class=\"text pwmb\">\n\t\t\n\n<p><span style=\"font-size: 90%;\">Expozan\u021bii sunt singurii responsabili pentru informa\u021biile furnizate \u00een aceast\u0103 sec\u021biune, ob\u021binute fie direct de la expozan\u021bi, fie de pe site-ul lor oficial.<\/span><\/p>\n\t\t\n<style>\n#text-493557039 {\n  text-align: center;\n  color: rgb(255,255,255);\n}\n#text-493557039 > * {\n  color: rgb(255,255,255);\n}\n<\/style>\n\t<\/div>\n\t\n\n\t\t<\/div>\n\t\t\t\t\t<\/div>\n\n\t\n\n<\/div>\n\n\t\t<\/div>\n\n\t\t\n<style>\n#section_2084696039 {\n  padding-top: 30px;\n  padding-bottom: 30px;\n  background-color: #26408f;\n}\n<\/style>\n\t<\/section>","protected":false},"excerpt":{"rendered":"","protected":false},"author":1,"featured_media":0,"parent":1192,"menu_order":0,"comment_status":"closed","ping_status":"closed","template":"page-blank.php","meta":{"inline_featured_image":false,"footnotes":""},"class_list":["post-4825","page","type-page","status-publish","hentry"],"_links":{"self":[{"href":"https:\/\/energyexpo.ro\/ro\/wp-json\/wp\/v2\/pages\/4825","targetHints":{"allow":["GET"]}}],"collection":[{"href":"https:\/\/energyexpo.ro\/ro\/wp-json\/wp\/v2\/pages"}],"about":[{"href":"https:\/\/energyexpo.ro\/ro\/wp-json\/wp\/v2\/types\/page"}],"author":[{"embeddable":true,"href":"https:\/\/energyexpo.ro\/ro\/wp-json\/wp\/v2\/users\/1"}],"replies":[{"embeddable":true,"href":"https:\/\/energyexpo.ro\/ro\/wp-json\/wp\/v2\/comments?post=4825"}],"version-history":[{"count":6,"href":"https:\/\/energyexpo.ro\/ro\/wp-json\/wp\/v2\/pages\/4825\/revisions"}],"predecessor-version":[{"id":5096,"href":"https:\/\/energyexpo.ro\/ro\/wp-json\/wp\/v2\/pages\/4825\/revisions\/5096"}],"up":[{"embeddable":true,"href":"https:\/\/energyexpo.ro\/ro\/wp-json\/wp\/v2\/pages\/1192"}],"wp:attachment":[{"href":"https:\/\/energyexpo.ro\/ro\/wp-json\/wp\/v2\/media?parent=4825"}],"curies":[{"name":"wp","href":"https:\/\/api.w.org\/{rel}","templated":true}]}}