{"id":4833,"date":"2025-04-07T22:47:37","date_gmt":"2025-04-07T22:47:37","guid":{"rendered":"https:\/\/energyexpo.ro\/?page_id=4833"},"modified":"2025-04-07T22:48:18","modified_gmt":"2025-04-07T22:48:18","slug":"rbt-solar","status":"publish","type":"page","link":"https:\/\/energyexpo.ro\/ro\/exhibitors\/rbt-solar\/","title":{"rendered":"RBT SOLAR"},"content":{"rendered":"<section class=\"section\" id=\"section_679976603\">\n\t\t<div class=\"section-bg fill\" >\n\t\t\t\t\t\t\t\t\t\n\t\t\t\n\n\t\t<\/div>\n\n\t\t\n\n\t\t<div class=\"section-content relative\">\n\t\t\t\n<div class=\"row align-middle\"  id=\"row-1041692900\">\n\n\t<div id=\"col-906688794\" class=\"col cwp medium-6 small-12 large-6\"  >\n\t\t\t\t<div class=\"col-inner\"  >\n\t\t\t\n\t\t\t\n\t<div id=\"text-1861011435\" class=\"text pwmb\">\n\t\t\n<p class=\"lead\"><strong>RBT SOLAR<\/strong><\/p>\n\t\t\n<style>\n#text-1861011435 {\n  font-size: 1.5rem;\n  color: #26408f;\n}\n#text-1861011435 > * {\n  color: #26408f;\n}\n<\/style>\n\t<\/div>\n\t\n\t<div id=\"text-2209542096\" class=\"text\">\n\t\t\n<p>INSTALA\u021aII \u0218I UTILAJE<\/p>\n\t\t\n<style>\n#text-2209542096 {\n  color: #26408f;\n}\n#text-2209542096 > * {\n  color: #26408f;\n}\n<\/style>\n\t<\/div>\n\t\n<p>Suntem unul dintre principalii produc\u0103tori de structuri fotovoltaice din Europa \u0219i o parte a Grupului Rex-Bud - unul dintre cei mai mari antreprenori generali de cl\u0103diri industriale \u0219i hale metalice din Polonia \u0219i Europa, recunoscut \u00een mod repetat \u00een clasamentul Forbes Diamonds.<\/p>\n<p>Cu aproape 30 de ani de experien\u021b\u0103, propriul nostru departament de proiectare \u0219i un parc de utilaje de ultim\u0103 genera\u021bie, execut\u0103m chiar \u0219i cele mai exigente proiecte. Suntem specializa\u021bi \u00een structuri montate la sol \u0219i solu\u021bii pentru acoperi\u0219uri plate, inclusiv sisteme sudate pentru membrane\/bitum, sisteme de balast \u0219i solu\u021bii montate cu \u0219uruburi. Portofoliul nostru include, de asemenea, copertine pentru ma\u0219ini, structuri pentru fa\u021bade \u0219i sisteme agroPV.<\/p>\n<p>Oferim asisten\u021b\u0103 complet\u0103 \u00een fiecare etap\u0103 a investi\u021biei, inclusiv preg\u0103tirea documenta\u021biei tehnice complete. RBT SOLAR va prezenta, printre altele, structuri inovatoare de sisteme fotovoltaice, inclusiv cele mai recente solu\u021bii pentru montarea modulelor fotovoltaice pe acoperi\u0219uri plate (sisteme universale sudate \u0219i balast pentru module de diferite dimensiuni) \u0219i un tracker modern cu o singur\u0103 ax\u0103 pentru instala\u021bii montate la sol.<\/p>\n<a href=\"https:\/\/rbtsolar.com\/\" class=\"button secondary\" target=\"_blank\" rel=\"noopener\">\n\t\t<span>Afl\u0103 mai multe<\/span>\n\t<\/a>\n\n\t\t<\/div>\n\t\t\t\t\n<style>\n#col-906688794 > .col-inner {\n  padding: 0px 0px 0px 0px;\n}\n@media (min-width:550px) {\n  #col-906688794 > .col-inner {\n    padding: 0px 50px 0px 0px;\n  }\n}\n<\/style>\n\t<\/div>\n\n\t\n\n\t<div id=\"col-928783469\" class=\"col cwp medium-6 small-12 large-6 small-col-first\"  >\n\t\t\t\t<div class=\"col-inner\"  >\n\t\t\t\n\t\t\t\n\t<div class=\"img has-hover x md-x lg-x y md-y lg-y\" id=\"image_1783523649\">\n\t\t\t\t\t\t\t\t<div class=\"img-inner dark\" >\n\t\t\t<img decoding=\"async\" width=\"1080\" height=\"1080\" data-src=\"https:\/\/energyexpo.ro\/wp-content\/uploads\/2025\/04\/rbtSolar_Exhibitor.png\" class=\"attachment-original size-original lazyload\" alt=\"\" data-srcset=\"https:\/\/energyexpo.ro\/wp-content\/uploads\/2025\/04\/rbtSolar_Exhibitor.png 1080w, https:\/\/energyexpo.ro\/wp-content\/smush-webp\/2025\/04\/rbtSolar_Exhibitor-300x300.png.webp 300w, https:\/\/energyexpo.ro\/wp-content\/smush-webp\/2025\/04\/rbtSolar_Exhibitor-1024x1024.png.webp 1024w, https:\/\/energyexpo.ro\/wp-content\/smush-webp\/2025\/04\/rbtSolar_Exhibitor-150x150.png.webp 150w, https:\/\/energyexpo.ro\/wp-content\/smush-webp\/2025\/04\/rbtSolar_Exhibitor-768x768.png.webp 768w, https:\/\/energyexpo.ro\/wp-content\/smush-webp\/2025\/04\/rbtSolar_Exhibitor-12x12.png.webp 12w\" data-sizes=\"(max-width: 1080px) 100vw, 1080px\" src=\"data:image\/gif;base64,R0lGODlhAQABAAAAACH5BAEKAAEALAAAAAABAAEAAAICTAEAOw==\" style=\"--smush-placeholder-width: 1080px; --smush-placeholder-aspect-ratio: 1080\/1080;\" data-smush-webp-fallback=\"{&quot;data-srcset&quot;:&quot;https:\\\/\\\/energyexpo.ro\\\/wp-content\\\/uploads\\\/2025\\\/04\\\/rbtSolar_Exhibitor.png 1080w, https:\\\/\\\/energyexpo.ro\\\/wp-content\\\/uploads\\\/2025\\\/04\\\/rbtSolar_Exhibitor-300x300.png 300w, https:\\\/\\\/energyexpo.ro\\\/wp-content\\\/uploads\\\/2025\\\/04\\\/rbtSolar_Exhibitor-1024x1024.png 1024w, https:\\\/\\\/energyexpo.ro\\\/wp-content\\\/uploads\\\/2025\\\/04\\\/rbtSolar_Exhibitor-150x150.png 150w, https:\\\/\\\/energyexpo.ro\\\/wp-content\\\/uploads\\\/2025\\\/04\\\/rbtSolar_Exhibitor-768x768.png 768w, https:\\\/\\\/energyexpo.ro\\\/wp-content\\\/uploads\\\/2025\\\/04\\\/rbtSolar_Exhibitor-12x12.png 12w&quot;}\" \/>\t\t\t\t\t\t\n\t\t\t\t\t<\/div>\n\t\t\t\t\t\t\t\t\n<style>\n#image_1783523649 {\n  width: 100%;\n}\n<\/style>\n\t<\/div>\n\t\n\t\t<\/div>\n\t\t\t\t\t<\/div>\n\n\t\n<\/div>\n\t\t<\/div>\n\n\t\t\n<style>\n#section_679976603 {\n  padding-top: 50px;\n  padding-bottom: 50px;\n  background-color: rgb(246, 246, 246);\n}\n<\/style>\n\t<\/section>\n\t\n\n\t<section class=\"section\" id=\"section_1406164784\">\n\t\t<div class=\"section-bg fill\" >\n\t\t\t\t\t\t\t\t\t\n\t\t\t\n\n\t\t<\/div>\n\n\t\t\n\n\t\t<div class=\"section-content relative\">\n\t\t\t\n\n<div class=\"row\"  id=\"row-2034260290\">\n\n\n\t<div id=\"col-1042377912\" class=\"col cwp small-12 large-12\"  >\n\t\t\t\t<div class=\"col-inner\"  >\n\t\t\t\n\t\t\t\n\n\t<div id=\"text-1681125836\" class=\"text pwmb\">\n\t\t\n\n<p><span style=\"font-size: 90%;\">Expozan\u021bii sunt singurii responsabili pentru informa\u021biile furnizate \u00een aceast\u0103 sec\u021biune, ob\u021binute fie direct de la expozan\u021bi, fie de pe site-ul lor oficial.<\/span><\/p>\n\t\t\n<style>\n#text-1681125836 {\n  text-align: center;\n  color: rgb(255,255,255);\n}\n#text-1681125836 > * {\n  color: rgb(255,255,255);\n}\n<\/style>\n\t<\/div>\n\t\n\n\t\t<\/div>\n\t\t\t\t\t<\/div>\n\n\t\n\n<\/div>\n\n\t\t<\/div>\n\n\t\t\n<style>\n#section_1406164784 {\n  padding-top: 30px;\n  padding-bottom: 30px;\n  background-color: #26408f;\n}\n<\/style>\n\t<\/section>","protected":false},"excerpt":{"rendered":"","protected":false},"author":1,"featured_media":0,"parent":1192,"menu_order":0,"comment_status":"closed","ping_status":"closed","template":"page-blank.php","meta":{"inline_featured_image":false,"footnotes":""},"class_list":["post-4833","page","type-page","status-publish","hentry"],"_links":{"self":[{"href":"https:\/\/energyexpo.ro\/ro\/wp-json\/wp\/v2\/pages\/4833","targetHints":{"allow":["GET"]}}],"collection":[{"href":"https:\/\/energyexpo.ro\/ro\/wp-json\/wp\/v2\/pages"}],"about":[{"href":"https:\/\/energyexpo.ro\/ro\/wp-json\/wp\/v2\/types\/page"}],"author":[{"embeddable":true,"href":"https:\/\/energyexpo.ro\/ro\/wp-json\/wp\/v2\/users\/1"}],"replies":[{"embeddable":true,"href":"https:\/\/energyexpo.ro\/ro\/wp-json\/wp\/v2\/comments?post=4833"}],"version-history":[{"count":2,"href":"https:\/\/energyexpo.ro\/ro\/wp-json\/wp\/v2\/pages\/4833\/revisions"}],"predecessor-version":[{"id":4836,"href":"https:\/\/energyexpo.ro\/ro\/wp-json\/wp\/v2\/pages\/4833\/revisions\/4836"}],"up":[{"embeddable":true,"href":"https:\/\/energyexpo.ro\/ro\/wp-json\/wp\/v2\/pages\/1192"}],"wp:attachment":[{"href":"https:\/\/energyexpo.ro\/ro\/wp-json\/wp\/v2\/media?parent=4833"}],"curies":[{"name":"wp","href":"https:\/\/api.w.org\/{rel}","templated":true}]}}