{"id":4859,"date":"2025-04-07T22:54:46","date_gmt":"2025-04-07T22:54:46","guid":{"rendered":"https:\/\/energyexpo.ro\/?page_id=4859"},"modified":"2025-04-11T11:25:37","modified_gmt":"2025-04-11T11:25:37","slug":"nuclearelectrica","status":"publish","type":"page","link":"https:\/\/energyexpo.ro\/ro\/exhibitors\/nuclearelectrica\/","title":{"rendered":"NUCLEARELECTRICA"},"content":{"rendered":"<section class=\"section\" id=\"section_1019132860\">\n\t\t<div class=\"section-bg fill\" >\n\t\t\t\t\t\t\t\t\t\n\t\t\t\n\n\t\t<\/div>\n\n\t\t\n\n\t\t<div class=\"section-content relative\">\n\t\t\t\n<div class=\"row align-middle\"  id=\"row-1692496851\">\n\n\t<div id=\"col-1910658054\" class=\"col cwp medium-6 small-12 large-6\"  >\n\t\t\t\t<div class=\"col-inner\"  >\n\t\t\t\n\t\t\t\n\t<div id=\"text-3813005635\" class=\"text pwmb\">\n\t\t\n<p class=\"lead\"><strong>NUCLEARELECTRICA<\/strong><\/p>\n\t\t\n<style>\n#text-3813005635 {\n  font-size: 1.5rem;\n  color: #26408f;\n}\n#text-3813005635 > * {\n  color: #26408f;\n}\n<\/style>\n\t<\/div>\n\t\n\t<div id=\"text-171732372\" class=\"text\">\n\t\t\n<p>ENERGIE NUCLEAR\u0102<\/p>\n\t\t\n<style>\n#text-171732372 {\n  color: #26408f;\n}\n#text-171732372 > * {\n  color: #26408f;\n}\n<\/style>\n\t<\/div>\n\t\n<p>\u00cen prezent, Societatea Na\u021bional\u0103 Nuclearelectrica S.A. (SNN) este singurul produc\u0103tor de energie electric\u0103 de origine nuclear\u0103 din Rom\u00e2nia, prin sucursala sa CNE Cernavod\u0103. \u00cen plus, prin sucursala sa FCN Pite\u0219ti, SNN produce fascicule de combustibil nuclear de tip CANDU utilizate pentru alimentarea propriilor reactoare nucleare.<\/p>\n<p>Sucursala CNE Cernavod\u0103 exploateaz\u0103 cele dou\u0103 unit\u0103\u021bi nucleare func\u021bionale bazate pe tehnologia CANDU \u0219i gestioneaz\u0103 toate activele SNN din Cernavod\u0103 (Unit\u0103\u021bile 1 \u0219i 2 \u00een exploatare, Unit\u0103\u021bile 3 \u0219i 4 \u00een faza de proiect). Cele dou\u0103 unit\u0103\u021bi opera\u021bionale (Unit\u0103\u021bile 1 \u0219i 2) au fiecare o capacitate instalat\u0103 de aproximativ 700 MW (706,5 MWe pentru Unitatea 1 \u0219i 704,8 MWe pentru Unitatea 2) \u0219i sunt printre cele mai productive unit\u0103\u021bi nucleare din lume, pe baza factorului de capacitate, din peste 440 de unit\u0103\u021bi la nivel global.<\/p>\n<a href=\"https:\/\/nuclearelectrica.ro\/\" class=\"button secondary\" target=\"_blank\" rel=\"noopener\">\n\t\t<span>Afl\u0103 mai multe<\/span>\n\t<\/a>\n\n\t\t<\/div>\n\t\t\t\t\n<style>\n#col-1910658054 > .col-inner {\n  padding: 0px 0px 0px 0px;\n}\n@media (min-width:550px) {\n  #col-1910658054 > .col-inner {\n    padding: 0px 50px 0px 0px;\n  }\n}\n<\/style>\n\t<\/div>\n\n\t\n\n\t<div id=\"col-1913589508\" class=\"col cwp medium-6 small-12 large-6 small-col-first\"  >\n\t\t\t\t<div class=\"col-inner\"  >\n\t\t\t\n\t\t\t\n\t<div class=\"img has-hover x md-x lg-x y md-y lg-y\" id=\"image_275609015\">\n\t\t\t\t\t\t\t\t<div class=\"img-inner dark\" >\n\t\t\t<img decoding=\"async\" width=\"1080\" height=\"1080\" data-src=\"https:\/\/energyexpo.ro\/wp-content\/uploads\/2025\/04\/NUCLEARELECTRICA.png\" class=\"attachment-original size-original lazyload\" alt=\"\" data-srcset=\"https:\/\/energyexpo.ro\/wp-content\/uploads\/2025\/04\/NUCLEARELECTRICA.png 1080w, https:\/\/energyexpo.ro\/wp-content\/smush-webp\/2025\/04\/NUCLEARELECTRICA-300x300.png.webp 300w, https:\/\/energyexpo.ro\/wp-content\/smush-webp\/2025\/04\/NUCLEARELECTRICA-1024x1024.png.webp 1024w, https:\/\/energyexpo.ro\/wp-content\/smush-webp\/2025\/04\/NUCLEARELECTRICA-150x150.png.webp 150w, https:\/\/energyexpo.ro\/wp-content\/smush-webp\/2025\/04\/NUCLEARELECTRICA-768x768.png.webp 768w, https:\/\/energyexpo.ro\/wp-content\/smush-webp\/2025\/04\/NUCLEARELECTRICA-12x12.png.webp 12w\" data-sizes=\"(max-width: 1080px) 100vw, 1080px\" src=\"data:image\/gif;base64,R0lGODlhAQABAAAAACH5BAEKAAEALAAAAAABAAEAAAICTAEAOw==\" style=\"--smush-placeholder-width: 1080px; --smush-placeholder-aspect-ratio: 1080\/1080;\" data-smush-webp-fallback=\"{&quot;data-srcset&quot;:&quot;https:\\\/\\\/energyexpo.ro\\\/wp-content\\\/uploads\\\/2025\\\/04\\\/NUCLEARELECTRICA.png 1080w, https:\\\/\\\/energyexpo.ro\\\/wp-content\\\/uploads\\\/2025\\\/04\\\/NUCLEARELECTRICA-300x300.png 300w, https:\\\/\\\/energyexpo.ro\\\/wp-content\\\/uploads\\\/2025\\\/04\\\/NUCLEARELECTRICA-1024x1024.png 1024w, https:\\\/\\\/energyexpo.ro\\\/wp-content\\\/uploads\\\/2025\\\/04\\\/NUCLEARELECTRICA-150x150.png 150w, https:\\\/\\\/energyexpo.ro\\\/wp-content\\\/uploads\\\/2025\\\/04\\\/NUCLEARELECTRICA-768x768.png 768w, https:\\\/\\\/energyexpo.ro\\\/wp-content\\\/uploads\\\/2025\\\/04\\\/NUCLEARELECTRICA-12x12.png 12w&quot;}\" \/>\t\t\t\t\t\t\n\t\t\t\t\t<\/div>\n\t\t\t\t\t\t\t\t\n<style>\n#image_275609015 {\n  width: 100%;\n}\n<\/style>\n\t<\/div>\n\t\n\t\t<\/div>\n\t\t\t\t\t<\/div>\n\n\t\n<\/div>\n\t\t<\/div>\n\n\t\t\n<style>\n#section_1019132860 {\n  padding-top: 50px;\n  padding-bottom: 50px;\n  background-color: rgb(246, 246, 246);\n}\n<\/style>\n\t<\/section>\n\t\n\n\t<section class=\"section\" id=\"section_209663812\">\n\t\t<div class=\"section-bg fill\" >\n\t\t\t\t\t\t\t\t\t\n\t\t\t\n\n\t\t<\/div>\n\n\t\t\n\n\t\t<div class=\"section-content relative\">\n\t\t\t\n\n<div class=\"row\"  id=\"row-1689420767\">\n\n\n\t<div id=\"col-1378105321\" class=\"col cwp small-12 large-12\"  >\n\t\t\t\t<div class=\"col-inner\"  >\n\t\t\t\n\t\t\t\n\n\t<div id=\"text-2185292682\" class=\"text pwmb\">\n\t\t\n\n<p><span style=\"font-size: 90%;\">Expozan\u021bii sunt singurii responsabili pentru informa\u021biile furnizate \u00een aceast\u0103 sec\u021biune, ob\u021binute fie direct de la expozan\u021bi, fie de pe site-ul lor oficial.<\/span><\/p>\n\t\t\n<style>\n#text-2185292682 {\n  text-align: center;\n  color: rgb(255,255,255);\n}\n#text-2185292682 > * {\n  color: rgb(255,255,255);\n}\n<\/style>\n\t<\/div>\n\t\n\n\t\t<\/div>\n\t\t\t\t\t<\/div>\n\n\t\n\n<\/div>\n\n\t\t<\/div>\n\n\t\t\n<style>\n#section_209663812 {\n  padding-top: 30px;\n  padding-bottom: 30px;\n  background-color: #26408f;\n}\n<\/style>\n\t<\/section>","protected":false},"excerpt":{"rendered":"","protected":false},"author":1,"featured_media":0,"parent":1192,"menu_order":0,"comment_status":"closed","ping_status":"closed","template":"page-blank.php","meta":{"inline_featured_image":false,"footnotes":""},"class_list":["post-4859","page","type-page","status-publish","hentry"],"_links":{"self":[{"href":"https:\/\/energyexpo.ro\/ro\/wp-json\/wp\/v2\/pages\/4859","targetHints":{"allow":["GET"]}}],"collection":[{"href":"https:\/\/energyexpo.ro\/ro\/wp-json\/wp\/v2\/pages"}],"about":[{"href":"https:\/\/energyexpo.ro\/ro\/wp-json\/wp\/v2\/types\/page"}],"author":[{"embeddable":true,"href":"https:\/\/energyexpo.ro\/ro\/wp-json\/wp\/v2\/users\/1"}],"replies":[{"embeddable":true,"href":"https:\/\/energyexpo.ro\/ro\/wp-json\/wp\/v2\/comments?post=4859"}],"version-history":[{"count":3,"href":"https:\/\/energyexpo.ro\/ro\/wp-json\/wp\/v2\/pages\/4859\/revisions"}],"predecessor-version":[{"id":4925,"href":"https:\/\/energyexpo.ro\/ro\/wp-json\/wp\/v2\/pages\/4859\/revisions\/4925"}],"up":[{"embeddable":true,"href":"https:\/\/energyexpo.ro\/ro\/wp-json\/wp\/v2\/pages\/1192"}],"wp:attachment":[{"href":"https:\/\/energyexpo.ro\/ro\/wp-json\/wp\/v2\/media?parent=4859"}],"curies":[{"name":"wp","href":"https:\/\/api.w.org\/{rel}","templated":true}]}}