{"id":4871,"date":"2025-04-07T23:00:36","date_gmt":"2025-04-07T23:00:36","guid":{"rendered":"https:\/\/energyexpo.ro\/?page_id=4871"},"modified":"2025-04-11T11:21:20","modified_gmt":"2025-04-11T11:21:20","slug":"ev-mag","status":"publish","type":"page","link":"https:\/\/energyexpo.ro\/ro\/exhibitors\/ev-mag\/","title":{"rendered":"EV-Mag"},"content":{"rendered":"<section class=\"section\" id=\"section_1367907310\">\n\t\t<div class=\"section-bg fill\" >\n\t\t\t\t\t\t\t\t\t\n\t\t\t\n\n\t\t<\/div>\n\n\t\t\n\n\t\t<div class=\"section-content relative\">\n\t\t\t\n<div class=\"row align-middle\"  id=\"row-1536616032\">\n\n\t<div id=\"col-120917452\" class=\"col cwp medium-6 small-12 large-6\"  >\n\t\t\t\t<div class=\"col-inner\"  >\n\t\t\t\n\t\t\t\n\t<div id=\"text-1059379081\" class=\"text pwmb\">\n\t\t\n<p class=\"lead\"><strong>EV-Mag<\/strong><\/p>\n\t\t\n<style>\n#text-1059379081 {\n  font-size: 1.5rem;\n  color: #26408f;\n}\n#text-1059379081 > * {\n  color: #26408f;\n}\n<\/style>\n\t<\/div>\n\t\n\t<div id=\"text-1165947956\" class=\"text\">\n\t\t\n<p>VEHICULE ELECTRICE (EVS) \u0218I SOLU\u021aII DE MOBILITATE<\/p>\n\t\t\n<style>\n#text-1165947956 {\n  color: #26408f;\n}\n#text-1165947956 > * {\n  color: #26408f;\n}\n<\/style>\n\t<\/div>\n\t\n<p>General Security este o companie lider \u00een domeniul protec\u021biei \u0219i securit\u0103\u021bii electronice, utiliz\u00e2nd cele mai moderne tehnici \u0219i strategii de ultim\u0103 or\u0103 disponibile la nivel mondial. \u00cenfiin\u021bat\u0103 \u00een 1998, ne m\u00e2ndrim cu experien\u021ba acumulat\u0103 de-a lungul timpului prin realizarea de proiecte complexe pentru protec\u021bia obiectivelor industriale, guvernamentale \u0219i reziden\u021biale. Succesul nostru se bazeaz\u0103 pe inova\u021bie \u0219i ingeniozitate, cre\u00e2nd un avantaj clar at\u00e2t acum c\u00e2t \u0219i \u00een viitor fa\u021b\u0103 de orice firm\u0103 concurent\u0103.<\/p>\n<p>Marca noastr\u0103 proprie, AMPEVO, s-a remarcat at\u00e2t pe pia\u021ba intern\u0103, c\u00e2t \u0219i pe cea interna\u021bional\u0103, fiind singura companie rom\u00e2neasc\u0103 care produce \u00eentreaga gam\u0103 de sta\u021bii de \u00eenc\u0103rcare, de la sta\u021bii portabile de curent alternativ la sta\u021bii de \u00eenc\u0103rcare de mare putere de curent continuu.<\/p>\n<a href=\"https:\/\/ev-mag.ro\/content\/4-despre-noi\" class=\"button secondary\" target=\"_blank\" rel=\"noopener\">\n\t\t<span>Afl\u0103 mai multe<\/span>\n\t<\/a>\n\n\t\t<\/div>\n\t\t\t\t\n<style>\n#col-120917452 > .col-inner {\n  padding: 0px 0px 0px 0px;\n}\n@media (min-width:550px) {\n  #col-120917452 > .col-inner {\n    padding: 0px 50px 0px 0px;\n  }\n}\n<\/style>\n\t<\/div>\n\n\t\n\n\t<div id=\"col-92725186\" class=\"col cwp medium-6 small-12 large-6 small-col-first\"  >\n\t\t\t\t<div class=\"col-inner\"  >\n\t\t\t\n\t\t\t\n\t<div class=\"img has-hover x md-x lg-x y md-y lg-y\" id=\"image_658215492\">\n\t\t\t\t\t\t\t\t<div class=\"img-inner dark\" >\n\t\t\t<img decoding=\"async\" width=\"1080\" height=\"1080\" data-src=\"https:\/\/energyexpo.ro\/wp-content\/uploads\/2025\/04\/EV-Mag.png\" class=\"attachment-original size-original lazyload\" alt=\"\" data-srcset=\"https:\/\/energyexpo.ro\/wp-content\/uploads\/2025\/04\/EV-Mag.png 1080w, https:\/\/energyexpo.ro\/wp-content\/smush-webp\/2025\/04\/EV-Mag-300x300.png.webp 300w, https:\/\/energyexpo.ro\/wp-content\/smush-webp\/2025\/04\/EV-Mag-1024x1024.png.webp 1024w, https:\/\/energyexpo.ro\/wp-content\/smush-webp\/2025\/04\/EV-Mag-150x150.png.webp 150w, https:\/\/energyexpo.ro\/wp-content\/smush-webp\/2025\/04\/EV-Mag-768x768.png.webp 768w, https:\/\/energyexpo.ro\/wp-content\/smush-webp\/2025\/04\/EV-Mag-12x12.png.webp 12w\" data-sizes=\"(max-width: 1080px) 100vw, 1080px\" src=\"data:image\/gif;base64,R0lGODlhAQABAAAAACH5BAEKAAEALAAAAAABAAEAAAICTAEAOw==\" style=\"--smush-placeholder-width: 1080px; --smush-placeholder-aspect-ratio: 1080\/1080;\" data-smush-webp-fallback=\"{&quot;data-srcset&quot;:&quot;https:\\\/\\\/energyexpo.ro\\\/wp-content\\\/uploads\\\/2025\\\/04\\\/EV-Mag.png 1080w, https:\\\/\\\/energyexpo.ro\\\/wp-content\\\/uploads\\\/2025\\\/04\\\/EV-Mag-300x300.png 300w, https:\\\/\\\/energyexpo.ro\\\/wp-content\\\/uploads\\\/2025\\\/04\\\/EV-Mag-1024x1024.png 1024w, https:\\\/\\\/energyexpo.ro\\\/wp-content\\\/uploads\\\/2025\\\/04\\\/EV-Mag-150x150.png 150w, https:\\\/\\\/energyexpo.ro\\\/wp-content\\\/uploads\\\/2025\\\/04\\\/EV-Mag-768x768.png 768w, https:\\\/\\\/energyexpo.ro\\\/wp-content\\\/uploads\\\/2025\\\/04\\\/EV-Mag-12x12.png 12w&quot;}\" \/>\t\t\t\t\t\t\n\t\t\t\t\t<\/div>\n\t\t\t\t\t\t\t\t\n<style>\n#image_658215492 {\n  width: 100%;\n}\n<\/style>\n\t<\/div>\n\t\n\t\t<\/div>\n\t\t\t\t\t<\/div>\n\n\t\n<\/div>\n\t\t<\/div>\n\n\t\t\n<style>\n#section_1367907310 {\n  padding-top: 50px;\n  padding-bottom: 50px;\n  background-color: rgb(246, 246, 246);\n}\n<\/style>\n\t<\/section>\n\t\n\n\t<section class=\"section\" id=\"section_1748802114\">\n\t\t<div class=\"section-bg fill\" >\n\t\t\t\t\t\t\t\t\t\n\t\t\t\n\n\t\t<\/div>\n\n\t\t\n\n\t\t<div class=\"section-content relative\">\n\t\t\t\n\n<div class=\"row\"  id=\"row-886677038\">\n\n\n\t<div id=\"col-1046752918\" class=\"col cwp small-12 large-12\"  >\n\t\t\t\t<div class=\"col-inner\"  >\n\t\t\t\n\t\t\t\n\n\t<div id=\"text-702376993\" class=\"text pwmb\">\n\t\t\n\n<p><span style=\"font-size: 90%;\">Expozan\u021bii sunt singurii responsabili pentru informa\u021biile furnizate \u00een aceast\u0103 sec\u021biune, ob\u021binute fie direct de la expozan\u021bi, fie de pe site-ul lor oficial.<\/span><\/p>\n\t\t\n<style>\n#text-702376993 {\n  text-align: center;\n  color: rgb(255,255,255);\n}\n#text-702376993 > * {\n  color: rgb(255,255,255);\n}\n<\/style>\n\t<\/div>\n\t\n\n\t\t<\/div>\n\t\t\t\t\t<\/div>\n\n\t\n\n<\/div>\n\n\t\t<\/div>\n\n\t\t\n<style>\n#section_1748802114 {\n  padding-top: 30px;\n  padding-bottom: 30px;\n  background-color: #26408f;\n}\n<\/style>\n\t<\/section>","protected":false},"excerpt":{"rendered":"","protected":false},"author":1,"featured_media":0,"parent":1192,"menu_order":0,"comment_status":"closed","ping_status":"closed","template":"page-blank.php","meta":{"inline_featured_image":false,"footnotes":""},"class_list":["post-4871","page","type-page","status-publish","hentry"],"_links":{"self":[{"href":"https:\/\/energyexpo.ro\/ro\/wp-json\/wp\/v2\/pages\/4871","targetHints":{"allow":["GET"]}}],"collection":[{"href":"https:\/\/energyexpo.ro\/ro\/wp-json\/wp\/v2\/pages"}],"about":[{"href":"https:\/\/energyexpo.ro\/ro\/wp-json\/wp\/v2\/types\/page"}],"author":[{"embeddable":true,"href":"https:\/\/energyexpo.ro\/ro\/wp-json\/wp\/v2\/users\/1"}],"replies":[{"embeddable":true,"href":"https:\/\/energyexpo.ro\/ro\/wp-json\/wp\/v2\/comments?post=4871"}],"version-history":[{"count":4,"href":"https:\/\/energyexpo.ro\/ro\/wp-json\/wp\/v2\/pages\/4871\/revisions"}],"predecessor-version":[{"id":4919,"href":"https:\/\/energyexpo.ro\/ro\/wp-json\/wp\/v2\/pages\/4871\/revisions\/4919"}],"up":[{"embeddable":true,"href":"https:\/\/energyexpo.ro\/ro\/wp-json\/wp\/v2\/pages\/1192"}],"wp:attachment":[{"href":"https:\/\/energyexpo.ro\/ro\/wp-json\/wp\/v2\/media?parent=4871"}],"curies":[{"name":"wp","href":"https:\/\/api.w.org\/{rel}","templated":true}]}}