{"id":4875,"date":"2025-04-07T23:01:32","date_gmt":"2025-04-07T23:01:32","guid":{"rendered":"https:\/\/energyexpo.ro\/?page_id=4875"},"modified":"2025-05-07T17:26:52","modified_gmt":"2025-05-07T17:26:52","slug":"kooi","status":"publish","type":"page","link":"https:\/\/energyexpo.ro\/ro\/exhibitors\/kooi\/","title":{"rendered":"KOOI"},"content":{"rendered":"<section class=\"section\" id=\"section_1008836157\">\n\t\t<div class=\"section-bg fill\" >\n\t\t\t\t\t\t\t\t\t\n\t\t\t\n\n\t\t<\/div>\n\n\t\t\n\n\t\t<div class=\"section-content relative\">\n\t\t\t\n<div class=\"row align-middle\"  id=\"row-796555945\">\n\n\t<div id=\"col-421641608\" class=\"col cwp medium-6 small-12 large-6\"  >\n\t\t\t\t<div class=\"col-inner\"  >\n\t\t\t\n\t\t\t\n\t<div id=\"text-1346650223\" class=\"text pwmb\">\n\t\t\n<p class=\"lead\"><strong>KOOI<\/strong><\/p>\n\t\t\n<style>\n#text-1346650223 {\n  font-size: 1.5rem;\n  color: #26408f;\n}\n#text-1346650223 > * {\n  color: #26408f;\n}\n<\/style>\n\t<\/div>\n\t\n\t<div id=\"text-1595650208\" class=\"text\">\n\t\t\n<p>SECTORUL ENERGETIC<\/p>\n\t\t\n<style>\n#text-1595650208 {\n  color: #26408f;\n}\n#text-1595650208 > * {\n  color: #26408f;\n}\n<\/style>\n\t<\/div>\n\t\n<p>Lini\u0219te sufleteasc\u0103 neperturbat\u0103 datorit\u0103 lui Kooi.<br \/>Noi credem c\u0103 securitatea ar trebui s\u0103 fie f\u0103r\u0103 efort. De aceea, oferim supraveghere temporar\u0103, cu camere mobile, cu echipamente de \u00eenalt\u0103 calitate \u0219i f\u0103r\u0103 costuri ascunse. Operatorii no\u0219tri r\u0103spund la alarme \u00een doar 9,6 secunde, descuraj\u00e2nd 99% dintre intru\u0219i \u00eenainte ca ace\u0219tia s\u0103 poat\u0103 cauza pagube. \u00cen plus, fiecare client beneficiaz\u0103 de un manager de proiect dedicat pentru o asisten\u021b\u0103 continu\u0103.<\/p>\n<p>Solu\u021bii de securitate pentru fiecare sector<br \/>Unitatea noastr\u0103 avansat\u0103 de camere mobile, Unit For Observation (UFO), asigur\u0103 o supraveghere proactiv\u0103 prin detectarea timpurie a activit\u0103\u021bilor suspecte, asigur\u00e2nd securitatea \u0219antierului de construc\u021bii sau a spa\u021biilor dumneavoastr\u0103. \u00cen plus, sistemul nostru Rising Early Detection (RED) este specializat \u00een detectarea c\u0103ldurii pentru a preveni incendiile din industria recicl\u0103rii \u00eenainte ca acestea s\u0103 se poat\u0103 dezvolta.<\/p>\n<a href=\"https:\/\/247kooi.com\/\" class=\"button secondary\" target=\"_blank\" rel=\"noopener\">\n\t\t<span>Afl\u0103 mai multe<\/span>\n\t<\/a>\n\n\t\t<\/div>\n\t\t\t\t\n<style>\n#col-421641608 > .col-inner {\n  padding: 0px 0px 0px 0px;\n}\n@media (min-width:550px) {\n  #col-421641608 > .col-inner {\n    padding: 0px 50px 0px 0px;\n  }\n}\n<\/style>\n\t<\/div>\n\n\t\n\n\t<div id=\"col-1511381859\" class=\"col cwp medium-6 small-12 large-6 small-col-first\"  >\n\t\t\t\t<div class=\"col-inner\"  >\n\t\t\t\n\t\t\t\n\t<div class=\"img has-hover x md-x lg-x y md-y lg-y\" id=\"image_32102318\">\n\t\t\t\t\t\t\t\t<div class=\"img-inner dark\" >\n\t\t\t<img decoding=\"async\" width=\"1080\" height=\"1080\" data-src=\"https:\/\/energyexpo.ro\/wp-content\/uploads\/2025\/04\/KOOI.png\" class=\"attachment-original size-original lazyload\" alt=\"\" data-srcset=\"https:\/\/energyexpo.ro\/wp-content\/uploads\/2025\/04\/KOOI.png 1080w, https:\/\/energyexpo.ro\/wp-content\/smush-webp\/2025\/04\/KOOI-300x300.png.webp 300w, https:\/\/energyexpo.ro\/wp-content\/smush-webp\/2025\/04\/KOOI-1024x1024.png.webp 1024w, https:\/\/energyexpo.ro\/wp-content\/smush-webp\/2025\/04\/KOOI-150x150.png.webp 150w, https:\/\/energyexpo.ro\/wp-content\/smush-webp\/2025\/04\/KOOI-768x768.png.webp 768w, https:\/\/energyexpo.ro\/wp-content\/smush-webp\/2025\/04\/KOOI-12x12.png.webp 12w\" data-sizes=\"(max-width: 1080px) 100vw, 1080px\" src=\"data:image\/gif;base64,R0lGODlhAQABAAAAACH5BAEKAAEALAAAAAABAAEAAAICTAEAOw==\" style=\"--smush-placeholder-width: 1080px; --smush-placeholder-aspect-ratio: 1080\/1080;\" data-smush-webp-fallback=\"{&quot;data-srcset&quot;:&quot;https:\\\/\\\/energyexpo.ro\\\/wp-content\\\/uploads\\\/2025\\\/04\\\/KOOI.png 1080w, https:\\\/\\\/energyexpo.ro\\\/wp-content\\\/uploads\\\/2025\\\/04\\\/KOOI-300x300.png 300w, https:\\\/\\\/energyexpo.ro\\\/wp-content\\\/uploads\\\/2025\\\/04\\\/KOOI-1024x1024.png 1024w, https:\\\/\\\/energyexpo.ro\\\/wp-content\\\/uploads\\\/2025\\\/04\\\/KOOI-150x150.png 150w, https:\\\/\\\/energyexpo.ro\\\/wp-content\\\/uploads\\\/2025\\\/04\\\/KOOI-768x768.png 768w, https:\\\/\\\/energyexpo.ro\\\/wp-content\\\/uploads\\\/2025\\\/04\\\/KOOI-12x12.png 12w&quot;}\" \/>\t\t\t\t\t\t\n\t\t\t\t\t<\/div>\n\t\t\t\t\t\t\t\t\n<style>\n#image_32102318 {\n  width: 100%;\n}\n<\/style>\n\t<\/div>\n\t\n\t\t<\/div>\n\t\t\t\t\t<\/div>\n\n\t\n<\/div>\n\t\t<\/div>\n\n\t\t\n<style>\n#section_1008836157 {\n  padding-top: 50px;\n  padding-bottom: 50px;\n  background-color: rgb(246, 246, 246);\n}\n<\/style>\n\t<\/section>\n\t\n\n\t<section class=\"section\" id=\"section_1533620451\">\n\t\t<div class=\"section-bg fill\" >\n\t\t\t\t\t\t\t\t\t\n\t\t\t\n\n\t\t<\/div>\n\n\t\t\n\n\t\t<div class=\"section-content relative\">\n\t\t\t\n\n<div class=\"row\"  id=\"row-42635421\">\n\n\n\t<div id=\"col-1014219776\" class=\"col cwp small-12 large-12\"  >\n\t\t\t\t<div class=\"col-inner\"  >\n\t\t\t\n\t\t\t\n\n\t<div id=\"text-3624184152\" class=\"text pwmb\">\n\t\t\n\n<p><span style=\"font-size: 90%;\">Expozan\u021bii sunt singurii responsabili pentru informa\u021biile furnizate \u00een aceast\u0103 sec\u021biune, ob\u021binute fie direct de la expozan\u021bi, fie de pe site-ul lor oficial.<\/span><\/p>\n\t\t\n<style>\n#text-3624184152 {\n  text-align: center;\n  color: rgb(255,255,255);\n}\n#text-3624184152 > * {\n  color: rgb(255,255,255);\n}\n<\/style>\n\t<\/div>\n\t\n\n\t\t<\/div>\n\t\t\t\t\t<\/div>\n\n\t\n\n<\/div>\n\n\t\t<\/div>\n\n\t\t\n<style>\n#section_1533620451 {\n  padding-top: 30px;\n  padding-bottom: 30px;\n  background-color: #26408f;\n}\n<\/style>\n\t<\/section>","protected":false},"excerpt":{"rendered":"","protected":false},"author":1,"featured_media":0,"parent":1192,"menu_order":0,"comment_status":"closed","ping_status":"closed","template":"page-blank.php","meta":{"inline_featured_image":false,"footnotes":""},"class_list":["post-4875","page","type-page","status-publish","hentry"],"_links":{"self":[{"href":"https:\/\/energyexpo.ro\/ro\/wp-json\/wp\/v2\/pages\/4875","targetHints":{"allow":["GET"]}}],"collection":[{"href":"https:\/\/energyexpo.ro\/ro\/wp-json\/wp\/v2\/pages"}],"about":[{"href":"https:\/\/energyexpo.ro\/ro\/wp-json\/wp\/v2\/types\/page"}],"author":[{"embeddable":true,"href":"https:\/\/energyexpo.ro\/ro\/wp-json\/wp\/v2\/users\/1"}],"replies":[{"embeddable":true,"href":"https:\/\/energyexpo.ro\/ro\/wp-json\/wp\/v2\/comments?post=4875"}],"version-history":[{"count":4,"href":"https:\/\/energyexpo.ro\/ro\/wp-json\/wp\/v2\/pages\/4875\/revisions"}],"predecessor-version":[{"id":5100,"href":"https:\/\/energyexpo.ro\/ro\/wp-json\/wp\/v2\/pages\/4875\/revisions\/5100"}],"up":[{"embeddable":true,"href":"https:\/\/energyexpo.ro\/ro\/wp-json\/wp\/v2\/pages\/1192"}],"wp:attachment":[{"href":"https:\/\/energyexpo.ro\/ro\/wp-json\/wp\/v2\/media?parent=4875"}],"curies":[{"name":"wp","href":"https:\/\/api.w.org\/{rel}","templated":true}]}}