{"id":4883,"date":"2025-04-07T23:05:52","date_gmt":"2025-04-07T23:05:52","guid":{"rendered":"https:\/\/energyexpo.ro\/?page_id=4883"},"modified":"2025-05-07T17:28:16","modified_gmt":"2025-05-07T17:28:16","slug":"waldevar","status":"publish","type":"page","link":"https:\/\/energyexpo.ro\/ro\/exhibitors\/waldevar\/","title":{"rendered":"WALDEVAR"},"content":{"rendered":"<section class=\"section\" id=\"section_745657467\">\n\t\t<div class=\"section-bg fill\" >\n\t\t\t\t\t\t\t\t\t\n\t\t\t\n\n\t\t<\/div>\n\n\t\t\n\n\t\t<div class=\"section-content relative\">\n\t\t\t\n<div class=\"row align-middle\"  id=\"row-1100153066\">\n\n\t<div id=\"col-2036643407\" class=\"col cwp medium-6 small-12 large-6\"  >\n\t\t\t\t<div class=\"col-inner\"  >\n\t\t\t\n\t\t\t\n\t<div id=\"text-2539621873\" class=\"text pwmb\">\n\t\t\n<p class=\"lead\"><strong>WALDEVAR<\/strong><\/p>\n\t\t\n<style>\n#text-2539621873 {\n  font-size: 1.5rem;\n  color: #26408f;\n}\n#text-2539621873 > * {\n  color: #26408f;\n}\n<\/style>\n\t<\/div>\n\t\n\t<div id=\"text-512239137\" class=\"text\">\n\t\t\n<p>SECTORUL ENERGETIC<\/p>\n\t\t\n<style>\n#text-512239137 {\n  color: #26408f;\n}\n#text-512239137 > * {\n  color: #26408f;\n}\n<\/style>\n\t<\/div>\n\t\n<p>WALDEVAR Energy ofer\u0103 solu\u021bii EPC (Engineering Procurement and Construction) pentru parcuri fotovoltaice montate la sol \u0219i plutitoare. Cu peste un deceniu de experien\u021b\u0103 pe pia\u021ba energiei regenerabile, WALDEVAR Energy \u00ee\u0219i desf\u0103\u0219oar\u0103 activitatea at\u00e2t pe pia\u021ba intern\u0103, c\u00e2t \u0219i pe cea european\u0103. Compania a pus \u00een func\u021biune numeroase parcuri fotovoltaice active \u0219i este capabil\u0103 s\u0103 dezvolte \u00een mod independent arhitectura complet\u0103 a sistemelor de energie fotovoltaic\u0103: studii tehnice, de fezabilitate sau de proiectare, rapoarte specifice privind randamentul \u0219i raportul de performan\u021b\u0103, opera\u021biuni de inginerie, conectarea la re\u021bea a centralelor fotovoltaice. De asemenea, compania are speciali\u0219ti profesioni\u0219ti disponibili \u00een orice moment pentru a efectua teste Pull-Out complexe, lucr\u0103ri de construc\u021bii civile, instalarea de structuri fixe \u0219i sisteme de urm\u0103rire.<\/p>\n<a href=\"https:\/\/www.waldevar.com\/ro\/\" class=\"button secondary\" target=\"_blank\" rel=\"noopener\">\n\t\t<span>Afl\u0103 mai multe<\/span>\n\t<\/a>\n\n\t\t<\/div>\n\t\t\t\t\n<style>\n#col-2036643407 > .col-inner {\n  padding: 0px 0px 0px 0px;\n}\n@media (min-width:550px) {\n  #col-2036643407 > .col-inner {\n    padding: 0px 50px 0px 0px;\n  }\n}\n<\/style>\n\t<\/div>\n\n\t\n\n\t<div id=\"col-908698659\" class=\"col cwp medium-6 small-12 large-6 small-col-first\"  >\n\t\t\t\t<div class=\"col-inner\"  >\n\t\t\t\n\t\t\t\n\t<div class=\"img has-hover x md-x lg-x y md-y lg-y\" id=\"image_1837116905\">\n\t\t\t\t\t\t\t\t<div class=\"img-inner dark\" >\n\t\t\t<img decoding=\"async\" width=\"1080\" height=\"1080\" data-src=\"https:\/\/energyexpo.ro\/wp-content\/uploads\/2025\/04\/WALDEVAR.png\" class=\"attachment-original size-original lazyload\" alt=\"\" data-srcset=\"https:\/\/energyexpo.ro\/wp-content\/uploads\/2025\/04\/WALDEVAR.png 1080w, https:\/\/energyexpo.ro\/wp-content\/smush-webp\/2025\/04\/WALDEVAR-300x300.png.webp 300w, https:\/\/energyexpo.ro\/wp-content\/smush-webp\/2025\/04\/WALDEVAR-1024x1024.png.webp 1024w, https:\/\/energyexpo.ro\/wp-content\/smush-webp\/2025\/04\/WALDEVAR-150x150.png.webp 150w, https:\/\/energyexpo.ro\/wp-content\/smush-webp\/2025\/04\/WALDEVAR-768x768.png.webp 768w, https:\/\/energyexpo.ro\/wp-content\/smush-webp\/2025\/04\/WALDEVAR-12x12.png.webp 12w\" data-sizes=\"(max-width: 1080px) 100vw, 1080px\" src=\"data:image\/gif;base64,R0lGODlhAQABAAAAACH5BAEKAAEALAAAAAABAAEAAAICTAEAOw==\" style=\"--smush-placeholder-width: 1080px; --smush-placeholder-aspect-ratio: 1080\/1080;\" data-smush-webp-fallback=\"{&quot;data-srcset&quot;:&quot;https:\\\/\\\/energyexpo.ro\\\/wp-content\\\/uploads\\\/2025\\\/04\\\/WALDEVAR.png 1080w, https:\\\/\\\/energyexpo.ro\\\/wp-content\\\/uploads\\\/2025\\\/04\\\/WALDEVAR-300x300.png 300w, https:\\\/\\\/energyexpo.ro\\\/wp-content\\\/uploads\\\/2025\\\/04\\\/WALDEVAR-1024x1024.png 1024w, https:\\\/\\\/energyexpo.ro\\\/wp-content\\\/uploads\\\/2025\\\/04\\\/WALDEVAR-150x150.png 150w, https:\\\/\\\/energyexpo.ro\\\/wp-content\\\/uploads\\\/2025\\\/04\\\/WALDEVAR-768x768.png 768w, https:\\\/\\\/energyexpo.ro\\\/wp-content\\\/uploads\\\/2025\\\/04\\\/WALDEVAR-12x12.png 12w&quot;}\" \/>\t\t\t\t\t\t\n\t\t\t\t\t<\/div>\n\t\t\t\t\t\t\t\t\n<style>\n#image_1837116905 {\n  width: 100%;\n}\n<\/style>\n\t<\/div>\n\t\n\t\t<\/div>\n\t\t\t\t\t<\/div>\n\n\t\n<\/div>\n\t\t<\/div>\n\n\t\t\n<style>\n#section_745657467 {\n  padding-top: 50px;\n  padding-bottom: 50px;\n  background-color: rgb(246, 246, 246);\n}\n<\/style>\n\t<\/section>\n\t\n\n\t<section class=\"section\" id=\"section_2368380\">\n\t\t<div class=\"section-bg fill\" >\n\t\t\t\t\t\t\t\t\t\n\t\t\t\n\n\t\t<\/div>\n\n\t\t\n\n\t\t<div class=\"section-content relative\">\n\t\t\t\n\n<div class=\"row\"  id=\"row-616528277\">\n\n\n\t<div id=\"col-2110877877\" class=\"col cwp small-12 large-12\"  >\n\t\t\t\t<div class=\"col-inner\"  >\n\t\t\t\n\t\t\t\n\n\t<div id=\"text-1420535597\" class=\"text pwmb\">\n\t\t\n\n<p><span style=\"font-size: 90%;\">Expozan\u021bii sunt singurii responsabili pentru informa\u021biile furnizate \u00een aceast\u0103 sec\u021biune, ob\u021binute fie direct de la expozan\u021bi, fie de pe site-ul lor oficial.<\/span><\/p>\n\t\t\n<style>\n#text-1420535597 {\n  text-align: center;\n  color: rgb(255,255,255);\n}\n#text-1420535597 > * {\n  color: rgb(255,255,255);\n}\n<\/style>\n\t<\/div>\n\t\n\n\t\t<\/div>\n\t\t\t\t\t<\/div>\n\n\t\n\n<\/div>\n\n\t\t<\/div>\n\n\t\t\n<style>\n#section_2368380 {\n  padding-top: 30px;\n  padding-bottom: 30px;\n  background-color: #26408f;\n}\n<\/style>\n\t<\/section>","protected":false},"excerpt":{"rendered":"","protected":false},"author":1,"featured_media":0,"parent":1192,"menu_order":0,"comment_status":"closed","ping_status":"closed","template":"page-blank.php","meta":{"inline_featured_image":false,"footnotes":""},"class_list":["post-4883","page","type-page","status-publish","hentry"],"_links":{"self":[{"href":"https:\/\/energyexpo.ro\/ro\/wp-json\/wp\/v2\/pages\/4883","targetHints":{"allow":["GET"]}}],"collection":[{"href":"https:\/\/energyexpo.ro\/ro\/wp-json\/wp\/v2\/pages"}],"about":[{"href":"https:\/\/energyexpo.ro\/ro\/wp-json\/wp\/v2\/types\/page"}],"author":[{"embeddable":true,"href":"https:\/\/energyexpo.ro\/ro\/wp-json\/wp\/v2\/users\/1"}],"replies":[{"embeddable":true,"href":"https:\/\/energyexpo.ro\/ro\/wp-json\/wp\/v2\/comments?post=4883"}],"version-history":[{"count":5,"href":"https:\/\/energyexpo.ro\/ro\/wp-json\/wp\/v2\/pages\/4883\/revisions"}],"predecessor-version":[{"id":5102,"href":"https:\/\/energyexpo.ro\/ro\/wp-json\/wp\/v2\/pages\/4883\/revisions\/5102"}],"up":[{"embeddable":true,"href":"https:\/\/energyexpo.ro\/ro\/wp-json\/wp\/v2\/pages\/1192"}],"wp:attachment":[{"href":"https:\/\/energyexpo.ro\/ro\/wp-json\/wp\/v2\/media?parent=4883"}],"curies":[{"name":"wp","href":"https:\/\/api.w.org\/{rel}","templated":true}]}}