{"id":5103,"date":"2025-05-07T17:29:20","date_gmt":"2025-05-07T17:29:20","guid":{"rendered":"https:\/\/energyexpo.ro\/?page_id=5103"},"modified":"2025-05-07T17:30:17","modified_gmt":"2025-05-07T17:30:17","slug":"seckin-metal-nakliyat-sanayi-ve-ticaret-a-s","status":"publish","type":"page","link":"https:\/\/energyexpo.ro\/ro\/exhibitors\/seckin-metal-nakliyat-sanayi-ve-ticaret-a-s\/","title":{"rendered":"SE\u00c7KI\u0307N METAL NAKLI\u0307YAT SANAYI\u0307 VE TI\u0307CARET A.\u0218."},"content":{"rendered":"<p>[section bg_color=&#8221;rgb(246, 246, 246)&#8221; padding=&#8221;50px&#8221;]<\/p>\n<p>[row v_align=&#8221;middle&#8221;]<\/p>\n<p>[col span=&#8221;6&#8243; span__sm=&#8221;12&#8243; padding=&#8221;0px 50px 0px 0px&#8221; padding__sm=&#8221;0px 0px 0px 0px&#8221; class=&#8221;cwp&#8221;]<\/p>\n<p>[ux_text font_size=&#8221;1.5&#8243; text_color=&#8221;#26408f&#8221; class=&#8221;pwmb&#8221;]<\/p>\n<p class=\"lead\"><strong>SE\u00c7KI\u0307N METAL NAKLI\u0307YAT SANAYI\u0307 VE TI\u0307CARET A.\u0218.<\/strong><\/p>\n<p>[\/ux_text]<br \/>\n[ux_text text_color=&#8221;#26408f&#8221;]<\/p>\n<p>CPE<\/p>\n<p>[\/ux_text]<\/p>\n<p>Partenerul dumneavoastr\u0103 de \u00eencredere \u00een industria fierului \u0219i o\u021belului<br \/>La Se\u00e7kin Metal, suntem m\u00e2ndri s\u0103 oferim partenerilor no\u0219tri de afaceri servicii de calitate superioar\u0103, sus\u021binute de experien\u021ba noastr\u0103 vast\u0103 \u00een industria fierului \u0219i o\u021belului \u0219i de infrastructura noastr\u0103 logistic\u0103 solid\u0103.<br \/>Din 2011, import\u0103m pl\u0103ci de o\u021bel certificate 3.1 cu grosimi cuprinse \u00eentre 6 mm \u0219i 400 mm din \u021b\u0103ri produc\u0103toare de top, inclusiv Coreea de Sud, China, Germania, Italia, Ucraina, Rom\u00e2nia \u0219i Bulgaria.<\/p>\n<p>[button text=&#8221;Find out more&#8221; color=&#8221;secondary&#8221; link=&#8221;https:\/\/seckinmetal.tr\/&#8221;]<\/p>\n<p>[\/col]<br \/>\n[col span=&#8221;6&#8243; span__sm=&#8221;12&#8243; force_first=&#8221;small&#8221; class=&#8221;cwp&#8221;]<\/p>\n<p>[ux_image id=&#8221;5106&#8243; image_size=&#8221;original&#8221;]<\/p>\n<p>[\/col]<\/p>\n<p>[\/row]<\/p>\n<p>[\/section]<br \/>\n[block id=&#8221;3892&#8243;]<\/p>","protected":false},"excerpt":{"rendered":"<p>[section bg_color=&#8221;rgb(246, 246, 246)&#8221; padding=&#8221;50px&#8221;] [row v_align=&#8221;middle&#8221;] [col span=&#8221;6&#8243; span__sm=&#8221;12&#8243; padding=&#8221;0px 50px 0px 0px&#8221; padding__sm=&#8221;0px 0px 0px 0px&#8221; class=&#8221;cwp&#8221;] [ux_text font_size=&#8221;1.5&#8243; text_color=&#8221;#26408f&#8221; class=&#8221;pwmb&#8221;] [\/ux_text] [ux_text text_color=&#8221;#26408f&#8221;] EPC [\/ux_text] Your Reliable Partner in the Iron and Steel IndustryAt Se\u00e7kin Metal, we take pride in providing our business partners with top-quality service, backed by our extensive experience [&hellip;]<\/p>","protected":false},"author":1,"featured_media":0,"parent":1192,"menu_order":0,"comment_status":"closed","ping_status":"closed","template":"page-blank.php","meta":{"inline_featured_image":false,"footnotes":""},"class_list":["post-5103","page","type-page","status-publish","hentry"],"_links":{"self":[{"href":"https:\/\/energyexpo.ro\/ro\/wp-json\/wp\/v2\/pages\/5103","targetHints":{"allow":["GET"]}}],"collection":[{"href":"https:\/\/energyexpo.ro\/ro\/wp-json\/wp\/v2\/pages"}],"about":[{"href":"https:\/\/energyexpo.ro\/ro\/wp-json\/wp\/v2\/types\/page"}],"author":[{"embeddable":true,"href":"https:\/\/energyexpo.ro\/ro\/wp-json\/wp\/v2\/users\/1"}],"replies":[{"embeddable":true,"href":"https:\/\/energyexpo.ro\/ro\/wp-json\/wp\/v2\/comments?post=5103"}],"version-history":[{"count":3,"href":"https:\/\/energyexpo.ro\/ro\/wp-json\/wp\/v2\/pages\/5103\/revisions"}],"predecessor-version":[{"id":5107,"href":"https:\/\/energyexpo.ro\/ro\/wp-json\/wp\/v2\/pages\/5103\/revisions\/5107"}],"up":[{"embeddable":true,"href":"https:\/\/energyexpo.ro\/ro\/wp-json\/wp\/v2\/pages\/1192"}],"wp:attachment":[{"href":"https:\/\/energyexpo.ro\/ro\/wp-json\/wp\/v2\/media?parent=5103"}],"curies":[{"name":"wp","href":"https:\/\/api.w.org\/{rel}","templated":true}]}}