{"id":5121,"date":"2025-05-07T17:57:56","date_gmt":"2025-05-07T17:57:56","guid":{"rendered":"https:\/\/energyexpo.ro\/exhibitors\/prysmian-cabluri-si-sisteme\/"},"modified":"2025-05-08T10:05:56","modified_gmt":"2025-05-08T10:05:56","slug":"prysmian-cabluri-si-sisteme","status":"publish","type":"page","link":"https:\/\/energyexpo.ro\/ro\/exhibitors\/prysmian-cabluri-si-sisteme\/","title":{"rendered":"PRYSMIAN CABLURI SI SISTEME"},"content":{"rendered":"<section class=\"section\" id=\"section_197055795\">\n\t\t<div class=\"section-bg fill\" >\n\t\t\t\t\t\t\t\t\t\n\t\t\t\n\n\t\t<\/div>\n\n\t\t\n\n\t\t<div class=\"section-content relative\">\n\t\t\t\n<div class=\"row align-middle\"  id=\"row-2077722336\">\n\n\t<div id=\"col-2065320430\" class=\"col cwp medium-6 small-12 large-6\"  >\n\t\t\t\t<div class=\"col-inner\"  >\n\t\t\t\n\t\t\t\n\t<div id=\"text-3648276417\" class=\"text pwmb\">\n\t\t\n<p class=\"lead\"><strong>PRYSMIAN CABLURI SI SISTEME <\/strong><\/p>\n\t\t\n<style>\n#text-3648276417 {\n  font-size: 1.5rem;\n  color: #26408f;\n}\n#text-3648276417 > * {\n  color: #26408f;\n}\n<\/style>\n\t<\/div>\n\t\n\t<div id=\"text-682435949\" class=\"text\">\n\t\t\n<p class=\"uppercase\">epc<\/p>\n\t\t\n<style>\n#text-682435949 {\n  color: #26408f;\n}\n#text-682435949 > * {\n  color: #26408f;\n}\n<\/style>\n\t<\/div>\n\t\n<p>Prysmian este un furnizor global de solu\u021bii de cablare care conduce tranzi\u021bia energetic\u0103 \u0219i transformarea digital\u0103. Prin valorificarea amprentei sale geografice largi \u0219i a gamei sale extinse de produse, a istoricului s\u0103u de leadership tehnologic \u0219i inovare, precum \u0219i a unei baze puternice de clien\u021bi, compania este bine plasat\u0103 pentru a valorifica pozi\u021biile sale de lider \u0219i pentru a c\u00e2\u0219tiga pe pie\u021be noi, \u00een cre\u0219tere. Strategia de afaceri a Prysmian se potrive\u0219te perfect cu principalii factori determinan\u021bi ai pie\u021bei prin dezvoltarea de solu\u021bii de cabluri rezistente, performante, durabile \u0219i inovatoare \u00een segmentele Transport, Re\u021bele electrice, Electrificare \u0219i Solu\u021bii digitale. Prysmian este o companie public\u0103 listat\u0103 la bursa italian\u0103, cu aproape 150 de ani de experien\u021b\u0103, peste 33 000 de angaja\u021bi, 107 fabrici \u0219i 27 de centre de cercetare \u0219i dezvoltare \u00een peste 50 de \u021b\u0103ri \u0219i v\u00e2nz\u0103ri de peste 17 miliarde EUR \u00een 2024.<\/p>\n<a href=\"https:\/\/ro.prysmian.com\/\" class=\"button secondary\" target=\"_blank\" rel=\"noopener\">\n\t\t<span>Afl\u0103 mai multe<\/span>\n\t<\/a>\n\n\t\t<\/div>\n\t\t\t\t\n<style>\n#col-2065320430 > .col-inner {\n  padding: 0px 0px 0px 0px;\n}\n@media (min-width:550px) {\n  #col-2065320430 > .col-inner {\n    padding: 0px 50px 0px 0px;\n  }\n}\n<\/style>\n\t<\/div>\n\n\t\n\n\t<div id=\"col-1245102649\" class=\"col cwp medium-6 small-12 large-6 small-col-first\"  >\n\t\t\t\t<div class=\"col-inner\"  >\n\t\t\t\n\t\t\t\n\t<div class=\"img has-hover x md-x lg-x y md-y lg-y\" id=\"image_378845153\">\n\t\t\t\t\t\t\t\t<div class=\"img-inner dark\" >\n\t\t\t<img decoding=\"async\" width=\"1080\" height=\"1080\" data-src=\"https:\/\/energyexpo.ro\/wp-content\/uploads\/2025\/05\/Prysmian_Exhibitor.png\" class=\"attachment-original size-original lazyload\" alt=\"\" data-srcset=\"https:\/\/energyexpo.ro\/wp-content\/uploads\/2025\/05\/Prysmian_Exhibitor.png 1080w, https:\/\/energyexpo.ro\/wp-content\/smush-webp\/2025\/05\/Prysmian_Exhibitor-300x300.png.webp 300w, https:\/\/energyexpo.ro\/wp-content\/smush-webp\/2025\/05\/Prysmian_Exhibitor-1024x1024.png.webp 1024w, https:\/\/energyexpo.ro\/wp-content\/smush-webp\/2025\/05\/Prysmian_Exhibitor-150x150.png.webp 150w, https:\/\/energyexpo.ro\/wp-content\/smush-webp\/2025\/05\/Prysmian_Exhibitor-768x768.png.webp 768w, https:\/\/energyexpo.ro\/wp-content\/smush-webp\/2025\/05\/Prysmian_Exhibitor-12x12.png.webp 12w\" data-sizes=\"(max-width: 1080px) 100vw, 1080px\" src=\"data:image\/gif;base64,R0lGODlhAQABAAAAACH5BAEKAAEALAAAAAABAAEAAAICTAEAOw==\" style=\"--smush-placeholder-width: 1080px; --smush-placeholder-aspect-ratio: 1080\/1080;\" data-smush-webp-fallback=\"{&quot;data-srcset&quot;:&quot;https:\\\/\\\/energyexpo.ro\\\/wp-content\\\/uploads\\\/2025\\\/05\\\/Prysmian_Exhibitor.png 1080w, https:\\\/\\\/energyexpo.ro\\\/wp-content\\\/uploads\\\/2025\\\/05\\\/Prysmian_Exhibitor-300x300.png 300w, https:\\\/\\\/energyexpo.ro\\\/wp-content\\\/uploads\\\/2025\\\/05\\\/Prysmian_Exhibitor-1024x1024.png 1024w, https:\\\/\\\/energyexpo.ro\\\/wp-content\\\/uploads\\\/2025\\\/05\\\/Prysmian_Exhibitor-150x150.png 150w, https:\\\/\\\/energyexpo.ro\\\/wp-content\\\/uploads\\\/2025\\\/05\\\/Prysmian_Exhibitor-768x768.png 768w, https:\\\/\\\/energyexpo.ro\\\/wp-content\\\/uploads\\\/2025\\\/05\\\/Prysmian_Exhibitor-12x12.png 12w&quot;}\" \/>\t\t\t\t\t\t\n\t\t\t\t\t<\/div>\n\t\t\t\t\t\t\t\t\n<style>\n#image_378845153 {\n  width: 100%;\n}\n<\/style>\n\t<\/div>\n\t\n\t\t<\/div>\n\t\t\t\t\t<\/div>\n\n\t\n<\/div>\n\t\t<\/div>\n\n\t\t\n<style>\n#section_197055795 {\n  padding-top: 50px;\n  padding-bottom: 50px;\n  background-color: rgb(246, 246, 246);\n}\n<\/style>\n\t<\/section>\n\t\n\n\t<section class=\"section\" id=\"section_1795013914\">\n\t\t<div class=\"section-bg fill\" >\n\t\t\t\t\t\t\t\t\t\n\t\t\t\n\n\t\t<\/div>\n\n\t\t\n\n\t\t<div class=\"section-content relative\">\n\t\t\t\n\n<div class=\"row\"  id=\"row-1966797364\">\n\n\n\t<div id=\"col-1278723878\" class=\"col cwp small-12 large-12\"  >\n\t\t\t\t<div class=\"col-inner\"  >\n\t\t\t\n\t\t\t\n\n\t<div id=\"text-1805487140\" class=\"text pwmb\">\n\t\t\n\n<p><span style=\"font-size: 90%;\">Expozan\u021bii sunt singurii responsabili pentru informa\u021biile furnizate \u00een aceast\u0103 sec\u021biune, ob\u021binute fie direct de la expozan\u021bi, fie de pe site-ul lor oficial.<\/span><\/p>\n\t\t\n<style>\n#text-1805487140 {\n  text-align: center;\n  color: rgb(255,255,255);\n}\n#text-1805487140 > * {\n  color: rgb(255,255,255);\n}\n<\/style>\n\t<\/div>\n\t\n\n\t\t<\/div>\n\t\t\t\t\t<\/div>\n\n\t\n\n<\/div>\n\n\t\t<\/div>\n\n\t\t\n<style>\n#section_1795013914 {\n  padding-top: 30px;\n  padding-bottom: 30px;\n  background-color: #26408f;\n}\n<\/style>\n\t<\/section>","protected":false},"excerpt":{"rendered":"","protected":false},"author":1,"featured_media":0,"parent":1192,"menu_order":0,"comment_status":"open","ping_status":"open","template":"page-blank.php","meta":{"inline_featured_image":false,"footnotes":""},"class_list":["post-5121","page","type-page","status-publish","hentry"],"_links":{"self":[{"href":"https:\/\/energyexpo.ro\/ro\/wp-json\/wp\/v2\/pages\/5121","targetHints":{"allow":["GET"]}}],"collection":[{"href":"https:\/\/energyexpo.ro\/ro\/wp-json\/wp\/v2\/pages"}],"about":[{"href":"https:\/\/energyexpo.ro\/ro\/wp-json\/wp\/v2\/types\/page"}],"author":[{"embeddable":true,"href":"https:\/\/energyexpo.ro\/ro\/wp-json\/wp\/v2\/users\/1"}],"replies":[{"embeddable":true,"href":"https:\/\/energyexpo.ro\/ro\/wp-json\/wp\/v2\/comments?post=5121"}],"version-history":[{"count":1,"href":"https:\/\/energyexpo.ro\/ro\/wp-json\/wp\/v2\/pages\/5121\/revisions"}],"predecessor-version":[{"id":5230,"href":"https:\/\/energyexpo.ro\/ro\/wp-json\/wp\/v2\/pages\/5121\/revisions\/5230"}],"up":[{"embeddable":true,"href":"https:\/\/energyexpo.ro\/ro\/wp-json\/wp\/v2\/pages\/1192"}],"wp:attachment":[{"href":"https:\/\/energyexpo.ro\/ro\/wp-json\/wp\/v2\/media?parent=5121"}],"curies":[{"name":"wp","href":"https:\/\/api.w.org\/{rel}","templated":true}]}}