{"id":5128,"date":"2025-05-07T17:57:56","date_gmt":"2025-05-07T17:57:56","guid":{"rendered":"https:\/\/energyexpo.ro\/exhibitors\/schiebel-antriebstechnik-gmbh\/"},"modified":"2025-05-08T10:12:16","modified_gmt":"2025-05-08T10:12:16","slug":"schiebel-antriebstechnik-gmbh","status":"publish","type":"page","link":"https:\/\/energyexpo.ro\/ro\/exhibitors\/schiebel-antriebstechnik-gmbh\/","title":{"rendered":"SCHIEBEL Antriebstechnik GmbH"},"content":{"rendered":"<section class=\"section\" id=\"section_299567623\">\n\t\t<div class=\"section-bg fill\" >\n\t\t\t\t\t\t\t\t\t\n\t\t\t\n\n\t\t<\/div>\n\n\t\t\n\n\t\t<div class=\"section-content relative\">\n\t\t\t\n<div class=\"row align-middle\"  id=\"row-2103609403\">\n\n\t<div id=\"col-872102958\" class=\"col cwp medium-6 small-12 large-6\"  >\n\t\t\t\t<div class=\"col-inner\"  >\n\t\t\t\n\t\t\t\n\t<div id=\"text-132644866\" class=\"text pwmb\">\n\t\t\n<p class=\"lead\"><strong>SCHIEBEL Antriebstechnik GmbH<\/strong><\/p>\n\t\t\n<style>\n#text-132644866 {\n  font-size: 1.5rem;\n  color: #26408f;\n}\n#text-132644866 > * {\n  color: #26408f;\n}\n<\/style>\n\t<\/div>\n\t\n\t<div id=\"text-2286960006\" class=\"text\">\n\t\t\n<p class=\"uppercase\">SECTORUL ENERGETIC<\/p>\n\t\t\n<style>\n#text-2286960006 {\n  color: #26408f;\n}\n#text-2286960006 > * {\n  color: #26408f;\n}\n<\/style>\n\t<\/div>\n\t\n<p>SCHIEBEL furnizeaz\u0103 o gam\u0103 larg\u0103 de produse, de la actuatoare rotative, pivotante \u0219i liniare la actuatoare cu func\u021bie de siguran\u021b\u0103. Portofoliul nostru unic permite aplica\u021bii \u00een aproape toate industriile. Cu un design modular, produsele noastre sunt performante \u00een toate domeniile, capabile s\u0103 \u00eendeplineasc\u0103 diferite cerin\u021be. Fiecare dintre actuatoarele noastre con\u021bine o solu\u021bie software integrat\u0103 extins\u0103 care permite activarea cu u\u0219urin\u021b\u0103 a func\u021biilor suplimentare, chiar \u0219i \u00een timpul func\u021bion\u0103rii.<\/p>\n<a href=\"https:\/\/schiebel-actuators.com\" class=\"button secondary\" target=\"_blank\" rel=\"noopener\">\n\t\t<span>Afl\u0103 mai multe<\/span>\n\t<\/a>\n\n\t\t<\/div>\n\t\t\t\t\n<style>\n#col-872102958 > .col-inner {\n  padding: 0px 0px 0px 0px;\n}\n@media (min-width:550px) {\n  #col-872102958 > .col-inner {\n    padding: 0px 50px 0px 0px;\n  }\n}\n<\/style>\n\t<\/div>\n\n\t\n\n\t<div id=\"col-589222511\" class=\"col cwp medium-6 small-12 large-6 small-col-first\"  >\n\t\t\t\t<div class=\"col-inner\"  >\n\t\t\t\n\t\t\t\n\t<div class=\"img has-hover x md-x lg-x y md-y lg-y\" id=\"image_1512986480\">\n\t\t\t\t\t\t\t\t<div class=\"img-inner dark\" >\n\t\t\t<img decoding=\"async\" width=\"1080\" height=\"1080\" data-src=\"https:\/\/energyexpo.ro\/wp-content\/uploads\/2025\/05\/Schiebel-_Exhibitor.png\" class=\"attachment-original size-original lazyload\" alt=\"\" data-srcset=\"https:\/\/energyexpo.ro\/wp-content\/uploads\/2025\/05\/Schiebel-_Exhibitor.png 1080w, https:\/\/energyexpo.ro\/wp-content\/smush-webp\/2025\/05\/Schiebel-_Exhibitor-300x300.png.webp 300w, https:\/\/energyexpo.ro\/wp-content\/smush-webp\/2025\/05\/Schiebel-_Exhibitor-1024x1024.png.webp 1024w, https:\/\/energyexpo.ro\/wp-content\/smush-webp\/2025\/05\/Schiebel-_Exhibitor-150x150.png.webp 150w, https:\/\/energyexpo.ro\/wp-content\/smush-webp\/2025\/05\/Schiebel-_Exhibitor-768x768.png.webp 768w, https:\/\/energyexpo.ro\/wp-content\/smush-webp\/2025\/05\/Schiebel-_Exhibitor-12x12.png.webp 12w\" data-sizes=\"(max-width: 1080px) 100vw, 1080px\" src=\"data:image\/gif;base64,R0lGODlhAQABAAAAACH5BAEKAAEALAAAAAABAAEAAAICTAEAOw==\" style=\"--smush-placeholder-width: 1080px; --smush-placeholder-aspect-ratio: 1080\/1080;\" data-smush-webp-fallback=\"{&quot;data-srcset&quot;:&quot;https:\\\/\\\/energyexpo.ro\\\/wp-content\\\/uploads\\\/2025\\\/05\\\/Schiebel-_Exhibitor.png 1080w, https:\\\/\\\/energyexpo.ro\\\/wp-content\\\/uploads\\\/2025\\\/05\\\/Schiebel-_Exhibitor-300x300.png 300w, https:\\\/\\\/energyexpo.ro\\\/wp-content\\\/uploads\\\/2025\\\/05\\\/Schiebel-_Exhibitor-1024x1024.png 1024w, https:\\\/\\\/energyexpo.ro\\\/wp-content\\\/uploads\\\/2025\\\/05\\\/Schiebel-_Exhibitor-150x150.png 150w, https:\\\/\\\/energyexpo.ro\\\/wp-content\\\/uploads\\\/2025\\\/05\\\/Schiebel-_Exhibitor-768x768.png 768w, https:\\\/\\\/energyexpo.ro\\\/wp-content\\\/uploads\\\/2025\\\/05\\\/Schiebel-_Exhibitor-12x12.png 12w&quot;}\" \/>\t\t\t\t\t\t\n\t\t\t\t\t<\/div>\n\t\t\t\t\t\t\t\t\n<style>\n#image_1512986480 {\n  width: 100%;\n}\n<\/style>\n\t<\/div>\n\t\n\t\t<\/div>\n\t\t\t\t\t<\/div>\n\n\t\n<\/div>\n\t\t<\/div>\n\n\t\t\n<style>\n#section_299567623 {\n  padding-top: 50px;\n  padding-bottom: 50px;\n  background-color: rgb(246, 246, 246);\n}\n<\/style>\n\t<\/section>\n\t\n\n\t<section class=\"section\" id=\"section_839469820\">\n\t\t<div class=\"section-bg fill\" >\n\t\t\t\t\t\t\t\t\t\n\t\t\t\n\n\t\t<\/div>\n\n\t\t\n\n\t\t<div class=\"section-content relative\">\n\t\t\t\n\n<div class=\"row\"  id=\"row-834927389\">\n\n\n\t<div id=\"col-893111160\" class=\"col cwp small-12 large-12\"  >\n\t\t\t\t<div class=\"col-inner\"  >\n\t\t\t\n\t\t\t\n\n\t<div id=\"text-2308895815\" class=\"text pwmb\">\n\t\t\n\n<p><span style=\"font-size: 90%;\">Expozan\u021bii sunt singurii responsabili pentru informa\u021biile furnizate \u00een aceast\u0103 sec\u021biune, ob\u021binute fie direct de la expozan\u021bi, fie de pe site-ul lor oficial.<\/span><\/p>\n\t\t\n<style>\n#text-2308895815 {\n  text-align: center;\n  color: rgb(255,255,255);\n}\n#text-2308895815 > * {\n  color: rgb(255,255,255);\n}\n<\/style>\n\t<\/div>\n\t\n\n\t\t<\/div>\n\t\t\t\t\t<\/div>\n\n\t\n\n<\/div>\n\n\t\t<\/div>\n\n\t\t\n<style>\n#section_839469820 {\n  padding-top: 30px;\n  padding-bottom: 30px;\n  background-color: #26408f;\n}\n<\/style>\n\t<\/section>","protected":false},"excerpt":{"rendered":"","protected":false},"author":1,"featured_media":0,"parent":1192,"menu_order":0,"comment_status":"open","ping_status":"open","template":"page-blank.php","meta":{"inline_featured_image":false,"footnotes":""},"class_list":["post-5128","page","type-page","status-publish","hentry"],"_links":{"self":[{"href":"https:\/\/energyexpo.ro\/ro\/wp-json\/wp\/v2\/pages\/5128","targetHints":{"allow":["GET"]}}],"collection":[{"href":"https:\/\/energyexpo.ro\/ro\/wp-json\/wp\/v2\/pages"}],"about":[{"href":"https:\/\/energyexpo.ro\/ro\/wp-json\/wp\/v2\/types\/page"}],"author":[{"embeddable":true,"href":"https:\/\/energyexpo.ro\/ro\/wp-json\/wp\/v2\/users\/1"}],"replies":[{"embeddable":true,"href":"https:\/\/energyexpo.ro\/ro\/wp-json\/wp\/v2\/comments?post=5128"}],"version-history":[{"count":1,"href":"https:\/\/energyexpo.ro\/ro\/wp-json\/wp\/v2\/pages\/5128\/revisions"}],"predecessor-version":[{"id":5249,"href":"https:\/\/energyexpo.ro\/ro\/wp-json\/wp\/v2\/pages\/5128\/revisions\/5249"}],"up":[{"embeddable":true,"href":"https:\/\/energyexpo.ro\/ro\/wp-json\/wp\/v2\/pages\/1192"}],"wp:attachment":[{"href":"https:\/\/energyexpo.ro\/ro\/wp-json\/wp\/v2\/media?parent=5128"}],"curies":[{"name":"wp","href":"https:\/\/api.w.org\/{rel}","templated":true}]}}