{"id":5143,"date":"2025-05-07T17:58:18","date_gmt":"2025-05-07T17:58:18","guid":{"rendered":"https:\/\/energyexpo.ro\/exhibitors\/ies-galvaniz\/"},"modified":"2025-05-08T10:00:31","modified_gmt":"2025-05-08T10:00:31","slug":"ies-galvaniz","status":"publish","type":"page","link":"https:\/\/energyexpo.ro\/ro\/exhibitors\/ies-galvaniz\/","title":{"rendered":"\u0130ES GALVAN\u0130Z"},"content":{"rendered":"<section class=\"section\" id=\"section_302918830\">\n\t\t<div class=\"section-bg fill\" >\n\t\t\t\t\t\t\t\t\t\n\t\t\t\n\n\t\t<\/div>\n\n\t\t\n\n\t\t<div class=\"section-content relative\">\n\t\t\t\n<div class=\"row align-middle\"  id=\"row-1516257720\">\n\n\t<div id=\"col-555491451\" class=\"col cwp medium-6 small-12 large-6\"  >\n\t\t\t\t<div class=\"col-inner\"  >\n\t\t\t\n\t\t\t\n\t<div id=\"text-1477449679\" class=\"text pwmb\">\n\t\t\n<p class=\"lead\"><strong>\u0130ES GALVAN\u0130Z<\/strong><\/p>\n\t\t\n<style>\n#text-1477449679 {\n  font-size: 1.5rem;\n  color: #26408f;\n}\n#text-1477449679 > * {\n  color: #26408f;\n}\n<\/style>\n\t<\/div>\n\t\n\t<div id=\"text-4108859825\" class=\"text\">\n\t\t\n<p class=\"uppercase\">Servicii energetice (consultan\u021b\u0103, consiliere \u0219i audit, operatori de comercializare a energiei, institu\u021bii de finan\u021bare \u0219i investitori)<\/p>\n\t\t\n<style>\n#text-4108859825 {\n  color: #26408f;\n}\n#text-4108859825 > * {\n  color: #26408f;\n}\n<\/style>\n\t<\/div>\n\t\n<p>\u0130ES GALVAN\u0130Z a fost \u00eenfiin\u021bat\u0103 \u00een 2015 la Osmaniye din Turcia, pentru a r\u0103spunde nevoilor din sectoarele construc\u021biilor metalice \u0219i distribu\u021biei de energie.<br \/>\nInstala\u021bia noastr\u0103 a fost proiectat\u0103 folosind cea mai modern\u0103 tehnologie \u0219i a \u00eenceput produc\u021bia la o suprafa\u021b\u0103 total\u0103 de 50.000 m\u00b2, cu o capacitate de 100.000 de tone pe an.<br \/>\nProducem toate tipurile de st\u00e2lpi \u0219i turnuri din o\u021bel pentru diferite nevoi \u0219i aplica\u021bii utilizate pentru transportul \u0219i distribu\u021bia energiei, turnuri pentru antene GSM, st\u00e2lpi poligonali pentru iluminat, st\u00e2lpi pentru iluminatul proiectoarelor \u0219i stadioanelor, st\u00e2lpi totem, structuri mecanice pentru sisteme de energie solar\u0103, balustrade rutiere, t\u0103vi de cabluri etc.<br \/>\nRealiz\u0103m procesul de produc\u021bie \u0219i galvanizare \u00een conformitate cu standardele interna\u021bionale ASTM A123 \u0219i ISO EN 1461. Furniz\u0103m toate tipurile de st\u00e2lpi \u0219i turnuri din o\u021bel \u00een conformitate cu standardele interna\u021bionale, precum \u0219i cu specifica\u021biile specifice ale clien\u021bilor.<\/p>\n<a href=\"https:\/\/www.iesgalvaniz.com\/\" class=\"button secondary\" target=\"_blank\" rel=\"noopener\">\n\t\t<span>Afl\u0103 mai multe<\/span>\n\t<\/a>\n\n\t\t<\/div>\n\t\t\t\t\n<style>\n#col-555491451 > .col-inner {\n  padding: 0px 0px 0px 0px;\n}\n@media (min-width:550px) {\n  #col-555491451 > .col-inner {\n    padding: 0px 50px 0px 0px;\n  }\n}\n<\/style>\n\t<\/div>\n\n\t\n\n\t<div id=\"col-1688209165\" class=\"col cwp medium-6 small-12 large-6 small-col-first\"  >\n\t\t\t\t<div class=\"col-inner\"  >\n\t\t\t\n\t\t\t\n\t<div class=\"img has-hover x md-x lg-x y md-y lg-y\" id=\"image_891349629\">\n\t\t\t\t\t\t\t\t<div class=\"img-inner dark\" >\n\t\t\t<img decoding=\"async\" width=\"1080\" height=\"1080\" data-src=\"https:\/\/energyexpo.ro\/wp-content\/uploads\/2025\/05\/IES-Galvaniz_Exhibitor.png\" class=\"attachment-original size-original lazyload\" alt=\"\" data-srcset=\"https:\/\/energyexpo.ro\/wp-content\/uploads\/2025\/05\/IES-Galvaniz_Exhibitor.png 1080w, https:\/\/energyexpo.ro\/wp-content\/smush-webp\/2025\/05\/IES-Galvaniz_Exhibitor-300x300.png.webp 300w, https:\/\/energyexpo.ro\/wp-content\/smush-webp\/2025\/05\/IES-Galvaniz_Exhibitor-1024x1024.png.webp 1024w, https:\/\/energyexpo.ro\/wp-content\/smush-webp\/2025\/05\/IES-Galvaniz_Exhibitor-150x150.png.webp 150w, https:\/\/energyexpo.ro\/wp-content\/smush-webp\/2025\/05\/IES-Galvaniz_Exhibitor-768x768.png.webp 768w, https:\/\/energyexpo.ro\/wp-content\/smush-webp\/2025\/05\/IES-Galvaniz_Exhibitor-12x12.png.webp 12w\" data-sizes=\"(max-width: 1080px) 100vw, 1080px\" src=\"data:image\/gif;base64,R0lGODlhAQABAAAAACH5BAEKAAEALAAAAAABAAEAAAICTAEAOw==\" style=\"--smush-placeholder-width: 1080px; --smush-placeholder-aspect-ratio: 1080\/1080;\" data-smush-webp-fallback=\"{&quot;data-srcset&quot;:&quot;https:\\\/\\\/energyexpo.ro\\\/wp-content\\\/uploads\\\/2025\\\/05\\\/IES-Galvaniz_Exhibitor.png 1080w, https:\\\/\\\/energyexpo.ro\\\/wp-content\\\/uploads\\\/2025\\\/05\\\/IES-Galvaniz_Exhibitor-300x300.png 300w, https:\\\/\\\/energyexpo.ro\\\/wp-content\\\/uploads\\\/2025\\\/05\\\/IES-Galvaniz_Exhibitor-1024x1024.png 1024w, https:\\\/\\\/energyexpo.ro\\\/wp-content\\\/uploads\\\/2025\\\/05\\\/IES-Galvaniz_Exhibitor-150x150.png 150w, https:\\\/\\\/energyexpo.ro\\\/wp-content\\\/uploads\\\/2025\\\/05\\\/IES-Galvaniz_Exhibitor-768x768.png 768w, https:\\\/\\\/energyexpo.ro\\\/wp-content\\\/uploads\\\/2025\\\/05\\\/IES-Galvaniz_Exhibitor-12x12.png 12w&quot;}\" \/>\t\t\t\t\t\t\n\t\t\t\t\t<\/div>\n\t\t\t\t\t\t\t\t\n<style>\n#image_891349629 {\n  width: 100%;\n}\n<\/style>\n\t<\/div>\n\t\n\t\t<\/div>\n\t\t\t\t\t<\/div>\n\n\t\n<\/div>\n\t\t<\/div>\n\n\t\t\n<style>\n#section_302918830 {\n  padding-top: 50px;\n  padding-bottom: 50px;\n  background-color: rgb(246, 246, 246);\n}\n<\/style>\n\t<\/section>\n\t\n\n\t<section class=\"section\" id=\"section_603275591\">\n\t\t<div class=\"section-bg fill\" >\n\t\t\t\t\t\t\t\t\t\n\t\t\t\n\n\t\t<\/div>\n\n\t\t\n\n\t\t<div class=\"section-content relative\">\n\t\t\t\n\n<div class=\"row\"  id=\"row-1712121369\">\n\n\n\t<div id=\"col-1356898707\" class=\"col cwp small-12 large-12\"  >\n\t\t\t\t<div class=\"col-inner\"  >\n\t\t\t\n\t\t\t\n\n\t<div id=\"text-1622497961\" class=\"text pwmb\">\n\t\t\n\n<p><span style=\"font-size: 90%;\">Expozan\u021bii sunt singurii responsabili pentru informa\u021biile furnizate \u00een aceast\u0103 sec\u021biune, ob\u021binute fie direct de la expozan\u021bi, fie de pe site-ul lor oficial.<\/span><\/p>\n\t\t\n<style>\n#text-1622497961 {\n  text-align: center;\n  color: rgb(255,255,255);\n}\n#text-1622497961 > * {\n  color: rgb(255,255,255);\n}\n<\/style>\n\t<\/div>\n\t\n\n\t\t<\/div>\n\t\t\t\t\t<\/div>\n\n\t\n\n<\/div>\n\n\t\t<\/div>\n\n\t\t\n<style>\n#section_603275591 {\n  padding-top: 30px;\n  padding-bottom: 30px;\n  background-color: #26408f;\n}\n<\/style>\n\t<\/section>","protected":false},"excerpt":{"rendered":"","protected":false},"author":1,"featured_media":0,"parent":1192,"menu_order":0,"comment_status":"open","ping_status":"open","template":"page-blank.php","meta":{"inline_featured_image":false,"footnotes":""},"class_list":["post-5143","page","type-page","status-publish","hentry"],"_links":{"self":[{"href":"https:\/\/energyexpo.ro\/ro\/wp-json\/wp\/v2\/pages\/5143","targetHints":{"allow":["GET"]}}],"collection":[{"href":"https:\/\/energyexpo.ro\/ro\/wp-json\/wp\/v2\/pages"}],"about":[{"href":"https:\/\/energyexpo.ro\/ro\/wp-json\/wp\/v2\/types\/page"}],"author":[{"embeddable":true,"href":"https:\/\/energyexpo.ro\/ro\/wp-json\/wp\/v2\/users\/1"}],"replies":[{"embeddable":true,"href":"https:\/\/energyexpo.ro\/ro\/wp-json\/wp\/v2\/comments?post=5143"}],"version-history":[{"count":1,"href":"https:\/\/energyexpo.ro\/ro\/wp-json\/wp\/v2\/pages\/5143\/revisions"}],"predecessor-version":[{"id":5212,"href":"https:\/\/energyexpo.ro\/ro\/wp-json\/wp\/v2\/pages\/5143\/revisions\/5212"}],"up":[{"embeddable":true,"href":"https:\/\/energyexpo.ro\/ro\/wp-json\/wp\/v2\/pages\/1192"}],"wp:attachment":[{"href":"https:\/\/energyexpo.ro\/ro\/wp-json\/wp\/v2\/media?parent=5143"}],"curies":[{"name":"wp","href":"https:\/\/api.w.org\/{rel}","templated":true}]}}