{"id":5166,"date":"2025-05-07T17:58:36","date_gmt":"2025-05-07T17:58:36","guid":{"rendered":"https:\/\/energyexpo.ro\/exhibitors\/ebs-electric-group\/"},"modified":"2025-05-19T12:00:37","modified_gmt":"2025-05-19T12:00:37","slug":"bnr","status":"publish","type":"page","link":"https:\/\/energyexpo.ro\/ro\/exhibitors\/bnr\/","title":{"rendered":"BNR"},"content":{"rendered":"<section class=\"section\" id=\"section_18351181\">\n\t\t<div class=\"section-bg fill\" >\n\t\t\t\t\t\t\t\t\t\n\t\t\t\n\n\t\t<\/div>\n\n\t\t\n\n\t\t<div class=\"section-content relative\">\n\t\t\t\n<div class=\"row align-middle\"  id=\"row-1173784222\">\n\n\t<div id=\"col-441666545\" class=\"col cwp medium-6 small-12 large-6\"  >\n\t\t\t\t<div class=\"col-inner\"  >\n\t\t\t\n\t\t\t\n\t<div id=\"text-4151568195\" class=\"text pwmb\">\n\t\t\n<p class=\"lead\"><strong>BNR<\/strong><\/p>\n\t\t\n<style>\n#text-4151568195 {\n  font-size: 1.5rem;\n  color: #26408f;\n}\n#text-4151568195 > * {\n  color: #26408f;\n}\n<\/style>\n\t<\/div>\n\t\n\t<div id=\"text-4196934674\" class=\"text\">\n\t\t\n<p class=\"uppercase\">SECTORUL FINANCIAR<\/p>\n\t\t\n<style>\n#text-4196934674 {\n  color: #26408f;\n}\n#text-4196934674 > * {\n  color: #26408f;\n}\n<\/style>\n\t<\/div>\n\t\n<p>Banca Na\u021bional\u0103 a Rom\u00e2niei (BNR), \u00eenfiin\u021bat\u0103 \u00een 1880, este banca central\u0103 a \u021b\u0103rii, cu sediul central \u00een Bucure\u0219ti. Obiectivul s\u0103u principal este de a asigura \u0219i men\u021bine stabilitatea pre\u021burilor. BNR elaboreaz\u0103 \u0219i pune \u00een aplicare politici monetare \u0219i valutare, supravegheaz\u0103 institu\u021biile de credit, emite moneda na\u021bional\u0103 \u0219i gestioneaz\u0103 rezervele interna\u021bionale ale Rom\u00e2niei. Din 2007, BNR este membr\u0103 a Sistemului European al B\u0103ncilor Centrale.<\/p>\n<a href=\"https:\/\/www.bnro.ro\/Home.aspx\" class=\"button secondary\" target=\"_blank\" rel=\"noopener\">\n\t\t<span>Afl\u0103 mai multe<\/span>\n\t<\/a>\n\n\t\t<\/div>\n\t\t\t\t\n<style>\n#col-441666545 > .col-inner {\n  padding: 0px 0px 0px 0px;\n}\n@media (min-width:550px) {\n  #col-441666545 > .col-inner {\n    padding: 0px 50px 0px 0px;\n  }\n}\n<\/style>\n\t<\/div>\n\n\t\n\n\t<div id=\"col-1905204737\" class=\"col cwp medium-6 small-12 large-6 small-col-first\"  >\n\t\t\t\t<div class=\"col-inner\"  >\n\t\t\t\n\t\t\t\n\t<div class=\"img has-hover x md-x lg-x y md-y lg-y\" id=\"image_123616879\">\n\t\t\t\t\t\t\t\t<div class=\"img-inner dark\" >\n\t\t\t<img decoding=\"async\" width=\"1080\" height=\"1080\" data-src=\"https:\/\/energyexpo.ro\/wp-content\/uploads\/2025\/05\/BNR_Exhibitor.png\" class=\"attachment-original size-original lazyload\" alt=\"\" data-srcset=\"https:\/\/energyexpo.ro\/wp-content\/uploads\/2025\/05\/BNR_Exhibitor.png 1080w, https:\/\/energyexpo.ro\/wp-content\/smush-webp\/2025\/05\/BNR_Exhibitor-300x300.png.webp 300w, https:\/\/energyexpo.ro\/wp-content\/smush-webp\/2025\/05\/BNR_Exhibitor-1024x1024.png.webp 1024w, https:\/\/energyexpo.ro\/wp-content\/smush-webp\/2025\/05\/BNR_Exhibitor-150x150.png.webp 150w, https:\/\/energyexpo.ro\/wp-content\/smush-webp\/2025\/05\/BNR_Exhibitor-768x768.png.webp 768w, https:\/\/energyexpo.ro\/wp-content\/smush-webp\/2025\/05\/BNR_Exhibitor-12x12.png.webp 12w\" data-sizes=\"(max-width: 1080px) 100vw, 1080px\" src=\"data:image\/gif;base64,R0lGODlhAQABAAAAACH5BAEKAAEALAAAAAABAAEAAAICTAEAOw==\" style=\"--smush-placeholder-width: 1080px; --smush-placeholder-aspect-ratio: 1080\/1080;\" data-smush-webp-fallback=\"{&quot;data-srcset&quot;:&quot;https:\\\/\\\/energyexpo.ro\\\/wp-content\\\/uploads\\\/2025\\\/05\\\/BNR_Exhibitor.png 1080w, https:\\\/\\\/energyexpo.ro\\\/wp-content\\\/uploads\\\/2025\\\/05\\\/BNR_Exhibitor-300x300.png 300w, https:\\\/\\\/energyexpo.ro\\\/wp-content\\\/uploads\\\/2025\\\/05\\\/BNR_Exhibitor-1024x1024.png 1024w, https:\\\/\\\/energyexpo.ro\\\/wp-content\\\/uploads\\\/2025\\\/05\\\/BNR_Exhibitor-150x150.png 150w, https:\\\/\\\/energyexpo.ro\\\/wp-content\\\/uploads\\\/2025\\\/05\\\/BNR_Exhibitor-768x768.png 768w, https:\\\/\\\/energyexpo.ro\\\/wp-content\\\/uploads\\\/2025\\\/05\\\/BNR_Exhibitor-12x12.png 12w&quot;}\" \/>\t\t\t\t\t\t\n\t\t\t\t\t<\/div>\n\t\t\t\t\t\t\t\t\n<style>\n#image_123616879 {\n  width: 100%;\n}\n<\/style>\n\t<\/div>\n\t\n\t\t<\/div>\n\t\t\t\t\t<\/div>\n\n\t\n<\/div>\n\t\t<\/div>\n\n\t\t\n<style>\n#section_18351181 {\n  padding-top: 50px;\n  padding-bottom: 50px;\n  background-color: rgb(246, 246, 246);\n}\n<\/style>\n\t<\/section>\n\t\n\n\t<section class=\"section\" id=\"section_449363552\">\n\t\t<div class=\"section-bg fill\" >\n\t\t\t\t\t\t\t\t\t\n\t\t\t\n\n\t\t<\/div>\n\n\t\t\n\n\t\t<div class=\"section-content relative\">\n\t\t\t\n\n<div class=\"row\"  id=\"row-1111343601\">\n\n\n\t<div id=\"col-1096325536\" class=\"col cwp small-12 large-12\"  >\n\t\t\t\t<div class=\"col-inner\"  >\n\t\t\t\n\t\t\t\n\n\t<div id=\"text-3796144850\" class=\"text pwmb\">\n\t\t\n\n<p><span style=\"font-size: 90%;\">Expozan\u021bii sunt singurii responsabili pentru informa\u021biile furnizate \u00een aceast\u0103 sec\u021biune, ob\u021binute fie direct de la expozan\u021bi, fie de pe site-ul lor oficial.<\/span><\/p>\n\t\t\n<style>\n#text-3796144850 {\n  text-align: center;\n  color: rgb(255,255,255);\n}\n#text-3796144850 > * {\n  color: rgb(255,255,255);\n}\n<\/style>\n\t<\/div>\n\t\n\n\t\t<\/div>\n\t\t\t\t\t<\/div>\n\n\t\n\n<\/div>\n\n\t\t<\/div>\n\n\t\t\n<style>\n#section_449363552 {\n  padding-top: 30px;\n  padding-bottom: 30px;\n  background-color: #26408f;\n}\n<\/style>\n\t<\/section>","protected":false},"excerpt":{"rendered":"","protected":false},"author":1,"featured_media":0,"parent":1192,"menu_order":0,"comment_status":"closed","ping_status":"closed","template":"page-blank.php","meta":{"inline_featured_image":false,"footnotes":""},"class_list":["post-5166","page","type-page","status-publish","hentry"],"_links":{"self":[{"href":"https:\/\/energyexpo.ro\/ro\/wp-json\/wp\/v2\/pages\/5166","targetHints":{"allow":["GET"]}}],"collection":[{"href":"https:\/\/energyexpo.ro\/ro\/wp-json\/wp\/v2\/pages"}],"about":[{"href":"https:\/\/energyexpo.ro\/ro\/wp-json\/wp\/v2\/types\/page"}],"author":[{"embeddable":true,"href":"https:\/\/energyexpo.ro\/ro\/wp-json\/wp\/v2\/users\/1"}],"replies":[{"embeddable":true,"href":"https:\/\/energyexpo.ro\/ro\/wp-json\/wp\/v2\/comments?post=5166"}],"version-history":[{"count":2,"href":"https:\/\/energyexpo.ro\/ro\/wp-json\/wp\/v2\/pages\/5166\/revisions"}],"predecessor-version":[{"id":5524,"href":"https:\/\/energyexpo.ro\/ro\/wp-json\/wp\/v2\/pages\/5166\/revisions\/5524"}],"up":[{"embeddable":true,"href":"https:\/\/energyexpo.ro\/ro\/wp-json\/wp\/v2\/pages\/1192"}],"wp:attachment":[{"href":"https:\/\/energyexpo.ro\/ro\/wp-json\/wp\/v2\/media?parent=5166"}],"curies":[{"name":"wp","href":"https:\/\/api.w.org\/{rel}","templated":true}]}}