{"id":5182,"date":"2025-05-07T17:58:54","date_gmt":"2025-05-07T17:58:54","guid":{"rendered":"https:\/\/energyexpo.ro\/exhibitors\/hidroelectrica\/"},"modified":"2025-05-28T09:05:40","modified_gmt":"2025-05-28T09:05:40","slug":"hidroelectrica","status":"publish","type":"page","link":"https:\/\/energyexpo.ro\/ro\/exhibitors\/hidroelectrica\/","title":{"rendered":"Hidroelectrica"},"content":{"rendered":"<section class=\"section\" id=\"section_2067058608\">\n\t\t<div class=\"section-bg fill\" >\n\t\t\t\t\t\t\t\t\t\n\t\t\t\n\n\t\t<\/div>\n\n\t\t\n\n\t\t<div class=\"section-content relative\">\n\t\t\t\n<div class=\"row align-middle\"  id=\"row-2078471175\">\n\n\t<div id=\"col-1985302679\" class=\"col cwp medium-6 small-12 large-6\"  >\n\t\t\t\t<div class=\"col-inner\"  >\n\t\t\t\n\t\t\t\n\t<div id=\"text-1751167333\" class=\"text pwmb\">\n\t\t\n<p class=\"lead\"><strong>Hidroelectrica <\/strong><\/p>\n\t\t\n<style>\n#text-1751167333 {\n  font-size: 1.5rem;\n  color: #26408f;\n}\n#text-1751167333 > * {\n  color: #26408f;\n}\n<\/style>\n\t<\/div>\n\t\n\t<div id=\"text-1701038555\" class=\"text\">\n\t\t\n<p class=\"uppercase\">SECTORUL ENERGETIC<\/p>\n\t\t\n<style>\n#text-1701038555 {\n  color: #26408f;\n}\n#text-1701038555 > * {\n  color: #26408f;\n}\n<\/style>\n\t<\/div>\n\t\n<p>Hidroelectrica este principalul produc\u0103tor de energie electric\u0103 din Rom\u00e2nia \u0219i principalul furnizor de servicii de sistem din Rom\u00e2nia, cu un rol esen\u021bial \u00een securitatea Sistemului Energetic Na\u021bional (\"SEN\"). Compania de\u021bine \u0219i opereaz\u0103 188 de hidrocentrale \u0219i microhidrocentrale (inclusiv cinci sta\u021bii de pompare), cu o capacitate total\u0103 instalat\u0103 de producere a energiei hidroelectrice de aproximativ 6,3 GW \u0219i un parc eolian cu o capacitate total\u0103 instalat\u0103 de 108 MW. Compania are 7 sucursale hidroelectrice \u0219i o sucursal\u0103 care administreaz\u0103 parcul eolian Crucea, Por\u021bile de Fier \u0219i V\u00e2lcea fiind cele mai importante pentru Grup din punct de vedere al capacit\u0103\u021bii de producere a energiei electrice \u0219i al ponderii lor \u00een produc\u021bia total\u0103 de energie a Grupului. Compania s-a angajat s\u0103 produc\u0103 energie regenerabil\u0103 100% \u00eenc\u0103 de la \u00eenfiin\u021barea sa \u0219i a jucat un rol-cheie \u00een proiectarea \u0219i dezvoltarea conceptelor tehnologice \u0219i opera\u021bionale care au devenit standarde industriale.<\/p>\n<p>\u00cen acela\u0219i timp, Hidroelectrica opereaz\u0103 ca v\u00e2nz\u0103tor angro de energie, precum \u0219i ca furnizor direct de energie electric\u0103 c\u0103tre clien\u021bii finali, inclusiv consumatorii reziden\u021biali (gospod\u0103rii) \u0219i consumatorii nereziden\u021biali (\u00eentreprinderi din diverse sectoare industriale, cum ar fi produc\u021bia de automobile, telecomunica\u021bii \u0219i construc\u021bii, printre altele). \u00cen calitate de produc\u0103tor de energie hidroelectric\u0103 \u0219i eolian\u0103, societatea valorific\u0103 sinergiile dintre portofoliile sale de produc\u021bie \u0219i furnizare, valorific\u00e2nd \u00een acela\u0219i timp diversificarea mixului s\u0103u energetic prin integrarea altor surse regenerabile, precum energia eolian\u0103 \u0219i solar\u0103, al\u0103turi de energia hidroelectric\u0103.<\/p>\n<a href=\"https:\/\/www.hidroelectrica.ro\/\" class=\"button secondary\" target=\"_blank\" rel=\"noopener\">\n\t\t<span>Afl\u0103 mai multe<\/span>\n\t<\/a>\n\n\t\t<\/div>\n\t\t\t\t\n<style>\n#col-1985302679 > .col-inner {\n  padding: 0px 0px 0px 0px;\n}\n@media (min-width:550px) {\n  #col-1985302679 > .col-inner {\n    padding: 0px 50px 0px 0px;\n  }\n}\n<\/style>\n\t<\/div>\n\n\t\n\n\t<div id=\"col-903501987\" class=\"col cwp medium-6 small-12 large-6 small-col-first\"  >\n\t\t\t\t<div class=\"col-inner\"  >\n\t\t\t\n\t\t\t\n\t<div class=\"img has-hover x md-x lg-x y md-y lg-y\" id=\"image_112917752\">\n\t\t\t\t\t\t\t\t<div class=\"img-inner dark\" >\n\t\t\t<img decoding=\"async\" width=\"1080\" height=\"1080\" data-src=\"https:\/\/energyexpo.ro\/wp-content\/uploads\/2025\/05\/HIDROELECTRICA_Exhibitor.png\" class=\"attachment-original size-original lazyload\" alt=\"\" data-srcset=\"https:\/\/energyexpo.ro\/wp-content\/uploads\/2025\/05\/HIDROELECTRICA_Exhibitor.png 1080w, https:\/\/energyexpo.ro\/wp-content\/smush-webp\/2025\/05\/HIDROELECTRICA_Exhibitor-300x300.png.webp 300w, https:\/\/energyexpo.ro\/wp-content\/smush-webp\/2025\/05\/HIDROELECTRICA_Exhibitor-1024x1024.png.webp 1024w, https:\/\/energyexpo.ro\/wp-content\/smush-webp\/2025\/05\/HIDROELECTRICA_Exhibitor-150x150.png.webp 150w, https:\/\/energyexpo.ro\/wp-content\/smush-webp\/2025\/05\/HIDROELECTRICA_Exhibitor-768x768.png.webp 768w, https:\/\/energyexpo.ro\/wp-content\/smush-webp\/2025\/05\/HIDROELECTRICA_Exhibitor-12x12.png.webp 12w\" data-sizes=\"(max-width: 1080px) 100vw, 1080px\" src=\"data:image\/gif;base64,R0lGODlhAQABAAAAACH5BAEKAAEALAAAAAABAAEAAAICTAEAOw==\" style=\"--smush-placeholder-width: 1080px; --smush-placeholder-aspect-ratio: 1080\/1080;\" data-smush-webp-fallback=\"{&quot;data-srcset&quot;:&quot;https:\\\/\\\/energyexpo.ro\\\/wp-content\\\/uploads\\\/2025\\\/05\\\/HIDROELECTRICA_Exhibitor.png 1080w, https:\\\/\\\/energyexpo.ro\\\/wp-content\\\/uploads\\\/2025\\\/05\\\/HIDROELECTRICA_Exhibitor-300x300.png 300w, https:\\\/\\\/energyexpo.ro\\\/wp-content\\\/uploads\\\/2025\\\/05\\\/HIDROELECTRICA_Exhibitor-1024x1024.png 1024w, https:\\\/\\\/energyexpo.ro\\\/wp-content\\\/uploads\\\/2025\\\/05\\\/HIDROELECTRICA_Exhibitor-150x150.png 150w, https:\\\/\\\/energyexpo.ro\\\/wp-content\\\/uploads\\\/2025\\\/05\\\/HIDROELECTRICA_Exhibitor-768x768.png 768w, https:\\\/\\\/energyexpo.ro\\\/wp-content\\\/uploads\\\/2025\\\/05\\\/HIDROELECTRICA_Exhibitor-12x12.png 12w&quot;}\" \/>\t\t\t\t\t\t\n\t\t\t\t\t<\/div>\n\t\t\t\t\t\t\t\t\n<style>\n#image_112917752 {\n  width: 100%;\n}\n<\/style>\n\t<\/div>\n\t\n\t\t<\/div>\n\t\t\t\t\t<\/div>\n\n\t\n<\/div>\n\t\t<\/div>\n\n\t\t\n<style>\n#section_2067058608 {\n  padding-top: 50px;\n  padding-bottom: 50px;\n  background-color: rgb(246, 246, 246);\n}\n<\/style>\n\t<\/section>\n\t\n\n\t<section class=\"section\" id=\"section_175075862\">\n\t\t<div class=\"section-bg fill\" >\n\t\t\t\t\t\t\t\t\t\n\t\t\t\n\n\t\t<\/div>\n\n\t\t\n\n\t\t<div class=\"section-content relative\">\n\t\t\t\n\n<div class=\"row\"  id=\"row-90189892\">\n\n\n\t<div id=\"col-724644034\" class=\"col cwp small-12 large-12\"  >\n\t\t\t\t<div class=\"col-inner\"  >\n\t\t\t\n\t\t\t\n\n\t<div id=\"text-1386206266\" class=\"text pwmb\">\n\t\t\n\n<p><span style=\"font-size: 90%;\">Expozan\u021bii sunt singurii responsabili pentru informa\u021biile furnizate \u00een aceast\u0103 sec\u021biune, ob\u021binute fie direct de la expozan\u021bi, fie de pe site-ul lor oficial.<\/span><\/p>\n\t\t\n<style>\n#text-1386206266 {\n  text-align: center;\n  color: rgb(255,255,255);\n}\n#text-1386206266 > * {\n  color: rgb(255,255,255);\n}\n<\/style>\n\t<\/div>\n\t\n\n\t\t<\/div>\n\t\t\t\t\t<\/div>\n\n\t\n\n<\/div>\n\n\t\t<\/div>\n\n\t\t\n<style>\n#section_175075862 {\n  padding-top: 30px;\n  padding-bottom: 30px;\n  background-color: #26408f;\n}\n<\/style>\n\t<\/section>","protected":false},"excerpt":{"rendered":"","protected":false},"author":1,"featured_media":0,"parent":1192,"menu_order":0,"comment_status":"open","ping_status":"open","template":"page-blank.php","meta":{"inline_featured_image":false,"footnotes":""},"class_list":["post-5182","page","type-page","status-publish","hentry"],"_links":{"self":[{"href":"https:\/\/energyexpo.ro\/ro\/wp-json\/wp\/v2\/pages\/5182","targetHints":{"allow":["GET"]}}],"collection":[{"href":"https:\/\/energyexpo.ro\/ro\/wp-json\/wp\/v2\/pages"}],"about":[{"href":"https:\/\/energyexpo.ro\/ro\/wp-json\/wp\/v2\/types\/page"}],"author":[{"embeddable":true,"href":"https:\/\/energyexpo.ro\/ro\/wp-json\/wp\/v2\/users\/1"}],"replies":[{"embeddable":true,"href":"https:\/\/energyexpo.ro\/ro\/wp-json\/wp\/v2\/comments?post=5182"}],"version-history":[{"count":2,"href":"https:\/\/energyexpo.ro\/ro\/wp-json\/wp\/v2\/pages\/5182\/revisions"}],"predecessor-version":[{"id":5610,"href":"https:\/\/energyexpo.ro\/ro\/wp-json\/wp\/v2\/pages\/5182\/revisions\/5610"}],"up":[{"embeddable":true,"href":"https:\/\/energyexpo.ro\/ro\/wp-json\/wp\/v2\/pages\/1192"}],"wp:attachment":[{"href":"https:\/\/energyexpo.ro\/ro\/wp-json\/wp\/v2\/media?parent=5182"}],"curies":[{"name":"wp","href":"https:\/\/api.w.org\/{rel}","templated":true}]}}